{"id":2651,"date":"2025-07-11T10:50:14","date_gmt":"2025-07-11T08:50:14","guid":{"rendered":"https:\/\/agora.xtec.cat\/ceipdoctorferrer\/?page_id=2651"},"modified":"2025-12-04T10:51:39","modified_gmt":"2025-12-04T09:51:39","slug":"setmana-de-la-ciencia-i-la-salut","status":"publish","type":"page","link":"https:\/\/agora.xtec.cat\/ceipdoctorferrer\/projectes-descola\/setmana-de-la-ciencia-i-la-salut\/","title":{"rendered":"Setmana de la ci\u00e8ncia i la salut"},"content":{"rendered":"<p class=\"cvGsUA direction-ltr align-justify para-style-body\"><span class=\"OYPEnA font-feature-liga-off font-feature-clig-off font-feature-calt-off text-decoration-none text-strikethrough-none\">Durant la Setmana de la Ci\u00e8ncia i la Salut, l\u2019escola es converteix en un espai de descoberta i aprenentatge cient\u00edfic.<\/span><\/p>\n<p><a href=\"https:\/\/agora.xtec.cat\/ceipdoctorferrer\/wp-content\/uploads\/usu2052\/2025\/07\/WhatsApp-Image-2025-07-11-at-11.00.23.jpeg\"><img loading=\"lazy\" decoding=\"async\" class=\"wp-image-2655 aligncenter\" src=\"https:\/\/agora.xtec.cat\/ceipdoctorferrer\/wp-content\/uploads\/usu2052\/2025\/07\/WhatsApp-Image-2025-07-11-at-11.00.23-768x1024.jpeg\" alt=\"\" width=\"407\" height=\"543\" srcset=\"https:\/\/agora.xtec.cat\/ceipdoctorferrer\/wp-content\/uploads\/usu2052\/2025\/07\/WhatsApp-Image-2025-07-11-at-11.00.23-768x1024.jpeg 768w, https:\/\/agora.xtec.cat\/ceipdoctorferrer\/wp-content\/uploads\/usu2052\/2025\/07\/WhatsApp-Image-2025-07-11-at-11.00.23-225x300.jpeg 225w, https:\/\/agora.xtec.cat\/ceipdoctorferrer\/wp-content\/uploads\/usu2052\/2025\/07\/WhatsApp-Image-2025-07-11-at-11.00.23-1152x1536.jpeg 1152w, https:\/\/agora.xtec.cat\/ceipdoctorferrer\/wp-content\/uploads\/usu2052\/2025\/07\/WhatsApp-Image-2025-07-11-at-11.00.23.jpeg 1200w\" sizes=\"auto, (max-width: 407px) 100vw, 407px\" \/><\/a><\/p>\n<p class=\"cvGsUA direction-ltr align-justify para-style-body\"><span class=\"OYPEnA font-feature-liga-off font-feature-clig-off font-feature-calt-off text-decoration-none text-strikethrough-none\">Les fam\u00edlies ens comparteixen els seus coneixements en ci\u00e8ncia i l\u2019alumnat de Cicle Superior organitzen una emocionant Fira de la Ci\u00e8ncia per tancar la setmana; una setmana per aprendre, explorar i inspirar-se!<\/span><\/p>\n<p><a href=\"https:\/\/agora.xtec.cat\/ceipdoctorferrer\/wp-content\/uploads\/usu2052\/2025\/07\/WhatsApp-Image-2025-07-11-at-11.03.13.jpeg\"><img loading=\"lazy\" decoding=\"async\" class=\"wp-image-2656 aligncenter\" src=\"https:\/\/agora.xtec.cat\/ceipdoctorferrer\/wp-content\/uploads\/usu2052\/2025\/07\/WhatsApp-Image-2025-07-11-at-11.03.13-1024x768.jpeg\" alt=\"\" width=\"473\" height=\"355\" srcset=\"https:\/\/agora.xtec.cat\/ceipdoctorferrer\/wp-content\/uploads\/usu2052\/2025\/07\/WhatsApp-Image-2025-07-11-at-11.03.13-1024x768.jpeg 1024w, https:\/\/agora.xtec.cat\/ceipdoctorferrer\/wp-content\/uploads\/usu2052\/2025\/07\/WhatsApp-Image-2025-07-11-at-11.03.13-300x225.jpeg 300w, https:\/\/agora.xtec.cat\/ceipdoctorferrer\/wp-content\/uploads\/usu2052\/2025\/07\/WhatsApp-Image-2025-07-11-at-11.03.13-768x576.jpeg 768w, https:\/\/agora.xtec.cat\/ceipdoctorferrer\/wp-content\/uploads\/usu2052\/2025\/07\/WhatsApp-Image-2025-07-11-at-11.03.13-1536x1152.jpeg 1536w, https:\/\/agora.xtec.cat\/ceipdoctorferrer\/wp-content\/uploads\/usu2052\/2025\/07\/WhatsApp-Image-2025-07-11-at-11.03.13.jpeg 1600w\" sizes=\"auto, (max-width: 473px) 100vw, 473px\" \/><\/a><\/p>\n<p>Des de fa uns anys hem incorporat temes de salut a la setmana de la ci\u00e8ncia, amb l&#8217;objectiu de convertir l&#8217;escola en un espai cardioprotegit. Tot el personal del centre i l&#8217;alumnat fa tallers de Suport Vital B\u00e0sic.<\/p>\n<p><a href=\"https:\/\/agora.xtec.cat\/ceipdoctorferrer\/wp-content\/uploads\/usu2052\/2025\/07\/WhatsApp-Image-2025-07-11-at-11.00.23-1.jpeg\"><img loading=\"lazy\" decoding=\"async\" class=\"wp-image-2654 aligncenter\" src=\"https:\/\/agora.xtec.cat\/ceipdoctorferrer\/wp-content\/uploads\/usu2052\/2025\/07\/WhatsApp-Image-2025-07-11-at-11.00.23-1-1024x768.jpeg\" alt=\"\" width=\"484\" height=\"363\" srcset=\"https:\/\/agora.xtec.cat\/ceipdoctorferrer\/wp-content\/uploads\/usu2052\/2025\/07\/WhatsApp-Image-2025-07-11-at-11.00.23-1-1024x768.jpeg 1024w, https:\/\/agora.xtec.cat\/ceipdoctorferrer\/wp-content\/uploads\/usu2052\/2025\/07\/WhatsApp-Image-2025-07-11-at-11.00.23-1-300x225.jpeg 300w, https:\/\/agora.xtec.cat\/ceipdoctorferrer\/wp-content\/uploads\/usu2052\/2025\/07\/WhatsApp-Image-2025-07-11-at-11.00.23-1-768x576.jpeg 768w, https:\/\/agora.xtec.cat\/ceipdoctorferrer\/wp-content\/uploads\/usu2052\/2025\/07\/WhatsApp-Image-2025-07-11-at-11.00.23-1-1536x1152.jpeg 1536w, https:\/\/agora.xtec.cat\/ceipdoctorferrer\/wp-content\/uploads\/usu2052\/2025\/07\/WhatsApp-Image-2025-07-11-at-11.00.23-1.jpeg 1600w\" sizes=\"auto, (max-width: 484px) 100vw, 484px\" \/><\/a><\/p>\n<p>Tamb\u00e9 fem la FIRA DE LA CI\u00c8NCIA, on els alumnes de cicle superior preparen experiments i els expliquen a la resta de l\u2019escola. Els nens i nenes passen pels diferents estands, observen, toquen, fan preguntes i descobreixen la ci\u00e8ncia d\u2019una manera divertida i propera.<\/p>\n<p><a href=\"https:\/\/agora.xtec.cat\/ceipdoctorferrer\/wp-content\/uploads\/usu2052\/2025\/12\/WhatsApp-Image-2025-11-14-at-17.12.28.jpeg\"><img loading=\"lazy\" decoding=\"async\" class=\"wp-image-2739 aligncenter\" src=\"https:\/\/agora.xtec.cat\/ceipdoctorferrer\/wp-content\/uploads\/usu2052\/2025\/12\/WhatsApp-Image-2025-11-14-at-17.12.28-1024x768.jpeg\" alt=\"\" width=\"440\" height=\"330\" srcset=\"https:\/\/agora.xtec.cat\/ceipdoctorferrer\/wp-content\/uploads\/usu2052\/2025\/12\/WhatsApp-Image-2025-11-14-at-17.12.28-1024x768.jpeg 1024w, https:\/\/agora.xtec.cat\/ceipdoctorferrer\/wp-content\/uploads\/usu2052\/2025\/12\/WhatsApp-Image-2025-11-14-at-17.12.28-300x225.jpeg 300w, https:\/\/agora.xtec.cat\/ceipdoctorferrer\/wp-content\/uploads\/usu2052\/2025\/12\/WhatsApp-Image-2025-11-14-at-17.12.28-768x576.jpeg 768w, https:\/\/agora.xtec.cat\/ceipdoctorferrer\/wp-content\/uploads\/usu2052\/2025\/12\/WhatsApp-Image-2025-11-14-at-17.12.28-1536x1152.jpeg 1536w, https:\/\/agora.xtec.cat\/ceipdoctorferrer\/wp-content\/uploads\/usu2052\/2025\/12\/WhatsApp-Image-2025-11-14-at-17.12.28.jpeg 1600w\" sizes=\"auto, (max-width: 440px) 100vw, 440px\" \/><\/a><\/p>\n","protected":false},"excerpt":{"rendered":"<p>Durant la Setmana de la Ci\u00e8ncia i la Salut, l\u2019escola es converteix en un espai de descoberta i aprenentatge cient\u00edfic. Les fam\u00edlies ens comparteixen els seus coneixements en ci\u00e8ncia i l\u2019alumnat de Cicle Superior organitzen una emocionant Fira de la Ci\u00e8ncia per tancar la setmana; una setmana per aprendre, explorar i inspirar-se! Des de fa [&hellip;]<\/p>\n","protected":false},"author":4,"featured_media":0,"parent":2549,"menu_order":0,"comment_status":"closed","ping_status":"closed","template":"","meta":{"_bbp_topic_count":0,"_bbp_reply_count":0,"_bbp_total_topic_count":0,"_bbp_total_reply_count":0,"_bbp_voice_count":0,"_bbp_anonymous_reply_count":0,"_bbp_topic_count_hidden":0,"_bbp_reply_count_hidden":0,"_bbp_forum_subforum_count":0,"site-sidebar-layout":"default","site-content-layout":"","ast-site-content-layout":"default","site-content-style":"default","site-sidebar-style":"default","ast-global-header-display":"","ast-banner-title-visibility":"","ast-main-header-display":"","ast-hfb-above-header-display":"","ast-hfb-below-header-display":"","ast-hfb-mobile-header-display":"","site-post-title":"","ast-breadcrumbs-content":"","ast-featured-img":"","footer-sml-layout":"","theme-transparent-header-meta":"default","adv-header-id-meta":"","stick-header-meta":"","header-above-stick-meta":"","header-main-stick-meta":"","header-below-stick-meta":"","astra-migrate-meta-layouts":"set","ast-page-background-enabled":"default","ast-page-background-meta":{"desktop":{"background-color":"var(--ast-global-color-4)","background-image":"","background-repeat":"repeat","background-position":"center center","background-size":"auto","background-attachment":"scroll","background-type":"","background-media":"","overlay-type":"","overlay-color":"","overlay-opacity":"","overlay-gradient":""},"tablet":{"background-color":"","background-image":"","background-repeat":"repeat","background-position":"center center","background-size":"auto","background-attachment":"scroll","background-type":"","background-media":"","overlay-type":"","overlay-color":"","overlay-opacity":"","overlay-gradient":""},"mobile":{"background-color":"","background-image":"","background-repeat":"repeat","background-position":"center center","background-size":"auto","background-attachment":"scroll","background-type":"","background-media":"","overlay-type":"","overlay-color":"","overlay-opacity":"","overlay-gradient":""}},"ast-content-background-meta":{"desktop":{"background-color":"var(--ast-global-color-5)","background-image":"","background-repeat":"repeat","background-position":"center center","background-size":"auto","background-attachment":"scroll","background-type":"","background-media":"","overlay-type":"","overlay-color":"","overlay-opacity":"","overlay-gradient":""},"tablet":{"background-color":"var(--ast-global-color-5)","background-image":"","background-repeat":"repeat","background-position":"center center","background-size":"auto","background-attachment":"scroll","background-type":"","background-media":"","overlay-type":"","overlay-color":"","overlay-opacity":"","overlay-gradient":""},"mobile":{"background-color":"var(--ast-global-color-5)","background-image":"","background-repeat":"repeat","background-position":"center center","background-size":"auto","background-attachment":"scroll","background-type":"","background-media":"","overlay-type":"","overlay-color":"","overlay-opacity":"","overlay-gradient":""}},"footnotes":""},"class_list":["post-2651","page","type-page","status-publish","hentry"],"post_mailing_queue_ids":[],"_links":{"self":[{"href":"https:\/\/agora.xtec.cat\/ceipdoctorferrer\/wp-json\/wp\/v2\/pages\/2651","targetHints":{"allow":["GET"]}}],"collection":[{"href":"https:\/\/agora.xtec.cat\/ceipdoctorferrer\/wp-json\/wp\/v2\/pages"}],"about":[{"href":"https:\/\/agora.xtec.cat\/ceipdoctorferrer\/wp-json\/wp\/v2\/types\/page"}],"author":[{"embeddable":true,"href":"https:\/\/agora.xtec.cat\/ceipdoctorferrer\/wp-json\/wp\/v2\/users\/4"}],"replies":[{"embeddable":true,"href":"https:\/\/agora.xtec.cat\/ceipdoctorferrer\/wp-json\/wp\/v2\/comments?post=2651"}],"version-history":[{"count":6,"href":"https:\/\/agora.xtec.cat\/ceipdoctorferrer\/wp-json\/wp\/v2\/pages\/2651\/revisions"}],"predecessor-version":[{"id":2743,"href":"https:\/\/agora.xtec.cat\/ceipdoctorferrer\/wp-json\/wp\/v2\/pages\/2651\/revisions\/2743"}],"up":[{"embeddable":true,"href":"https:\/\/agora.xtec.cat\/ceipdoctorferrer\/wp-json\/wp\/v2\/pages\/2549"}],"wp:attachment":[{"href":"https:\/\/agora.xtec.cat\/ceipdoctorferrer\/wp-json\/wp\/v2\/media?parent=2651"}],"curies":[{"name":"wp","href":"https:\/\/api.w.org\/{rel}","templated":true}]}}