{"id":2549,"date":"2024-11-13T13:20:47","date_gmt":"2024-11-13T12:20:47","guid":{"rendered":"https:\/\/agora.xtec.cat\/ceipdoctorferrer\/?page_id=2549"},"modified":"2025-07-11T12:20:12","modified_gmt":"2025-07-11T10:20:12","slug":"projectes-descola","status":"publish","type":"page","link":"https:\/\/agora.xtec.cat\/ceipdoctorferrer\/projectes-descola\/","title":{"rendered":"Projectes d&#8217;escola"},"content":{"rendered":"<p data-start=\"215\" data-end=\"449\">A l\u2019Escola Doctor Ferrer creiem en una educaci\u00f3 viva, creativa i significativa. Per aix\u00f2, impulsem diversos projectes que enriqueixen el dia a dia dels infants.<\/p>\n<p data-start=\"451\" data-end=\"710\">Un d&#8217;aquests projectes \u00e9s el <strong data-start=\"495\" data-end=\"525\">projecte de teatre musical<\/strong>, on els nens i nenes es converteixen en veritables artistes. Canten, ballen, actuen i, sobretot, treballen en equip per fer realitat una obra que emociona fam\u00edlies i mestres per igual.<\/p>\n<p data-start=\"712\" data-end=\"1010\">Durant la <strong data-start=\"722\" data-end=\"758\">Setmana de la Ci\u00e8ncia i la Salut<\/strong>, l\u2019escola es transforma en un espai d\u2019experimentaci\u00f3, descobertes i h\u00e0bits saludables. Els infants es converteixen en petits cient\u00edfics, fan hip\u00f2tesis, comproven, analitzen\u2026 I alhora prenen consci\u00e8ncia de la import\u00e0ncia de cuidar-se i cuidar l\u2019entorn.<\/p>\n<p data-start=\"1012\" data-end=\"1287\">Tamb\u00e9 apostem per la <strong data-start=\"1033\" data-end=\"1055\">rob\u00f2tica educativa<\/strong>, una eina que estimula el pensament computacional, la creativitat i la resoluci\u00f3 de problemes. Mitjan\u00e7ant materials com el Lego Spike, Codey Rocky o Tale Bot els alumnes aprenen a programar tot jugant i creant, des de cicle inicial fins a cicle superior.<\/p>\n<p data-start=\"1289\" data-end=\"1537\">A <strong data-start=\"1291\" data-end=\"1312\">Educaci\u00f3 Infantil<\/strong>, treballem per ambients, oferint espais rics, diversos i acollidors on cada infant pot explorar, experimentar i aprendre al seu ritme. \u00c9s una manera de fomentar l\u2019autonomia, la curiositat i el joc com a motor d\u2019aprenentatge.<\/p>\n<p data-start=\"1539\" data-end=\"1710\">A trav\u00e9s de tots aquests projectes, volem acompanyar els nostres infants perqu\u00e8 siguin protagonistes del seu propi aprenentatge, amb il\u00b7lusi\u00f3, respecte i ganes de cr\u00e9ixer.<\/p>\n","protected":false},"excerpt":{"rendered":"<p>A l\u2019Escola Doctor Ferrer creiem en una educaci\u00f3 viva, creativa i significativa. Per aix\u00f2, impulsem diversos projectes que enriqueixen el dia a dia dels infants. Un d&#8217;aquests projectes \u00e9s el projecte de teatre musical, on els nens i nenes es converteixen en veritables artistes. Canten, ballen, actuen i, sobretot, treballen en equip per fer realitat [&hellip;]<\/p>\n","protected":false},"author":4,"featured_media":0,"parent":0,"menu_order":0,"comment_status":"closed","ping_status":"closed","template":"","meta":{"_bbp_topic_count":0,"_bbp_reply_count":0,"_bbp_total_topic_count":0,"_bbp_total_reply_count":0,"_bbp_voice_count":0,"_bbp_anonymous_reply_count":0,"_bbp_topic_count_hidden":0,"_bbp_reply_count_hidden":0,"_bbp_forum_subforum_count":0,"site-sidebar-layout":"default","site-content-layout":"","ast-site-content-layout":"default","site-content-style":"default","site-sidebar-style":"default","ast-global-header-display":"","ast-banner-title-visibility":"","ast-main-header-display":"","ast-hfb-above-header-display":"","ast-hfb-below-header-display":"","ast-hfb-mobile-header-display":"","site-post-title":"","ast-breadcrumbs-content":"","ast-featured-img":"","footer-sml-layout":"","theme-transparent-header-meta":"default","adv-header-id-meta":"","stick-header-meta":"","header-above-stick-meta":"","header-main-stick-meta":"","header-below-stick-meta":"","astra-migrate-meta-layouts":"set","ast-page-background-enabled":"default","ast-page-background-meta":{"desktop":{"background-color":"var(--ast-global-color-4)","background-image":"","background-repeat":"repeat","background-position":"center center","background-size":"auto","background-attachment":"scroll","background-type":"","background-media":"","overlay-type":"","overlay-color":"","overlay-opacity":"","overlay-gradient":""},"tablet":{"background-color":"","background-image":"","background-repeat":"repeat","background-position":"center center","background-size":"auto","background-attachment":"scroll","background-type":"","background-media":"","overlay-type":"","overlay-color":"","overlay-opacity":"","overlay-gradient":""},"mobile":{"background-color":"","background-image":"","background-repeat":"repeat","background-position":"center center","background-size":"auto","background-attachment":"scroll","background-type":"","background-media":"","overlay-type":"","overlay-color":"","overlay-opacity":"","overlay-gradient":""}},"ast-content-background-meta":{"desktop":{"background-color":"var(--ast-global-color-5)","background-image":"","background-repeat":"repeat","background-position":"center center","background-size":"auto","background-attachment":"scroll","background-type":"","background-media":"","overlay-type":"","overlay-color":"","overlay-opacity":"","overlay-gradient":""},"tablet":{"background-color":"var(--ast-global-color-5)","background-image":"","background-repeat":"repeat","background-position":"center center","background-size":"auto","background-attachment":"scroll","background-type":"","background-media":"","overlay-type":"","overlay-color":"","overlay-opacity":"","overlay-gradient":""},"mobile":{"background-color":"var(--ast-global-color-5)","background-image":"","background-repeat":"repeat","background-position":"center center","background-size":"auto","background-attachment":"scroll","background-type":"","background-media":"","overlay-type":"","overlay-color":"","overlay-opacity":"","overlay-gradient":""}},"footnotes":""},"class_list":["post-2549","page","type-page","status-publish","hentry"],"post_mailing_queue_ids":[],"_links":{"self":[{"href":"https:\/\/agora.xtec.cat\/ceipdoctorferrer\/wp-json\/wp\/v2\/pages\/2549","targetHints":{"allow":["GET"]}}],"collection":[{"href":"https:\/\/agora.xtec.cat\/ceipdoctorferrer\/wp-json\/wp\/v2\/pages"}],"about":[{"href":"https:\/\/agora.xtec.cat\/ceipdoctorferrer\/wp-json\/wp\/v2\/types\/page"}],"author":[{"embeddable":true,"href":"https:\/\/agora.xtec.cat\/ceipdoctorferrer\/wp-json\/wp\/v2\/users\/4"}],"replies":[{"embeddable":true,"href":"https:\/\/agora.xtec.cat\/ceipdoctorferrer\/wp-json\/wp\/v2\/comments?post=2549"}],"version-history":[{"count":3,"href":"https:\/\/agora.xtec.cat\/ceipdoctorferrer\/wp-json\/wp\/v2\/pages\/2549\/revisions"}],"predecessor-version":[{"id":2668,"href":"https:\/\/agora.xtec.cat\/ceipdoctorferrer\/wp-json\/wp\/v2\/pages\/2549\/revisions\/2668"}],"wp:attachment":[{"href":"https:\/\/agora.xtec.cat\/ceipdoctorferrer\/wp-json\/wp\/v2\/media?parent=2549"}],"curies":[{"name":"wp","href":"https:\/\/api.w.org\/{rel}","templated":true}]}}