{"id":80,"date":"2014-09-18T14:09:48","date_gmt":"2014-09-18T14:09:48","guid":{"rendered":"http:\/\/agora.xtec.cat\/ceipdoctorarruga\/?page_id=80"},"modified":"2022-07-11T14:21:34","modified_gmt":"2022-07-11T12:21:34","slug":"transport-escolar","status":"publish","type":"page","link":"https:\/\/agora.xtec.cat\/ceipdoctorarruga\/serveis\/transport-escolar\/","title":{"rendered":"Transport Escolar"},"content":{"rendered":"<p align=\"justify\"><span style=\"font-family: Trebuchet MS,sans-serif;\"><span style=\"font-size: medium;\"><u><b>Transport escolar<\/b><\/u><\/span><\/span><\/p>\n<p align=\"justify\"><span style=\"font-family: Trebuchet MS,sans-serif;\"><span style=\"font-size: medium;\">L&#8217;escola disposa de servei de transport escolar per als alumnes dels pobles de Regenc\u00f3s i Torrent. El servei el gestiona el Consell comarcal del Baix Empord\u00e0.<\/span><\/span><\/p>\n<table width=\"100%\" cellspacing=\"0\" cellpadding=\"4\">\n<colgroup>\n<col width=\"64*\" \/>\n<col width=\"64*\" \/>\n<col width=\"64*\" \/>\n<col width=\"64*\" \/> <\/colgroup>\n<tbody>\n<tr valign=\"top\">\n<td bgcolor=\"#cccccc\" width=\"25%\">\n<p align=\"justify\"><span style=\"font-family: Trebuchet MS,sans-serif;\"><span style=\"font-size: medium;\">Municipi<\/span><\/span><\/p>\n<\/td>\n<td bgcolor=\"#cccccc\" width=\"25%\">\n<p align=\"justify\"><span style=\"font-family: Trebuchet MS,sans-serif;\"><span style=\"font-size: medium;\">Parada<\/span><\/span><\/p>\n<\/td>\n<td bgcolor=\"#cccccc\" width=\"25%\">\n<p align=\"justify\"><span style=\"font-family: Trebuchet MS,sans-serif;\"><span style=\"font-size: medium;\">Hora de sortida<\/span><\/span><\/p>\n<\/td>\n<td bgcolor=\"#cccccc\" width=\"25%\">\n<p align=\"justify\"><span style=\"font-family: Trebuchet MS,sans-serif;\"><span style=\"font-size: medium;\">Hora d&#8217;arribada<\/span><\/span><\/p>\n<\/td>\n<\/tr>\n<tr valign=\"top\">\n<td width=\"25%\">\n<p align=\"justify\"><span style=\"font-family: Trebuchet MS,sans-serif;\"><span style=\"font-size: medium;\">Torrent<\/span><\/span><\/p>\n<\/td>\n<td width=\"25%\">\n<p align=\"justify\"><span style=\"font-family: Trebuchet MS,sans-serif;\"><span style=\"font-size: medium;\">Pla\u00e7a del poble<\/span><\/span><\/p>\n<\/td>\n<td width=\"25%\">\n<p align=\"justify\"><span style=\"font-family: Trebuchet MS,sans-serif;\"><span style=\"font-size: medium;\">8:47<\/span><\/span><\/p>\n<\/td>\n<td width=\"25%\">\n<p align=\"justify\"><span style=\"font-family: Trebuchet MS,sans-serif;\"><span style=\"font-size: medium;\">16:48<\/span><\/span><\/p>\n<\/td>\n<\/tr>\n<tr valign=\"top\">\n<td width=\"25%\">\n<p align=\"justify\"><span style=\"font-family: Trebuchet MS,sans-serif;\"><span style=\"font-size: medium;\">Regenc\u00f3s<\/span><\/span><\/p>\n<\/td>\n<td width=\"25%\">\n<p align=\"justify\"><span style=\"font-family: Trebuchet MS,sans-serif;\"><span style=\"font-size: medium;\">Centre c\u00edvic<\/span><\/span><\/p>\n<\/td>\n<td width=\"25%\">\n<p align=\"justify\"><span style=\"font-family: Trebuchet MS,sans-serif;\"><span style=\"font-size: medium;\">8:53<\/span><\/span><\/p>\n<\/td>\n<td width=\"25%\">\n<p align=\"justify\"><span style=\"font-family: Trebuchet MS,sans-serif;\"><span style=\"font-size: medium;\">16:40<\/span><\/span><\/p>\n<\/td>\n<\/tr>\n<tr valign=\"top\">\n<td width=\"25%\">\n<p align=\"justify\"><span style=\"font-family: Trebuchet MS,sans-serif;\"><span style=\"font-size: medium;\">Escola<\/span><\/span><\/p>\n<\/td>\n<td width=\"25%\">\n<p align=\"justify\"><span style=\"font-family: Trebuchet MS,sans-serif;\"><span style=\"font-size: medium;\">Portal pati infantil<\/span><\/span><\/p>\n<\/td>\n<td width=\"25%\">\n<p align=\"justify\"><span style=\"font-family: Trebuchet MS,sans-serif;\"><span style=\"font-size: medium;\">16:35<\/span><\/span><\/p>\n<\/td>\n<td width=\"25%\">\n<p align=\"justify\"><span style=\"font-family: Trebuchet MS,sans-serif;\"><span style=\"font-size: medium;\">8:57<\/span><\/span><\/p>\n<\/td>\n<\/tr>\n<\/tbody>\n<\/table>\n<p>&nbsp;<\/p>\n","protected":false},"excerpt":{"rendered":"<p>Transport escolar L&#8217;escola disposa de servei de transport escolar per als alumnes dels pobles de Regenc\u00f3s i Torrent. El servei el gestiona el Consell comarcal del Baix Empord\u00e0. Municipi Parada Hora de sortida Hora d&#8217;arribada Torrent Pla\u00e7a del poble 8:47 16:48 Regenc\u00f3s Centre c\u00edvic 8:53 16:40 Escola Portal pati infantil 16:35 8:57 &nbsp;<\/p>\n","protected":false},"author":2,"featured_media":0,"parent":66,"menu_order":40,"comment_status":"closed","ping_status":"closed","template":"page-templates\/side-menu.php","meta":{"_bbp_topic_count":0,"_bbp_reply_count":0,"_bbp_total_topic_count":0,"_bbp_total_reply_count":0,"_bbp_voice_count":0,"_bbp_anonymous_reply_count":0,"_bbp_topic_count_hidden":0,"_bbp_reply_count_hidden":0,"_bbp_forum_subforum_count":0,"site-sidebar-layout":"default","site-content-layout":"","ast-site-content-layout":"","site-content-style":"default","site-sidebar-style":"default","ast-global-header-display":"","ast-banner-title-visibility":"","ast-main-header-display":"","ast-hfb-above-header-display":"","ast-hfb-below-header-display":"","ast-hfb-mobile-header-display":"","site-post-title":"","ast-breadcrumbs-content":"","ast-featured-img":"","footer-sml-layout":"","theme-transparent-header-meta":"","adv-header-id-meta":"","stick-header-meta":"","header-above-stick-meta":"","header-main-stick-meta":"","header-below-stick-meta":"","astra-migrate-meta-layouts":"default","ast-page-background-enabled":"default","ast-page-background-meta":{"desktop":{"background-color":"var(--ast-global-color-4)","background-image":"","background-repeat":"repeat","background-position":"center center","background-size":"auto","background-attachment":"scroll","background-type":"","background-media":"","overlay-type":"","overlay-color":"","overlay-opacity":"","overlay-gradient":""},"tablet":{"background-color":"","background-image":"","background-repeat":"repeat","background-position":"center center","background-size":"auto","background-attachment":"scroll","background-type":"","background-media":"","overlay-type":"","overlay-color":"","overlay-opacity":"","overlay-gradient":""},"mobile":{"background-color":"","background-image":"","background-repeat":"repeat","background-position":"center center","background-size":"auto","background-attachment":"scroll","background-type":"","background-media":"","overlay-type":"","overlay-color":"","overlay-opacity":"","overlay-gradient":""}},"ast-content-background-meta":{"desktop":{"background-color":"var(--ast-global-color-5)","background-image":"","background-repeat":"repeat","background-position":"center center","background-size":"auto","background-attachment":"scroll","background-type":"","background-media":"","overlay-type":"","overlay-color":"","overlay-opacity":"","overlay-gradient":""},"tablet":{"background-color":"var(--ast-global-color-5)","background-image":"","background-repeat":"repeat","background-position":"center center","background-size":"auto","background-attachment":"scroll","background-type":"","background-media":"","overlay-type":"","overlay-color":"","overlay-opacity":"","overlay-gradient":""},"mobile":{"background-color":"var(--ast-global-color-5)","background-image":"","background-repeat":"repeat","background-position":"center center","background-size":"auto","background-attachment":"scroll","background-type":"","background-media":"","overlay-type":"","overlay-color":"","overlay-opacity":"","overlay-gradient":""}},"footnotes":""},"class_list":["post-80","page","type-page","status-publish","hentry"],"post_mailing_queue_ids":[],"_links":{"self":[{"href":"https:\/\/agora.xtec.cat\/ceipdoctorarruga\/wp-json\/wp\/v2\/pages\/80","targetHints":{"allow":["GET"]}}],"collection":[{"href":"https:\/\/agora.xtec.cat\/ceipdoctorarruga\/wp-json\/wp\/v2\/pages"}],"about":[{"href":"https:\/\/agora.xtec.cat\/ceipdoctorarruga\/wp-json\/wp\/v2\/types\/page"}],"author":[{"embeddable":true,"href":"https:\/\/agora.xtec.cat\/ceipdoctorarruga\/wp-json\/wp\/v2\/users\/2"}],"replies":[{"embeddable":true,"href":"https:\/\/agora.xtec.cat\/ceipdoctorarruga\/wp-json\/wp\/v2\/comments?post=80"}],"version-history":[{"count":3,"href":"https:\/\/agora.xtec.cat\/ceipdoctorarruga\/wp-json\/wp\/v2\/pages\/80\/revisions"}],"predecessor-version":[{"id":10828,"href":"https:\/\/agora.xtec.cat\/ceipdoctorarruga\/wp-json\/wp\/v2\/pages\/80\/revisions\/10828"}],"up":[{"embeddable":true,"href":"https:\/\/agora.xtec.cat\/ceipdoctorarruga\/wp-json\/wp\/v2\/pages\/66"}],"wp:attachment":[{"href":"https:\/\/agora.xtec.cat\/ceipdoctorarruga\/wp-json\/wp\/v2\/media?parent=80"}],"curies":[{"name":"wp","href":"https:\/\/api.w.org\/{rel}","templated":true}]}}