{"id":73,"date":"2014-09-18T14:01:51","date_gmt":"2014-09-18T14:01:51","guid":{"rendered":"http:\/\/agora.xtec.cat\/ceipdoctorarruga\/?page_id=73"},"modified":"2025-09-05T15:54:38","modified_gmt":"2025-09-05T13:54:38","slug":"menjador-escolar","status":"publish","type":"page","link":"https:\/\/agora.xtec.cat\/ceipdoctorarruga\/serveis\/menjador-escolar\/","title":{"rendered":"Menjador escolar"},"content":{"rendered":"<p><a href=\"http:\/\/www.baixemporda.cat\/ca\/escola_dr._arruga_begur.html\">MEN\u00da MENJADOR ESCOLA DOCTOR ARRUGA DE BEGUR<\/a><\/p>\n<p align=\"justify\"><span style=\"font-family: Trebuchet MS,sans-serif;\"><span style=\"font-size: medium;\"><u><b>Menjador<\/b><\/u><\/span><\/span><\/p>\n<p align=\"justify\"><span style=\"font-family: Trebuchet MS,sans-serif;\"><span style=\"font-size: medium;\">L&#8217;escola compta amb el servei de menjador gestionat per el Consell Comarcal (mitjan\u00e7ant l&#8217;empresa Serhs Food) que ha de garantir aquest servei als alumnes transportats dels municipis de Torrent i Regenc\u00f3s. A m\u00e9s, el menjador escolar pot ser utilitzat per qualsevol alumne\/a i el personal laboral del centre. L&#8217;escola disposa d&#8217;un Pla de funcionament del menjador elaborat per l&#8217;equip directiu, amb la col\u00b7laboraci\u00f3 de la Comissi\u00f3 de menjador del Consell escolar que \u00e9s qui, en \u00faltima inst\u00e0ncia, l&#8217;ha d&#8217;aprovar.<br \/>\n<\/span><\/span><\/p>\n<p align=\"justify\">Si cliqueu la icona MENJADOR del men\u00fa principal, podreu veure fotos i v\u00eddeos de les activitats i celebracions que realitzen durant l&#8217;estona de menjador: <a href=\"https:\/\/agora.xtec.cat\/ceipdoctorarruga\/menjador-escolar\/\">https:\/\/agora.xtec.cat\/ceipdoctorarruga\/menjador-escolar\/<\/a><\/p>\n","protected":false},"excerpt":{"rendered":"<p>MEN\u00da MENJADOR ESCOLA DOCTOR ARRUGA DE BEGUR Menjador L&#8217;escola compta amb el servei de menjador gestionat per el Consell Comarcal (mitjan\u00e7ant l&#8217;empresa Serhs Food) que ha de garantir aquest servei als alumnes transportats dels municipis de Torrent i Regenc\u00f3s. A m\u00e9s, el menjador escolar pot ser utilitzat per qualsevol alumne\/a i el personal laboral del [&hellip;]<\/p>\n","protected":false},"author":2,"featured_media":0,"parent":66,"menu_order":30,"comment_status":"closed","ping_status":"closed","template":"","meta":{"_bbp_topic_count":0,"_bbp_reply_count":0,"_bbp_total_topic_count":0,"_bbp_total_reply_count":0,"_bbp_voice_count":0,"_bbp_anonymous_reply_count":0,"_bbp_topic_count_hidden":0,"_bbp_reply_count_hidden":0,"_bbp_forum_subforum_count":0,"site-sidebar-layout":"default","site-content-layout":"","ast-site-content-layout":"default","site-content-style":"default","site-sidebar-style":"default","ast-global-header-display":"","ast-banner-title-visibility":"","ast-main-header-display":"","ast-hfb-above-header-display":"","ast-hfb-below-header-display":"","ast-hfb-mobile-header-display":"","site-post-title":"","ast-breadcrumbs-content":"","ast-featured-img":"","footer-sml-layout":"","theme-transparent-header-meta":"","adv-header-id-meta":"","stick-header-meta":"","header-above-stick-meta":"","header-main-stick-meta":"","header-below-stick-meta":"","astra-migrate-meta-layouts":"set","ast-page-background-enabled":"default","ast-page-background-meta":{"desktop":{"background-color":"var(--ast-global-color-4)","background-image":"","background-repeat":"repeat","background-position":"center center","background-size":"auto","background-attachment":"scroll","background-type":"","background-media":"","overlay-type":"","overlay-color":"","overlay-opacity":"","overlay-gradient":""},"tablet":{"background-color":"","background-image":"","background-repeat":"repeat","background-position":"center center","background-size":"auto","background-attachment":"scroll","background-type":"","background-media":"","overlay-type":"","overlay-color":"","overlay-opacity":"","overlay-gradient":""},"mobile":{"background-color":"","background-image":"","background-repeat":"repeat","background-position":"center center","background-size":"auto","background-attachment":"scroll","background-type":"","background-media":"","overlay-type":"","overlay-color":"","overlay-opacity":"","overlay-gradient":""}},"ast-content-background-meta":{"desktop":{"background-color":"var(--ast-global-color-5)","background-image":"","background-repeat":"repeat","background-position":"center center","background-size":"auto","background-attachment":"scroll","background-type":"","background-media":"","overlay-type":"","overlay-color":"","overlay-opacity":"","overlay-gradient":""},"tablet":{"background-color":"var(--ast-global-color-5)","background-image":"","background-repeat":"repeat","background-position":"center center","background-size":"auto","background-attachment":"scroll","background-type":"","background-media":"","overlay-type":"","overlay-color":"","overlay-opacity":"","overlay-gradient":""},"mobile":{"background-color":"var(--ast-global-color-5)","background-image":"","background-repeat":"repeat","background-position":"center center","background-size":"auto","background-attachment":"scroll","background-type":"","background-media":"","overlay-type":"","overlay-color":"","overlay-opacity":"","overlay-gradient":""}},"footnotes":""},"class_list":["post-73","page","type-page","status-publish","hentry"],"post_mailing_queue_ids":[],"_links":{"self":[{"href":"https:\/\/agora.xtec.cat\/ceipdoctorarruga\/wp-json\/wp\/v2\/pages\/73","targetHints":{"allow":["GET"]}}],"collection":[{"href":"https:\/\/agora.xtec.cat\/ceipdoctorarruga\/wp-json\/wp\/v2\/pages"}],"about":[{"href":"https:\/\/agora.xtec.cat\/ceipdoctorarruga\/wp-json\/wp\/v2\/types\/page"}],"author":[{"embeddable":true,"href":"https:\/\/agora.xtec.cat\/ceipdoctorarruga\/wp-json\/wp\/v2\/users\/2"}],"replies":[{"embeddable":true,"href":"https:\/\/agora.xtec.cat\/ceipdoctorarruga\/wp-json\/wp\/v2\/comments?post=73"}],"version-history":[{"count":4,"href":"https:\/\/agora.xtec.cat\/ceipdoctorarruga\/wp-json\/wp\/v2\/pages\/73\/revisions"}],"predecessor-version":[{"id":11730,"href":"https:\/\/agora.xtec.cat\/ceipdoctorarruga\/wp-json\/wp\/v2\/pages\/73\/revisions\/11730"}],"up":[{"embeddable":true,"href":"https:\/\/agora.xtec.cat\/ceipdoctorarruga\/wp-json\/wp\/v2\/pages\/66"}],"wp:attachment":[{"href":"https:\/\/agora.xtec.cat\/ceipdoctorarruga\/wp-json\/wp\/v2\/media?parent=73"}],"curies":[{"name":"wp","href":"https:\/\/api.w.org\/{rel}","templated":true}]}}