{"id":533,"date":"2015-11-19T00:14:43","date_gmt":"2015-11-18T23:14:43","guid":{"rendered":"http:\/\/agora.xtec.cat\/ceipdoctorarruga\/?page_id=533"},"modified":"2024-03-12T15:59:45","modified_gmt":"2024-03-12T14:59:45","slug":"enllacos-interessants","status":"publish","type":"page","link":"https:\/\/agora.xtec.cat\/ceipdoctorarruga\/enllacos-interessants\/","title":{"rendered":"ENLLA\u00c7OS INTERESSANTS"},"content":{"rendered":"<p><a href=\"http:\/\/familiaiescola.gencat.cat\/ca\">FAM\u00cdLIA I ESCOLA (Departament d&#8217;Educaci\u00f3)<\/a><\/p>\n<p><a href=\"http:\/\/www.baixemporda.cat\/ca\/ensenyament.html\">CONSELL COMARCAL BAIX EMPORD\u00c0 &#8211; EDUCACI\u00d3<\/a><\/p>\n<p><a href=\"http:\/\/ensenyament.gencat.cat\/ca\/inici\/\">DEP. D&#8217; ENSENYAMENT &#8211; GENERALITAT DE CATALUNYA<\/a><\/p>\n<p><a href=\"http:\/\/www.begur.cat\/web\/cat\/index.php\">AJUNTAMENT DE BEGUR<\/a><\/p>\n<p><a href=\"http:\/\/www.regencos.cat\/\">AJUNTAMENT DE REGENC\u00d3S<\/a><\/p>\n<p><a href=\"http:\/\/www.torrent.cat\/\">AJUNTAMENT DE TORRENT<\/a><\/p>\n<p><a href=\"http:\/\/www.edu365.cat\/\">EDU 365<\/a><\/p>\n<p><a href=\"http:\/\/www.sortirambnens.com\/\">SORTIR AMB NENS<\/a><\/p>\n<p><a href=\"https:\/\/sites.google.com\/a\/xtec.cat\/se-baixemporda\/\">CENTRE DE RECURSOS EDUCATIUS DEL BAIX EMPORD\u00c0<\/a><\/p>\n<p><a href=\"http:\/\/www.mhcat.cat\/\">MUSEU D&#8217;HIST\u00d2RIA DE CATALUNYA<\/a><\/p>\n<p><a href=\"http:\/\/www.padresycolegios.com\/\">PADRES Y COLEGIOS<\/a><\/p>\n<p>&nbsp;<\/p>\n<p>&nbsp;<\/p>\n","protected":false},"excerpt":{"rendered":"<p>FAM\u00cdLIA I ESCOLA (Departament d&#8217;Educaci\u00f3) CONSELL COMARCAL BAIX EMPORD\u00c0 &#8211; EDUCACI\u00d3 DEP. D&#8217; ENSENYAMENT &#8211; GENERALITAT DE CATALUNYA AJUNTAMENT DE BEGUR AJUNTAMENT DE REGENC\u00d3S AJUNTAMENT DE TORRENT EDU 365 SORTIR AMB NENS CENTRE DE RECURSOS EDUCATIUS DEL BAIX EMPORD\u00c0 MUSEU D&#8217;HIST\u00d2RIA DE CATALUNYA PADRES Y COLEGIOS &nbsp; &nbsp;<\/p>\n","protected":false},"author":1,"featured_media":0,"parent":0,"menu_order":0,"comment_status":"closed","ping_status":"closed","template":"","meta":{"_bbp_topic_count":0,"_bbp_reply_count":0,"_bbp_total_topic_count":0,"_bbp_total_reply_count":0,"_bbp_voice_count":0,"_bbp_anonymous_reply_count":0,"_bbp_topic_count_hidden":0,"_bbp_reply_count_hidden":0,"_bbp_forum_subforum_count":0,"site-sidebar-layout":"default","site-content-layout":"","ast-site-content-layout":"","site-content-style":"default","site-sidebar-style":"default","ast-global-header-display":"","ast-banner-title-visibility":"","ast-main-header-display":"","ast-hfb-above-header-display":"","ast-hfb-below-header-display":"","ast-hfb-mobile-header-display":"","site-post-title":"","ast-breadcrumbs-content":"","ast-featured-img":"","footer-sml-layout":"","theme-transparent-header-meta":"","adv-header-id-meta":"","stick-header-meta":"","header-above-stick-meta":"","header-main-stick-meta":"","header-below-stick-meta":"","astra-migrate-meta-layouts":"default","ast-page-background-enabled":"default","ast-page-background-meta":{"desktop":{"background-color":"var(--ast-global-color-4)","background-image":"","background-repeat":"repeat","background-position":"center center","background-size":"auto","background-attachment":"scroll","background-type":"","background-media":"","overlay-type":"","overlay-color":"","overlay-opacity":"","overlay-gradient":""},"tablet":{"background-color":"","background-image":"","background-repeat":"repeat","background-position":"center center","background-size":"auto","background-attachment":"scroll","background-type":"","background-media":"","overlay-type":"","overlay-color":"","overlay-opacity":"","overlay-gradient":""},"mobile":{"background-color":"","background-image":"","background-repeat":"repeat","background-position":"center center","background-size":"auto","background-attachment":"scroll","background-type":"","background-media":"","overlay-type":"","overlay-color":"","overlay-opacity":"","overlay-gradient":""}},"ast-content-background-meta":{"desktop":{"background-color":"var(--ast-global-color-5)","background-image":"","background-repeat":"repeat","background-position":"center center","background-size":"auto","background-attachment":"scroll","background-type":"","background-media":"","overlay-type":"","overlay-color":"","overlay-opacity":"","overlay-gradient":""},"tablet":{"background-color":"var(--ast-global-color-5)","background-image":"","background-repeat":"repeat","background-position":"center center","background-size":"auto","background-attachment":"scroll","background-type":"","background-media":"","overlay-type":"","overlay-color":"","overlay-opacity":"","overlay-gradient":""},"mobile":{"background-color":"var(--ast-global-color-5)","background-image":"","background-repeat":"repeat","background-position":"center center","background-size":"auto","background-attachment":"scroll","background-type":"","background-media":"","overlay-type":"","overlay-color":"","overlay-opacity":"","overlay-gradient":""}},"footnotes":""},"class_list":["post-533","page","type-page","status-publish","hentry"],"post_mailing_queue_ids":[],"_links":{"self":[{"href":"https:\/\/agora.xtec.cat\/ceipdoctorarruga\/wp-json\/wp\/v2\/pages\/533","targetHints":{"allow":["GET"]}}],"collection":[{"href":"https:\/\/agora.xtec.cat\/ceipdoctorarruga\/wp-json\/wp\/v2\/pages"}],"about":[{"href":"https:\/\/agora.xtec.cat\/ceipdoctorarruga\/wp-json\/wp\/v2\/types\/page"}],"author":[{"embeddable":true,"href":"https:\/\/agora.xtec.cat\/ceipdoctorarruga\/wp-json\/wp\/v2\/users\/1"}],"replies":[{"embeddable":true,"href":"https:\/\/agora.xtec.cat\/ceipdoctorarruga\/wp-json\/wp\/v2\/comments?post=533"}],"version-history":[{"count":6,"href":"https:\/\/agora.xtec.cat\/ceipdoctorarruga\/wp-json\/wp\/v2\/pages\/533\/revisions"}],"predecessor-version":[{"id":11233,"href":"https:\/\/agora.xtec.cat\/ceipdoctorarruga\/wp-json\/wp\/v2\/pages\/533\/revisions\/11233"}],"wp:attachment":[{"href":"https:\/\/agora.xtec.cat\/ceipdoctorarruga\/wp-json\/wp\/v2\/media?parent=533"}],"curies":[{"name":"wp","href":"https:\/\/api.w.org\/{rel}","templated":true}]}}