{"id":294,"date":"2015-11-03T00:18:46","date_gmt":"2015-11-02T23:18:46","guid":{"rendered":"http:\/\/agora.xtec.cat\/ceipdoctorarruga\/?page_id=294"},"modified":"2025-02-13T16:57:48","modified_gmt":"2025-02-13T15:57:48","slug":"radioarca","status":"publish","type":"page","link":"https:\/\/agora.xtec.cat\/ceipdoctorarruga\/radioarca\/","title":{"rendered":"RADIO ARCA"},"content":{"rendered":"<p><span style=\"text-decoration: underline;\"><strong>Projecte R\u00e0dio Arca<\/strong><\/span><br \/>\nEs tracta d&#8217;un treball interdisciplinari on participen tots els alumnes i mestres de l&#8217;escola, que vol afavorir la compet\u00e8ncia ling\u00fc\u00edstica, l&#8217;autonomia personal, la relaci\u00f3 amb l&#8217;entorn&#8230; a trav\u00e9s de la realitzaci\u00f3 d&#8217;un programa quinzenal de r\u00e0dio a l&#8217;emissora municipal del poble (R\u00e0dio Begur &#8211; 97.7 fm).<\/p>\n<p style=\"text-align: left;\"><a href=\"http:\/\/begur.cat\/serveis\/radio\/online\">R\u00c0DIO BEGUR EN DIRECTE<\/a><\/p>\n<p>&nbsp;<\/p>\n<p>&nbsp;<\/p>\n","protected":false},"excerpt":{"rendered":"<p>Projecte R\u00e0dio Arca Es tracta d&#8217;un treball interdisciplinari on participen tots els alumnes i mestres de l&#8217;escola, que vol afavorir la compet\u00e8ncia ling\u00fc\u00edstica, l&#8217;autonomia personal, la relaci\u00f3 amb l&#8217;entorn&#8230; a trav\u00e9s de la realitzaci\u00f3 d&#8217;un programa quinzenal de r\u00e0dio a l&#8217;emissora municipal del poble (R\u00e0dio Begur &#8211; 97.7 fm). R\u00c0DIO BEGUR EN DIRECTE &nbsp; &nbsp;<\/p>\n","protected":false},"author":1,"featured_media":0,"parent":0,"menu_order":0,"comment_status":"closed","ping_status":"closed","template":"","meta":{"_bbp_topic_count":0,"_bbp_reply_count":0,"_bbp_total_topic_count":0,"_bbp_total_reply_count":0,"_bbp_voice_count":0,"_bbp_anonymous_reply_count":0,"_bbp_topic_count_hidden":0,"_bbp_reply_count_hidden":0,"_bbp_forum_subforum_count":0,"site-sidebar-layout":"default","site-content-layout":"","ast-site-content-layout":"","site-content-style":"default","site-sidebar-style":"default","ast-global-header-display":"","ast-banner-title-visibility":"","ast-main-header-display":"","ast-hfb-above-header-display":"","ast-hfb-below-header-display":"","ast-hfb-mobile-header-display":"","site-post-title":"","ast-breadcrumbs-content":"","ast-featured-img":"","footer-sml-layout":"","theme-transparent-header-meta":"","adv-header-id-meta":"","stick-header-meta":"","header-above-stick-meta":"","header-main-stick-meta":"","header-below-stick-meta":"","astra-migrate-meta-layouts":"default","ast-page-background-enabled":"default","ast-page-background-meta":{"desktop":{"background-color":"var(--ast-global-color-4)","background-image":"","background-repeat":"repeat","background-position":"center center","background-size":"auto","background-attachment":"scroll","background-type":"","background-media":"","overlay-type":"","overlay-color":"","overlay-opacity":"","overlay-gradient":""},"tablet":{"background-color":"","background-image":"","background-repeat":"repeat","background-position":"center center","background-size":"auto","background-attachment":"scroll","background-type":"","background-media":"","overlay-type":"","overlay-color":"","overlay-opacity":"","overlay-gradient":""},"mobile":{"background-color":"","background-image":"","background-repeat":"repeat","background-position":"center center","background-size":"auto","background-attachment":"scroll","background-type":"","background-media":"","overlay-type":"","overlay-color":"","overlay-opacity":"","overlay-gradient":""}},"ast-content-background-meta":{"desktop":{"background-color":"var(--ast-global-color-5)","background-image":"","background-repeat":"repeat","background-position":"center center","background-size":"auto","background-attachment":"scroll","background-type":"","background-media":"","overlay-type":"","overlay-color":"","overlay-opacity":"","overlay-gradient":""},"tablet":{"background-color":"var(--ast-global-color-5)","background-image":"","background-repeat":"repeat","background-position":"center center","background-size":"auto","background-attachment":"scroll","background-type":"","background-media":"","overlay-type":"","overlay-color":"","overlay-opacity":"","overlay-gradient":""},"mobile":{"background-color":"var(--ast-global-color-5)","background-image":"","background-repeat":"repeat","background-position":"center center","background-size":"auto","background-attachment":"scroll","background-type":"","background-media":"","overlay-type":"","overlay-color":"","overlay-opacity":"","overlay-gradient":""}},"footnotes":""},"class_list":["post-294","page","type-page","status-publish","hentry"],"post_mailing_queue_ids":[],"_links":{"self":[{"href":"https:\/\/agora.xtec.cat\/ceipdoctorarruga\/wp-json\/wp\/v2\/pages\/294","targetHints":{"allow":["GET"]}}],"collection":[{"href":"https:\/\/agora.xtec.cat\/ceipdoctorarruga\/wp-json\/wp\/v2\/pages"}],"about":[{"href":"https:\/\/agora.xtec.cat\/ceipdoctorarruga\/wp-json\/wp\/v2\/types\/page"}],"author":[{"embeddable":true,"href":"https:\/\/agora.xtec.cat\/ceipdoctorarruga\/wp-json\/wp\/v2\/users\/1"}],"replies":[{"embeddable":true,"href":"https:\/\/agora.xtec.cat\/ceipdoctorarruga\/wp-json\/wp\/v2\/comments?post=294"}],"version-history":[{"count":4,"href":"https:\/\/agora.xtec.cat\/ceipdoctorarruga\/wp-json\/wp\/v2\/pages\/294\/revisions"}],"predecessor-version":[{"id":11400,"href":"https:\/\/agora.xtec.cat\/ceipdoctorarruga\/wp-json\/wp\/v2\/pages\/294\/revisions\/11400"}],"wp:attachment":[{"href":"https:\/\/agora.xtec.cat\/ceipdoctorarruga\/wp-json\/wp\/v2\/media?parent=294"}],"curies":[{"name":"wp","href":"https:\/\/api.w.org\/{rel}","templated":true}]}}