{"id":28,"date":"2014-09-18T12:29:35","date_gmt":"2014-09-18T12:29:35","guid":{"rendered":"http:\/\/agora.xtec.cat\/ceipdoctorarruga\/?page_id=28"},"modified":"2023-09-13T13:42:07","modified_gmt":"2023-09-13T11:42:07","slug":"consell-escolar","status":"publish","type":"page","link":"https:\/\/agora.xtec.cat\/ceipdoctorarruga\/lescola\/consell-escolar\/","title":{"rendered":"\u00d2RGANS DE GOVERN"},"content":{"rendered":"<p align=\"justify\"><span style=\"font-family: Trebuchet MS,sans-serif;\"><u><b>Equip directiu<\/b><\/u><\/span><\/p>\n<table width=\"681\" cellspacing=\"0\" cellpadding=\"4\">\n<colgroup>\n<col width=\"255\" \/>\n<col width=\"407\" \/> <\/colgroup>\n<tbody>\n<tr valign=\"top\">\n<td bgcolor=\"#cccccc\" width=\"255\">\n<p align=\"justify\"><span style=\"font-family: Trebuchet MS,sans-serif;\"><b>Directora<\/b><\/span><\/p>\n<\/td>\n<td width=\"407\">\n<p align=\"justify\"><span style=\"font-family: Trebuchet MS,sans-serif;\">Ver\u00f2nica Bassa<\/span><\/p>\n<\/td>\n<\/tr>\n<tr valign=\"top\">\n<td bgcolor=\"#cccccc\" width=\"255\">\n<p align=\"justify\"><span style=\"font-family: Trebuchet MS,sans-serif;\"><b>Cap d&#8217;estudis<\/b><\/span><\/p>\n<\/td>\n<td width=\"407\">\n<p align=\"justify\"><span style=\"font-family: Trebuchet MS,sans-serif;\">Gemma Frigola<\/span><\/p>\n<\/td>\n<\/tr>\n<tr valign=\"top\">\n<td bgcolor=\"#cccccc\" width=\"255\">\n<p align=\"justify\"><span style=\"font-family: Trebuchet MS,sans-serif;\"><b>Secret\u00e0ria <\/b><\/span><\/p>\n<\/td>\n<td width=\"407\">\n<p align=\"justify\"><span style=\"font-family: Trebuchet MS,sans-serif;\">M\u00edriam Nieto<\/span><\/p>\n<\/td>\n<\/tr>\n<\/tbody>\n<\/table>\n<p align=\"justify\"><span style=\"font-family: Trebuchet MS,sans-serif;\"><u><b>Consell escolar<\/b><\/u> <\/span><\/p>\n<table width=\"681\" cellspacing=\"0\" cellpadding=\"4\">\n<colgroup>\n<col width=\"255\" \/>\n<col width=\"407\" \/> <\/colgroup>\n<tbody>\n<tr valign=\"top\">\n<td bgcolor=\"#cccccc\" width=\"255\">\n<p align=\"justify\"><span style=\"font-family: Trebuchet MS,sans-serif;\"><b>President<\/b><\/span><\/p>\n<\/td>\n<td width=\"407\">\n<p align=\"justify\"><span style=\"font-family: Trebuchet MS,sans-serif;\">Ver\u00f2nica Bassa<\/span><\/p>\n<\/td>\n<\/tr>\n<tr valign=\"top\">\n<td bgcolor=\"#cccccc\" width=\"255\">\n<p align=\"justify\"><span style=\"font-family: Trebuchet MS,sans-serif;\"><b>Cap d&#8217;estudis<\/b><\/span><\/p>\n<\/td>\n<td width=\"407\">\n<p align=\"justify\"><span style=\"font-family: Trebuchet MS,sans-serif;\">Gemma Frigola<\/span><\/p>\n<\/td>\n<\/tr>\n<tr valign=\"top\">\n<td bgcolor=\"#cccccc\" width=\"255\">\n<p align=\"justify\"><span style=\"font-family: Trebuchet MS,sans-serif;\"><b>Secret\u00e0ria<\/b><\/span><\/p>\n<\/td>\n<td width=\"407\">\n<p align=\"justify\"><span style=\"font-family: Trebuchet MS,sans-serif;\">M\u00edriam Nieto<\/span><\/p>\n<\/td>\n<\/tr>\n<tr valign=\"top\">\n<td bgcolor=\"#cccccc\" width=\"255\">\n<p align=\"justify\"><span style=\"font-family: Trebuchet MS,sans-serif;\"><b>Representants de mestres<\/b><\/span><\/p>\n<\/td>\n<td width=\"407\">\n<p align=\"justify\"><span style=\"font-family: Trebuchet MS,sans-serif;\">Teresa Barrull<\/span><\/p>\n<p align=\"justify\"><span style=\"font-family: Trebuchet MS,sans-serif;\">David Rodr\u00edguez\u00a0<\/span><\/p>\n<p align=\"justify\">Neus Batlle<\/p>\n<p align=\"justify\">\n<\/td>\n<\/tr>\n<tr valign=\"top\">\n<td bgcolor=\"#cccccc\" width=\"255\">\n<p align=\"justify\"><span style=\"font-family: Trebuchet MS,sans-serif;\"><b>Representants de mares i pares<\/b><\/span><\/p>\n<\/td>\n<td width=\"407\">\n<p align=\"justify\"><span style=\"font-family: Trebuchet MS,sans-serif;\">Raquel Mart\u00ednez<\/span><\/p>\n<p align=\"justify\">Neus Sanjuan<\/p>\n<p align=\"justify\">Celeste Smitsaart<\/p>\n<p align=\"justify\">Maria Morales<\/p>\n<\/td>\n<\/tr>\n<tr valign=\"top\">\n<td bgcolor=\"#cccccc\" width=\"255\">\n<p align=\"justify\"><span style=\"font-family: Trebuchet MS,sans-serif;\"><b>Representant PAS<\/b><\/span><\/p>\n<\/td>\n<td width=\"407\">\n<p align=\"justify\"><span style=\"font-family: Trebuchet MS,sans-serif;\">Eric Ortiz<\/span><\/p>\n<\/td>\n<\/tr>\n<tr valign=\"top\">\n<td bgcolor=\"#cccccc\" width=\"255\">\n<p align=\"justify\"><span style=\"font-family: Trebuchet MS,sans-serif;\"><b>Representant ajuntament<\/b><\/span><\/p>\n<\/td>\n<td width=\"407\">\n<p align=\"justify\">Manel Vall\u00e9s<\/p>\n<\/td>\n<\/tr>\n<tr valign=\"top\">\n<td bgcolor=\"#cccccc\" width=\"255\">\n<p align=\"justify\"><span style=\"font-family: Trebuchet MS,sans-serif;\"><b>Representant AFA<\/b><\/span><\/p>\n<\/td>\n<td width=\"407\">\n<p align=\"justify\"><span style=\"font-family: Trebuchet MS,sans-serif;\">Oriol Caban\u00e9<\/span><\/p>\n<\/td>\n<\/tr>\n<\/tbody>\n<\/table>\n<p>&nbsp;<\/p>\n","protected":false},"excerpt":{"rendered":"<p>Equip directiu Directora Ver\u00f2nica Bassa Cap d&#8217;estudis Gemma Frigola Secret\u00e0ria M\u00edriam Nieto Consell escolar President Ver\u00f2nica Bassa Cap d&#8217;estudis Gemma Frigola Secret\u00e0ria M\u00edriam Nieto Representants de mestres Teresa Barrull David Rodr\u00edguez\u00a0 Neus Batlle Representants de mares i pares Raquel Mart\u00ednez Neus Sanjuan Celeste Smitsaart Maria Morales Representant PAS Eric Ortiz Representant ajuntament Manel Vall\u00e9s Representant [&hellip;]<\/p>\n","protected":false},"author":2,"featured_media":0,"parent":22,"menu_order":30,"comment_status":"closed","ping_status":"closed","template":"page-templates\/side-menu.php","meta":{"_bbp_topic_count":0,"_bbp_reply_count":0,"_bbp_total_topic_count":0,"_bbp_total_reply_count":0,"_bbp_voice_count":0,"_bbp_anonymous_reply_count":0,"_bbp_topic_count_hidden":0,"_bbp_reply_count_hidden":0,"_bbp_forum_subforum_count":0,"site-sidebar-layout":"default","site-content-layout":"","ast-site-content-layout":"","site-content-style":"default","site-sidebar-style":"default","ast-global-header-display":"","ast-banner-title-visibility":"","ast-main-header-display":"","ast-hfb-above-header-display":"","ast-hfb-below-header-display":"","ast-hfb-mobile-header-display":"","site-post-title":"","ast-breadcrumbs-content":"","ast-featured-img":"","footer-sml-layout":"","theme-transparent-header-meta":"","adv-header-id-meta":"","stick-header-meta":"","header-above-stick-meta":"","header-main-stick-meta":"","header-below-stick-meta":"","astra-migrate-meta-layouts":"default","ast-page-background-enabled":"default","ast-page-background-meta":{"desktop":{"background-color":"var(--ast-global-color-4)","background-image":"","background-repeat":"repeat","background-position":"center center","background-size":"auto","background-attachment":"scroll","background-type":"","background-media":"","overlay-type":"","overlay-color":"","overlay-opacity":"","overlay-gradient":""},"tablet":{"background-color":"","background-image":"","background-repeat":"repeat","background-position":"center center","background-size":"auto","background-attachment":"scroll","background-type":"","background-media":"","overlay-type":"","overlay-color":"","overlay-opacity":"","overlay-gradient":""},"mobile":{"background-color":"","background-image":"","background-repeat":"repeat","background-position":"center center","background-size":"auto","background-attachment":"scroll","background-type":"","background-media":"","overlay-type":"","overlay-color":"","overlay-opacity":"","overlay-gradient":""}},"ast-content-background-meta":{"desktop":{"background-color":"var(--ast-global-color-5)","background-image":"","background-repeat":"repeat","background-position":"center center","background-size":"auto","background-attachment":"scroll","background-type":"","background-media":"","overlay-type":"","overlay-color":"","overlay-opacity":"","overlay-gradient":""},"tablet":{"background-color":"var(--ast-global-color-5)","background-image":"","background-repeat":"repeat","background-position":"center center","background-size":"auto","background-attachment":"scroll","background-type":"","background-media":"","overlay-type":"","overlay-color":"","overlay-opacity":"","overlay-gradient":""},"mobile":{"background-color":"var(--ast-global-color-5)","background-image":"","background-repeat":"repeat","background-position":"center center","background-size":"auto","background-attachment":"scroll","background-type":"","background-media":"","overlay-type":"","overlay-color":"","overlay-opacity":"","overlay-gradient":""}},"footnotes":""},"class_list":["post-28","page","type-page","status-publish","hentry"],"post_mailing_queue_ids":[],"_links":{"self":[{"href":"https:\/\/agora.xtec.cat\/ceipdoctorarruga\/wp-json\/wp\/v2\/pages\/28","targetHints":{"allow":["GET"]}}],"collection":[{"href":"https:\/\/agora.xtec.cat\/ceipdoctorarruga\/wp-json\/wp\/v2\/pages"}],"about":[{"href":"https:\/\/agora.xtec.cat\/ceipdoctorarruga\/wp-json\/wp\/v2\/types\/page"}],"author":[{"embeddable":true,"href":"https:\/\/agora.xtec.cat\/ceipdoctorarruga\/wp-json\/wp\/v2\/users\/2"}],"replies":[{"embeddable":true,"href":"https:\/\/agora.xtec.cat\/ceipdoctorarruga\/wp-json\/wp\/v2\/comments?post=28"}],"version-history":[{"count":3,"href":"https:\/\/agora.xtec.cat\/ceipdoctorarruga\/wp-json\/wp\/v2\/pages\/28\/revisions"}],"predecessor-version":[{"id":11148,"href":"https:\/\/agora.xtec.cat\/ceipdoctorarruga\/wp-json\/wp\/v2\/pages\/28\/revisions\/11148"}],"up":[{"embeddable":true,"href":"https:\/\/agora.xtec.cat\/ceipdoctorarruga\/wp-json\/wp\/v2\/pages\/22"}],"wp:attachment":[{"href":"https:\/\/agora.xtec.cat\/ceipdoctorarruga\/wp-json\/wp\/v2\/media?parent=28"}],"curies":[{"name":"wp","href":"https:\/\/api.w.org\/{rel}","templated":true}]}}