{"id":73,"date":"2014-09-18T14:01:51","date_gmt":"2014-09-18T13:01:51","guid":{"rendered":"http:\/\/agora.xtec.cat\/ceipdelespobles\/?page_id=73"},"modified":"2023-11-29T16:29:41","modified_gmt":"2023-11-29T15:29:41","slug":"menjador-escolar","status":"publish","type":"page","link":"https:\/\/agora.xtec.cat\/ceipdelespobles\/serveis\/menjador-escolar\/","title":{"rendered":"Menjador escolar"},"content":{"rendered":"<p>L&#8217;empresa que gestiona el menjador de la nostra escola \u00e9s Alimentart. Els alumnes tenen la possibilitat de quedar-se a dinar cada dia o de manera puntual.<\/p>\n<p>El preu sempre \u00e9s de 6,19\u20ac (en concepte de men\u00fa i monitoratge) i el cobrament es fa via domiciliaci\u00f3 banc\u00e0ria o carta de pagament.<\/p>\n<p>Les monitores de l&#8217;Escola Les Moreres s\u00f3n l&#8217;Esther, la Laura i la Mamen.<\/p>\n<p>&nbsp;<\/p>\n<p>&nbsp;<\/p>\n<p>&nbsp;<\/p>\n","protected":false},"excerpt":{"rendered":"<p>L&#8217;empresa que gestiona el menjador de la nostra escola \u00e9s Alimentart. Els alumnes tenen la possibilitat de quedar-se a dinar cada dia o de manera puntual.<br \/>\nEl preu sempre \u00e9s de 6,19\u20ac (en concepte de men\u00fa i monitoratge) i el cobrament es fa via domiciliaci\u00f3 banc\u00e0ria&hellip;  <a href=\"https:\/\/agora.xtec.cat\/ceipdelespobles\/serveis\/menjador-escolar\/\" title=\"Read Menjador escolar\">Llegeix m\u00e9s\u00bb<\/a><\/p>\n","protected":false},"author":1,"featured_media":0,"parent":66,"menu_order":30,"comment_status":"closed","ping_status":"closed","template":"page-templates\/side-menu.php","meta":{"_bbp_topic_count":0,"_bbp_reply_count":0,"_bbp_total_topic_count":0,"_bbp_total_reply_count":0,"_bbp_voice_count":0,"_bbp_anonymous_reply_count":0,"_bbp_topic_count_hidden":0,"_bbp_reply_count_hidden":0,"_bbp_forum_subforum_count":0,"footnotes":""},"class_list":["post-73","page","type-page","status-publish","hentry"],"post_mailing_queue_ids":[],"_links":{"self":[{"href":"https:\/\/agora.xtec.cat\/ceipdelespobles\/wp-json\/wp\/v2\/pages\/73","targetHints":{"allow":["GET"]}}],"collection":[{"href":"https:\/\/agora.xtec.cat\/ceipdelespobles\/wp-json\/wp\/v2\/pages"}],"about":[{"href":"https:\/\/agora.xtec.cat\/ceipdelespobles\/wp-json\/wp\/v2\/types\/page"}],"author":[{"embeddable":true,"href":"https:\/\/agora.xtec.cat\/ceipdelespobles\/wp-json\/wp\/v2\/users\/1"}],"replies":[{"embeddable":true,"href":"https:\/\/agora.xtec.cat\/ceipdelespobles\/wp-json\/wp\/v2\/comments?post=73"}],"version-history":[{"count":6,"href":"https:\/\/agora.xtec.cat\/ceipdelespobles\/wp-json\/wp\/v2\/pages\/73\/revisions"}],"predecessor-version":[{"id":2416,"href":"https:\/\/agora.xtec.cat\/ceipdelespobles\/wp-json\/wp\/v2\/pages\/73\/revisions\/2416"}],"up":[{"embeddable":true,"href":"https:\/\/agora.xtec.cat\/ceipdelespobles\/wp-json\/wp\/v2\/pages\/66"}],"wp:attachment":[{"href":"https:\/\/agora.xtec.cat\/ceipdelespobles\/wp-json\/wp\/v2\/media?parent=73"}],"curies":[{"name":"wp","href":"https:\/\/api.w.org\/{rel}","templated":true}]}}