{"id":26,"date":"2014-09-18T12:24:32","date_gmt":"2014-09-18T11:24:32","guid":{"rendered":"http:\/\/agora.xtec.cat\/ceipdelespobles\/?page_id=26"},"modified":"2022-04-06T22:55:05","modified_gmt":"2022-04-06T20:55:05","slug":"historia","status":"publish","type":"page","link":"https:\/\/agora.xtec.cat\/ceipdelespobles\/lescola\/historia\/","title":{"rendered":"Qui som?"},"content":{"rendered":"<p style=\"text-align: left;\">Les Moreres \u00e9s un centre 1-12 que inclou l\u2019etapa de primer cicle d\u2019educaci\u00f3 infantil fins l\u2019\u00faltim curs de prim\u00e0ria. Apostem per un ensenyament inclusiu, laic i de qualitat que tingui com a objectiu el desenvolupament integral de les persones. Entenem que a l\u2019escola hem de promoure l\u2019educaci\u00f3 global del nostre alumnat i convertir-los en protagonistes i autors del seu proc\u00e9s<br \/>\nd\u2019aprenentatge.<\/p>\n<p style=\"text-align: left;\">Els nostres valors es basen en: honestedat, integritat, transpar\u00e8ncia, comprom\u00eds, responsabilitat, treball en equip, optimisme, alegria, valentia, proximitat, respecte, toler\u00e0ncia, capacitat d\u2019aprendre, escolta, reflexi\u00f3, creativitat, innovaci\u00f3, equitat, estima i igualtat.<\/p>\n<p style=\"text-align: left;\">A l\u2019escola adoptem una mirada sist\u00e8mica en l\u2019enfoc dels aprenentatges aix\u00ed com tamb\u00e9 en el nostre dia a dia. Entenem que els principis que aporta la Pedagogia Sist\u00e8mica contribueixen a humanitzar l\u2019educaci\u00f3, dignificant les arrels i la identitat de totes les persones, enfortint i ordenant la complexitat dels vincles per a que cadasc\u00fa entengui quin \u00e9s el seu lloc. Aix\u00ed es creen climes de conviv\u00e8ncia positius, on els valors i les emocions que neixen s\u00f3n la confian\u00e7a, l\u2019acollida, el reconeixement, el respecte a la diferencia, l\u2019agra\u00efment i la possibilitat de que l\u2019escola sigui un lloc per a tots, una escola viva i din\u00e0mica on<br \/>\nmestres, alumnes i fam\u00edlies s\u00f3n investigadors i creadors de la realitat.<\/p>\n<p style=\"text-align: left;\">PRETENEM:<\/p>\n<p style=\"text-align: left;\">-Formar persones aut\u00f2nomes i responsables del seu entorn preparades per pert\u00e0nyer a una societat plural.<br \/>\n-Aconseguir alumnes motivats optimitzant els recursos disponibles a l&#8217;escola per facilitar les tasques tant a mestres com a alumnes.<br \/>\n-Adequar les opcions metodol\u00f2giques per millorar els resultats acad\u00e8mics.<br \/>\n-Aconseguir un bon ambient de treball: acollidor i motivador que faciliti adaptar-nos als canvis i necessitats de la nostra societat.<br \/>\n-Formar una comunitat educativa compromesa amb el medi ambient, solid\u00e0ria i afavoridora de la cohesi\u00f3 social.<br \/>\n-Procurar un espai de comunicaci\u00f3 on es defensi la participaci\u00f3 i la gesti\u00f3 democr\u00e0tica.<br \/>\n-Ser una escola que crea i comparteix coneixements a l&#8217;exterior.<br \/>\n-Aconseguir que tinguin cabuda diferents opinions, cultures i visions.<br \/>\n-Un centre on es puguin interrelacionar fam\u00edlies, mestres i alumnes.<br \/>\n-Un centre atractiu on hi hagi un bon ambient de feina per treballar en equip.<br \/>\n-Una escola que faciliti les eines necess\u00e0ries als docents que hi treballen per poder desenvolupar la seva tasca seguint una mateixa l\u00ednia metodol\u00f2gica.<\/p>\n","protected":false},"excerpt":{"rendered":"<p>Les Moreres \u00e9s un centre 1-12 que inclou l\u2019etapa de primer cicle d\u2019educaci\u00f3 infantil fins l\u2019\u00faltim curs de prim\u00e0ria. Apostem per un ensenyament inclusiu, laic i de qualitat que tingui com a objectiu el desenvolupament integral de les persones. Entenem que a l\u2019escola hem de&hellip;  <a href=\"https:\/\/agora.xtec.cat\/ceipdelespobles\/lescola\/historia\/\" title=\"Read Qui som?\">Llegeix m\u00e9s\u00bb<\/a><\/p>\n","protected":false},"author":1,"featured_media":0,"parent":22,"menu_order":2,"comment_status":"closed","ping_status":"closed","template":"page-templates\/side-menu.php","meta":{"_bbp_topic_count":0,"_bbp_reply_count":0,"_bbp_total_topic_count":0,"_bbp_total_reply_count":0,"_bbp_voice_count":0,"_bbp_anonymous_reply_count":0,"_bbp_topic_count_hidden":0,"_bbp_reply_count_hidden":0,"_bbp_forum_subforum_count":0,"footnotes":""},"class_list":["post-26","page","type-page","status-publish","hentry"],"post_mailing_queue_ids":[],"_links":{"self":[{"href":"https:\/\/agora.xtec.cat\/ceipdelespobles\/wp-json\/wp\/v2\/pages\/26","targetHints":{"allow":["GET"]}}],"collection":[{"href":"https:\/\/agora.xtec.cat\/ceipdelespobles\/wp-json\/wp\/v2\/pages"}],"about":[{"href":"https:\/\/agora.xtec.cat\/ceipdelespobles\/wp-json\/wp\/v2\/types\/page"}],"author":[{"embeddable":true,"href":"https:\/\/agora.xtec.cat\/ceipdelespobles\/wp-json\/wp\/v2\/users\/1"}],"replies":[{"embeddable":true,"href":"https:\/\/agora.xtec.cat\/ceipdelespobles\/wp-json\/wp\/v2\/comments?post=26"}],"version-history":[{"count":3,"href":"https:\/\/agora.xtec.cat\/ceipdelespobles\/wp-json\/wp\/v2\/pages\/26\/revisions"}],"predecessor-version":[{"id":2129,"href":"https:\/\/agora.xtec.cat\/ceipdelespobles\/wp-json\/wp\/v2\/pages\/26\/revisions\/2129"}],"up":[{"embeddable":true,"href":"https:\/\/agora.xtec.cat\/ceipdelespobles\/wp-json\/wp\/v2\/pages\/22"}],"wp:attachment":[{"href":"https:\/\/agora.xtec.cat\/ceipdelespobles\/wp-json\/wp\/v2\/media?parent=26"}],"curies":[{"name":"wp","href":"https:\/\/api.w.org\/{rel}","templated":true}]}}