{"id":2005,"date":"2022-03-27T22:27:28","date_gmt":"2022-03-27T20:27:28","guid":{"rendered":"https:\/\/agora.xtec.cat\/ceipdelespobles\/?page_id=2005"},"modified":"2023-03-29T16:38:50","modified_gmt":"2023-03-29T14:38:50","slug":"avaluacio-i-millora","status":"publish","type":"page","link":"https:\/\/agora.xtec.cat\/ceipdelespobles\/estretegia-digital-de-centre-edc\/part-estrategica\/avaluacio-i-millora\/","title":{"rendered":"AVALUACI\u00d3 I MILLORA"},"content":{"rendered":"<p>El seguiment de les actuacions realitzades el veurem a trav\u00e9s d&#8217;aquest gr\u00e0fic:<\/p>\n<p>&nbsp;<\/p>\n<p><iframe loading=\"lazy\" src=\"https:\/\/docs.google.com\/spreadsheets\/d\/e\/2PACX-1vTccAUkKHK_XAKjS5A87DC_BReKKyNL9fmteQMUrmBvOzzR0fDDiVRIS-31jpKWCiCBGcCTMwcH0YCM\/pubchart?oid=212927559&amp;format=interactive\" width=\"625\" height=\"294\" frameborder=\"0\" scrolling=\"no\" seamless=\"\"><\/iframe><\/p>\n","protected":false},"excerpt":{"rendered":"<p>El seguiment de les actuacions realitzades el veurem a trav\u00e9s d&#8217;aquest gr\u00e0fic:<br \/>\n&nbsp;<\/p>\n","protected":false},"author":1,"featured_media":0,"parent":1979,"menu_order":4,"comment_status":"closed","ping_status":"closed","template":"page-templates\/side-menu.php","meta":{"_bbp_topic_count":0,"_bbp_reply_count":0,"_bbp_total_topic_count":0,"_bbp_total_reply_count":0,"_bbp_voice_count":0,"_bbp_anonymous_reply_count":0,"_bbp_topic_count_hidden":0,"_bbp_reply_count_hidden":0,"_bbp_forum_subforum_count":0,"footnotes":""},"class_list":["post-2005","page","type-page","status-publish","hentry"],"post_mailing_queue_ids":[],"_links":{"self":[{"href":"https:\/\/agora.xtec.cat\/ceipdelespobles\/wp-json\/wp\/v2\/pages\/2005","targetHints":{"allow":["GET"]}}],"collection":[{"href":"https:\/\/agora.xtec.cat\/ceipdelespobles\/wp-json\/wp\/v2\/pages"}],"about":[{"href":"https:\/\/agora.xtec.cat\/ceipdelespobles\/wp-json\/wp\/v2\/types\/page"}],"author":[{"embeddable":true,"href":"https:\/\/agora.xtec.cat\/ceipdelespobles\/wp-json\/wp\/v2\/users\/1"}],"replies":[{"embeddable":true,"href":"https:\/\/agora.xtec.cat\/ceipdelespobles\/wp-json\/wp\/v2\/comments?post=2005"}],"version-history":[{"count":2,"href":"https:\/\/agora.xtec.cat\/ceipdelespobles\/wp-json\/wp\/v2\/pages\/2005\/revisions"}],"predecessor-version":[{"id":2265,"href":"https:\/\/agora.xtec.cat\/ceipdelespobles\/wp-json\/wp\/v2\/pages\/2005\/revisions\/2265"}],"up":[{"embeddable":true,"href":"https:\/\/agora.xtec.cat\/ceipdelespobles\/wp-json\/wp\/v2\/pages\/1979"}],"wp:attachment":[{"href":"https:\/\/agora.xtec.cat\/ceipdelespobles\/wp-json\/wp\/v2\/media?parent=2005"}],"curies":[{"name":"wp","href":"https:\/\/api.w.org\/{rel}","templated":true}]}}