{"id":1995,"date":"2022-03-27T22:23:12","date_gmt":"2022-03-27T20:23:12","guid":{"rendered":"https:\/\/agora.xtec.cat\/ceipdelespobles\/?page_id=1995"},"modified":"2023-03-29T16:00:07","modified_gmt":"2023-03-29T14:00:07","slug":"diagnosi","status":"publish","type":"page","link":"https:\/\/agora.xtec.cat\/ceipdelespobles\/estretegia-digital-de-centre-edc\/part-estrategica\/diagnosi\/","title":{"rendered":"DIAGNOSI"},"content":{"rendered":"<p>Per fer la diagnosi, la comissi\u00f3 digital del centre ha utilitzat dos recursos:<\/p>\n<ul>\n<li>Enquesta SELFIE al professorat, a l\u2019alumnat i a les fam\u00edlies<\/li>\n<li>Q\u00fcestionari virtual a les fam\u00edlies.<\/li>\n<\/ul>\n<p class=\"CDt4Ke zfr3Q\" dir=\"ltr\">L&#8217;an\u00e0lisi d&#8217;aquestes informacions ens ha portat a reflexionar sobre la nostra estrat\u00e8gia digital, l&#8217;\u00fas i el domini que tenim del m\u00f3n virtual i els recursos digitals que hi ha a l&#8217;abast.<\/p>\n<p dir=\"ltr\">En aquest <a href=\"https:\/\/docs.google.com\/spreadsheets\/d\/1uicnquLK2ged-qQAqFeaL5dQA5TiKaZSWnWtKFidMDE\/edit#gid=2087734427\" target=\"_blank\" rel=\"noopener\">document INTERN<\/a> trobem l&#8217;an\u00e0lisi m\u00e9s detallada de la diagnosi realitzada al centre.<\/p>\n<p class=\"CDt4Ke zfr3Q\" dir=\"ltr\">Vivim en un m\u00f3n canviant on cal saber-se adaptar i triar amb criteri. Per tot aix\u00f2, volem millorar la compet\u00e8ncia digital de la nostra comunitat educativa. Tenim recursos i volem posar-los al servei de la comunitat per aprendre i cr\u00e9ixer.<\/p>\n<p>&nbsp;<\/p>\n","protected":false},"excerpt":{"rendered":"<p>Per fer la diagnosi, la comissi\u00f3 digital del centre ha utilitzat dos recursos:<\/p>\n<ul>\n<li>Enquesta SELFIE al professorat, a l\u2019alumnat i a les fam\u00edlies<\/li>\n<li>Q\u00fcestionari virtual a les fam\u00edlies.<\/li>\n<\/ul>\n<p>L&#8217;an\u00e0lisi d&#8217;aquestes informacions ens ha portat a reflexionar sobre la nostra estrat\u00e8gia digital, l&#8217;\u00fas i el domini que tenim del&hellip;  <a href=\"https:\/\/agora.xtec.cat\/ceipdelespobles\/estretegia-digital-de-centre-edc\/part-estrategica\/diagnosi\/\" title=\"Read DIAGNOSI\">Llegeix m\u00e9s\u00bb<\/a><\/p>\n","protected":false},"author":1,"featured_media":0,"parent":1979,"menu_order":1,"comment_status":"closed","ping_status":"closed","template":"page-templates\/side-menu.php","meta":{"_bbp_topic_count":0,"_bbp_reply_count":0,"_bbp_total_topic_count":0,"_bbp_total_reply_count":0,"_bbp_voice_count":0,"_bbp_anonymous_reply_count":0,"_bbp_topic_count_hidden":0,"_bbp_reply_count_hidden":0,"_bbp_forum_subforum_count":0,"footnotes":""},"class_list":["post-1995","page","type-page","status-publish","hentry"],"post_mailing_queue_ids":[],"_links":{"self":[{"href":"https:\/\/agora.xtec.cat\/ceipdelespobles\/wp-json\/wp\/v2\/pages\/1995","targetHints":{"allow":["GET"]}}],"collection":[{"href":"https:\/\/agora.xtec.cat\/ceipdelespobles\/wp-json\/wp\/v2\/pages"}],"about":[{"href":"https:\/\/agora.xtec.cat\/ceipdelespobles\/wp-json\/wp\/v2\/types\/page"}],"author":[{"embeddable":true,"href":"https:\/\/agora.xtec.cat\/ceipdelespobles\/wp-json\/wp\/v2\/users\/1"}],"replies":[{"embeddable":true,"href":"https:\/\/agora.xtec.cat\/ceipdelespobles\/wp-json\/wp\/v2\/comments?post=1995"}],"version-history":[{"count":4,"href":"https:\/\/agora.xtec.cat\/ceipdelespobles\/wp-json\/wp\/v2\/pages\/1995\/revisions"}],"predecessor-version":[{"id":2259,"href":"https:\/\/agora.xtec.cat\/ceipdelespobles\/wp-json\/wp\/v2\/pages\/1995\/revisions\/2259"}],"up":[{"embeddable":true,"href":"https:\/\/agora.xtec.cat\/ceipdelespobles\/wp-json\/wp\/v2\/pages\/1979"}],"wp:attachment":[{"href":"https:\/\/agora.xtec.cat\/ceipdelespobles\/wp-json\/wp\/v2\/media?parent=1995"}],"curies":[{"name":"wp","href":"https:\/\/api.w.org\/{rel}","templated":true}]}}