{"id":1982,"date":"2022-03-27T21:31:07","date_gmt":"2022-03-27T19:31:07","guid":{"rendered":"https:\/\/agora.xtec.cat\/ceipdelespobles\/?page_id=1982"},"modified":"2023-12-13T15:57:31","modified_gmt":"2023-12-13T14:57:31","slug":"cultura-digital","status":"publish","type":"page","link":"https:\/\/agora.xtec.cat\/ceipdelespobles\/estretegia-digital-de-centre-edc\/cultura-digital\/","title":{"rendered":"Cultura Digital"},"content":{"rendered":"<p>Els documents del centre que fan refer\u00e8ncia a aspectes de cultura digital s\u00f3n diversos. Aqu\u00ed en fem un recull.<\/p>\n<table style=\"border-collapse: collapse; width: 100%;\">\n<tbody>\n<tr>\n<td style=\"width: 25%;\"><a href=\"https:\/\/agora.xtec.cat\/ceipdelespobles\/estretegia-digital-de-centre-edc\/cultura-digital\/recursos\/\"><img loading=\"lazy\" decoding=\"async\" class=\"size-medium wp-image-2224 aligncenter\" src=\"https:\/\/agora.xtec.cat\/ceipdelespobles\/wp-content\/uploads\/usu1418\/2023\/03\/Profiling-bro-300x300.png\" alt=\"\" width=\"300\" height=\"300\" srcset=\"https:\/\/agora.xtec.cat\/ceipdelespobles\/wp-content\/uploads\/usu1418\/2023\/03\/Profiling-bro-300x300.png 300w, https:\/\/agora.xtec.cat\/ceipdelespobles\/wp-content\/uploads\/usu1418\/2023\/03\/Profiling-bro-1024x1024.png 1024w, https:\/\/agora.xtec.cat\/ceipdelespobles\/wp-content\/uploads\/usu1418\/2023\/03\/Profiling-bro-150x150.png 150w, https:\/\/agora.xtec.cat\/ceipdelespobles\/wp-content\/uploads\/usu1418\/2023\/03\/Profiling-bro-768x768.png 768w, https:\/\/agora.xtec.cat\/ceipdelespobles\/wp-content\/uploads\/usu1418\/2023\/03\/Profiling-bro-1536x1536.png 1536w, https:\/\/agora.xtec.cat\/ceipdelespobles\/wp-content\/uploads\/usu1418\/2023\/03\/Profiling-bro.png 2000w\" sizes=\"auto, (max-width: 300px) 100vw, 300px\" \/><\/a><\/td>\n<td style=\"width: 25%;\"><a href=\"https:\/\/agora.xtec.cat\/ceipdelespobles\/estretegia-digital-de-centre-edc\/cultura-digital\/documentsdigitals\/\" rel=\"noopener\"><img loading=\"lazy\" decoding=\"async\" class=\"aligncenter wp-image-2243 size-medium\" src=\"https:\/\/agora.xtec.cat\/ceipdelespobles\/wp-content\/uploads\/usu1418\/2023\/03\/documents-centre-pic-300x300.png\" alt=\"\" width=\"300\" height=\"300\" srcset=\"https:\/\/agora.xtec.cat\/ceipdelespobles\/wp-content\/uploads\/usu1418\/2023\/03\/documents-centre-pic-300x300.png 300w, https:\/\/agora.xtec.cat\/ceipdelespobles\/wp-content\/uploads\/usu1418\/2023\/03\/documents-centre-pic-1024x1024.png 1024w, https:\/\/agora.xtec.cat\/ceipdelespobles\/wp-content\/uploads\/usu1418\/2023\/03\/documents-centre-pic-150x150.png 150w, https:\/\/agora.xtec.cat\/ceipdelespobles\/wp-content\/uploads\/usu1418\/2023\/03\/documents-centre-pic-768x768.png 768w, https:\/\/agora.xtec.cat\/ceipdelespobles\/wp-content\/uploads\/usu1418\/2023\/03\/documents-centre-pic-1536x1536.png 1536w, https:\/\/agora.xtec.cat\/ceipdelespobles\/wp-content\/uploads\/usu1418\/2023\/03\/documents-centre-pic.png 2000w\" sizes=\"auto, (max-width: 300px) 100vw, 300px\" \/><\/a><\/td>\n<\/tr>\n<tr>\n<td style=\"width: 25%; text-align: center;\">Recursos d&#8217;inter\u00e8s<\/td>\n<td style=\"width: 25%; text-align: center;\">Documents de centre<\/td>\n<\/tr>\n<\/tbody>\n<\/table>\n<p>&nbsp;<\/p>\n<p>&nbsp;<\/p>\n","protected":false},"excerpt":{"rendered":"<p>Els documents del centre que fan refer\u00e8ncia a aspectes de cultura digital s\u00f3n diversos. Aqu\u00ed en fem un recull.<\/p>\n<p><a href=\"https:\/\/agora.xtec.cat\/ceipdelespobles\/estretegia-digital-de-centre-edc\/cultura-digital\/recursos\/\"><\/a><br \/>\n<a href=\"https:\/\/agora.xtec.cat\/ceipdelespobles\/estretegia-digital-de-centre-edc\/cultura-digital\/documentsdigitals\/\" rel=\"noopener\"><\/a><\/p>\n<p>Recursos d&#8217;inter\u00e8s<br \/>\nDocuments de centre<\/p>\n<p>&nbsp;<br \/>\n&nbsp;<\/p>\n","protected":false},"author":1,"featured_media":0,"parent":1920,"menu_order":2,"comment_status":"closed","ping_status":"closed","template":"page-templates\/side-menu.php","meta":{"_bbp_topic_count":0,"_bbp_reply_count":0,"_bbp_total_topic_count":0,"_bbp_total_reply_count":0,"_bbp_voice_count":0,"_bbp_anonymous_reply_count":0,"_bbp_topic_count_hidden":0,"_bbp_reply_count_hidden":0,"_bbp_forum_subforum_count":0,"footnotes":""},"class_list":["post-1982","page","type-page","status-publish","hentry"],"post_mailing_queue_ids":[],"_links":{"self":[{"href":"https:\/\/agora.xtec.cat\/ceipdelespobles\/wp-json\/wp\/v2\/pages\/1982","targetHints":{"allow":["GET"]}}],"collection":[{"href":"https:\/\/agora.xtec.cat\/ceipdelespobles\/wp-json\/wp\/v2\/pages"}],"about":[{"href":"https:\/\/agora.xtec.cat\/ceipdelespobles\/wp-json\/wp\/v2\/types\/page"}],"author":[{"embeddable":true,"href":"https:\/\/agora.xtec.cat\/ceipdelespobles\/wp-json\/wp\/v2\/users\/1"}],"replies":[{"embeddable":true,"href":"https:\/\/agora.xtec.cat\/ceipdelespobles\/wp-json\/wp\/v2\/comments?post=1982"}],"version-history":[{"count":4,"href":"https:\/\/agora.xtec.cat\/ceipdelespobles\/wp-json\/wp\/v2\/pages\/1982\/revisions"}],"predecessor-version":[{"id":2422,"href":"https:\/\/agora.xtec.cat\/ceipdelespobles\/wp-json\/wp\/v2\/pages\/1982\/revisions\/2422"}],"up":[{"embeddable":true,"href":"https:\/\/agora.xtec.cat\/ceipdelespobles\/wp-json\/wp\/v2\/pages\/1920"}],"wp:attachment":[{"href":"https:\/\/agora.xtec.cat\/ceipdelespobles\/wp-json\/wp\/v2\/media?parent=1982"}],"curies":[{"name":"wp","href":"https:\/\/api.w.org\/{rel}","templated":true}]}}