{"id":1959,"date":"2022-03-21T00:03:40","date_gmt":"2022-03-20T23:03:40","guid":{"rendered":"https:\/\/agora.xtec.cat\/ceipdelespobles\/?page_id=1959"},"modified":"2023-11-29T16:26:44","modified_gmt":"2023-11-29T15:26:44","slug":"documents-generals-de-centre","status":"publish","type":"page","link":"https:\/\/agora.xtec.cat\/ceipdelespobles\/documents-de-centre\/documents-generals-de-centre\/","title":{"rendered":"DOCUMENTS GENERALS DE CENTRE"},"content":{"rendered":"<p>L&#8217;escola Les Moreres \u00e9s una escola p\u00fablica de la Generalitat de Catalunya.<\/p>\n<p>Hi ha tot un seguit de documents que es creen en el centre i que donen identitat i estructura a l&#8217;escola. Tot seguit els podreu llegir.<\/p>\n<h3 dir=\"ltr\"><a href=\"https:\/\/agora.xtec.cat\/ceipdelespobles\/wp-content\/uploads\/usu1418\/bp-attachments\/1750\/PEC-LES-MORERES.pdf\" target=\"_blank\" rel=\"noopener\"><button class=\"btn btn-primary\" spellcheck=\"false\" type=\"button\" data-lt-tmp-id=\"lt-80478\" data-gramm=\"false\">PROJECTE EDUCATIU DE CENTRE (PEC)<\/button><\/a><\/h3>\n<p>El PEC recull la identitat del centre tenint en compte les caracteri\u0301stiques socials i culturals del context escolar, n\u2019explicita els objectius, n\u2019orienta l\u2019activitat i hi do\u0301na sentit amb la finalitat que els alumnes assoleixin les compete\u0300ncies ba\u0300siques i el ma\u0300xim aprofitament educatiu, assegurant la participacio\u0301 de tots els alumnes en els entorns escolars, independentment de llurs condicions i capacitats.<\/p>\n<p>&nbsp;<\/p>\n<h3 dir=\"ltr\"><a href=\"https:\/\/agora.xtec.cat\/ceipdelespobles\/wp-content\/uploads\/usu1418\/2023\/04\/PROJECTE-LINGUISTIC-ESCOLA-LES-MORERES.pdf\" target=\"_blank\" rel=\"noopener\"><button class=\"btn btn-primary\" spellcheck=\"false\" type=\"button\" data-lt-tmp-id=\"lt-80478\" data-gramm=\"false\">PROJECTE LING\u00dc\u00cdSTIC<\/button><\/a><\/h3>\n<p>El projecte ling\u00fc\u00edstic \u00e9s el document que recull els aspectes relatius a l&#8217;ensenyament i a l&#8217;\u00fas de les lleng\u00fces en el centre educatiu.<\/p>\n<p>En aquest document queden definits el tractament de la llengua catalana com a llengua vehicular i d&#8217;aprenentatge, el proc\u00e9s d&#8217;ensenyament i aprenentatge de la llengua castellana, les diferents opcions amb refer\u00e8ncia a les lleng\u00fces estrangeres i els criteris generals per a les adequacions de les lleng\u00fces a la realitat socioling\u00fc\u00edstica del centre.<\/p>\n<p><a href=\"https:\/\/agora.xtec.cat\/ceipdelespobles\/wp-content\/uploads\/usu1418\/2023\/04\/PROJECTE-LINGUISTIC-ESCOLA-LES-MORERES.pdf\" target=\"_blank\" rel=\"noopener\">PROJECTE LING\u00dc\u00cdSTIC ESCOLA LES MORERES<\/a><\/p>\n<p>&nbsp;<\/p>\n<h3 dir=\"ltr\"><a href=\"https:\/\/agora.xtec.cat\/ceipdelespobles\/estretegia-digital-de-centre-edc\/\" target=\"_blank\" rel=\"noopener\"><button class=\"btn btn-primary\" spellcheck=\"false\" type=\"button\" data-lt-tmp-id=\"lt-107651\" data-gramm=\"false\">ESTRATEGIA DIGITAL DE CENTRE<\/button><\/a><\/h3>\n<p dir=\"ltr\">L\u2019Estrat\u00e8gia Digital de Centre (EDC) \u00e9s el conjunt d\u2019actuacions de l\u2019escola que fan possible que mestres i alumnat assolim la compet\u00e8ncia digital.<\/p>\n<p dir=\"ltr\">El Pla TAC \u00e9s un instrument per formalitzar la governan\u00e7a de la tecnologia en el marc de l\u2019autonomia de centre i del Projecte Educatiu. En l&#8217;actualitat l&#8217;escola forma part de l&#8217;Estrat\u00e8gia Digital de Centre que li permet seguir amb l&#8217;objectiu de millorar en l&#8217;\u00fas de les tecnologies a l&#8217;escola.<\/p>\n<p dir=\"ltr\"><a href=\"https:\/\/agora.xtec.cat\/ceipdelespobles\/wp-content\/uploads\/usu1418\/bp-attachments\/1800\/PLA-TAC.pdf\" target=\"_blank\" rel=\"noopener\">Pla TAC<\/a><\/p>\n<p>&nbsp;<\/p>\n<h3 dir=\"ltr\"><a href=\"https:\/\/agora.xtec.cat\/ceipdelespobles\/wp-content\/uploads\/usu1418\/2023\/03\/NOFC-ESCOLA-LES-MORERES.pdf\" target=\"_blank\" rel=\"noopener\"><button class=\"btn btn-primary\" spellcheck=\"false\" type=\"button\" data-lt-tmp-id=\"lt-487830\" data-gramm=\"false\">\u00a0NORMATIVA D&#8217;ORGANITZACI\u00d3, FUNCIONAMENT I CONVIV\u00c8NCIA\u00a0<\/button><\/a><\/h3>\n<p>Les Normes d\u2019Organitzaci\u00f3 i Funcionament de Centre (NOFC) s\u00f3n un conjunt d\u2019acords i decisions d\u2019organitzaci\u00f3 i funcionament que s\u2019adopten per fer possible, en el dia a dia, el treball educatiu i de gesti\u00f3 que permeti assolir els objectius proposats en el PEC i en\u00a0 la Programaci\u00f3 General Anual (document que concreta, a partir del Projecte Educatiu de Centre, les actuacions concretes per a cada curs).<\/p>\n<p>Les NOFC regulen aspectes en relaci\u00f3 a:<\/p>\n<ul>\n<li>els \u00f2rgans unipersonals i col\u00b7legiats<\/li>\n<li>l\u2019alumnat, el professorat, el PAS<\/li>\n<li>l\u2019organitzaci\u00f3 de les activitats del centre<\/li>\n<li>el recinte escolar<\/li>\n<li>el suport burocr\u00e0tic<\/li>\n<\/ul>\n<p>Les NOFC \u00e9s un document viu. En aquest web s\u2019hi publica l\u2019\u00faltima versi\u00f3.\u00a0Una vegada descarregada, el document pot quedar obsolet si s\u2019hi produeixen actualitzacions.<\/p>\n<p><a href=\"https:\/\/agora.xtec.cat\/ceipdelespobles\/wp-content\/uploads\/usu1418\/2023\/03\/NOFC-ESCOLA-LES-MORERES.pdf\" target=\"_blank\" rel=\"noopener\">NOFC ESCOLA LES MORERES<\/a><\/p>\n<p>&nbsp;<\/p>\n<p>&nbsp;<\/p>\n<p>&nbsp;<\/p>\n<p>&nbsp;<\/p>\n<p>&nbsp;<\/p>\n<p>&nbsp;<\/p>\n<p>\u2716<\/p>\n<p>&nbsp;<\/p>\n","protected":false},"excerpt":{"rendered":"<p>L&#8217;escola Les Moreres \u00e9s una escola p\u00fablica de la Generalitat de Catalunya.<br \/>\nHi ha tot un seguit de documents que es creen en el centre i que donen identitat i estructura a l&#8217;escola. Tot seguit els podreu llegir.<br \/>\n<a href=\"https:\/\/agora.xtec.cat\/ceipdelespobles\/wp-content\/uploads\/usu1418\/bp-attachments\/1750\/PEC-LES-MORERES.pdf\" target=\"_blank\" rel=\"noopener\">PROJECTE EDUCATIU DE CENTRE (PEC)<\/a><br \/>\nEl PEC&hellip;  <a href=\"https:\/\/agora.xtec.cat\/ceipdelespobles\/documents-de-centre\/documents-generals-de-centre\/\" title=\"Read DOCUMENTS GENERALS DE CENTRE\">Llegeix m\u00e9s\u00bb<\/a><\/p>\n","protected":false},"author":1,"featured_media":0,"parent":2055,"menu_order":1,"comment_status":"closed","ping_status":"closed","template":"page-templates\/side-menu.php","meta":{"_bbp_topic_count":0,"_bbp_reply_count":0,"_bbp_total_topic_count":0,"_bbp_total_reply_count":0,"_bbp_voice_count":0,"_bbp_anonymous_reply_count":0,"_bbp_topic_count_hidden":0,"_bbp_reply_count_hidden":0,"_bbp_forum_subforum_count":0,"footnotes":""},"class_list":["post-1959","page","type-page","status-publish","hentry"],"post_mailing_queue_ids":[],"_links":{"self":[{"href":"https:\/\/agora.xtec.cat\/ceipdelespobles\/wp-json\/wp\/v2\/pages\/1959","targetHints":{"allow":["GET"]}}],"collection":[{"href":"https:\/\/agora.xtec.cat\/ceipdelespobles\/wp-json\/wp\/v2\/pages"}],"about":[{"href":"https:\/\/agora.xtec.cat\/ceipdelespobles\/wp-json\/wp\/v2\/types\/page"}],"author":[{"embeddable":true,"href":"https:\/\/agora.xtec.cat\/ceipdelespobles\/wp-json\/wp\/v2\/users\/1"}],"replies":[{"embeddable":true,"href":"https:\/\/agora.xtec.cat\/ceipdelespobles\/wp-json\/wp\/v2\/comments?post=1959"}],"version-history":[{"count":4,"href":"https:\/\/agora.xtec.cat\/ceipdelespobles\/wp-json\/wp\/v2\/pages\/1959\/revisions"}],"predecessor-version":[{"id":2414,"href":"https:\/\/agora.xtec.cat\/ceipdelespobles\/wp-json\/wp\/v2\/pages\/1959\/revisions\/2414"}],"up":[{"embeddable":true,"href":"https:\/\/agora.xtec.cat\/ceipdelespobles\/wp-json\/wp\/v2\/pages\/2055"}],"wp:attachment":[{"href":"https:\/\/agora.xtec.cat\/ceipdelespobles\/wp-json\/wp\/v2\/media?parent=1959"}],"curies":[{"name":"wp","href":"https:\/\/api.w.org\/{rel}","templated":true}]}}