{"id":1920,"date":"2022-03-27T21:25:30","date_gmt":"2022-03-27T19:25:30","guid":{"rendered":"https:\/\/agora.xtec.cat\/ceipdelespobles\/?page_id=1920"},"modified":"2023-05-25T13:44:00","modified_gmt":"2023-05-25T11:44:00","slug":"estretegia-digital-de-centre-edc","status":"publish","type":"page","link":"https:\/\/agora.xtec.cat\/ceipdelespobles\/estretegia-digital-de-centre-edc\/","title":{"rendered":"ESTRAT\u00c8GIA DIGITAL DE CENTRE (EDC)"},"content":{"rendered":"<p>L&#8217;Estrat\u00e8gia Digital de Centre (EDC) \u00e9s el conjunt d&#8217;actuacions de l&#8217;escola que fan possible que mestres i alumnat assolim la compet\u00e8ncia digital.<\/p>\n<p>Aquesta EDC ens afecta a tota la comunitat educativa: centre, docents, alumnat i fam\u00edlies.<\/p>\n<p>En el PEC del cente<\/p>\n<p>Ja fa uns anys que els alumnes de l&#8217;escola tenen acc\u00e9s al moodle de l&#8217;escola, on hi troben tasques a realitzar, ja sigui a casa o a l&#8217;escola.<\/p>\n<p>Actualment,\u00a0 els infants de cinqu\u00e8 i\u00a0 sis\u00e8 disposen d&#8217;un port\u00e0til personal per tal de poder fer les tasques que se li encomanen. De la mateixa manera, el centre cedeix un ordinador port\u00e0til a cada professor que s\u2019incorpora al centre.<\/p>\n<p>En la nostra Estrat\u00e8gia Digital podem distingir dues parts: <strong>l&#8217;estrat\u00e8gia<\/strong>, en la que planifiquem qu\u00e8 fem per aconseguir els objectius, i <strong>la cultura digital<\/strong>, en la que es concreten el conjunt d&#8217;accions, procediments, protocols i acords relacionats amb tots els \u00e0mbits digitals del centre.<\/p>\n<p>Podeu accedir a tota la informaci\u00f3 sobre la nostra Estrat\u00e8gia Digital de Centre mitjan\u00e7ant el men\u00fa de navegaci\u00f3 de l\u2019esquerra.<\/p>\n","protected":false},"excerpt":{"rendered":"<p>L&#8217;Estrat\u00e8gia Digital de Centre (EDC) \u00e9s el conjunt d&#8217;actuacions de l&#8217;escola que fan possible que mestres i alumnat assolim la compet\u00e8ncia digital.<br \/>\nAquesta EDC ens afecta a tota la comunitat educativa: centre, docents, alumnat i fam\u00edlies.<br \/>\nEn el PEC del cente<br \/>\nJa fa uns anys que els alumnes&hellip;  <a href=\"https:\/\/agora.xtec.cat\/ceipdelespobles\/estretegia-digital-de-centre-edc\/\" title=\"Read ESTRAT\u00c8GIA DIGITAL DE CENTRE (EDC)\">Llegeix m\u00e9s\u00bb<\/a><\/p>\n","protected":false},"author":1,"featured_media":0,"parent":0,"menu_order":0,"comment_status":"closed","ping_status":"closed","template":"page-templates\/side-menu.php","meta":{"_bbp_topic_count":0,"_bbp_reply_count":0,"_bbp_total_topic_count":0,"_bbp_total_reply_count":0,"_bbp_voice_count":0,"_bbp_anonymous_reply_count":0,"_bbp_topic_count_hidden":0,"_bbp_reply_count_hidden":0,"_bbp_forum_subforum_count":0,"footnotes":""},"class_list":["post-1920","page","type-page","status-publish","hentry"],"post_mailing_queue_ids":[],"_links":{"self":[{"href":"https:\/\/agora.xtec.cat\/ceipdelespobles\/wp-json\/wp\/v2\/pages\/1920","targetHints":{"allow":["GET"]}}],"collection":[{"href":"https:\/\/agora.xtec.cat\/ceipdelespobles\/wp-json\/wp\/v2\/pages"}],"about":[{"href":"https:\/\/agora.xtec.cat\/ceipdelespobles\/wp-json\/wp\/v2\/types\/page"}],"author":[{"embeddable":true,"href":"https:\/\/agora.xtec.cat\/ceipdelespobles\/wp-json\/wp\/v2\/users\/1"}],"replies":[{"embeddable":true,"href":"https:\/\/agora.xtec.cat\/ceipdelespobles\/wp-json\/wp\/v2\/comments?post=1920"}],"version-history":[{"count":4,"href":"https:\/\/agora.xtec.cat\/ceipdelespobles\/wp-json\/wp\/v2\/pages\/1920\/revisions"}],"predecessor-version":[{"id":2294,"href":"https:\/\/agora.xtec.cat\/ceipdelespobles\/wp-json\/wp\/v2\/pages\/1920\/revisions\/2294"}],"wp:attachment":[{"href":"https:\/\/agora.xtec.cat\/ceipdelespobles\/wp-json\/wp\/v2\/media?parent=1920"}],"curies":[{"name":"wp","href":"https:\/\/api.w.org\/{rel}","templated":true}]}}