{"id":1346,"date":"2019-12-11T13:08:22","date_gmt":"2019-12-11T12:08:22","guid":{"rendered":"http:\/\/agora.xtec.cat\/ceipdelespobles\/?page_id=1346"},"modified":"2022-04-06T22:58:07","modified_gmt":"2022-04-06T20:58:07","slug":"equip-directiu","status":"publish","type":"page","link":"https:\/\/agora.xtec.cat\/ceipdelespobles\/lescola\/equip-directiu\/","title":{"rendered":"Equip directiu"},"content":{"rendered":"<p>L&#8217;equip directiu de l&#8217;escola s\u00f3n:<\/p>\n<ul>\n<li><a href=\"https:\/\/agora.xtec.cat\/ceipdelespobles\/wp-content\/uploads\/usu1418\/2022\/03\/AIDA.pdf\">AIDA<\/a> PUIG SANS, directora.<\/li>\n<li><a href=\"https:\/\/agora.xtec.cat\/ceipdelespobles\/wp-content\/uploads\/usu1418\/bp-attachments\/1349\/ELENA-TORNE.pdf\">ELENA<\/a> TORN\u00c9 FERR\u00c9, secret\u00e0ria.<\/li>\n<\/ul>\n<p>&nbsp;<\/p>\n<p>Cliqueu en cadascun dels noms per veure la seva traject\u00f2ria professional.<\/p>\n","protected":false},"excerpt":{"rendered":"<p>L&#8217;equip directiu de l&#8217;escola s\u00f3n:<\/p>\n<ul>\n<li><a href=\"https:\/\/agora.xtec.cat\/ceipdelespobles\/wp-content\/uploads\/usu1418\/2022\/03\/AIDA.pdf\">AIDA<\/a> PUIG SANS, directora.<\/li>\n<li><a href=\"https:\/\/agora.xtec.cat\/ceipdelespobles\/wp-content\/uploads\/usu1418\/bp-attachments\/1349\/ELENA-TORNE.pdf\">ELENA<\/a> TORN\u00c9 FERR\u00c9, secret\u00e0ria.<\/li>\n<\/ul>\n<p>&nbsp;<br \/>\nCliqueu en cadascun dels noms per veure la seva traject\u00f2ria professional.<\/p>\n","protected":false},"author":1,"featured_media":0,"parent":22,"menu_order":4,"comment_status":"closed","ping_status":"closed","template":"page-templates\/side-menu.php","meta":{"_bbp_topic_count":0,"_bbp_reply_count":0,"_bbp_total_topic_count":0,"_bbp_total_reply_count":0,"_bbp_voice_count":0,"_bbp_anonymous_reply_count":0,"_bbp_topic_count_hidden":0,"_bbp_reply_count_hidden":0,"_bbp_forum_subforum_count":0,"footnotes":""},"class_list":["post-1346","page","type-page","status-publish","hentry"],"post_mailing_queue_ids":[],"_links":{"self":[{"href":"https:\/\/agora.xtec.cat\/ceipdelespobles\/wp-json\/wp\/v2\/pages\/1346","targetHints":{"allow":["GET"]}}],"collection":[{"href":"https:\/\/agora.xtec.cat\/ceipdelespobles\/wp-json\/wp\/v2\/pages"}],"about":[{"href":"https:\/\/agora.xtec.cat\/ceipdelespobles\/wp-json\/wp\/v2\/types\/page"}],"author":[{"embeddable":true,"href":"https:\/\/agora.xtec.cat\/ceipdelespobles\/wp-json\/wp\/v2\/users\/1"}],"replies":[{"embeddable":true,"href":"https:\/\/agora.xtec.cat\/ceipdelespobles\/wp-json\/wp\/v2\/comments?post=1346"}],"version-history":[{"count":3,"href":"https:\/\/agora.xtec.cat\/ceipdelespobles\/wp-json\/wp\/v2\/pages\/1346\/revisions"}],"predecessor-version":[{"id":2131,"href":"https:\/\/agora.xtec.cat\/ceipdelespobles\/wp-json\/wp\/v2\/pages\/1346\/revisions\/2131"}],"up":[{"embeddable":true,"href":"https:\/\/agora.xtec.cat\/ceipdelespobles\/wp-json\/wp\/v2\/pages\/22"}],"wp:attachment":[{"href":"https:\/\/agora.xtec.cat\/ceipdelespobles\/wp-json\/wp\/v2\/media?parent=1346"}],"curies":[{"name":"wp","href":"https:\/\/api.w.org\/{rel}","templated":true}]}}