{"id":28,"date":"2014-09-18T12:29:35","date_gmt":"2014-09-18T11:29:35","guid":{"rendered":"http:\/\/agora.xtec.cat\/ceipdeborrassa\/?page_id=28"},"modified":"2024-09-02T20:16:45","modified_gmt":"2024-09-02T18:16:45","slug":"consell-escolar","status":"publish","type":"page","link":"https:\/\/agora.xtec.cat\/ceipdeborrassa\/lescola\/consell-escolar\/","title":{"rendered":"Consell escolar"},"content":{"rendered":"<p>El consell escolar del centre \u00e9s l\u2019\u00f2rgan col\u00b7legiat de participaci\u00f3 de la comunitat escolar en el govern de l\u2019escola. En el consell escolar hi ha representats tots els col\u00b7lectius que intervenen en la comunitat educativa: fam\u00edlies, AMPA , direcci\u00f3, mestres i ajuntament.<\/p>\n<p>En els centres p\u00fablics, la funci\u00f3 principal del consell escolar \u00e9s participar en la presa de decisions en relaci\u00f3 amb aquells temes importants per al funcionament i l\u2019organitzaci\u00f3 del centre: el projecte educatiu, la programaci\u00f3 general, la gesti\u00f3 econ\u00f2mica, etc.<\/p>\n<p>Els membres del consell escolar s\u00f3n elegits per un per\u00edode de quatre anys i es renoven per meitats cada dos anys. El representant de l\u2019ajuntament t\u00e9 la seva representaci\u00f3 delegada per enc\u00e0rrec del consistori.<\/p>\n<p>Actualment el consell escolar de la nostra escola est\u00e0 format per:<\/p>\n<ul>\n<li>Mireia Juncosa, directora del centre<\/li>\n<li>Dolors Masias, secret\u00e0ria del centre<\/li>\n<li>Joan Hurt\u00f3s, representant de l\u2019Ajuntament<\/li>\n<li>Helena Ribot, representant de l\u2019AMPA<\/li>\n<li>Carolina Rodr\u00edguez, representant de les fam\u00edlies<\/li>\n<li>Eduard \u00dabeda, representant de les fam\u00edlies<\/li>\n<li>Yolanda Ardila, representant dels mestres<\/li>\n<li>Judit Garriga, representant dels mestres<\/li>\n<li>Anna Ayats, representant dels mestres<\/li>\n<\/ul>\n","protected":false},"excerpt":{"rendered":"<p>El consell escolar del centre \u00e9s l\u2019\u00f2rgan col\u00b7legiat de participaci\u00f3 de la comunitat escolar en el govern de l\u2019escola. En el consell escolar hi ha representats tots els col\u00b7lectius que intervenen en la comunitat educativa: fam\u00edlies, AMPA , direcci\u00f3, mestres i ajuntament.<br \/>\nEn els centres p\u00fablics,&hellip;  <a href=\"https:\/\/agora.xtec.cat\/ceipdeborrassa\/lescola\/consell-escolar\/\" title=\"Read Consell escolar\">Llegeix m\u00e9s\u00bb<\/a><\/p>\n","protected":false},"author":1,"featured_media":0,"parent":22,"menu_order":4,"comment_status":"closed","ping_status":"closed","template":"page-templates\/side-menu.php","meta":{"_bbp_topic_count":0,"_bbp_reply_count":0,"_bbp_total_topic_count":0,"_bbp_total_reply_count":0,"_bbp_voice_count":0,"_bbp_anonymous_reply_count":0,"_bbp_topic_count_hidden":0,"_bbp_reply_count_hidden":0,"_bbp_forum_subforum_count":0,"footnotes":""},"class_list":["post-28","page","type-page","status-publish","hentry"],"post_mailing_queue_ids":[],"_links":{"self":[{"href":"https:\/\/agora.xtec.cat\/ceipdeborrassa\/wp-json\/wp\/v2\/pages\/28","targetHints":{"allow":["GET"]}}],"collection":[{"href":"https:\/\/agora.xtec.cat\/ceipdeborrassa\/wp-json\/wp\/v2\/pages"}],"about":[{"href":"https:\/\/agora.xtec.cat\/ceipdeborrassa\/wp-json\/wp\/v2\/types\/page"}],"author":[{"embeddable":true,"href":"https:\/\/agora.xtec.cat\/ceipdeborrassa\/wp-json\/wp\/v2\/users\/1"}],"replies":[{"embeddable":true,"href":"https:\/\/agora.xtec.cat\/ceipdeborrassa\/wp-json\/wp\/v2\/comments?post=28"}],"version-history":[{"count":4,"href":"https:\/\/agora.xtec.cat\/ceipdeborrassa\/wp-json\/wp\/v2\/pages\/28\/revisions"}],"predecessor-version":[{"id":11254,"href":"https:\/\/agora.xtec.cat\/ceipdeborrassa\/wp-json\/wp\/v2\/pages\/28\/revisions\/11254"}],"up":[{"embeddable":true,"href":"https:\/\/agora.xtec.cat\/ceipdeborrassa\/wp-json\/wp\/v2\/pages\/22"}],"wp:attachment":[{"href":"https:\/\/agora.xtec.cat\/ceipdeborrassa\/wp-json\/wp\/v2\/media?parent=28"}],"curies":[{"name":"wp","href":"https:\/\/api.w.org\/{rel}","templated":true}]}}