{"id":26,"date":"2014-09-18T12:24:32","date_gmt":"2014-09-18T11:24:32","guid":{"rendered":"http:\/\/agora.xtec.cat\/ceipdeborrassa\/?page_id=26"},"modified":"2021-07-13T17:45:31","modified_gmt":"2021-07-13T15:45:31","slug":"historia","status":"publish","type":"page","link":"https:\/\/agora.xtec.cat\/ceipdeborrassa\/lescola\/historia\/","title":{"rendered":"Hist\u00f2ria"},"content":{"rendered":"<p><span lang=\"CA\"><b><span style=\"font-size: x-large;\">HIST\u00d2RIA DE LA NOSTRA ESCOLA<\/span><\/b><br \/>\n<\/span><\/p>\n<p><span style=\"font-size: medium;\"><span lang=\"CA\">Per la nostra escola, han passat moltes persones, i per saber com era durant la seva \u00e8poca, n\u2019hem entrevistat a algunes. N\u2019hem entrevistat: de gent que fa poc que hi va anar, de gent que fa uns quants anys, i de gent que fa molt que hi va anar.<\/span><\/span><\/p>\n<p><span style=\"font-size: medium;\"><span lang=\"CA\">La gent que fa m\u00e9s anys que venia a l\u2019escola ens ha explicat que ha estat situada en diferents llocs: la sala d\u2019una casa on feien servir els baixos com a pati, al quarter de la gu\u00e0rdia civil, i finalment al lloc on \u00e9s ara.<\/span><\/span><\/p>\n<p><span style=\"font-size: medium;\"><span lang=\"CA\">Les classes eren en castell\u00e0, els mestres eren molt seriosos, ensenyaven molta disciplina i castigaven sovint.<\/span><\/span><\/p>\n<p><span style=\"font-size: medium;\"><span lang=\"CA\">Els nens i les nenes anaven a aules separades. Hi havia un mestre pels nens i una \u201csenyoreta\u201d per les nenes. El nombre d\u2019alumnes era molt m\u00e9s elevat que el d\u2019ara. Ens han parlat de fins a 102 alumnes.<\/span><\/span><\/p>\n<p><span style=\"font-size: medium;\"><span lang=\"CA\">No hi havia llibres de text, sin\u00f3 que els mestres ensenyaven amb enciclop\u00e8dies. No va ser fins a m\u00e9s tard, que es van comen\u00e7ar a fer servir les fitxes.<\/span><\/span><\/p>\n<p><span style=\"font-size: medium;\"><span lang=\"CA\">L\u2019edifici no estava en gaires bones condicions i, com que les finestres eren molt velles, una mare ens ha explicat que, quan feia vent els fulls que tenien sobre la taula volaven.<\/span><\/span><\/p>\n<p><span style=\"font-size: medium;\"><span lang=\"CA\">Al pati abans hi havia molts pins que eren molt grans, per\u00f2 el problema eren els \u201ccucs peluts que es posaven en fila \u00edndia i feien al\u00b7l\u00e8rgia\u201d.<\/span><\/span><\/p>\n<p><span style=\"font-size: medium;\"><span lang=\"CA\">Pel que ens expliquen no va estar fins que es va formar la ZER que no es van comen\u00e7ar a fer excursions, sortides, col\u00f2nies, ni relacionar-se amb els companys d\u2019altres escoles. Tan sols anaven a missa a Creixell.<\/span><\/span><\/p>\n<p><span style=\"font-size: medium;\"><span lang=\"CA\">En general la majoria opina que l\u2019escola actual els agrada m\u00e9s perqu\u00e8 amb les obres ha millorat molt i perqu\u00e8 les activitats que es fan s\u00f3n m\u00e9s divertides. Tot i que ells tamb\u00e9 s\u2019ho passaven molt b\u00e9.<\/span><\/span><\/p>\n<p><span style=\"font-size: medium;\"><span lang=\"CA\">Nosaltres estem contents de que hagin fet reformes i que l\u2019escola sigui m\u00e9s acollidora.<\/span><\/span><\/p>\n<p><span style=\"font-size: medium;\"><span lang=\"CA\">\u00a0<\/span><\/span><\/p>\n<p align=\"right\"><span style=\"font-size: medium;\"><span lang=\"CA\">Antics alumnes de l\u2019escola.<\/span><\/span><\/p>\n","protected":false},"excerpt":{"rendered":"<p>HIST\u00d2RIA DE LA NOSTRA ESCOLA<\/p>\n<p>Per la nostra escola, han passat moltes persones, i per saber com era durant la seva \u00e8poca, n\u2019hem entrevistat a algunes. N\u2019hem entrevistat: de gent que fa poc que hi va anar, de gent que fa uns quants anys, i de&hellip;  <a href=\"https:\/\/agora.xtec.cat\/ceipdeborrassa\/lescola\/historia\/\" title=\"Read Hist\u00f2ria\">Llegeix m\u00e9s\u00bb<\/a><\/p>\n","protected":false},"author":1,"featured_media":0,"parent":22,"menu_order":2,"comment_status":"closed","ping_status":"closed","template":"page-templates\/side-menu.php","meta":{"_bbp_topic_count":0,"_bbp_reply_count":0,"_bbp_total_topic_count":0,"_bbp_total_reply_count":0,"_bbp_voice_count":0,"_bbp_anonymous_reply_count":0,"_bbp_topic_count_hidden":0,"_bbp_reply_count_hidden":0,"_bbp_forum_subforum_count":0,"footnotes":""},"class_list":["post-26","page","type-page","status-publish","hentry"],"post_mailing_queue_ids":[],"_links":{"self":[{"href":"https:\/\/agora.xtec.cat\/ceipdeborrassa\/wp-json\/wp\/v2\/pages\/26","targetHints":{"allow":["GET"]}}],"collection":[{"href":"https:\/\/agora.xtec.cat\/ceipdeborrassa\/wp-json\/wp\/v2\/pages"}],"about":[{"href":"https:\/\/agora.xtec.cat\/ceipdeborrassa\/wp-json\/wp\/v2\/types\/page"}],"author":[{"embeddable":true,"href":"https:\/\/agora.xtec.cat\/ceipdeborrassa\/wp-json\/wp\/v2\/users\/1"}],"replies":[{"embeddable":true,"href":"https:\/\/agora.xtec.cat\/ceipdeborrassa\/wp-json\/wp\/v2\/comments?post=26"}],"version-history":[{"count":1,"href":"https:\/\/agora.xtec.cat\/ceipdeborrassa\/wp-json\/wp\/v2\/pages\/26\/revisions"}],"predecessor-version":[{"id":476,"href":"https:\/\/agora.xtec.cat\/ceipdeborrassa\/wp-json\/wp\/v2\/pages\/26\/revisions\/476"}],"up":[{"embeddable":true,"href":"https:\/\/agora.xtec.cat\/ceipdeborrassa\/wp-json\/wp\/v2\/pages\/22"}],"wp:attachment":[{"href":"https:\/\/agora.xtec.cat\/ceipdeborrassa\/wp-json\/wp\/v2\/media?parent=26"}],"curies":[{"name":"wp","href":"https:\/\/api.w.org\/{rel}","templated":true}]}}