{"id":24,"date":"2014-09-18T12:23:15","date_gmt":"2014-09-18T11:23:15","guid":{"rendered":"http:\/\/agora.xtec.cat\/ceipdeborrassa\/?page_id=24"},"modified":"2021-07-13T17:45:04","modified_gmt":"2021-07-13T15:45:04","slug":"on-som","status":"publish","type":"page","link":"https:\/\/agora.xtec.cat\/ceipdeborrassa\/lescola\/on-som\/","title":{"rendered":"On som"},"content":{"rendered":"<p>L&#8217;escola Sant Andreu es troba al poble de Borrass\u00e0, que est\u00e0 situat a la comarca de l&#8217;Alt Empord\u00e0.<br \/>\n\u00c9s un poble petit, bonic i on cal remarcar la import\u00e0ncia del seu ALT campanar.<\/p>\n<div style=\"text-align: center;\">\n<p><b>El nostre contacte \u00e9s:<\/b><\/p>\n<p>Escola Sant Andreu<br \/>\nc\/ Escoles, s\/n<br \/>\n17770 Borrass\u00e0<br \/>\n(Girona)<\/p>\n<p>TELF: 972525395-663777088<\/p>\n<\/div>\n<div style=\"text-align: center;\">b7000573@xtec.cat<\/div>\n<p><iframe loading=\"lazy\" src=\"https:\/\/www.google.com\/maps\/embed?pb=!1m10!1m8!1m3!1d95122.2542300733!2d1.53775!3d41.837547!3m2!1i1024!2i768!4f13.1!5e0!3m2!1sca!2sus!4v1410948001907\" width=\"600\" height=\"450\" frameborder=\"0\"><\/iframe><\/p>\n<p><strong>Com arribar-hi:<\/strong><\/p>\n<p><strong>Tren:<\/strong> Estaci\u00f3 Abella centre de la l\u00ednia 1<br \/>\n<strong>Bus:<\/strong> L\u00ednies L3 i L5<\/p>\n<p>&nbsp;<\/p>\n","protected":false},"excerpt":{"rendered":"<p>L&#8217;escola Sant Andreu es troba al poble de Borrass\u00e0, que est\u00e0 situat a la comarca de l&#8217;Alt Empord\u00e0.<br \/>\n\u00c9s un poble petit, bonic i on cal remarcar la import\u00e0ncia del seu ALT campanar.<\/p>\n<p>El nostre contacte \u00e9s:<br \/>\nEscola Sant Andreu<br \/>\nc\/ Escoles, s\/n<br \/>\n17770 Borrass\u00e0<br \/>\n(Girona)<br \/>\nTELF: 972525395-663777088<\/p>\n<p>b7000573@xtec.cat<\/p>\n<p>Com arribar-hi:<br \/>\nTren: Estaci\u00f3 Abella centre&hellip;  <a href=\"https:\/\/agora.xtec.cat\/ceipdeborrassa\/lescola\/on-som\/\" title=\"Read On som\">Llegeix m\u00e9s\u00bb<\/a><\/p>\n","protected":false},"author":1,"featured_media":0,"parent":22,"menu_order":1,"comment_status":"closed","ping_status":"closed","template":"page-templates\/side-menu.php","meta":{"_bbp_topic_count":0,"_bbp_reply_count":0,"_bbp_total_topic_count":0,"_bbp_total_reply_count":0,"_bbp_voice_count":0,"_bbp_anonymous_reply_count":0,"_bbp_topic_count_hidden":0,"_bbp_reply_count_hidden":0,"_bbp_forum_subforum_count":0,"footnotes":""},"class_list":["post-24","page","type-page","status-publish","hentry"],"post_mailing_queue_ids":[],"_links":{"self":[{"href":"https:\/\/agora.xtec.cat\/ceipdeborrassa\/wp-json\/wp\/v2\/pages\/24","targetHints":{"allow":["GET"]}}],"collection":[{"href":"https:\/\/agora.xtec.cat\/ceipdeborrassa\/wp-json\/wp\/v2\/pages"}],"about":[{"href":"https:\/\/agora.xtec.cat\/ceipdeborrassa\/wp-json\/wp\/v2\/types\/page"}],"author":[{"embeddable":true,"href":"https:\/\/agora.xtec.cat\/ceipdeborrassa\/wp-json\/wp\/v2\/users\/1"}],"replies":[{"embeddable":true,"href":"https:\/\/agora.xtec.cat\/ceipdeborrassa\/wp-json\/wp\/v2\/comments?post=24"}],"version-history":[{"count":2,"href":"https:\/\/agora.xtec.cat\/ceipdeborrassa\/wp-json\/wp\/v2\/pages\/24\/revisions"}],"predecessor-version":[{"id":732,"href":"https:\/\/agora.xtec.cat\/ceipdeborrassa\/wp-json\/wp\/v2\/pages\/24\/revisions\/732"}],"up":[{"embeddable":true,"href":"https:\/\/agora.xtec.cat\/ceipdeborrassa\/wp-json\/wp\/v2\/pages\/22"}],"wp:attachment":[{"href":"https:\/\/agora.xtec.cat\/ceipdeborrassa\/wp-json\/wp\/v2\/media?parent=24"}],"curies":[{"name":"wp","href":"https:\/\/api.w.org\/{rel}","templated":true}]}}