{"id":22,"date":"2014-09-18T12:19:57","date_gmt":"2014-09-18T11:19:57","guid":{"rendered":"http:\/\/agora.xtec.cat\/ceipdeborrassa\/?page_id=22"},"modified":"2021-07-12T14:10:20","modified_gmt":"2021-07-12T12:10:20","slug":"lescola","status":"publish","type":"page","link":"https:\/\/agora.xtec.cat\/ceipdeborrassa\/lescola\/","title":{"rendered":"L&#8217;escola"},"content":{"rendered":"<p>Aqu\u00ed hi trobareu la informaci\u00f3 b\u00e0sica de la nostra escola: situaci\u00f3, mestres, consell escolar, calendari del curs, novetats pedag\u00f2giques\u2026<\/p>\n","protected":false},"excerpt":{"rendered":"<p>Aqu\u00ed hi trobareu la informaci\u00f3 b\u00e0sica de la nostra escola: situaci\u00f3, mestres, consell escolar, calendari del curs, novetats pedag\u00f2giques\u2026<\/p>\n","protected":false},"author":1,"featured_media":0,"parent":0,"menu_order":0,"comment_status":"closed","ping_status":"closed","template":"page-templates\/side-menu.php","meta":{"_bbp_topic_count":0,"_bbp_reply_count":0,"_bbp_total_topic_count":0,"_bbp_total_reply_count":0,"_bbp_voice_count":0,"_bbp_anonymous_reply_count":0,"_bbp_topic_count_hidden":0,"_bbp_reply_count_hidden":0,"_bbp_forum_subforum_count":0,"footnotes":""},"class_list":["post-22","page","type-page","status-publish","hentry"],"post_mailing_queue_ids":[],"_links":{"self":[{"href":"https:\/\/agora.xtec.cat\/ceipdeborrassa\/wp-json\/wp\/v2\/pages\/22","targetHints":{"allow":["GET"]}}],"collection":[{"href":"https:\/\/agora.xtec.cat\/ceipdeborrassa\/wp-json\/wp\/v2\/pages"}],"about":[{"href":"https:\/\/agora.xtec.cat\/ceipdeborrassa\/wp-json\/wp\/v2\/types\/page"}],"author":[{"embeddable":true,"href":"https:\/\/agora.xtec.cat\/ceipdeborrassa\/wp-json\/wp\/v2\/users\/1"}],"replies":[{"embeddable":true,"href":"https:\/\/agora.xtec.cat\/ceipdeborrassa\/wp-json\/wp\/v2\/comments?post=22"}],"version-history":[{"count":1,"href":"https:\/\/agora.xtec.cat\/ceipdeborrassa\/wp-json\/wp\/v2\/pages\/22\/revisions"}],"predecessor-version":[{"id":695,"href":"https:\/\/agora.xtec.cat\/ceipdeborrassa\/wp-json\/wp\/v2\/pages\/22\/revisions\/695"}],"wp:attachment":[{"href":"https:\/\/agora.xtec.cat\/ceipdeborrassa\/wp-json\/wp\/v2\/media?parent=22"}],"curies":[{"name":"wp","href":"https:\/\/api.w.org\/{rel}","templated":true}]}}