{"id":2061,"date":"2022-05-04T21:57:26","date_gmt":"2022-05-04T19:57:26","guid":{"rendered":"https:\/\/agora.xtec.cat\/ceipdeborrassa\/?page_id=2061"},"modified":"2024-09-02T16:30:04","modified_gmt":"2024-09-02T14:30:04","slug":"estrategia-digital-de-centre-2","status":"publish","type":"page","link":"https:\/\/agora.xtec.cat\/ceipdeborrassa\/lescola\/estrategia-digital-de-centre-2\/","title":{"rendered":"Estrat\u00e8gia Digital de Centre"},"content":{"rendered":"<p><span class=\" aw5Odc\"><a class=\"XqQF9c\" href=\"https:\/\/www.google.com\/url?q=https%3A%2F%2Fprojectes.xtec.cat%2Fedc-suport%2F&amp;sa=D&amp;sntz=1&amp;usg=AOvVaw2ZkXqNHB_2SGsNs-vOe5k1\" target=\"_blank\" rel=\"noopener\"><strong>L\u2019Estrat\u00e8gia Digital de Centre<\/strong><\/a><\/span> (EDC) \u00e9s un document que recull totes les accions que es realitzen en un centre, i les que es realitzaran a mitj\u00e0 termini, per aconseguir la m\u00e0xima compet\u00e8ncia digital de l\u2019alumnat, del professorat i del centre educatiu. Ha de tenir com a referent el Pla d\u2019educaci\u00f3 digital de Catalunya (PEDC), on s\u2019indica la necessitat d\u2019assolir la fita d\u2019una societat digitalment competent, fent \u00e8mfasi en l\u2019equitat i tenint en compte l\u2019evoluci\u00f3 del context social i tecnol\u00f2gic.<\/p>\n<p><iframe loading=\"lazy\" title=\"YouTube video player\" src=\"https:\/\/www.youtube.com\/embed\/uS5UUZIYLPQ\" width=\"1152\" height=\"782\" frameborder=\"0\" allowfullscreen=\"allowfullscreen\"><\/iframe><\/p>\n<p>&nbsp;<\/p>\n<p class=\"CDt4Ke zfr3Q\" dir=\"ltr\">En el PEC del centre es detallen les dades de contextualitzaci\u00f3 general del centre. Pel que fa als aspectes sobre tecnologia digital, cal tenir en compte que el centre des del curs 2020-21 ha fet una clara aposta per la digitalitzaci\u00f3 del centre.<\/p>\n<p class=\"CDt4Ke zfr3Q\" dir=\"ltr\">Els alumnes de 6\u00e8 disposen d\u2019un ordinador en pr\u00e9stec propietat de l&#8217;escola que el tenen a casa i el porten al centre quan es requereix. De la mateixa manera, el centre cedeix un ordinador port\u00e0til a cada docent que s&#8217;incorpora al centre.<\/p>\n<p>&nbsp;<\/p>\n<p>&nbsp;<\/p>\n<p>&nbsp;<\/p>\n","protected":false},"excerpt":{"rendered":"<p><a class=\"XqQF9c\" href=\"https:\/\/www.google.com\/url?q=https%3A%2F%2Fprojectes.xtec.cat%2Fedc-suport%2F&amp;sa=D&amp;sntz=1&amp;usg=AOvVaw2ZkXqNHB_2SGsNs-vOe5k1\" target=\"_blank\" rel=\"noopener\">L\u2019Estrat\u00e8gia Digital de Centre<\/a> (EDC) \u00e9s un document que recull totes les accions que es realitzen en un centre, i les que es realitzaran a mitj\u00e0 termini, per aconseguir la m\u00e0xima compet\u00e8ncia digital de l\u2019alumnat, del professorat i del centre educatiu.&hellip;  <a href=\"https:\/\/agora.xtec.cat\/ceipdeborrassa\/lescola\/estrategia-digital-de-centre-2\/\" title=\"Read Estrat\u00e8gia Digital de Centre\">Llegeix m\u00e9s\u00bb<\/a><\/p>\n","protected":false},"author":1,"featured_media":0,"parent":22,"menu_order":0,"comment_status":"closed","ping_status":"closed","template":"","meta":{"_bbp_topic_count":0,"_bbp_reply_count":0,"_bbp_total_topic_count":0,"_bbp_total_reply_count":0,"_bbp_voice_count":0,"_bbp_anonymous_reply_count":0,"_bbp_topic_count_hidden":0,"_bbp_reply_count_hidden":0,"_bbp_forum_subforum_count":0,"footnotes":""},"class_list":["post-2061","page","type-page","status-publish","hentry"],"post_mailing_queue_ids":[],"_links":{"self":[{"href":"https:\/\/agora.xtec.cat\/ceipdeborrassa\/wp-json\/wp\/v2\/pages\/2061","targetHints":{"allow":["GET"]}}],"collection":[{"href":"https:\/\/agora.xtec.cat\/ceipdeborrassa\/wp-json\/wp\/v2\/pages"}],"about":[{"href":"https:\/\/agora.xtec.cat\/ceipdeborrassa\/wp-json\/wp\/v2\/types\/page"}],"author":[{"embeddable":true,"href":"https:\/\/agora.xtec.cat\/ceipdeborrassa\/wp-json\/wp\/v2\/users\/1"}],"replies":[{"embeddable":true,"href":"https:\/\/agora.xtec.cat\/ceipdeborrassa\/wp-json\/wp\/v2\/comments?post=2061"}],"version-history":[{"count":3,"href":"https:\/\/agora.xtec.cat\/ceipdeborrassa\/wp-json\/wp\/v2\/pages\/2061\/revisions"}],"predecessor-version":[{"id":2066,"href":"https:\/\/agora.xtec.cat\/ceipdeborrassa\/wp-json\/wp\/v2\/pages\/2061\/revisions\/2066"}],"up":[{"embeddable":true,"href":"https:\/\/agora.xtec.cat\/ceipdeborrassa\/wp-json\/wp\/v2\/pages\/22"}],"wp:attachment":[{"href":"https:\/\/agora.xtec.cat\/ceipdeborrassa\/wp-json\/wp\/v2\/media?parent=2061"}],"curies":[{"name":"wp","href":"https:\/\/api.w.org\/{rel}","templated":true}]}}