{"id":29658,"date":"2025-10-20T11:44:29","date_gmt":"2025-10-20T09:44:29","guid":{"rendered":"https:\/\/agora.xtec.cat\/ceipdamiamateu\/?page_id=29658"},"modified":"2025-10-20T11:44:29","modified_gmt":"2025-10-20T09:44:29","slug":"eleccions-consell-escolar","status":"publish","type":"page","link":"https:\/\/agora.xtec.cat\/ceipdamiamateu\/eleccions-consell-escolar\/","title":{"rendered":"Eleccions Consell Escolar"},"content":{"rendered":"<p style=\"text-align: center;\"><b>ELECCIONS AL CONSELL ESCOLAR<\/b><\/p>\n<p><b>Convocat\u00f2ria d\u2019eleccions al Consell Escolar 2025<\/b><\/p>\n<p>El Consell Escolar del centre \u00e9s l\u2019\u00f2rgan de participaci\u00f3 de la comunitat educativa en el govern dels centres educatius.<\/p>\n<p>Les funcions principals del Consell s\u00f3n: l\u2019aprovaci\u00f3, el seguiment i l\u2019avaluaci\u00f3 dels projectes que desenvolupen l\u2019activitat educativa del centre.<\/p>\n<p>D\u2019acord amb el que disposa l\u2019article 148 de la Llei 12\/2009, del 10 de juliol, d\u2019educaci\u00f3, el consell escolar \u00e9s l\u2019\u00f2rgan de participaci\u00f3 de la comunitat escolar en el govern del centre, i correspon al Departament d\u2019Educaci\u00f3 establir mesures perqu\u00e8 aquesta participaci\u00f3 sigui efectiva, aix\u00ed\u00a0 com determinar el nombre i el procediment d\u2019elecci\u00f3 dels membres del consell.<\/p>\n<p>D\u2019altra banda, l\u2019article 28 del Decret 102\/2010, de 3 d\u2019agost, d\u2019autonomia dels centres educatius , regula la renovaci\u00f3 dels membres del consell escolar, i l\u2019article 45 de la mateixa norma n\u2019estableix la composici\u00f3 en els centres p\u00fablics, en el marc del que determina l\u2019article 126 de la Llei Org\u00e0nica 2\/2006, de 3 de maig d\u2019educaci\u00f3.<\/p>\n<p><b>Composici\u00f3 del Consell escolar<\/b>: La directora del centre, la Cap d\u2019estudis, la Secret\u00e0ria del centre, un regidor\/a o representant de l\u2019Ajuntament, un nombre de professors (un ter\u00e7 del total dels components), un nombre de pares o mares d\u2019alumnes, elegits entre ells (un ter\u00e7 del total dels components) i un representant del personal d\u2019administraci\u00f3 i serveis del centre.<\/p>\n<p>Sou vosaltres, els que decidiu en les eleccions, com a candidats per al vostre sector, o amb l\u2019exercici del vot, qui ho feu possible. La vostra participaci\u00f3 no acaba en l\u2019exercici del vot, sin\u00f3 que continua a trav\u00e9s dels suggeriments i les propostes que feu arribar als vostres representants.<\/p>\n<p>EI! Pare o mare, ara \u00e9s el moment de presentar la\u00a0<b>candidatura al Consell Escolar<\/b>\u00a0i poder estar m\u00e9s informat del que passa a l\u2019escola.<\/p>\n<p><b>Qu\u00e8 has de fer per ser candidat\/a? Passar pel despatx de direcci\u00f3 i emplenar el full de candidatura\u00a0<\/b><\/p>\n<p><b>Calendari:<\/b><\/p>\n<ul>\n<li aria-level=\"1\">Inici del proc\u00e9s: a partir del 27 d\u2019octubre de 2025.<\/li>\n<li aria-level=\"1\">Constituci\u00f3 de les meses electorals: abans de l\u201910 de novembre de 2025.<\/li>\n<li aria-level=\"1\">Votacions: entre el 17 i 21 de novembre de 2025, ambd\u00f3s inclosos.<\/li>\n<li aria-level=\"1\">Constituci\u00f3 del consell escolar i presa de possessi\u00f3 dels seus membres: no m\u00e9s tard del 17 de desembre de 2025.<\/li>\n<\/ul>\n<p><b>M\u00e9s informaci\u00f3 a:<\/b><\/p>\n<p><a href=\"https:\/\/educacio.gencat.cat\/ca\/arees-actuacio\/centres-serveis-educatius\/centres\/consells-escolars-centres\/participar-families\/\" target=\"_blank\" rel=\"noopener\">https:\/\/espai.educacio.gencat.cat\/Centres\/Eleccions-consells-escolars\/Pagines\/default.aspx<\/a><\/p>\n","protected":false},"excerpt":{"rendered":"<p>ELECCIONS AL CONSELL ESCOLAR Convocat\u00f2ria d\u2019eleccions al Consell Escolar 2025 El Consell Escolar del centre \u00e9s l\u2019\u00f2rgan de participaci\u00f3 de la comunitat educativa en el govern dels centres educatius. Les funcions principals del Consell s\u00f3n: l\u2019aprovaci\u00f3, el seguiment i l\u2019avaluaci\u00f3 dels projectes que desenvolupen l\u2019activitat educativa del centre. D\u2019acord amb el que disposa l\u2019article 148 [&hellip;]<\/p>\n","protected":false},"author":1,"featured_media":0,"parent":0,"menu_order":0,"comment_status":"closed","ping_status":"closed","template":"","meta":{"_bbp_topic_count":0,"_bbp_reply_count":0,"_bbp_total_topic_count":0,"_bbp_total_reply_count":0,"_bbp_voice_count":0,"_bbp_anonymous_reply_count":0,"_bbp_topic_count_hidden":0,"_bbp_reply_count_hidden":0,"_bbp_forum_subforum_count":0,"site-sidebar-layout":"default","site-content-layout":"","ast-site-content-layout":"default","site-content-style":"default","site-sidebar-style":"default","ast-global-header-display":"","ast-banner-title-visibility":"","ast-main-header-display":"","ast-hfb-above-header-display":"","ast-hfb-below-header-display":"","ast-hfb-mobile-header-display":"","site-post-title":"","ast-breadcrumbs-content":"","ast-featured-img":"","footer-sml-layout":"","theme-transparent-header-meta":"default","adv-header-id-meta":"","stick-header-meta":"","header-above-stick-meta":"","header-main-stick-meta":"","header-below-stick-meta":"","astra-migrate-meta-layouts":"set","ast-page-background-enabled":"default","ast-page-background-meta":{"desktop":{"background-color":"var(--ast-global-color-4)","background-image":"","background-repeat":"repeat","background-position":"center center","background-size":"auto","background-attachment":"scroll","background-type":"","background-media":"","overlay-type":"","overlay-color":"","overlay-opacity":"","overlay-gradient":""},"tablet":{"background-color":"","background-image":"","background-repeat":"repeat","background-position":"center center","background-size":"auto","background-attachment":"scroll","background-type":"","background-media":"","overlay-type":"","overlay-color":"","overlay-opacity":"","overlay-gradient":""},"mobile":{"background-color":"","background-image":"","background-repeat":"repeat","background-position":"center center","background-size":"auto","background-attachment":"scroll","background-type":"","background-media":"","overlay-type":"","overlay-color":"","overlay-opacity":"","overlay-gradient":""}},"ast-content-background-meta":{"desktop":{"background-color":"var(--ast-global-color-5)","background-image":"","background-repeat":"repeat","background-position":"center center","background-size":"auto","background-attachment":"scroll","background-type":"","background-media":"","overlay-type":"","overlay-color":"","overlay-opacity":"","overlay-gradient":""},"tablet":{"background-color":"var(--ast-global-color-5)","background-image":"","background-repeat":"repeat","background-position":"center center","background-size":"auto","background-attachment":"scroll","background-type":"","background-media":"","overlay-type":"","overlay-color":"","overlay-opacity":"","overlay-gradient":""},"mobile":{"background-color":"var(--ast-global-color-5)","background-image":"","background-repeat":"repeat","background-position":"center center","background-size":"auto","background-attachment":"scroll","background-type":"","background-media":"","overlay-type":"","overlay-color":"","overlay-opacity":"","overlay-gradient":""}},"footnotes":""},"class_list":["post-29658","page","type-page","status-publish","hentry"],"post_mailing_queue_ids":[],"_links":{"self":[{"href":"https:\/\/agora.xtec.cat\/ceipdamiamateu\/wp-json\/wp\/v2\/pages\/29658","targetHints":{"allow":["GET"]}}],"collection":[{"href":"https:\/\/agora.xtec.cat\/ceipdamiamateu\/wp-json\/wp\/v2\/pages"}],"about":[{"href":"https:\/\/agora.xtec.cat\/ceipdamiamateu\/wp-json\/wp\/v2\/types\/page"}],"author":[{"embeddable":true,"href":"https:\/\/agora.xtec.cat\/ceipdamiamateu\/wp-json\/wp\/v2\/users\/1"}],"replies":[{"embeddable":true,"href":"https:\/\/agora.xtec.cat\/ceipdamiamateu\/wp-json\/wp\/v2\/comments?post=29658"}],"version-history":[{"count":1,"href":"https:\/\/agora.xtec.cat\/ceipdamiamateu\/wp-json\/wp\/v2\/pages\/29658\/revisions"}],"predecessor-version":[{"id":29659,"href":"https:\/\/agora.xtec.cat\/ceipdamiamateu\/wp-json\/wp\/v2\/pages\/29658\/revisions\/29659"}],"wp:attachment":[{"href":"https:\/\/agora.xtec.cat\/ceipdamiamateu\/wp-json\/wp\/v2\/media?parent=29658"}],"curies":[{"name":"wp","href":"https:\/\/api.w.org\/{rel}","templated":true}]}}