{"id":25920,"date":"2023-06-06T14:06:09","date_gmt":"2023-06-06T12:06:09","guid":{"rendered":"https:\/\/agora.xtec.cat\/ceipdamiamateu\/?page_id=25920"},"modified":"2023-06-06T14:14:24","modified_gmt":"2023-06-06T12:14:24","slug":"criteris-davaluacio-3","status":"publish","type":"page","link":"https:\/\/agora.xtec.cat\/ceipdamiamateu\/criteris-davaluacio-3\/","title":{"rendered":"Criteris d&#8217;avaluaci\u00f3"},"content":{"rendered":"<p><a href=\"https:\/\/agora.xtec.cat\/ceipdamiamateu\/wp-content\/uploads\/usu919\/2023\/06\/CATALA-I-CASTELLA.pdf\">CATAL\u00c0 I CASTELL\u00c0<\/a><\/p>\n<p><a href=\"https:\/\/agora.xtec.cat\/ceipdamiamateu\/wp-content\/uploads\/usu919\/2023\/06\/ANGLES.pdf\">ANGL\u00c8S<\/a><\/p>\n<p><a href=\"https:\/\/agora.xtec.cat\/ceipdamiamateu\/wp-content\/uploads\/usu919\/2023\/06\/MATEMATIQUES.pdf\">MATEM\u00c0TIQUES<\/a><\/p>\n<p><a href=\"https:\/\/agora.xtec.cat\/ceipdamiamateu\/wp-content\/uploads\/usu919\/2023\/06\/MEDI-NATURAL-I-SOCIAL.pdf\">MEDI NATURAL I SOCIAL<\/a><\/p>\n<p><a href=\"https:\/\/agora.xtec.cat\/ceipdamiamateu\/wp-content\/uploads\/usu919\/2023\/06\/EDUCACIO-ARTISTICA.pdf\">EDUCACI\u00d3 ART\u00cdSTICA<\/a><\/p>\n<p><a href=\"https:\/\/agora.xtec.cat\/ceipdamiamateu\/wp-content\/uploads\/usu919\/2023\/06\/EDUCACIO-EN-VALORS-CIVICS-I-ETICS.pdf\">EDUCACI\u00d3 EN VALORS C\u00cdVICS I \u00c8TICS<\/a><\/p>\n<p><a href=\"https:\/\/agora.xtec.cat\/ceipdamiamateu\/wp-content\/uploads\/usu919\/2023\/06\/EDUCACIO-FISICA.pdf\">EDUCACI\u00d3 F\u00cdSICA<\/a><\/p>\n","protected":false},"excerpt":{"rendered":"<p>CATAL\u00c0 I CASTELL\u00c0 ANGL\u00c8S MATEM\u00c0TIQUES MEDI NATURAL I SOCIAL EDUCACI\u00d3 ART\u00cdSTICA EDUCACI\u00d3 EN VALORS C\u00cdVICS I \u00c8TICS EDUCACI\u00d3 F\u00cdSICA<\/p>\n","protected":false},"author":1,"featured_media":0,"parent":0,"menu_order":0,"comment_status":"closed","ping_status":"closed","template":"","meta":{"_bbp_topic_count":0,"_bbp_reply_count":0,"_bbp_total_topic_count":0,"_bbp_total_reply_count":0,"_bbp_voice_count":0,"_bbp_anonymous_reply_count":0,"_bbp_topic_count_hidden":0,"_bbp_reply_count_hidden":0,"_bbp_forum_subforum_count":0,"site-sidebar-layout":"default","site-content-layout":"","ast-site-content-layout":"","site-content-style":"default","site-sidebar-style":"default","ast-global-header-display":"","ast-banner-title-visibility":"","ast-main-header-display":"","ast-hfb-above-header-display":"","ast-hfb-below-header-display":"","ast-hfb-mobile-header-display":"","site-post-title":"","ast-breadcrumbs-content":"","ast-featured-img":"","footer-sml-layout":"","theme-transparent-header-meta":"","adv-header-id-meta":"","stick-header-meta":"","header-above-stick-meta":"","header-main-stick-meta":"","header-below-stick-meta":"","astra-migrate-meta-layouts":"default","ast-page-background-enabled":"default","ast-page-background-meta":{"desktop":{"background-color":"var(--ast-global-color-4)","background-image":"","background-repeat":"repeat","background-position":"center center","background-size":"auto","background-attachment":"scroll","background-type":"","background-media":"","overlay-type":"","overlay-color":"","overlay-opacity":"","overlay-gradient":""},"tablet":{"background-color":"","background-image":"","background-repeat":"repeat","background-position":"center center","background-size":"auto","background-attachment":"scroll","background-type":"","background-media":"","overlay-type":"","overlay-color":"","overlay-opacity":"","overlay-gradient":""},"mobile":{"background-color":"","background-image":"","background-repeat":"repeat","background-position":"center center","background-size":"auto","background-attachment":"scroll","background-type":"","background-media":"","overlay-type":"","overlay-color":"","overlay-opacity":"","overlay-gradient":""}},"ast-content-background-meta":{"desktop":{"background-color":"var(--ast-global-color-5)","background-image":"","background-repeat":"repeat","background-position":"center center","background-size":"auto","background-attachment":"scroll","background-type":"","background-media":"","overlay-type":"","overlay-color":"","overlay-opacity":"","overlay-gradient":""},"tablet":{"background-color":"var(--ast-global-color-5)","background-image":"","background-repeat":"repeat","background-position":"center center","background-size":"auto","background-attachment":"scroll","background-type":"","background-media":"","overlay-type":"","overlay-color":"","overlay-opacity":"","overlay-gradient":""},"mobile":{"background-color":"var(--ast-global-color-5)","background-image":"","background-repeat":"repeat","background-position":"center center","background-size":"auto","background-attachment":"scroll","background-type":"","background-media":"","overlay-type":"","overlay-color":"","overlay-opacity":"","overlay-gradient":""}},"footnotes":""},"class_list":["post-25920","page","type-page","status-publish","hentry"],"post_mailing_queue_ids":[],"_links":{"self":[{"href":"https:\/\/agora.xtec.cat\/ceipdamiamateu\/wp-json\/wp\/v2\/pages\/25920","targetHints":{"allow":["GET"]}}],"collection":[{"href":"https:\/\/agora.xtec.cat\/ceipdamiamateu\/wp-json\/wp\/v2\/pages"}],"about":[{"href":"https:\/\/agora.xtec.cat\/ceipdamiamateu\/wp-json\/wp\/v2\/types\/page"}],"author":[{"embeddable":true,"href":"https:\/\/agora.xtec.cat\/ceipdamiamateu\/wp-json\/wp\/v2\/users\/1"}],"replies":[{"embeddable":true,"href":"https:\/\/agora.xtec.cat\/ceipdamiamateu\/wp-json\/wp\/v2\/comments?post=25920"}],"version-history":[{"count":3,"href":"https:\/\/agora.xtec.cat\/ceipdamiamateu\/wp-json\/wp\/v2\/pages\/25920\/revisions"}],"predecessor-version":[{"id":25931,"href":"https:\/\/agora.xtec.cat\/ceipdamiamateu\/wp-json\/wp\/v2\/pages\/25920\/revisions\/25931"}],"wp:attachment":[{"href":"https:\/\/agora.xtec.cat\/ceipdamiamateu\/wp-json\/wp\/v2\/media?parent=25920"}],"curies":[{"name":"wp","href":"https:\/\/api.w.org\/{rel}","templated":true}]}}