{"id":243,"date":"2016-02-15T16:30:03","date_gmt":"2016-02-15T15:30:03","guid":{"rendered":"http:\/\/agora.xtec.cat\/ceipdamiamateu\/?page_id=243"},"modified":"2025-06-25T12:35:48","modified_gmt":"2025-06-25T10:35:48","slug":"quotes-material-2016-2017","status":"publish","type":"page","link":"https:\/\/agora.xtec.cat\/ceipdamiamateu\/informacions-generals\/quotes-material-2016-2017\/","title":{"rendered":"Quotes material 2025-2026"},"content":{"rendered":"<h4 style=\"text-align: center;\"><span style=\"color: #000000;\">Quotes de Material<\/span><\/h4>\n<p>Clicant a l&#8217;enlla\u00e7 podreu descarregar els documents amb tota la informaci\u00f3:<\/p>\n<p><a href=\"https:\/\/agora.xtec.cat\/ceipdamiamateu\/wp-content\/uploads\/usu919\/2025\/06\/I3_Material-I3.pdf\">I3<\/a><\/p>\n<p><a href=\"https:\/\/agora.xtec.cat\/ceipdamiamateu\/wp-content\/uploads\/usu919\/2025\/06\/I4_Material.pdf\">I4<\/a><\/p>\n<p><a href=\"https:\/\/agora.xtec.cat\/ceipdamiamateu\/wp-content\/uploads\/usu919\/2025\/06\/I5_Material.pdf\">I5<\/a><\/p>\n<p><a href=\"https:\/\/agora.xtec.cat\/ceipdamiamateu\/wp-content\/uploads\/usu919\/2025\/06\/1r_Material.pdf\">1r<\/a><\/p>\n<p><a href=\"https:\/\/agora.xtec.cat\/ceipdamiamateu\/wp-content\/uploads\/usu919\/2025\/06\/2n_Material.pdf\">2n<\/a><\/p>\n<p><a href=\"https:\/\/agora.xtec.cat\/ceipdamiamateu\/wp-content\/uploads\/usu919\/2025\/06\/3r_Material.pdf\">3r<\/a><\/p>\n<p><a href=\"https:\/\/agora.xtec.cat\/ceipdamiamateu\/wp-content\/uploads\/usu919\/2025\/06\/4t_Material.pdf\">4t<\/a><\/p>\n<p><a href=\"https:\/\/agora.xtec.cat\/ceipdamiamateu\/wp-content\/uploads\/usu919\/2025\/06\/5e_Material.pdf\">5\u00e8<\/a><\/p>\n<p><a href=\"https:\/\/agora.xtec.cat\/ceipdamiamateu\/wp-content\/uploads\/usu919\/2025\/06\/6e_Material.pdf\">6\u00e8<\/a><\/p>\n<p>&nbsp;<\/p>\n<p>&nbsp;<\/p>\n<p>&nbsp;<\/p>\n<p>&nbsp;<\/p>\n<p>&nbsp;<\/p>\n","protected":false},"excerpt":{"rendered":"<p>Quotes de Material Clicant a l&#8217;enlla\u00e7 podreu descarregar els documents amb tota la informaci\u00f3: I3 I4 I5 1r 2n 3r 4t 5\u00e8 6\u00e8 &nbsp; &nbsp; &nbsp; &nbsp; &nbsp;<\/p>\n","protected":false},"author":1,"featured_media":0,"parent":216,"menu_order":0,"comment_status":"closed","ping_status":"closed","template":"page-templates\/side-menu.php","meta":{"_bbp_topic_count":0,"_bbp_reply_count":0,"_bbp_total_topic_count":0,"_bbp_total_reply_count":0,"_bbp_voice_count":0,"_bbp_anonymous_reply_count":0,"_bbp_topic_count_hidden":0,"_bbp_reply_count_hidden":0,"_bbp_forum_subforum_count":0,"site-sidebar-layout":"default","site-content-layout":"","ast-site-content-layout":"","site-content-style":"default","site-sidebar-style":"default","ast-global-header-display":"","ast-banner-title-visibility":"","ast-main-header-display":"","ast-hfb-above-header-display":"","ast-hfb-below-header-display":"","ast-hfb-mobile-header-display":"","site-post-title":"","ast-breadcrumbs-content":"","ast-featured-img":"","footer-sml-layout":"","theme-transparent-header-meta":"","adv-header-id-meta":"","stick-header-meta":"","header-above-stick-meta":"","header-main-stick-meta":"","header-below-stick-meta":"","astra-migrate-meta-layouts":"default","ast-page-background-enabled":"default","ast-page-background-meta":{"desktop":{"background-color":"var(--ast-global-color-4)","background-image":"","background-repeat":"repeat","background-position":"center center","background-size":"auto","background-attachment":"scroll","background-type":"","background-media":"","overlay-type":"","overlay-color":"","overlay-opacity":"","overlay-gradient":""},"tablet":{"background-color":"","background-image":"","background-repeat":"repeat","background-position":"center center","background-size":"auto","background-attachment":"scroll","background-type":"","background-media":"","overlay-type":"","overlay-color":"","overlay-opacity":"","overlay-gradient":""},"mobile":{"background-color":"","background-image":"","background-repeat":"repeat","background-position":"center center","background-size":"auto","background-attachment":"scroll","background-type":"","background-media":"","overlay-type":"","overlay-color":"","overlay-opacity":"","overlay-gradient":""}},"ast-content-background-meta":{"desktop":{"background-color":"var(--ast-global-color-5)","background-image":"","background-repeat":"repeat","background-position":"center center","background-size":"auto","background-attachment":"scroll","background-type":"","background-media":"","overlay-type":"","overlay-color":"","overlay-opacity":"","overlay-gradient":""},"tablet":{"background-color":"var(--ast-global-color-5)","background-image":"","background-repeat":"repeat","background-position":"center center","background-size":"auto","background-attachment":"scroll","background-type":"","background-media":"","overlay-type":"","overlay-color":"","overlay-opacity":"","overlay-gradient":""},"mobile":{"background-color":"var(--ast-global-color-5)","background-image":"","background-repeat":"repeat","background-position":"center center","background-size":"auto","background-attachment":"scroll","background-type":"","background-media":"","overlay-type":"","overlay-color":"","overlay-opacity":"","overlay-gradient":""}},"footnotes":""},"class_list":["post-243","page","type-page","status-publish","hentry"],"post_mailing_queue_ids":[],"_links":{"self":[{"href":"https:\/\/agora.xtec.cat\/ceipdamiamateu\/wp-json\/wp\/v2\/pages\/243","targetHints":{"allow":["GET"]}}],"collection":[{"href":"https:\/\/agora.xtec.cat\/ceipdamiamateu\/wp-json\/wp\/v2\/pages"}],"about":[{"href":"https:\/\/agora.xtec.cat\/ceipdamiamateu\/wp-json\/wp\/v2\/types\/page"}],"author":[{"embeddable":true,"href":"https:\/\/agora.xtec.cat\/ceipdamiamateu\/wp-json\/wp\/v2\/users\/1"}],"replies":[{"embeddable":true,"href":"https:\/\/agora.xtec.cat\/ceipdamiamateu\/wp-json\/wp\/v2\/comments?post=243"}],"version-history":[{"count":5,"href":"https:\/\/agora.xtec.cat\/ceipdamiamateu\/wp-json\/wp\/v2\/pages\/243\/revisions"}],"predecessor-version":[{"id":29342,"href":"https:\/\/agora.xtec.cat\/ceipdamiamateu\/wp-json\/wp\/v2\/pages\/243\/revisions\/29342"}],"up":[{"embeddable":true,"href":"https:\/\/agora.xtec.cat\/ceipdamiamateu\/wp-json\/wp\/v2\/pages\/216"}],"wp:attachment":[{"href":"https:\/\/agora.xtec.cat\/ceipdamiamateu\/wp-json\/wp\/v2\/media?parent=243"}],"curies":[{"name":"wp","href":"https:\/\/api.w.org\/{rel}","templated":true}]}}