{"id":14226,"date":"2018-10-16T19:22:39","date_gmt":"2018-10-16T17:22:39","guid":{"rendered":"http:\/\/agora.xtec.cat\/ceipdamiamateu\/?page_id=14226"},"modified":"2025-11-14T11:06:20","modified_gmt":"2025-11-14T10:06:20","slug":"les-festes-de-la-nostra-escola","status":"publish","type":"page","link":"https:\/\/agora.xtec.cat\/ceipdamiamateu\/les-festes-de-la-nostra-escola\/","title":{"rendered":"Les festes de la nostra escola"},"content":{"rendered":"<table>\n<tbody>\n<tr>\n<td><span style=\"font-weight: 400;\">Dimarts 9 de setembre<\/span><\/td>\n<td><b>Benvinguda al Dami\u00e0<\/b><\/td>\n<td><span style=\"font-weight: 400;\">9:00-9:30 Presentaci\u00f3 de les mestres. Ball de benvinguda.<\/span><\/p>\n<p><span style=\"font-weight: 400;\">Obert a les fam\u00edlies.<\/span><\/td>\n<\/tr>\n<tr>\n<td><span style=\"font-weight: 400;\">Divendres 17 d\u2019octubre<\/span><\/td>\n<td><b>III JORNADA ARAKI<\/b><\/td>\n<td><span style=\"font-weight: 400;\">Xerrada sobre Educaci\u00f3 afectivo-sexual a c\u00e0rrec de Neus Mill\u00e1n<\/span><\/td>\n<\/tr>\n<tr>\n<td><span style=\"font-weight: 400;\">Divendres 31 d\u2019octubre<\/span><\/td>\n<td><b>Festa de la tardor\u00a0<\/b><\/td>\n<td><span style=\"font-weight: 400;\">Mat\u00ed: Tallers de manualitats de tardor en fam\u00edlia.\u00a0\u00a0<\/span><\/p>\n<p><span style=\"font-weight: 400;\">Tarda: Exposici\u00f3 manualitats, danses i Castanyada amb la col\u00b7laboraci\u00f3 de l\u2019AFA.\u00a0\u00a0<\/span><\/p>\n<p><span style=\"font-weight: 400;\">(festa oberta a les fam\u00edlies)\u00a0<\/span><\/td>\n<\/tr>\n<tr>\n<td><span style=\"font-weight: 400;\">Dimecres 17 de desembre\u00a0<\/span><\/td>\n<td><b>V Cantada de Nadales\u00a0<\/b><\/p>\n<p><b>al Castellnou<\/b><\/td>\n<td><span style=\"font-weight: 400;\">Tarda: al Castellnou<\/span><\/p>\n<p><span style=\"font-weight: 400;\">(festa oberta a les fam\u00edlies)\u00a0<\/span><\/td>\n<\/tr>\n<tr>\n<td><span style=\"font-weight: 400;\">Divendres 19 de desembre\u00a0<\/span><\/td>\n<td><b>Ti\u00f3 (EI + CI)\u00a0\u00a0<\/b><\/p>\n<p><b>Amic invisible (CM + CS)\u00a0<\/b><\/td>\n<td><span style=\"font-weight: 400;\">Mat\u00ed: escola (jornada intensiva)\u00a0<\/span><\/td>\n<\/tr>\n<tr>\n<td><span style=\"font-weight: 400;\">Dijous 8 de gener\u00a0<\/span><\/td>\n<td><b>Dia de la joguina de Reis\u00a0 Infantil, Ci,CM i CS\u00a0<\/b><\/td>\n<td><span style=\"font-weight: 400;\">Pel mat\u00ed tots els nivells es troben el regal de reis a l\u2019aula.<\/span><\/p>\n<p><span style=\"font-weight: 400;\">A la tarda l\u2019alumnat pot jugar amb una joguina que porten de casa.<\/span><\/td>\n<\/tr>\n<tr>\n<td><span style=\"font-weight: 400;\">Divendres 30 de gener\u00a0<\/span><\/td>\n<td><b>Dia mundial de la Pau i No-viol\u00e8ncia\u00a0<\/b><\/td>\n<td><span style=\"font-weight: 400;\">Activitat interna. Concretar\u00e0 la comissi\u00f3 de festes.<\/span><\/td>\n<\/tr>\n<tr>\n<td><span style=\"font-weight: 400;\">Divendres 21 de febrer\u00a0<\/span><\/td>\n<td><b>Visita del Rei Carnestoltes i Batucada 6\u00e8<\/b><\/td>\n<td><span style=\"font-weight: 400;\">Tarda: pati escola (intern)<\/span><\/td>\n<\/tr>\n<tr>\n<td><span style=\"font-weight: 400;\">Del dilluns 24 al dijous 27 de febrer\u00a0<\/span><\/td>\n<td><b>Consignes Carnestoltes<\/b><span style=\"font-weight: 400;\">.\u00a0<\/span><\/td>\n<td><span style=\"font-weight: 400;\">Escola (festa interna)\u00a0<\/span><\/td>\n<\/tr>\n<tr>\n<td><span style=\"font-weight: 400;\">Dijous 12 de febrer\u00a0<\/span><\/td>\n<td><b>Ballada de Gitanes<\/b><\/p>\n<p><b>Dijous Gras<\/b><\/td>\n<td><span style=\"font-weight: 400;\">Mat\u00ed: A la Pla\u00e7a del Drac. <\/span><span style=\"font-weight: 400;\">Oberta a totes les fam\u00edlies de l\u2019escola.\u00a0<\/span><\/p>\n<p><span style=\"font-weight: 400;\">Tarda anem a berenar al Castell Nou.<\/span><\/td>\n<\/tr>\n<tr>\n<td><span style=\"font-weight: 400;\">Divendres 13 de febrer<\/span><\/td>\n<td><b>Ball de Carnestoltes\u00a0<\/b><\/td>\n<td><span style=\"font-weight: 400;\">Tarda: Festa oberta a les fam\u00edlies. Concretar i dinamitzar a la comissi\u00f3 de festes. <\/span><span style=\"font-weight: 400;\">6\u00e8 batucada <\/span><\/td>\n<\/tr>\n<tr>\n<td><span style=\"font-weight: 400;\">Febrer\/mar\u00e7 (coincidint amb Portes Obertes)\u00a0<\/span><\/td>\n<td><b>Exposici\u00f3 PORTES OBERTES<\/b><\/td>\n<td><span style=\"font-weight: 400;\">Exposici\u00f3 als passadissos d\u2019activitats, confer\u00e8ncies i projectes.<\/span><\/td>\n<\/tr>\n<tr>\n<td><span style=\"font-weight: 400;\">Divendres 6 de mar\u00e7\u00a0<\/span><\/td>\n<td><b>Dia mundial de la dona<\/b><\/td>\n<td><span style=\"font-weight: 400;\">Activitat interna. Concretar\u00e0 la Comissi\u00f3 de Festes.<\/span><\/td>\n<\/tr>\n<\/tbody>\n<\/table>\n<p>&nbsp;<\/p>\n<table>\n<tbody>\n<tr>\n<td><span style=\"font-weight: 400;\">Divendres 27 de mar\u00e7<\/span><\/td>\n<td><b>Celebraci\u00f3 fi del 2n trimestre<\/b><\/p>\n<p><b>English Festival\u00a0<\/b><\/td>\n<td><span style=\"font-weight: 400;\">Tarda: <\/span><span style=\"font-weight: 400;\">Infantil fa La Mona. <\/span><span style=\"font-weight: 400;\">Prim\u00e0ria tarda de cinema i crispetes.<\/span><\/p>\n<p><span style=\"font-weight: 400;\">Escola<\/span><\/td>\n<\/tr>\n<tr>\n<td><span style=\"font-weight: 400;\">Dijous 23 d\u2019abril\u00a0<\/span><\/td>\n<td><b>Sant Jordi\u00a0<\/b><\/td>\n<td><span style=\"font-weight: 400;\">Mat\u00ed :\u00a0<\/span><span style=\"font-weight: 400;\">Poemes gimn\u00e0s i sardana a la pista.<\/span><span style=\"font-weight: 400;\">Activitat Ajuntament si en fa. Visita<\/span><span style=\"font-weight: 400;\">\u00a0paradetes.\u00a0\u00a0<\/span><\/p>\n<p><span style=\"font-weight: 400;\">Tarda:\u00a0<\/span><span style=\"font-weight: 400;\">Contes fam\u00edlies\u00a0<\/span><\/td>\n<\/tr>\n<tr>\n<td><span style=\"font-weight: 400;\">Divendres 5 de juny\u00a0<\/span><\/td>\n<td><b>Dia mundial del Medi Ambient\u00a0<\/b><\/td>\n<td><span style=\"font-weight: 400;\">Activitats a l\u2019escola (inici jornada intensiva)\u00a0<\/span><\/td>\n<\/tr>\n<tr>\n<td><span style=\"font-weight: 400;\">Divendres 12 juny<\/span><\/td>\n<td><b>Sortida conjunta al Castellnou\u00a0<\/b><\/td>\n<td><span style=\"font-weight: 400;\">Escola &#8211; Castell Nou<\/span><\/td>\n<\/tr>\n<tr>\n<td><\/td>\n<td><\/td>\n<td><\/td>\n<\/tr>\n<tr>\n<td><span style=\"font-weight: 400;\">Divendres 19 de juny<\/span><\/td>\n<td><b>Comiat 6\u00e8\u00a0<\/b><\/td>\n<td><span style=\"font-weight: 400;\">Escola i <\/span>obert a totes les fam\u00edlies.<span style=\"font-weight: 400;\">\u00a0<\/span><\/td>\n<\/tr>\n<\/tbody>\n<\/table>\n<p>&nbsp;<\/p>\n","protected":false},"excerpt":{"rendered":"<p>Dimarts 9 de setembre Benvinguda al Dami\u00e0 9:00-9:30 Presentaci\u00f3 de les mestres. Ball de benvinguda. Obert a les fam\u00edlies. Divendres 17 d\u2019octubre III JORNADA ARAKI Xerrada sobre Educaci\u00f3 afectivo-sexual a c\u00e0rrec de Neus Mill\u00e1n Divendres 31 d\u2019octubre Festa de la tardor\u00a0 Mat\u00ed: Tallers de manualitats de tardor en fam\u00edlia.\u00a0\u00a0 Tarda: Exposici\u00f3 manualitats, danses i Castanyada [&hellip;]<\/p>\n","protected":false},"author":1,"featured_media":0,"parent":0,"menu_order":0,"comment_status":"closed","ping_status":"closed","template":"","meta":{"_bbp_topic_count":0,"_bbp_reply_count":0,"_bbp_total_topic_count":0,"_bbp_total_reply_count":0,"_bbp_voice_count":0,"_bbp_anonymous_reply_count":0,"_bbp_topic_count_hidden":0,"_bbp_reply_count_hidden":0,"_bbp_forum_subforum_count":0,"site-sidebar-layout":"default","site-content-layout":"","ast-site-content-layout":"default","site-content-style":"default","site-sidebar-style":"default","ast-global-header-display":"","ast-banner-title-visibility":"","ast-main-header-display":"","ast-hfb-above-header-display":"","ast-hfb-below-header-display":"","ast-hfb-mobile-header-display":"","site-post-title":"","ast-breadcrumbs-content":"","ast-featured-img":"","footer-sml-layout":"","theme-transparent-header-meta":"default","adv-header-id-meta":"","stick-header-meta":"","header-above-stick-meta":"","header-main-stick-meta":"","header-below-stick-meta":"","astra-migrate-meta-layouts":"set","ast-page-background-enabled":"default","ast-page-background-meta":{"desktop":{"background-color":"var(--ast-global-color-4)","background-image":"","background-repeat":"repeat","background-position":"center center","background-size":"auto","background-attachment":"scroll","background-type":"","background-media":"","overlay-type":"","overlay-color":"","overlay-opacity":"","overlay-gradient":""},"tablet":{"background-color":"","background-image":"","background-repeat":"repeat","background-position":"center center","background-size":"auto","background-attachment":"scroll","background-type":"","background-media":"","overlay-type":"","overlay-color":"","overlay-opacity":"","overlay-gradient":""},"mobile":{"background-color":"","background-image":"","background-repeat":"repeat","background-position":"center center","background-size":"auto","background-attachment":"scroll","background-type":"","background-media":"","overlay-type":"","overlay-color":"","overlay-opacity":"","overlay-gradient":""}},"ast-content-background-meta":{"desktop":{"background-color":"var(--ast-global-color-5)","background-image":"","background-repeat":"repeat","background-position":"center center","background-size":"auto","background-attachment":"scroll","background-type":"","background-media":"","overlay-type":"","overlay-color":"","overlay-opacity":"","overlay-gradient":""},"tablet":{"background-color":"var(--ast-global-color-5)","background-image":"","background-repeat":"repeat","background-position":"center center","background-size":"auto","background-attachment":"scroll","background-type":"","background-media":"","overlay-type":"","overlay-color":"","overlay-opacity":"","overlay-gradient":""},"mobile":{"background-color":"var(--ast-global-color-5)","background-image":"","background-repeat":"repeat","background-position":"center center","background-size":"auto","background-attachment":"scroll","background-type":"","background-media":"","overlay-type":"","overlay-color":"","overlay-opacity":"","overlay-gradient":""}},"footnotes":""},"class_list":["post-14226","page","type-page","status-publish","hentry"],"post_mailing_queue_ids":[],"_links":{"self":[{"href":"https:\/\/agora.xtec.cat\/ceipdamiamateu\/wp-json\/wp\/v2\/pages\/14226","targetHints":{"allow":["GET"]}}],"collection":[{"href":"https:\/\/agora.xtec.cat\/ceipdamiamateu\/wp-json\/wp\/v2\/pages"}],"about":[{"href":"https:\/\/agora.xtec.cat\/ceipdamiamateu\/wp-json\/wp\/v2\/types\/page"}],"author":[{"embeddable":true,"href":"https:\/\/agora.xtec.cat\/ceipdamiamateu\/wp-json\/wp\/v2\/users\/1"}],"replies":[{"embeddable":true,"href":"https:\/\/agora.xtec.cat\/ceipdamiamateu\/wp-json\/wp\/v2\/comments?post=14226"}],"version-history":[{"count":6,"href":"https:\/\/agora.xtec.cat\/ceipdamiamateu\/wp-json\/wp\/v2\/pages\/14226\/revisions"}],"predecessor-version":[{"id":29961,"href":"https:\/\/agora.xtec.cat\/ceipdamiamateu\/wp-json\/wp\/v2\/pages\/14226\/revisions\/29961"}],"wp:attachment":[{"href":"https:\/\/agora.xtec.cat\/ceipdamiamateu\/wp-json\/wp\/v2\/media?parent=14226"}],"curies":[{"name":"wp","href":"https:\/\/api.w.org\/{rel}","templated":true}]}}