{"id":14198,"date":"2018-10-16T17:27:11","date_gmt":"2018-10-16T15:27:11","guid":{"rendered":"http:\/\/agora.xtec.cat\/ceipdamiamateu\/?page_id=14198"},"modified":"2019-01-31T11:51:28","modified_gmt":"2019-01-31T10:51:28","slug":"historia-en-construccio","status":"publish","type":"page","link":"https:\/\/agora.xtec.cat\/ceipdamiamateu\/lescola\/historia-en-construccio\/","title":{"rendered":"Hist\u00f2ria"},"content":{"rendered":"<p><strong>HIST\u00d2RIA ESCOLA DAMI\u00c0 MATEU<\/strong><\/p>\n<p>&nbsp;<\/p>\n<p>L\u2019escola Dami\u00e0 Mateu va ser la primera escola constru\u00efda a Llinars.<\/p>\n<p>L\u2019any 1943 en Miquel Mateu Pla, fill d\u2019en Dami\u00e0 Mateu, va seguir la voluntat del seu pare i va fer la donaci\u00f3\u00a0 d\u2019un terreny, que pertanyia al Mas Rossell, on avui tenim l\u2019escola.<\/p>\n<p>L\u2019any 1956 es van iniciar les obres de construcci\u00f3 i l\u2019any 1957 es van iniciar les classes a l\u2019escola Dami\u00e0 Mateu.<\/p>\n<p>El 1972 es van construir 4 vivendes pels mestres al pati de l\u2019escola. Tres anys despr\u00e9s es va fer la pista poliesportiva dins el pati.<\/p>\n<p>Del 1985 al 1986 es va dur a terme una reforma de l\u2019edifici\u00a0 i el curs 1986-87 es va fer el desdoblament de les escoles ( Dami\u00e0 Mateu- Sanrom\u00e0).<\/p>\n<p>El 2012 es van enderrocar els antics habitatges dels mestres i es va iniciar l\u2019obra nova de l\u2019escola. El 2014 es van finalitzar les obres.<\/p>\n<p>Des d\u2019aleshores gaudim del nou edifici.<\/p>\n<p><a href=\"https:\/\/agora.xtec.cat\/ceipdamiamateu\/wp-content\/uploads\/usu919\/2019\/01\/FOTO-DAMI\u00c0-MATEU-1.jpg\"><img loading=\"lazy\" decoding=\"async\" class=\"aligncenter size-medium wp-image-15368\" src=\"https:\/\/agora.xtec.cat\/ceipdamiamateu\/wp-content\/uploads\/usu919\/2019\/01\/FOTO-DAMI\u00c0-MATEU-1-300x210.jpg\" alt=\"\" width=\"300\" height=\"210\" srcset=\"https:\/\/agora.xtec.cat\/ceipdamiamateu\/wp-content\/uploads\/usu919\/2019\/01\/FOTO-DAMI\u00c0-MATEU-1-300x210.jpg 300w, https:\/\/agora.xtec.cat\/ceipdamiamateu\/wp-content\/uploads\/usu919\/2019\/01\/FOTO-DAMI\u00c0-MATEU-1-768x538.jpg 768w, https:\/\/agora.xtec.cat\/ceipdamiamateu\/wp-content\/uploads\/usu919\/2019\/01\/FOTO-DAMI\u00c0-MATEU-1.jpg 933w\" sizes=\"auto, (max-width: 300px) 100vw, 300px\" \/><\/a><\/p>\n<p><a href=\"https:\/\/agora.xtec.cat\/ceipdamiamateu\/wp-content\/uploads\/usu919\/2019\/01\/cole.jpg\"><img loading=\"lazy\" decoding=\"async\" class=\"aligncenter size-medium wp-image-15369\" src=\"https:\/\/agora.xtec.cat\/ceipdamiamateu\/wp-content\/uploads\/usu919\/2019\/01\/cole-300x200.jpg\" alt=\"\" width=\"300\" height=\"200\" srcset=\"https:\/\/agora.xtec.cat\/ceipdamiamateu\/wp-content\/uploads\/usu919\/2019\/01\/cole-300x200.jpg 300w, https:\/\/agora.xtec.cat\/ceipdamiamateu\/wp-content\/uploads\/usu919\/2019\/01\/cole-768x512.jpg 768w, https:\/\/agora.xtec.cat\/ceipdamiamateu\/wp-content\/uploads\/usu919\/2019\/01\/cole.jpg 1000w\" sizes=\"auto, (max-width: 300px) 100vw, 300px\" \/><\/a><\/p>\n","protected":false},"excerpt":{"rendered":"<p>HIST\u00d2RIA ESCOLA DAMI\u00c0 MATEU &nbsp; L\u2019escola Dami\u00e0 Mateu va ser la primera escola constru\u00efda a Llinars. L\u2019any 1943 en Miquel Mateu Pla, fill d\u2019en Dami\u00e0 Mateu, va seguir la voluntat del seu pare i va fer la donaci\u00f3\u00a0 d\u2019un terreny, que pertanyia al Mas Rossell, on avui tenim l\u2019escola. L\u2019any 1956 es van iniciar les [&hellip;]<\/p>\n","protected":false},"author":1,"featured_media":0,"parent":22,"menu_order":0,"comment_status":"closed","ping_status":"closed","template":"","meta":{"_bbp_topic_count":0,"_bbp_reply_count":0,"_bbp_total_topic_count":0,"_bbp_total_reply_count":0,"_bbp_voice_count":0,"_bbp_anonymous_reply_count":0,"_bbp_topic_count_hidden":0,"_bbp_reply_count_hidden":0,"_bbp_forum_subforum_count":0,"site-sidebar-layout":"default","site-content-layout":"","ast-site-content-layout":"","site-content-style":"default","site-sidebar-style":"default","ast-global-header-display":"","ast-banner-title-visibility":"","ast-main-header-display":"","ast-hfb-above-header-display":"","ast-hfb-below-header-display":"","ast-hfb-mobile-header-display":"","site-post-title":"","ast-breadcrumbs-content":"","ast-featured-img":"","footer-sml-layout":"","theme-transparent-header-meta":"","adv-header-id-meta":"","stick-header-meta":"","header-above-stick-meta":"","header-main-stick-meta":"","header-below-stick-meta":"","astra-migrate-meta-layouts":"default","ast-page-background-enabled":"default","ast-page-background-meta":{"desktop":{"background-color":"var(--ast-global-color-4)","background-image":"","background-repeat":"repeat","background-position":"center center","background-size":"auto","background-attachment":"scroll","background-type":"","background-media":"","overlay-type":"","overlay-color":"","overlay-opacity":"","overlay-gradient":""},"tablet":{"background-color":"","background-image":"","background-repeat":"repeat","background-position":"center center","background-size":"auto","background-attachment":"scroll","background-type":"","background-media":"","overlay-type":"","overlay-color":"","overlay-opacity":"","overlay-gradient":""},"mobile":{"background-color":"","background-image":"","background-repeat":"repeat","background-position":"center center","background-size":"auto","background-attachment":"scroll","background-type":"","background-media":"","overlay-type":"","overlay-color":"","overlay-opacity":"","overlay-gradient":""}},"ast-content-background-meta":{"desktop":{"background-color":"var(--ast-global-color-5)","background-image":"","background-repeat":"repeat","background-position":"center center","background-size":"auto","background-attachment":"scroll","background-type":"","background-media":"","overlay-type":"","overlay-color":"","overlay-opacity":"","overlay-gradient":""},"tablet":{"background-color":"var(--ast-global-color-5)","background-image":"","background-repeat":"repeat","background-position":"center center","background-size":"auto","background-attachment":"scroll","background-type":"","background-media":"","overlay-type":"","overlay-color":"","overlay-opacity":"","overlay-gradient":""},"mobile":{"background-color":"var(--ast-global-color-5)","background-image":"","background-repeat":"repeat","background-position":"center center","background-size":"auto","background-attachment":"scroll","background-type":"","background-media":"","overlay-type":"","overlay-color":"","overlay-opacity":"","overlay-gradient":""}},"footnotes":""},"class_list":["post-14198","page","type-page","status-publish","hentry"],"post_mailing_queue_ids":[],"_links":{"self":[{"href":"https:\/\/agora.xtec.cat\/ceipdamiamateu\/wp-json\/wp\/v2\/pages\/14198","targetHints":{"allow":["GET"]}}],"collection":[{"href":"https:\/\/agora.xtec.cat\/ceipdamiamateu\/wp-json\/wp\/v2\/pages"}],"about":[{"href":"https:\/\/agora.xtec.cat\/ceipdamiamateu\/wp-json\/wp\/v2\/types\/page"}],"author":[{"embeddable":true,"href":"https:\/\/agora.xtec.cat\/ceipdamiamateu\/wp-json\/wp\/v2\/users\/1"}],"replies":[{"embeddable":true,"href":"https:\/\/agora.xtec.cat\/ceipdamiamateu\/wp-json\/wp\/v2\/comments?post=14198"}],"version-history":[{"count":3,"href":"https:\/\/agora.xtec.cat\/ceipdamiamateu\/wp-json\/wp\/v2\/pages\/14198\/revisions"}],"predecessor-version":[{"id":15370,"href":"https:\/\/agora.xtec.cat\/ceipdamiamateu\/wp-json\/wp\/v2\/pages\/14198\/revisions\/15370"}],"up":[{"embeddable":true,"href":"https:\/\/agora.xtec.cat\/ceipdamiamateu\/wp-json\/wp\/v2\/pages\/22"}],"wp:attachment":[{"href":"https:\/\/agora.xtec.cat\/ceipdamiamateu\/wp-json\/wp\/v2\/media?parent=14198"}],"curies":[{"name":"wp","href":"https:\/\/api.w.org\/{rel}","templated":true}]}}