{"id":9740,"date":"2020-03-17T20:21:04","date_gmt":"2020-03-17T19:21:04","guid":{"rendered":"http:\/\/agora.xtec.cat\/ceipcreualta\/?page_id=9740"},"modified":"2020-03-26T13:32:48","modified_gmt":"2020-03-26T12:32:48","slug":"cicle-mitja-propostes-a-casa","status":"publish","type":"page","link":"https:\/\/agora.xtec.cat\/ceipcreualta\/cicle-mitja-propostes-a-casa\/","title":{"rendered":"Cicle Mitj\u00e0 Propostes a casa"},"content":{"rendered":"<p><a href=\"https:\/\/agora.xtec.cat\/ceipcreualta\/wp-content\/uploads\/usu503\/2020\/03\/CICLE-MITJ\u00c0.jpg\"><img loading=\"lazy\" decoding=\"async\" class=\"alignnone wp-image-9731\" src=\"https:\/\/agora.xtec.cat\/ceipcreualta\/wp-content\/uploads\/usu503\/2020\/03\/CICLE-MITJ\u00c0.jpg\" alt=\"\" width=\"124\" height=\"93\" \/><\/a><\/p>\n<table>\n<tbody>\n<tr>\n<td style=\"width: 271px;\"><a href=\"http:\/\/www.edu365.cat\/primaria\/index.html\" target=\"_blank\" rel=\"noopener noreferrer\"><img loading=\"lazy\" decoding=\"async\" class=\"alignnone wp-image-9762\" src=\"https:\/\/agora.xtec.cat\/ceipcreualta\/wp-content\/uploads\/usu503\/2020\/03\/edu365.jpg\" alt=\"\" width=\"236\" height=\"157\" srcset=\"https:\/\/agora.xtec.cat\/ceipcreualta\/wp-content\/uploads\/usu503\/2020\/03\/edu365.jpg 512w, https:\/\/agora.xtec.cat\/ceipcreualta\/wp-content\/uploads\/usu503\/2020\/03\/edu365-300x200.jpg 300w\" sizes=\"auto, (max-width: 236px) 100vw, 236px\" \/><\/a><\/p>\n<h5>El Portal Educatiu del Departament d&#8217;Educaci\u00f3.<\/h5>\n<h5>Activitats per tots els nivells de totes les \u00e0rees.<\/h5>\n<\/td>\n<td style=\"width: 275px;\"><a href=\"http:\/\/bomomo.com\/\" target=\"_blank\" rel=\"noopener noreferrer\"><img loading=\"lazy\" decoding=\"async\" class=\"alignnone size-full wp-image-9781\" src=\"https:\/\/agora.xtec.cat\/ceipcreualta\/wp-content\/uploads\/usu503\/2020\/03\/descarga.jpg\" alt=\"\" width=\"267\" height=\"188\" \/><\/a><\/p>\n<h5>Sou creatius ?<\/h5>\n<\/td>\n<td style=\"width: 269px;\"><a href=\"https:\/\/www.gamestolearnenglish.com\/\" target=\"_blank\" rel=\"noopener noreferrer\"><img loading=\"lazy\" decoding=\"async\" class=\"alignnone wp-image-9791 size-full\" src=\"https:\/\/agora.xtec.cat\/ceipcreualta\/wp-content\/uploads\/usu503\/2020\/03\/GamesEnglish.jpg\" alt=\"\" width=\"289\" height=\"159\" \/><\/a><\/td>\n<\/tr>\n<tr>\n<td style=\"width: 271px;\"><a href=\"http:\/\/www.angles365.com\/\" target=\"_blank\" rel=\"noopener noreferrer\"><img loading=\"lazy\" decoding=\"async\" class=\"alignnone wp-image-9798 size-full\" src=\"https:\/\/agora.xtec.cat\/ceipcreualta\/wp-content\/uploads\/usu503\/2020\/03\/angles365.jpg\" alt=\"\" width=\"237\" height=\"238\" srcset=\"https:\/\/agora.xtec.cat\/ceipcreualta\/wp-content\/uploads\/usu503\/2020\/03\/angles365.jpg 237w, https:\/\/agora.xtec.cat\/ceipcreualta\/wp-content\/uploads\/usu503\/2020\/03\/angles365-150x150.jpg 150w\" sizes=\"auto, (max-width: 237px) 100vw, 237px\" \/><\/a><\/td>\n<td style=\"width: 275px;\"><a href=\"http:\/\/www.jverdaguer.org\/jsmedia\/005eficas\/\" target=\"_blank\" rel=\"noopener noreferrer\"><img loading=\"lazy\" decoding=\"async\" class=\"alignnone size-full wp-image-9803\" src=\"https:\/\/agora.xtec.cat\/ceipcreualta\/wp-content\/uploads\/usu503\/2020\/03\/descarrega.png\" alt=\"\" width=\"303\" height=\"166\" srcset=\"https:\/\/agora.xtec.cat\/ceipcreualta\/wp-content\/uploads\/usu503\/2020\/03\/descarrega.png 303w, https:\/\/agora.xtec.cat\/ceipcreualta\/wp-content\/uploads\/usu503\/2020\/03\/descarrega-300x164.png 300w\" sizes=\"auto, (max-width: 303px) 100vw, 303px\" \/><\/a><\/p>\n<h5>Practica exercicis per millorar la lectura<\/h5>\n<\/td>\n<td style=\"width: 269px;\">&nbsp;<\/p>\n<p><a href=\"https:\/\/www.arcademics.com\/games\/grand-prix\" target=\"_blank\" rel=\"noopener noreferrer\"><img loading=\"lazy\" decoding=\"async\" class=\"alignnone size-full wp-image-9806\" src=\"https:\/\/agora.xtec.cat\/ceipcreualta\/wp-content\/uploads\/usu503\/2020\/03\/\u00edndex.jpg\" alt=\"\" width=\"299\" height=\"168\" \/><\/a><\/p>\n<h5>Multiplicacions<\/h5>\n<p>&nbsp;<\/td>\n<\/tr>\n<tr>\n<td style=\"width: 271px;\"><a href=\"https:\/\/clic.xtec.cat\/projects\/orto_vis\/jclic.js\/index.html\" target=\"_blank\" rel=\"noopener noreferrer\"><img loading=\"lazy\" decoding=\"async\" class=\"alignnone size-full wp-image-9813\" src=\"https:\/\/agora.xtec.cat\/ceipcreualta\/wp-content\/uploads\/usu503\/2020\/03\/cover.png\" alt=\"\" width=\"300\" height=\"242\" \/><\/a><\/p>\n<h5>Pr\u00e0ctica l&#8217;ortografia<\/h5>\n<\/td>\n<td style=\"width: 275px;\"><a href=\"http:\/\/www.edu365.cat\/primaria\/catala\/ortografia\/index.html\" target=\"_blank\" rel=\"noopener noreferrer\"><img loading=\"lazy\" decoding=\"async\" class=\"alignnone size-full wp-image-9818\" src=\"https:\/\/agora.xtec.cat\/ceipcreualta\/wp-content\/uploads\/usu503\/2020\/03\/\u00edndex.png\" alt=\"\" width=\"351\" height=\"143\" srcset=\"https:\/\/agora.xtec.cat\/ceipcreualta\/wp-content\/uploads\/usu503\/2020\/03\/\u00edndex.png 351w, https:\/\/agora.xtec.cat\/ceipcreualta\/wp-content\/uploads\/usu503\/2020\/03\/\u00edndex-300x122.png 300w\" sizes=\"auto, (max-width: 351px) 100vw, 351px\" \/><\/a><\/p>\n<h5><\/h5>\n<h5>Exercicis d&#8217;ortografia per nivells<\/h5>\n<\/td>\n<td style=\"width: 269px;\"><a href=\"https:\/\/aprendre.org\/\" target=\"_blank\" rel=\"noopener noreferrer\"><img loading=\"lazy\" decoding=\"async\" class=\"alignnone size-full wp-image-9821\" src=\"https:\/\/agora.xtec.cat\/ceipcreualta\/wp-content\/uploads\/usu503\/2020\/03\/Captura-1.jpg\" alt=\"\" width=\"459\" height=\"171\" srcset=\"https:\/\/agora.xtec.cat\/ceipcreualta\/wp-content\/uploads\/usu503\/2020\/03\/Captura-1.jpg 459w, https:\/\/agora.xtec.cat\/ceipcreualta\/wp-content\/uploads\/usu503\/2020\/03\/Captura-1-300x112.jpg 300w\" sizes=\"auto, (max-width: 459px) 100vw, 459px\" \/><\/a><\/p>\n<h5>Exercicis online de diverses \u00e0rees per nivells<\/h5>\n<p>&nbsp;<\/td>\n<\/tr>\n<\/tbody>\n<\/table>\n<table style=\"width: 805px;\">\n<tbody>\n<tr>\n<td style=\"width: 272px;\"><a href=\"https:\/\/internetsegura.cat\/families\/relats-cibersaguretat\/\" target=\"_blank\" rel=\"noopener noreferrer\"><img loading=\"lazy\" decoding=\"async\" class=\"wp-image-9832 aligncenter\" src=\"https:\/\/agora.xtec.cat\/ceipcreualta\/wp-content\/uploads\/usu503\/2020\/03\/Banners_RelatsCiberseguretat_700x900.png\" alt=\"\" width=\"157\" height=\"202\" srcset=\"https:\/\/agora.xtec.cat\/ceipcreualta\/wp-content\/uploads\/usu503\/2020\/03\/Banners_RelatsCiberseguretat_700x900.png 700w, https:\/\/agora.xtec.cat\/ceipcreualta\/wp-content\/uploads\/usu503\/2020\/03\/Banners_RelatsCiberseguretat_700x900-233x300.png 233w\" sizes=\"auto, (max-width: 157px) 100vw, 157px\" \/><\/a><\/p>\n<h5 style=\"text-align: center;\">Petites Hist\u00f2ries per llegir sobre l&#8217;\u00fas de les xarxes socials.<\/h5>\n<h5 style=\"text-align: center;\">En aquests dies de connexi\u00f3 intensiva cal reflexionar sobre l&#8217;\u00fas que fem de la xarxa<\/h5>\n<\/td>\n<td style=\"width: 279px;\"><a href=\"http:\/\/cavallfort.cat\/\" target=\"_blank\" rel=\"noopener noreferrer\"><img loading=\"lazy\" decoding=\"async\" class=\"alignnone wp-image-9835\" src=\"https:\/\/agora.xtec.cat\/ceipcreualta\/wp-content\/uploads\/usu503\/2020\/03\/cavall_fort_editora_3_139_1_400.jpg\" alt=\"\" width=\"343\" height=\"147\" srcset=\"https:\/\/agora.xtec.cat\/ceipcreualta\/wp-content\/uploads\/usu503\/2020\/03\/cavall_fort_editora_3_139_1_400.jpg 343w, https:\/\/agora.xtec.cat\/ceipcreualta\/wp-content\/uploads\/usu503\/2020\/03\/cavall_fort_editora_3_139_1_400-300x129.jpg 300w\" sizes=\"auto, (max-width: 343px) 100vw, 343px\" \/><\/a><\/p>\n<p>&nbsp;<\/p>\n<h5 style=\"text-align: center;\"><span style=\"color: #ff0000;\">Revista Infantil en Catal\u00e0. Articles, c\u00f2mics, entrevistes, ..<\/span><\/h5>\n<h5 style=\"text-align: center;\"><span style=\"color: #ff0000;\">Tamb\u00e9 hi trobareu : &#8220;El Tatano&#8221; pels m\u00e9s petits<\/span><\/h5>\n<p>.<\/p>\n<p>&nbsp;<\/td>\n<td style=\"width: 254px;\"><a href=\"http:\/\/quizizz.com\/join\/quiz\/5e78e1fa7685a4001be00239\/start?from=soloLinkShare&amp;referrer=5e19b9cfd76589001ec81a02\" target=\"_blank\" rel=\"noopener noreferrer\"><img loading=\"lazy\" decoding=\"async\" class=\"alignnone size-large wp-image-9881\" src=\"https:\/\/agora.xtec.cat\/ceipcreualta\/wp-content\/uploads\/usu503\/2020\/03\/q-1024x576.png\" alt=\"\" width=\"1024\" height=\"576\" srcset=\"https:\/\/agora.xtec.cat\/ceipcreualta\/wp-content\/uploads\/usu503\/2020\/03\/q-1024x576.png 1024w, https:\/\/agora.xtec.cat\/ceipcreualta\/wp-content\/uploads\/usu503\/2020\/03\/q-300x169.png 300w, https:\/\/agora.xtec.cat\/ceipcreualta\/wp-content\/uploads\/usu503\/2020\/03\/q-768x432.png 768w, https:\/\/agora.xtec.cat\/ceipcreualta\/wp-content\/uploads\/usu503\/2020\/03\/q.png 1366w\" sizes=\"auto, (max-width: 1024px) 100vw, 1024px\" \/><\/a><\/p>\n<p>&nbsp;<\/p>\n<h5 style=\"text-align: center;\"><strong>Quizizz de M\u00fasica<\/strong><\/h5>\n<h5 style=\"text-align: center;\"><strong> (Srta M\u00edriam)<\/strong><\/h5>\n<\/td>\n<\/tr>\n<tr>\n<td style=\"width: 272px;\"><a href=\"https:\/\/win.memcat.org\/infantil\/contesb\/index.html\" target=\"_blank\" rel=\"noopener noreferrer\"><img loading=\"lazy\" decoding=\"async\" class=\"alignnone size-full wp-image-9899\" src=\"https:\/\/agora.xtec.cat\/ceipcreualta\/wp-content\/uploads\/usu503\/2020\/03\/xzou_f_v6P931LSFete63oXXXL4j3HpexhjNOf_P3Ynm9It9gBC0papFqOtd9wXk.jpg\" alt=\"\" width=\"267\" height=\"200\" srcset=\"https:\/\/agora.xtec.cat\/ceipcreualta\/wp-content\/uploads\/usu503\/2020\/03\/xzou_f_v6P931LSFete63oXXXL4j3HpexhjNOf_P3Ynm9It9gBC0papFqOtd9wXk.jpg 267w, https:\/\/agora.xtec.cat\/ceipcreualta\/wp-content\/uploads\/usu503\/2020\/03\/xzou_f_v6P931LSFete63oXXXL4j3HpexhjNOf_P3Ynm9It9gBC0papFqOtd9wXk-200x150.jpg 200w\" sizes=\"auto, (max-width: 267px) 100vw, 267px\" \/><\/a><\/p>\n<h5>Barreja contes i &#8230;. \u00a0 conte nou<\/h5>\n<\/td>\n<td style=\"width: 279px;\"><a href=\"http:\/\/www.edu365.cat\/eso\/catala\/mudsmots\/index.html\" target=\"_blank\" rel=\"noopener noreferrer\"><img loading=\"lazy\" decoding=\"async\" class=\"wp-image-9900 aligncenter\" src=\"https:\/\/agora.xtec.cat\/ceipcreualta\/wp-content\/uploads\/usu503\/2020\/03\/imatge-web-muds-de-mots-300x295.png\" alt=\"\" width=\"190\" height=\"186\" \/><\/a><\/p>\n<h5 style=\"text-align: center;\"><strong>Exercicis de lleng\u00fca diversos<\/strong><\/h5>\n<\/td>\n<td style=\"width: 254px;\"><a href=\"https:\/\/catalunya.ebiblio.es\/opac\/#\" target=\"_blank\" rel=\"noopener noreferrer\"><img loading=\"lazy\" decoding=\"async\" class=\"alignnone size-large wp-image-9924\" src=\"https:\/\/agora.xtec.cat\/ceipcreualta\/wp-content\/uploads\/usu503\/2020\/03\/BIBLIO-logo-12G-1024x696.jpg\" alt=\"\" width=\"1024\" height=\"696\" srcset=\"https:\/\/agora.xtec.cat\/ceipcreualta\/wp-content\/uploads\/usu503\/2020\/03\/BIBLIO-logo-12G-1024x696.jpg 1024w, https:\/\/agora.xtec.cat\/ceipcreualta\/wp-content\/uploads\/usu503\/2020\/03\/BIBLIO-logo-12G-300x204.jpg 300w, https:\/\/agora.xtec.cat\/ceipcreualta\/wp-content\/uploads\/usu503\/2020\/03\/BIBLIO-logo-12G-768x522.jpg 768w, https:\/\/agora.xtec.cat\/ceipcreualta\/wp-content\/uploads\/usu503\/2020\/03\/BIBLIO-logo-12G.jpg 1060w\" sizes=\"auto, (max-width: 1024px) 100vw, 1024px\" \/><\/a><\/p>\n<p><strong>eBiblio Catalunya<\/strong>\u00a0\u00e9s un servei del Sistema de Lectura P\u00fablica de Catalunya que fa possible el pr\u00e9stec de continguts digitals a tots els usuaris amb carnet de les biblioteques p\u00fabliques catalanes<\/td>\n<\/tr>\n<tr>\n<td style=\"width: 272px;\">\n<h5><a href=\"https:\/\/innovamat.com\/blog\/ca\/recursos\/families\/recursos-4t\/\" target=\"_blank\" rel=\"noopener noreferrer\"><img loading=\"lazy\" decoding=\"async\" class=\"alignnone size-full wp-image-9897\" src=\"https:\/\/agora.xtec.cat\/ceipcreualta\/wp-content\/uploads\/usu503\/2020\/03\/news_innovamat.jpg\" alt=\"\" width=\"1000\" height=\"750\" srcset=\"https:\/\/agora.xtec.cat\/ceipcreualta\/wp-content\/uploads\/usu503\/2020\/03\/news_innovamat.jpg 1000w, https:\/\/agora.xtec.cat\/ceipcreualta\/wp-content\/uploads\/usu503\/2020\/03\/news_innovamat-300x225.jpg 300w, https:\/\/agora.xtec.cat\/ceipcreualta\/wp-content\/uploads\/usu503\/2020\/03\/news_innovamat-768x576.jpg 768w, https:\/\/agora.xtec.cat\/ceipcreualta\/wp-content\/uploads\/usu503\/2020\/03\/news_innovamat-200x150.jpg 200w\" sizes=\"auto, (max-width: 1000px) 100vw, 1000px\" \/><\/a><\/h5>\n<h5><strong>INNOVAMAT<\/strong><\/h5>\n<h5><strong>Reptes matem\u00e0tics per fer a casa<\/strong><\/h5>\n<\/td>\n<td style=\"width: 279px;\"><a href=\"http:\/\/www.playopera.com\/web\/\" target=\"_blank\" rel=\"noopener noreferrer\"><img loading=\"lazy\" decoding=\"async\" class=\"alignnone size-full wp-image-9932\" src=\"https:\/\/agora.xtec.cat\/ceipcreualta\/wp-content\/uploads\/usu503\/2020\/03\/playopera.jpg\" alt=\"\" width=\"284\" height=\"177\" \/><\/a><\/p>\n<h5 style=\"text-align: center;\"><strong>Fant\u00e0stica web per treballar l&#8217;\u00f2pera<\/strong><\/h5>\n<\/td>\n<td style=\"width: 254px;\"><\/td>\n<\/tr>\n<tr>\n<td style=\"width: 272px;\"><\/td>\n<td style=\"width: 279px;\"><\/td>\n<td style=\"width: 254px;\"><\/td>\n<\/tr>\n<tr>\n<td style=\"width: 272px;\"><\/td>\n<td style=\"width: 279px;\"><\/td>\n<td style=\"width: 254px;\"><\/td>\n<\/tr>\n<tr>\n<td style=\"width: 272px;\"><\/td>\n<td style=\"width: 279px;\"><\/td>\n<td style=\"width: 254px;\"><\/td>\n<\/tr>\n<tr>\n<td style=\"width: 272px;\"><\/td>\n<td style=\"width: 279px;\"><\/td>\n<td style=\"width: 254px;\"><\/td>\n<\/tr>\n<\/tbody>\n<\/table>\n<p>&nbsp;<\/p>\n","protected":false},"excerpt":{"rendered":"<p>El Portal Educatiu del Departament d&#8217;Educaci\u00f3. Activitats per tots els nivells de totes les \u00e0rees. Sou creatius ? Practica exercicis per millorar la lectura &nbsp; Multiplicacions &nbsp; Pr\u00e0ctica l&#8217;ortografia Exercicis d&#8217;ortografia per nivells Exercicis online de diverses \u00e0rees per nivells &nbsp; Petites Hist\u00f2ries per llegir sobre l&#8217;\u00fas de les xarxes socials. En aquests dies de [&hellip;]<\/p>\n","protected":false},"author":1,"featured_media":0,"parent":0,"menu_order":0,"comment_status":"closed","ping_status":"closed","template":"","meta":{"_bbp_topic_count":0,"_bbp_reply_count":0,"_bbp_total_topic_count":0,"_bbp_total_reply_count":0,"_bbp_voice_count":0,"_bbp_anonymous_reply_count":0,"_bbp_topic_count_hidden":0,"_bbp_reply_count_hidden":0,"_bbp_forum_subforum_count":0,"site-sidebar-layout":"default","site-content-layout":"","ast-site-content-layout":"","site-content-style":"default","site-sidebar-style":"default","ast-global-header-display":"","ast-banner-title-visibility":"","ast-main-header-display":"","ast-hfb-above-header-display":"","ast-hfb-below-header-display":"","ast-hfb-mobile-header-display":"","site-post-title":"","ast-breadcrumbs-content":"","ast-featured-img":"","footer-sml-layout":"","theme-transparent-header-meta":"","adv-header-id-meta":"","stick-header-meta":"","header-above-stick-meta":"","header-main-stick-meta":"","header-below-stick-meta":"","astra-migrate-meta-layouts":"default","ast-page-background-enabled":"default","ast-page-background-meta":{"desktop":{"background-color":"var(--ast-global-color-4)","background-image":"","background-repeat":"repeat","background-position":"center center","background-size":"auto","background-attachment":"scroll","background-type":"","background-media":"","overlay-type":"","overlay-color":"","overlay-opacity":"","overlay-gradient":""},"tablet":{"background-color":"","background-image":"","background-repeat":"repeat","background-position":"center center","background-size":"auto","background-attachment":"scroll","background-type":"","background-media":"","overlay-type":"","overlay-color":"","overlay-opacity":"","overlay-gradient":""},"mobile":{"background-color":"","background-image":"","background-repeat":"repeat","background-position":"center center","background-size":"auto","background-attachment":"scroll","background-type":"","background-media":"","overlay-type":"","overlay-color":"","overlay-opacity":"","overlay-gradient":""}},"ast-content-background-meta":{"desktop":{"background-color":"var(--ast-global-color-5)","background-image":"","background-repeat":"repeat","background-position":"center center","background-size":"auto","background-attachment":"scroll","background-type":"","background-media":"","overlay-type":"","overlay-color":"","overlay-opacity":"","overlay-gradient":""},"tablet":{"background-color":"var(--ast-global-color-5)","background-image":"","background-repeat":"repeat","background-position":"center center","background-size":"auto","background-attachment":"scroll","background-type":"","background-media":"","overlay-type":"","overlay-color":"","overlay-opacity":"","overlay-gradient":""},"mobile":{"background-color":"var(--ast-global-color-5)","background-image":"","background-repeat":"repeat","background-position":"center center","background-size":"auto","background-attachment":"scroll","background-type":"","background-media":"","overlay-type":"","overlay-color":"","overlay-opacity":"","overlay-gradient":""}},"footnotes":""},"class_list":["post-9740","page","type-page","status-publish","hentry"],"post_mailing_queue_ids":[],"_links":{"self":[{"href":"https:\/\/agora.xtec.cat\/ceipcreualta\/wp-json\/wp\/v2\/pages\/9740","targetHints":{"allow":["GET"]}}],"collection":[{"href":"https:\/\/agora.xtec.cat\/ceipcreualta\/wp-json\/wp\/v2\/pages"}],"about":[{"href":"https:\/\/agora.xtec.cat\/ceipcreualta\/wp-json\/wp\/v2\/types\/page"}],"author":[{"embeddable":true,"href":"https:\/\/agora.xtec.cat\/ceipcreualta\/wp-json\/wp\/v2\/users\/1"}],"replies":[{"embeddable":true,"href":"https:\/\/agora.xtec.cat\/ceipcreualta\/wp-json\/wp\/v2\/comments?post=9740"}],"version-history":[{"count":4,"href":"https:\/\/agora.xtec.cat\/ceipcreualta\/wp-json\/wp\/v2\/pages\/9740\/revisions"}],"predecessor-version":[{"id":9934,"href":"https:\/\/agora.xtec.cat\/ceipcreualta\/wp-json\/wp\/v2\/pages\/9740\/revisions\/9934"}],"wp:attachment":[{"href":"https:\/\/agora.xtec.cat\/ceipcreualta\/wp-json\/wp\/v2\/media?parent=9740"}],"curies":[{"name":"wp","href":"https:\/\/api.w.org\/{rel}","templated":true}]}}