{"id":9656,"date":"2020-01-26T20:53:42","date_gmt":"2020-01-26T19:53:42","guid":{"rendered":"http:\/\/agora.xtec.cat\/ceipcreualta\/?page_id=9656"},"modified":"2026-01-19T15:57:53","modified_gmt":"2026-01-19T14:57:53","slug":"projecte-cant-coral","status":"publish","type":"page","link":"https:\/\/agora.xtec.cat\/ceipcreualta\/projecte-pedagogic\/projecte-cant-coral\/","title":{"rendered":"Projecte Musical"},"content":{"rendered":"\n<figure class=\"wp-block-image alignleft size-large is-resized\"><a href=\"https:\/\/agora.xtec.cat\/ceipcreualta\/wp-content\/uploads\/usu503\/2026\/01\/1.png\"><img loading=\"lazy\" decoding=\"async\" width=\"768\" height=\"1024\" src=\"https:\/\/agora.xtec.cat\/ceipcreualta\/wp-content\/uploads\/usu503\/2026\/01\/1-768x1024.png\" alt=\"\" class=\"wp-image-23235\" style=\"width:322px;height:auto\" srcset=\"https:\/\/agora.xtec.cat\/ceipcreualta\/wp-content\/uploads\/usu503\/2026\/01\/1-768x1024.png 768w, https:\/\/agora.xtec.cat\/ceipcreualta\/wp-content\/uploads\/usu503\/2026\/01\/1-225x300.png 225w, https:\/\/agora.xtec.cat\/ceipcreualta\/wp-content\/uploads\/usu503\/2026\/01\/1-1152x1536.png 1152w, https:\/\/agora.xtec.cat\/ceipcreualta\/wp-content\/uploads\/usu503\/2026\/01\/1.png 1536w\" sizes=\"auto, (max-width: 768px) 100vw, 768px\" \/><\/a><\/figure>\n\n\n<p style=\"text-align: left;\">La m\u00fasica est\u00e0 present a la major part de la nostra vida i forma part essencial de la nostra cultura i de la nostra societat. Vivim envoltats de m\u00fasica, i des de l\u2019escola volem que l\u2019alumnat no nom\u00e9s en gaudeixi, sin\u00f3 que aprengui a utilitzar-la i a aprofitar tot all\u00f2 que pot aportar al seu desenvolupament personal i col\u00b7lectiu.<\/p>\n\n\n<p>A l\u2019Escola Creu Alta som conscients que l\u2019Educaci\u00f3 Musical incideix en el creixement dels infants d\u2019una manera \u00fanica i insubstitu\u00efble. Per aix\u00f2, la m\u00fasica \u00e9s present en el&nbsp;dia a dia&nbsp;de tots els nens i nenes del centre, convertint-se en una eina d\u2019expressi\u00f3, comunicaci\u00f3 i aprenentatge.<\/p>\n\n\n\n<p>Amb la m\u00fasica eduquem la veu, l\u2019o\u00efda, el ritme, el gust est\u00e8tic, la imaginaci\u00f3, l\u2019expressi\u00f3 i la representaci\u00f3, i ho fem a trav\u00e9s de m\u00faltiples propostes, experi\u00e8ncies i espais de treball:<\/p>\n\n\n\n<ul class=\"wp-block-list\">\n<li>Foment del cant coral amb la participaci\u00f3 en el projecte educatiu CANT\u00c0NIA amb el grup de 6\u00e8, i amb el projecte LA CLIKA amb el grup de 3r.<\/li>\n<\/ul>\n\n\n\n<ul class=\"wp-block-list\">\n<li>Tenim m\u00fasica en entrar i sortir de l\u2019escola, creant un ambient acollidor i emocionalment positiu.<\/li>\n\n\n\n<li>La m\u00fasica est\u00e0 integrada dins dels diferents projectes educatius, aportant significat i viv\u00e8ncies compartides.<\/li>\n\n\n\n<li>Audicions musicals&nbsp;que eduquen en l\u2019escolta activa i la sensibilitat sonora.<\/li>\n\n\n\n<li>Aprendre a tocar l\u2019ukelele&nbsp;a 4t de Prim\u00e0ria, iniciant-se en l\u2019harmonia i l\u2019acompanyament.<\/li>\n\n\n\n<li>Ambient d&#8217;expressi\u00f3 corporal, fomentant el coneixement dels aspectes clau per crear una coreografia en grup (coordinaci\u00f3, cooperaci\u00f3, presa de decisions compartides, respecte per les opinions dels altres i valoraci\u00f3 de les creacions individuals i col\u00b7lectives).<\/li>\n\n\n\n<li>Aprenem jugant, integrant jocs musicals que contribueixen a l&#8217;aprenentatge significatiu.<\/li>\n\n\n\n<li>Danses, treballant el ritme a trav\u00e9s del moviment i la coordinaci\u00f3.<\/li>\n<\/ul>\n\n\n\n<figure class=\"wp-block-gallery has-nested-images columns-default is-cropped wp-block-gallery-1 is-layout-flex wp-block-gallery-is-layout-flex\">\n<figure class=\"wp-block-image size-large\"><a href=\"https:\/\/agora.xtec.cat\/ceipcreualta\/wp-content\/uploads\/usu503\/2026\/01\/FOTOS-PROJECTE-MUSICAL-1-1.png\"><img loading=\"lazy\" decoding=\"async\" width=\"768\" height=\"1024\" data-id=\"23241\" src=\"https:\/\/agora.xtec.cat\/ceipcreualta\/wp-content\/uploads\/usu503\/2026\/01\/FOTOS-PROJECTE-MUSICAL-1-1-768x1024.png\" alt=\"\" class=\"wp-image-23241\" srcset=\"https:\/\/agora.xtec.cat\/ceipcreualta\/wp-content\/uploads\/usu503\/2026\/01\/FOTOS-PROJECTE-MUSICAL-1-1-768x1024.png 768w, https:\/\/agora.xtec.cat\/ceipcreualta\/wp-content\/uploads\/usu503\/2026\/01\/FOTOS-PROJECTE-MUSICAL-1-1-225x300.png 225w, https:\/\/agora.xtec.cat\/ceipcreualta\/wp-content\/uploads\/usu503\/2026\/01\/FOTOS-PROJECTE-MUSICAL-1-1-1152x1536.png 1152w, https:\/\/agora.xtec.cat\/ceipcreualta\/wp-content\/uploads\/usu503\/2026\/01\/FOTOS-PROJECTE-MUSICAL-1-1.png 1536w\" sizes=\"auto, (max-width: 768px) 100vw, 768px\" \/><\/a><\/figure>\n\n\n\n<figure class=\"wp-block-image size-large\"><a href=\"https:\/\/agora.xtec.cat\/ceipcreualta\/wp-content\/uploads\/usu503\/2026\/01\/2.png\"><img loading=\"lazy\" decoding=\"async\" width=\"768\" height=\"1024\" data-id=\"23236\" src=\"https:\/\/agora.xtec.cat\/ceipcreualta\/wp-content\/uploads\/usu503\/2026\/01\/2-768x1024.png\" alt=\"\" class=\"wp-image-23236\" srcset=\"https:\/\/agora.xtec.cat\/ceipcreualta\/wp-content\/uploads\/usu503\/2026\/01\/2-768x1024.png 768w, https:\/\/agora.xtec.cat\/ceipcreualta\/wp-content\/uploads\/usu503\/2026\/01\/2-225x300.png 225w, https:\/\/agora.xtec.cat\/ceipcreualta\/wp-content\/uploads\/usu503\/2026\/01\/2-1152x1536.png 1152w, https:\/\/agora.xtec.cat\/ceipcreualta\/wp-content\/uploads\/usu503\/2026\/01\/2.png 1536w\" sizes=\"auto, (max-width: 768px) 100vw, 768px\" \/><\/a><\/figure>\n<\/figure>\n\n\n\n<p>Amb totes aquestes propostes, la m\u00fasica es converteix en una experi\u00e8ncia&nbsp;viva, participativa i significativa, que acompanya els infants en el seu creixement integral, i enriqueix la vida de tota la comunitat educativa.<\/p>\n\n\n\n<p><\/p>\n","protected":false},"excerpt":{"rendered":"<p>La m\u00fasica est\u00e0 present a la major part de la nostra vida i forma part essencial de la nostra cultura i de la nostra societat. Vivim envoltats de m\u00fasica, i des de l\u2019escola volem que l\u2019alumnat no nom\u00e9s en gaudeixi, sin\u00f3 que aprengui a utilitzar-la i a aprofitar tot all\u00f2 que pot aportar al seu [&hellip;]<\/p>\n","protected":false},"author":1,"featured_media":0,"parent":9351,"menu_order":0,"comment_status":"closed","ping_status":"closed","template":"","meta":{"_bbp_topic_count":0,"_bbp_reply_count":0,"_bbp_total_topic_count":0,"_bbp_total_reply_count":0,"_bbp_voice_count":0,"_bbp_anonymous_reply_count":0,"_bbp_topic_count_hidden":0,"_bbp_reply_count_hidden":0,"_bbp_forum_subforum_count":0,"site-sidebar-layout":"default","site-content-layout":"","ast-site-content-layout":"default","site-content-style":"default","site-sidebar-style":"default","ast-global-header-display":"","ast-banner-title-visibility":"","ast-main-header-display":"","ast-hfb-above-header-display":"","ast-hfb-below-header-display":"","ast-hfb-mobile-header-display":"","site-post-title":"","ast-breadcrumbs-content":"","ast-featured-img":"","footer-sml-layout":"","theme-transparent-header-meta":"","adv-header-id-meta":"","stick-header-meta":"","header-above-stick-meta":"","header-main-stick-meta":"","header-below-stick-meta":"","astra-migrate-meta-layouts":"set","ast-page-background-enabled":"default","ast-page-background-meta":{"desktop":{"background-color":"var(--ast-global-color-4)","background-image":"","background-repeat":"repeat","background-position":"center center","background-size":"auto","background-attachment":"scroll","background-type":"","background-media":"","overlay-type":"","overlay-color":"","overlay-opacity":"","overlay-gradient":""},"tablet":{"background-color":"","background-image":"","background-repeat":"repeat","background-position":"center center","background-size":"auto","background-attachment":"scroll","background-type":"","background-media":"","overlay-type":"","overlay-color":"","overlay-opacity":"","overlay-gradient":""},"mobile":{"background-color":"","background-image":"","background-repeat":"repeat","background-position":"center center","background-size":"auto","background-attachment":"scroll","background-type":"","background-media":"","overlay-type":"","overlay-color":"","overlay-opacity":"","overlay-gradient":""}},"ast-content-background-meta":{"desktop":{"background-color":"var(--ast-global-color-5)","background-image":"","background-repeat":"repeat","background-position":"center center","background-size":"auto","background-attachment":"scroll","background-type":"","background-media":"","overlay-type":"","overlay-color":"","overlay-opacity":"","overlay-gradient":""},"tablet":{"background-color":"var(--ast-global-color-5)","background-image":"","background-repeat":"repeat","background-position":"center center","background-size":"auto","background-attachment":"scroll","background-type":"","background-media":"","overlay-type":"","overlay-color":"","overlay-opacity":"","overlay-gradient":""},"mobile":{"background-color":"var(--ast-global-color-5)","background-image":"","background-repeat":"repeat","background-position":"center center","background-size":"auto","background-attachment":"scroll","background-type":"","background-media":"","overlay-type":"","overlay-color":"","overlay-opacity":"","overlay-gradient":""}},"footnotes":""},"class_list":["post-9656","page","type-page","status-publish","hentry"],"post_mailing_queue_ids":[],"_links":{"self":[{"href":"https:\/\/agora.xtec.cat\/ceipcreualta\/wp-json\/wp\/v2\/pages\/9656","targetHints":{"allow":["GET"]}}],"collection":[{"href":"https:\/\/agora.xtec.cat\/ceipcreualta\/wp-json\/wp\/v2\/pages"}],"about":[{"href":"https:\/\/agora.xtec.cat\/ceipcreualta\/wp-json\/wp\/v2\/types\/page"}],"author":[{"embeddable":true,"href":"https:\/\/agora.xtec.cat\/ceipcreualta\/wp-json\/wp\/v2\/users\/1"}],"replies":[{"embeddable":true,"href":"https:\/\/agora.xtec.cat\/ceipcreualta\/wp-json\/wp\/v2\/comments?post=9656"}],"version-history":[{"count":6,"href":"https:\/\/agora.xtec.cat\/ceipcreualta\/wp-json\/wp\/v2\/pages\/9656\/revisions"}],"predecessor-version":[{"id":23297,"href":"https:\/\/agora.xtec.cat\/ceipcreualta\/wp-json\/wp\/v2\/pages\/9656\/revisions\/23297"}],"up":[{"embeddable":true,"href":"https:\/\/agora.xtec.cat\/ceipcreualta\/wp-json\/wp\/v2\/pages\/9351"}],"wp:attachment":[{"href":"https:\/\/agora.xtec.cat\/ceipcreualta\/wp-json\/wp\/v2\/media?parent=9656"}],"curies":[{"name":"wp","href":"https:\/\/api.w.org\/{rel}","templated":true}]}}