{"id":9458,"date":"2019-04-29T15:53:55","date_gmt":"2019-04-29T13:53:55","guid":{"rendered":"http:\/\/agora.xtec.cat\/ceipcreualta\/?page_id=9458"},"modified":"2026-01-19T15:43:41","modified_gmt":"2026-01-19T14:43:41","slug":"projecte-llengua-anglesa","status":"publish","type":"page","link":"https:\/\/agora.xtec.cat\/ceipcreualta\/projecte-pedagogic\/projecte-llengua-anglesa\/","title":{"rendered":"Projecte Llengua Anglesa"},"content":{"rendered":"\n<p>L&#8217;alumnat comen\u00e7a a fer angl\u00e8s a I3, a trav\u00e9s del m\u00e8tode Artigal. <\/p>\n\n\n\n<p><a href=\"https:\/\/agora.xtec.cat\/ceipcreualta\/wp-content\/uploads\/usu503\/2026\/01\/FOTOS-PROJECTE-ANGLES-2.png\"><img loading=\"lazy\" decoding=\"async\" class=\"alignnone  wp-image-23209 alignleft\" src=\"https:\/\/agora.xtec.cat\/ceipcreualta\/wp-content\/uploads\/usu503\/2026\/01\/FOTOS-PROJECTE-ANGLES-2-1024x906.png\" alt=\"\" width=\"254\" height=\"224\" srcset=\"https:\/\/agora.xtec.cat\/ceipcreualta\/wp-content\/uploads\/usu503\/2026\/01\/FOTOS-PROJECTE-ANGLES-2-1024x906.png 1024w, https:\/\/agora.xtec.cat\/ceipcreualta\/wp-content\/uploads\/usu503\/2026\/01\/FOTOS-PROJECTE-ANGLES-2-300x265.png 300w, https:\/\/agora.xtec.cat\/ceipcreualta\/wp-content\/uploads\/usu503\/2026\/01\/FOTOS-PROJECTE-ANGLES-2-768x679.png 768w, https:\/\/agora.xtec.cat\/ceipcreualta\/wp-content\/uploads\/usu503\/2026\/01\/FOTOS-PROJECTE-ANGLES-2-1536x1358.png 1536w, https:\/\/agora.xtec.cat\/ceipcreualta\/wp-content\/uploads\/usu503\/2026\/01\/FOTOS-PROJECTE-ANGLES-2.png 2048w\" sizes=\"auto, (max-width: 254px) 100vw, 254px\" \/><\/a>A partir de contes escenificats, els infants representen des del primer moment tots els papers argumentals que hi apareixen. D&#8217;aquesta manera volem afavorir la compet\u00e8ncia ling\u00fc\u00edstica en llengua anglesa.<\/p>\n\n\n\n<p><\/p>\n\n\n\n<p><\/p>\n\n\n\n<p><\/p>\n\n\n\n<p class=\"has-text-align-left\">Alguns dels punts forts del nostre projecte de llengua anglesa s\u00f3n:<\/p>\n\n\n\n<ul class=\"wp-block-list\">\n<li>Increment de les sessions de llengua anglesa a la setmana.<\/li>\n\n\n\n<li>Increment del nombre de mestres al centre amb l\u2019especialitat de llengua anglesa.<\/li>\n\n\n\n<li>Utilitzaci\u00f3 de la metodologia AICLE. Realitzaci\u00f3 d&#8217;\u00e0rees no ling\u00fc\u00edstiques en llengua anglesa.<\/li>\n\n\n\n<li>Integraci\u00f3 de la llengua anglesa en els projectes i capses d\u2019aprenentatge.<\/li>\n\n\n\n<li>Realitzaci\u00f3 de part del curr\u00edculum d\u2019Educaci\u00f3 F\u00edsica en angl\u00e8s.<\/li>\n\n\n\n<li>Realitzaci\u00f3 de part del curr\u00edculum d\u2019educaci\u00f3 Art\u00edstica en angl\u00e8s.<\/li>\n\n\n\n<li>Desdoblaments per afavorir la llengua oral i escrita.<\/li>\n\n\n\n<li>Motxilles viatgeres amb llibres de lectura en angl\u00e8s.<\/li>\n\n\n\n<li>Pr\u00e9stec de llibres en angl\u00e8s a partir de 4t de prim\u00e0ria.<\/li>\n\n\n\n<li>Celebraci\u00f3 de l&#8217;English<em> Week<\/em> (teatre en angl\u00e8s, activitats d\u2019escola\u2026).<\/li>\n\n\n\n<li>Big brother\/sister i padrins lectors.<\/li>\n<\/ul>\n\n\n\n<figure class=\"wp-block-gallery has-nested-images columns-default is-cropped wp-block-gallery-1 is-layout-flex wp-block-gallery-is-layout-flex\">\n<figure class=\"wp-block-image size-large\"><a href=\"https:\/\/agora.xtec.cat\/ceipcreualta\/wp-content\/uploads\/usu503\/2026\/01\/FOTOS-PROJECTE-ANGLES-1.png\"><img loading=\"lazy\" decoding=\"async\" width=\"1024\" height=\"906\" data-id=\"23217\" src=\"https:\/\/agora.xtec.cat\/ceipcreualta\/wp-content\/uploads\/usu503\/2026\/01\/FOTOS-PROJECTE-ANGLES-1-1024x906.png\" alt=\"\" class=\"wp-image-23217\" srcset=\"https:\/\/agora.xtec.cat\/ceipcreualta\/wp-content\/uploads\/usu503\/2026\/01\/FOTOS-PROJECTE-ANGLES-1-1024x906.png 1024w, https:\/\/agora.xtec.cat\/ceipcreualta\/wp-content\/uploads\/usu503\/2026\/01\/FOTOS-PROJECTE-ANGLES-1-300x265.png 300w, https:\/\/agora.xtec.cat\/ceipcreualta\/wp-content\/uploads\/usu503\/2026\/01\/FOTOS-PROJECTE-ANGLES-1-768x679.png 768w, https:\/\/agora.xtec.cat\/ceipcreualta\/wp-content\/uploads\/usu503\/2026\/01\/FOTOS-PROJECTE-ANGLES-1-1536x1358.png 1536w, https:\/\/agora.xtec.cat\/ceipcreualta\/wp-content\/uploads\/usu503\/2026\/01\/FOTOS-PROJECTE-ANGLES-1.png 2048w\" sizes=\"auto, (max-width: 1024px) 100vw, 1024px\" \/><\/a><\/figure>\n\n\n\n<figure class=\"wp-block-image size-large\"><a href=\"https:\/\/agora.xtec.cat\/ceipcreualta\/wp-content\/uploads\/usu503\/2026\/01\/FOTOS-PROJECTE-ANGLES-3.png\"><img loading=\"lazy\" decoding=\"async\" width=\"1024\" height=\"906\" data-id=\"23219\" src=\"https:\/\/agora.xtec.cat\/ceipcreualta\/wp-content\/uploads\/usu503\/2026\/01\/FOTOS-PROJECTE-ANGLES-3-1024x906.png\" alt=\"\" class=\"wp-image-23219\" srcset=\"https:\/\/agora.xtec.cat\/ceipcreualta\/wp-content\/uploads\/usu503\/2026\/01\/FOTOS-PROJECTE-ANGLES-3-1024x906.png 1024w, https:\/\/agora.xtec.cat\/ceipcreualta\/wp-content\/uploads\/usu503\/2026\/01\/FOTOS-PROJECTE-ANGLES-3-300x265.png 300w, https:\/\/agora.xtec.cat\/ceipcreualta\/wp-content\/uploads\/usu503\/2026\/01\/FOTOS-PROJECTE-ANGLES-3-768x679.png 768w, https:\/\/agora.xtec.cat\/ceipcreualta\/wp-content\/uploads\/usu503\/2026\/01\/FOTOS-PROJECTE-ANGLES-3-1536x1358.png 1536w, https:\/\/agora.xtec.cat\/ceipcreualta\/wp-content\/uploads\/usu503\/2026\/01\/FOTOS-PROJECTE-ANGLES-3.png 2048w\" sizes=\"auto, (max-width: 1024px) 100vw, 1024px\" \/><\/a><\/figure>\n\n\n\n<figure class=\"wp-block-image size-large\"><a href=\"https:\/\/agora.xtec.cat\/ceipcreualta\/wp-content\/uploads\/usu503\/2026\/01\/FOTOS-PROJECTE-ANGLES-6.png\"><img loading=\"lazy\" decoding=\"async\" width=\"1024\" height=\"906\" data-id=\"23220\" src=\"https:\/\/agora.xtec.cat\/ceipcreualta\/wp-content\/uploads\/usu503\/2026\/01\/FOTOS-PROJECTE-ANGLES-6-1024x906.png\" alt=\"\" class=\"wp-image-23220\" srcset=\"https:\/\/agora.xtec.cat\/ceipcreualta\/wp-content\/uploads\/usu503\/2026\/01\/FOTOS-PROJECTE-ANGLES-6-1024x906.png 1024w, https:\/\/agora.xtec.cat\/ceipcreualta\/wp-content\/uploads\/usu503\/2026\/01\/FOTOS-PROJECTE-ANGLES-6-300x265.png 300w, https:\/\/agora.xtec.cat\/ceipcreualta\/wp-content\/uploads\/usu503\/2026\/01\/FOTOS-PROJECTE-ANGLES-6-768x679.png 768w, https:\/\/agora.xtec.cat\/ceipcreualta\/wp-content\/uploads\/usu503\/2026\/01\/FOTOS-PROJECTE-ANGLES-6-1536x1358.png 1536w, https:\/\/agora.xtec.cat\/ceipcreualta\/wp-content\/uploads\/usu503\/2026\/01\/FOTOS-PROJECTE-ANGLES-6.png 2048w\" sizes=\"auto, (max-width: 1024px) 100vw, 1024px\" \/><\/a><\/figure>\n<\/figure>\n","protected":false},"excerpt":{"rendered":"<p>L&#8217;alumnat comen\u00e7a a fer angl\u00e8s a I3, a trav\u00e9s del m\u00e8tode Artigal. A partir de contes escenificats, els infants representen des del primer moment tots els papers argumentals que hi apareixen. D&#8217;aquesta manera volem afavorir la compet\u00e8ncia ling\u00fc\u00edstica en llengua anglesa. Alguns dels punts forts del nostre projecte de llengua anglesa s\u00f3n:<\/p>\n","protected":false},"author":1,"featured_media":0,"parent":9351,"menu_order":0,"comment_status":"closed","ping_status":"closed","template":"","meta":{"_bbp_topic_count":0,"_bbp_reply_count":0,"_bbp_total_topic_count":0,"_bbp_total_reply_count":0,"_bbp_voice_count":0,"_bbp_anonymous_reply_count":0,"_bbp_topic_count_hidden":0,"_bbp_reply_count_hidden":0,"_bbp_forum_subforum_count":0,"site-sidebar-layout":"default","site-content-layout":"","ast-site-content-layout":"default","site-content-style":"default","site-sidebar-style":"default","ast-global-header-display":"","ast-banner-title-visibility":"","ast-main-header-display":"","ast-hfb-above-header-display":"","ast-hfb-below-header-display":"","ast-hfb-mobile-header-display":"","site-post-title":"","ast-breadcrumbs-content":"","ast-featured-img":"","footer-sml-layout":"","theme-transparent-header-meta":"","adv-header-id-meta":"","stick-header-meta":"","header-above-stick-meta":"","header-main-stick-meta":"","header-below-stick-meta":"","astra-migrate-meta-layouts":"set","ast-page-background-enabled":"default","ast-page-background-meta":{"desktop":{"background-color":"var(--ast-global-color-4)","background-image":"","background-repeat":"repeat","background-position":"center center","background-size":"auto","background-attachment":"scroll","background-type":"","background-media":"","overlay-type":"","overlay-color":"","overlay-opacity":"","overlay-gradient":""},"tablet":{"background-color":"","background-image":"","background-repeat":"repeat","background-position":"center center","background-size":"auto","background-attachment":"scroll","background-type":"","background-media":"","overlay-type":"","overlay-color":"","overlay-opacity":"","overlay-gradient":""},"mobile":{"background-color":"","background-image":"","background-repeat":"repeat","background-position":"center center","background-size":"auto","background-attachment":"scroll","background-type":"","background-media":"","overlay-type":"","overlay-color":"","overlay-opacity":"","overlay-gradient":""}},"ast-content-background-meta":{"desktop":{"background-color":"var(--ast-global-color-5)","background-image":"","background-repeat":"repeat","background-position":"center center","background-size":"auto","background-attachment":"scroll","background-type":"","background-media":"","overlay-type":"","overlay-color":"","overlay-opacity":"","overlay-gradient":""},"tablet":{"background-color":"var(--ast-global-color-5)","background-image":"","background-repeat":"repeat","background-position":"center center","background-size":"auto","background-attachment":"scroll","background-type":"","background-media":"","overlay-type":"","overlay-color":"","overlay-opacity":"","overlay-gradient":""},"mobile":{"background-color":"var(--ast-global-color-5)","background-image":"","background-repeat":"repeat","background-position":"center center","background-size":"auto","background-attachment":"scroll","background-type":"","background-media":"","overlay-type":"","overlay-color":"","overlay-opacity":"","overlay-gradient":""}},"footnotes":""},"class_list":["post-9458","page","type-page","status-publish","hentry"],"post_mailing_queue_ids":[],"_links":{"self":[{"href":"https:\/\/agora.xtec.cat\/ceipcreualta\/wp-json\/wp\/v2\/pages\/9458","targetHints":{"allow":["GET"]}}],"collection":[{"href":"https:\/\/agora.xtec.cat\/ceipcreualta\/wp-json\/wp\/v2\/pages"}],"about":[{"href":"https:\/\/agora.xtec.cat\/ceipcreualta\/wp-json\/wp\/v2\/types\/page"}],"author":[{"embeddable":true,"href":"https:\/\/agora.xtec.cat\/ceipcreualta\/wp-json\/wp\/v2\/users\/1"}],"replies":[{"embeddable":true,"href":"https:\/\/agora.xtec.cat\/ceipcreualta\/wp-json\/wp\/v2\/comments?post=9458"}],"version-history":[{"count":6,"href":"https:\/\/agora.xtec.cat\/ceipcreualta\/wp-json\/wp\/v2\/pages\/9458\/revisions"}],"predecessor-version":[{"id":23292,"href":"https:\/\/agora.xtec.cat\/ceipcreualta\/wp-json\/wp\/v2\/pages\/9458\/revisions\/23292"}],"up":[{"embeddable":true,"href":"https:\/\/agora.xtec.cat\/ceipcreualta\/wp-json\/wp\/v2\/pages\/9351"}],"wp:attachment":[{"href":"https:\/\/agora.xtec.cat\/ceipcreualta\/wp-json\/wp\/v2\/media?parent=9458"}],"curies":[{"name":"wp","href":"https:\/\/api.w.org\/{rel}","templated":true}]}}