{"id":9390,"date":"2019-03-20T12:39:08","date_gmt":"2019-03-20T11:39:08","guid":{"rendered":"http:\/\/agora.xtec.cat\/ceipcreualta\/?page_id=9390"},"modified":"2026-04-13T11:59:25","modified_gmt":"2026-04-13T09:59:25","slug":"projecte-escoltam","status":"publish","type":"page","link":"https:\/\/agora.xtec.cat\/ceipcreualta\/projecte-pedagogic\/projecte-escoltam\/","title":{"rendered":"Projecte Escolta&#8217;m"},"content":{"rendered":"\n<p><\/p>\n\n\n\n<figure class=\"wp-block-image alignleft size-large is-resized\"><a href=\"https:\/\/agora.xtec.cat\/ceipcreualta\/wp-content\/uploads\/usu503\/2025\/11\/IMATGES-WEB-1.png\"><img loading=\"lazy\" decoding=\"async\" width=\"1024\" height=\"1024\" src=\"https:\/\/agora.xtec.cat\/ceipcreualta\/wp-content\/uploads\/usu503\/2025\/11\/IMATGES-WEB-1-1024x1024.png\" alt=\"\" class=\"wp-image-23065\" style=\"width:267px;height:auto\" srcset=\"https:\/\/agora.xtec.cat\/ceipcreualta\/wp-content\/uploads\/usu503\/2025\/11\/IMATGES-WEB-1-1024x1024.png 1024w, https:\/\/agora.xtec.cat\/ceipcreualta\/wp-content\/uploads\/usu503\/2025\/11\/IMATGES-WEB-1-300x300.png 300w, https:\/\/agora.xtec.cat\/ceipcreualta\/wp-content\/uploads\/usu503\/2025\/11\/IMATGES-WEB-1-150x150.png 150w, https:\/\/agora.xtec.cat\/ceipcreualta\/wp-content\/uploads\/usu503\/2025\/11\/IMATGES-WEB-1-768x768.png 768w, https:\/\/agora.xtec.cat\/ceipcreualta\/wp-content\/uploads\/usu503\/2025\/11\/IMATGES-WEB-1-1536x1536.png 1536w, https:\/\/agora.xtec.cat\/ceipcreualta\/wp-content\/uploads\/usu503\/2025\/11\/IMATGES-WEB-1.png 2000w\" sizes=\"auto, (max-width: 1024px) 100vw, 1024px\" \/><\/a><\/figure>\n\n\n\n<p>A la nostra escola donem una gran import\u00e0ncia a l\u2019educaci\u00f3 emocional, perqu\u00e8 creiem que aprendre a recon\u00e8ixer, expressar i regular les emocions \u00e9s tan essencial com qualsevol altre aprenentatge acad\u00e8mic.<\/p>\n\n\n\n<p>Treballem les emocions de manera transversal a totes les etapes i espais: a l\u2019aula, al pati, a les tutories, a les assemblees i en el dia a dia de l\u2019escola.<br>Acompanyem l\u2019alumnat perqu\u00e8 disposi d\u2019eines que l\u2019ajudin a con\u00e8ixer-se, entendre els altres i establir relacions positives, fomentant el benestar individual i de grup.<\/p>\n\n\n\n<p>A nivell de centre, comptem amb diferents propostes i projectes comuns que situen l\u2019educaci\u00f3 emocional al centre de la nostra tasca educativa: el projecte Escolta&#8217;m i el Rac\u00f3 de la Calma.  <\/p>\n\n\n\n<p><\/p>\n\n\n\n<h3 class=\"wp-block-heading\">Projecte Escolta&#8217;m<\/h3>\n\n\n\n<figure class=\"wp-block-image alignright size-large is-resized\"><a href=\"https:\/\/agora.xtec.cat\/ceipcreualta\/wp-content\/uploads\/usu503\/2025\/11\/IMATGES-WEB-2.png\"><img loading=\"lazy\" decoding=\"async\" width=\"1024\" height=\"1024\" src=\"https:\/\/agora.xtec.cat\/ceipcreualta\/wp-content\/uploads\/usu503\/2025\/11\/IMATGES-WEB-2-1024x1024.png\" alt=\"\" class=\"wp-image-23071\" style=\"width:250px;height:auto\" srcset=\"https:\/\/agora.xtec.cat\/ceipcreualta\/wp-content\/uploads\/usu503\/2025\/11\/IMATGES-WEB-2-1024x1024.png 1024w, https:\/\/agora.xtec.cat\/ceipcreualta\/wp-content\/uploads\/usu503\/2025\/11\/IMATGES-WEB-2-300x300.png 300w, https:\/\/agora.xtec.cat\/ceipcreualta\/wp-content\/uploads\/usu503\/2025\/11\/IMATGES-WEB-2-150x150.png 150w, https:\/\/agora.xtec.cat\/ceipcreualta\/wp-content\/uploads\/usu503\/2025\/11\/IMATGES-WEB-2-768x768.png 768w, https:\/\/agora.xtec.cat\/ceipcreualta\/wp-content\/uploads\/usu503\/2025\/11\/IMATGES-WEB-2-1536x1536.png 1536w, https:\/\/agora.xtec.cat\/ceipcreualta\/wp-content\/uploads\/usu503\/2025\/11\/IMATGES-WEB-2.png 2000w\" sizes=\"auto, (max-width: 1024px) 100vw, 1024px\" \/><\/a><\/figure>\n\n\n\n<p><\/p>\n\n\n<p>Aquest projecte pret\u00e9n crear vincles afectius i de relaci\u00f3 entre els tutors i tutores i el seu alumnat. Es pret\u00e9n millorar la conviv\u00e8ncia a l\u2019aula i en general al centre educatiu. Les sessions les realitza el tutor o tutora amb 3 o 4 alumnes.<\/p>\n<p><strong>Finalitats del projecte Escolta\u2019m<\/strong><\/p>\n<ul>\n<li>Que l&#8217;alumnat se senti reconegut i valorat pels tutors, tutores i pels mestres en general.<\/li>\n<li>Millora de la conviv\u00e8ncia a l\u2019aula i en general al centre educatiu.<\/li>\n<li>Una millora dels aprenentatges de l&#8217;alumnat.<\/li>\n<li>Ajudar a minimitzar els factors de risc.<\/li>\n<li>Col\u00b7laborar en la construcci\u00f3 de la resili\u00e8ncia en l\u2019ambient escolar.<\/li>\n<li>Acompanyar en l\u2019acci\u00f3 educativa.<\/li>\n<li>Identificar factors de risc i potenciar factors de protecci\u00f3.<\/li>\n<li>Potenciar l\u2019escolta activa i la vinculaci\u00f3.\u00a0<\/li>\n<li>Refor\u00e7ar l\u2019\u00e8tica de la cura i el bon tracte.<\/li>\n<\/ul>\n\n\n<p><strong>Com s\u2019organitza?<\/strong><\/p>\n\n\n\n<ul class=\"wp-block-list\">\n<li>Es realitza un cop a la setmana mentre els alumnes s\u00f3n atesos per un\/a altre\/a mestre\/a. S&#8217;aprofiten les estones de m\u00fasica o angl\u00e8s.<\/li>\n\n\n\n<li>L\u2019espai de realitzaci\u00f3 \u00e9s l\u2019aula Escolta\u2019m, en un petit rac\u00f3 creat per fer aquesta activitat. En aquest espai tamb\u00e9 hi ha llibres sobre emocions.<\/li>\n\n\n\n<li>Les sessions les realitza el\/la tutor\/a del grup. Cal que aquest\/a construeixi amb cada infant un vincle afectiu de confian\u00e7a que els doni seguretat. Ha de procurar establir una vinculaci\u00f3 segura, adoptant una posici\u00f3 d&#8217;empatia, resili\u00e8ncia i capacitaci\u00f3 envers els infants.<\/li>\n\n\n\n<li>S\u2019agafen 3 o 4 alumnes alhora en sessions de 30 minuts. Aquests alumnes s\u2019agrupen atenent un criteri.<\/li>\n\n\n\n<li>La participaci\u00f3 \u00e9s rotativa: passen tots i totes amb la mateixa freq\u00fc\u00e8ncia i oportunitat.<\/li>\n<\/ul>\n\n\n\n<figure class=\"wp-block-image alignleft size-large is-resized\"><a href=\"https:\/\/agora.xtec.cat\/ceipcreualta\/wp-content\/uploads\/usu503\/2025\/11\/IMATGES-WEB-6.png\"><img loading=\"lazy\" decoding=\"async\" width=\"1024\" height=\"1024\" src=\"https:\/\/agora.xtec.cat\/ceipcreualta\/wp-content\/uploads\/usu503\/2025\/11\/IMATGES-WEB-6-1024x1024.png\" alt=\"\" class=\"wp-image-23067\" style=\"width:258px;height:auto\" srcset=\"https:\/\/agora.xtec.cat\/ceipcreualta\/wp-content\/uploads\/usu503\/2025\/11\/IMATGES-WEB-6-1024x1024.png 1024w, https:\/\/agora.xtec.cat\/ceipcreualta\/wp-content\/uploads\/usu503\/2025\/11\/IMATGES-WEB-6-300x300.png 300w, https:\/\/agora.xtec.cat\/ceipcreualta\/wp-content\/uploads\/usu503\/2025\/11\/IMATGES-WEB-6-150x150.png 150w, https:\/\/agora.xtec.cat\/ceipcreualta\/wp-content\/uploads\/usu503\/2025\/11\/IMATGES-WEB-6-768x768.png 768w, https:\/\/agora.xtec.cat\/ceipcreualta\/wp-content\/uploads\/usu503\/2025\/11\/IMATGES-WEB-6-1536x1536.png 1536w, https:\/\/agora.xtec.cat\/ceipcreualta\/wp-content\/uploads\/usu503\/2025\/11\/IMATGES-WEB-6.png 2000w\" sizes=\"auto, (max-width: 1024px) 100vw, 1024px\" \/><\/a><\/figure>\n\n\n\n<p><strong>Com ho fem?<\/strong><\/p>\n\n\n\n<ul class=\"wp-block-list\">\n<li>Les reunions es fan sense gui\u00f3, i ens porten all\u00e0 on els infants volen o necessiten.<\/li>\n\n\n\n<li>Total confidencialitat. \u00c9s molt important que els infants s\u00e0piguen que tot el que s\u2019explica \u00e9s confidencial.<\/li>\n\n\n\n<li>Canvi de rol en la comunicaci\u00f3 entre el mestre i l\u2019infant: genera noves mirades, vincles de respecte, confian\u00e7a i reconeixement.<\/li>\n\n\n\n<li>Escolta activa: qui explica sent que l&#8217;altre hi posa inter\u00e8s. <\/li>\n\n\n\n<li>Observaci\u00f3 participativa.<\/li>\n\n\n\n<li>Donar protagonisme a l\u2019alumne.<\/li>\n\n\n\n<li>Facilitar la participaci\u00f3 de tothom tot respectant el tempo propi.<\/li>\n<\/ul>\n\n\n\n<p><\/p>\n\n\n\n<p><strong>Objectius de la sessi\u00f3<\/strong><\/p>\n\n\n\n<figure class=\"wp-block-image alignright size-large is-resized\"><a href=\"https:\/\/agora.xtec.cat\/ceipcreualta\/wp-content\/uploads\/usu503\/2025\/11\/IMATGES-WEB-4.png\"><img loading=\"lazy\" decoding=\"async\" width=\"1024\" height=\"1024\" src=\"https:\/\/agora.xtec.cat\/ceipcreualta\/wp-content\/uploads\/usu503\/2025\/11\/IMATGES-WEB-4-1024x1024.png\" alt=\"\" class=\"wp-image-23069\" style=\"width:258px;height:auto\" srcset=\"https:\/\/agora.xtec.cat\/ceipcreualta\/wp-content\/uploads\/usu503\/2025\/11\/IMATGES-WEB-4-1024x1024.png 1024w, https:\/\/agora.xtec.cat\/ceipcreualta\/wp-content\/uploads\/usu503\/2025\/11\/IMATGES-WEB-4-300x300.png 300w, https:\/\/agora.xtec.cat\/ceipcreualta\/wp-content\/uploads\/usu503\/2025\/11\/IMATGES-WEB-4-150x150.png 150w, https:\/\/agora.xtec.cat\/ceipcreualta\/wp-content\/uploads\/usu503\/2025\/11\/IMATGES-WEB-4-768x768.png 768w, https:\/\/agora.xtec.cat\/ceipcreualta\/wp-content\/uploads\/usu503\/2025\/11\/IMATGES-WEB-4-1536x1536.png 1536w, https:\/\/agora.xtec.cat\/ceipcreualta\/wp-content\/uploads\/usu503\/2025\/11\/IMATGES-WEB-4.png 2000w\" sizes=\"auto, (max-width: 1024px) 100vw, 1024px\" \/><\/a><\/figure>\n\n\n\n<ul class=\"wp-block-list\">\n<li>Establir un vincle.<\/li>\n\n\n\n<li>Tenir espai d\u2019expressi\u00f3.<\/li>\n\n\n\n<li>Treballar des de la realitat.<\/li>\n\n\n\n<li>Parlar amb l&#8217;alumnat.<\/li>\n\n\n\n<li>Gaudir de l\u2019espai de trobada.<\/li>\n\n\n\n<li>Generar relacions de coneixement mutu i de respecte cap als companys\/es.<\/li>\n\n\n\n<li>Aprendre per modelatge.<\/li>\n\n\n\n<li>Ajudar els infants a sentir-se responsables de les seves pr\u00f2pies accions i dels seus resultats.<\/li>\n\n\n\n<li>Desenvolupament de les compet\u00e8ncies emocionals.<\/li>\n\n\n\n<li>Aprendre a conversar.<\/li>\n<\/ul>\n\n\n\n<p><\/p>\n\n\n\n<h3 class=\"wp-block-heading\">Rac\u00f3 de la calma<\/h3>\n\n\n\n<p>A cada aula disposem d\u2019un espai acollidor de calma i benestar emocional, pensat perqu\u00e8 els i les alumnes puguin aturar-se quan ho necessitin.<\/p>\n\n\n\n<figure class=\"wp-block-image alignleft size-large is-resized\"><a href=\"https:\/\/agora.xtec.cat\/ceipcreualta\/wp-content\/uploads\/usu503\/2026\/01\/IMATGES-WEB-4-1.png\"><img loading=\"lazy\" decoding=\"async\" width=\"1024\" height=\"1024\" src=\"https:\/\/agora.xtec.cat\/ceipcreualta\/wp-content\/uploads\/usu503\/2026\/01\/IMATGES-WEB-4-1-1024x1024.png\" alt=\"\" class=\"wp-image-23266\" style=\"width:235px;height:auto\" srcset=\"https:\/\/agora.xtec.cat\/ceipcreualta\/wp-content\/uploads\/usu503\/2026\/01\/IMATGES-WEB-4-1-1024x1024.png 1024w, https:\/\/agora.xtec.cat\/ceipcreualta\/wp-content\/uploads\/usu503\/2026\/01\/IMATGES-WEB-4-1-300x300.png 300w, https:\/\/agora.xtec.cat\/ceipcreualta\/wp-content\/uploads\/usu503\/2026\/01\/IMATGES-WEB-4-1-150x150.png 150w, https:\/\/agora.xtec.cat\/ceipcreualta\/wp-content\/uploads\/usu503\/2026\/01\/IMATGES-WEB-4-1-768x768.png 768w, https:\/\/agora.xtec.cat\/ceipcreualta\/wp-content\/uploads\/usu503\/2026\/01\/IMATGES-WEB-4-1-1536x1536.png 1536w, https:\/\/agora.xtec.cat\/ceipcreualta\/wp-content\/uploads\/usu503\/2026\/01\/IMATGES-WEB-4-1.png 2000w\" sizes=\"auto, (max-width: 1024px) 100vw, 1024px\" \/><\/a><\/figure>\n\n\n\n<p>En aquest rac\u00f3 hi trobem un malet\u00ed emocional amb diferents materials i recursos sensorials que ajuden a relaxar-se, regular les emocions i recuperar la serenor. A trav\u00e9s d\u2019aquests elements, l\u2019alumnat apr\u00e8n a identificar com se sent, connectar amb el seu m\u00f3n emocional i descobrir estrat\u00e8gies d\u2019autoregulaci\u00f3 personal, sempre acompanyats i guiats per l\u2019equip docent.<\/p>\n\n\n\n<figure class=\"wp-block-image alignright size-large is-resized\"><a href=\"https:\/\/agora.xtec.cat\/ceipcreualta\/wp-content\/uploads\/usu503\/2026\/01\/IMATGES-WEB-3.png\"><img loading=\"lazy\" decoding=\"async\" width=\"1024\" height=\"1024\" src=\"https:\/\/agora.xtec.cat\/ceipcreualta\/wp-content\/uploads\/usu503\/2026\/01\/IMATGES-WEB-3-1024x1024.png\" alt=\"\" class=\"wp-image-23261\" style=\"width:262px;height:auto\" srcset=\"https:\/\/agora.xtec.cat\/ceipcreualta\/wp-content\/uploads\/usu503\/2026\/01\/IMATGES-WEB-3-1024x1024.png 1024w, https:\/\/agora.xtec.cat\/ceipcreualta\/wp-content\/uploads\/usu503\/2026\/01\/IMATGES-WEB-3-300x300.png 300w, https:\/\/agora.xtec.cat\/ceipcreualta\/wp-content\/uploads\/usu503\/2026\/01\/IMATGES-WEB-3-150x150.png 150w, https:\/\/agora.xtec.cat\/ceipcreualta\/wp-content\/uploads\/usu503\/2026\/01\/IMATGES-WEB-3-768x768.png 768w, https:\/\/agora.xtec.cat\/ceipcreualta\/wp-content\/uploads\/usu503\/2026\/01\/IMATGES-WEB-3-1536x1536.png 1536w, https:\/\/agora.xtec.cat\/ceipcreualta\/wp-content\/uploads\/usu503\/2026\/01\/IMATGES-WEB-3.png 2000w\" sizes=\"auto, (max-width: 1024px) 100vw, 1024px\" \/><\/a><\/figure>\n\n\n\n<p>\u00c9s un espai que fomenta el coneixement d\u2019un mateix, la gesti\u00f3 emocional positiva i el respecte pels ritmes individuals, contribuint al benestar de tot el grup.<\/p>\n\n\n\n<p><\/p>\n\n\n\n<p><\/p>\n\n\n\n<p><\/p>\n","protected":false},"excerpt":{"rendered":"<p>A la nostra escola donem una gran import\u00e0ncia a l\u2019educaci\u00f3 emocional, perqu\u00e8 creiem que aprendre a recon\u00e8ixer, expressar i regular les emocions \u00e9s tan essencial com qualsevol altre aprenentatge acad\u00e8mic. Treballem les emocions de manera transversal a totes les etapes i espais: a l\u2019aula, al pati, a les tutories, a les assemblees i en el [&hellip;]<\/p>\n","protected":false},"author":1,"featured_media":0,"parent":9351,"menu_order":0,"comment_status":"closed","ping_status":"closed","template":"","meta":{"_bbp_topic_count":0,"_bbp_reply_count":0,"_bbp_total_topic_count":0,"_bbp_total_reply_count":0,"_bbp_voice_count":0,"_bbp_anonymous_reply_count":0,"_bbp_topic_count_hidden":0,"_bbp_reply_count_hidden":0,"_bbp_forum_subforum_count":0,"site-sidebar-layout":"default","site-content-layout":"","ast-site-content-layout":"default","site-content-style":"default","site-sidebar-style":"default","ast-global-header-display":"","ast-banner-title-visibility":"","ast-main-header-display":"","ast-hfb-above-header-display":"","ast-hfb-below-header-display":"","ast-hfb-mobile-header-display":"","site-post-title":"","ast-breadcrumbs-content":"","ast-featured-img":"","footer-sml-layout":"","theme-transparent-header-meta":"","adv-header-id-meta":"","stick-header-meta":"","header-above-stick-meta":"","header-main-stick-meta":"","header-below-stick-meta":"","astra-migrate-meta-layouts":"set","ast-page-background-enabled":"default","ast-page-background-meta":{"desktop":{"background-color":"var(--ast-global-color-4)","background-image":"","background-repeat":"repeat","background-position":"center center","background-size":"auto","background-attachment":"scroll","background-type":"","background-media":"","overlay-type":"","overlay-color":"","overlay-opacity":"","overlay-gradient":""},"tablet":{"background-color":"","background-image":"","background-repeat":"repeat","background-position":"center center","background-size":"auto","background-attachment":"scroll","background-type":"","background-media":"","overlay-type":"","overlay-color":"","overlay-opacity":"","overlay-gradient":""},"mobile":{"background-color":"","background-image":"","background-repeat":"repeat","background-position":"center center","background-size":"auto","background-attachment":"scroll","background-type":"","background-media":"","overlay-type":"","overlay-color":"","overlay-opacity":"","overlay-gradient":""}},"ast-content-background-meta":{"desktop":{"background-color":"var(--ast-global-color-5)","background-image":"","background-repeat":"repeat","background-position":"center center","background-size":"auto","background-attachment":"scroll","background-type":"","background-media":"","overlay-type":"","overlay-color":"","overlay-opacity":"","overlay-gradient":""},"tablet":{"background-color":"var(--ast-global-color-5)","background-image":"","background-repeat":"repeat","background-position":"center center","background-size":"auto","background-attachment":"scroll","background-type":"","background-media":"","overlay-type":"","overlay-color":"","overlay-opacity":"","overlay-gradient":""},"mobile":{"background-color":"var(--ast-global-color-5)","background-image":"","background-repeat":"repeat","background-position":"center center","background-size":"auto","background-attachment":"scroll","background-type":"","background-media":"","overlay-type":"","overlay-color":"","overlay-opacity":"","overlay-gradient":""}},"footnotes":""},"class_list":["post-9390","page","type-page","status-publish","hentry"],"post_mailing_queue_ids":[],"_links":{"self":[{"href":"https:\/\/agora.xtec.cat\/ceipcreualta\/wp-json\/wp\/v2\/pages\/9390","targetHints":{"allow":["GET"]}}],"collection":[{"href":"https:\/\/agora.xtec.cat\/ceipcreualta\/wp-json\/wp\/v2\/pages"}],"about":[{"href":"https:\/\/agora.xtec.cat\/ceipcreualta\/wp-json\/wp\/v2\/types\/page"}],"author":[{"embeddable":true,"href":"https:\/\/agora.xtec.cat\/ceipcreualta\/wp-json\/wp\/v2\/users\/1"}],"replies":[{"embeddable":true,"href":"https:\/\/agora.xtec.cat\/ceipcreualta\/wp-json\/wp\/v2\/comments?post=9390"}],"version-history":[{"count":6,"href":"https:\/\/agora.xtec.cat\/ceipcreualta\/wp-json\/wp\/v2\/pages\/9390\/revisions"}],"predecessor-version":[{"id":23723,"href":"https:\/\/agora.xtec.cat\/ceipcreualta\/wp-json\/wp\/v2\/pages\/9390\/revisions\/23723"}],"up":[{"embeddable":true,"href":"https:\/\/agora.xtec.cat\/ceipcreualta\/wp-json\/wp\/v2\/pages\/9351"}],"wp:attachment":[{"href":"https:\/\/agora.xtec.cat\/ceipcreualta\/wp-json\/wp\/v2\/media?parent=9390"}],"curies":[{"name":"wp","href":"https:\/\/api.w.org\/{rel}","templated":true}]}}