{"id":9097,"date":"2018-04-06T10:41:06","date_gmt":"2018-04-06T08:41:06","guid":{"rendered":"http:\/\/agora.xtec.cat\/ceipcreualta\/?page_id=9097"},"modified":"2026-02-23T15:03:25","modified_gmt":"2026-02-23T14:03:25","slug":"qui-som-2","status":"publish","type":"page","link":"https:\/\/agora.xtec.cat\/ceipcreualta\/lescola-2\/qui-som-2\/","title":{"rendered":"Qui som?"},"content":{"rendered":"<h2><strong><span style=\"color: #a3e4d7;\"><a href=\"https:\/\/agora.xtec.cat\/ceipcreualta\/wp-content\/uploads\/usu503\/2021\/01\/unido.png\"><img loading=\"lazy\" decoding=\"async\" class=\"alignnone wp-image-19220\" src=\"https:\/\/agora.xtec.cat\/ceipcreualta\/wp-content\/uploads\/usu503\/2021\/01\/unido.png\" alt=\"\" width=\"113\" height=\"113\" srcset=\"https:\/\/agora.xtec.cat\/ceipcreualta\/wp-content\/uploads\/usu503\/2021\/01\/unido.png 512w, https:\/\/agora.xtec.cat\/ceipcreualta\/wp-content\/uploads\/usu503\/2021\/01\/unido-150x150.png 150w, https:\/\/agora.xtec.cat\/ceipcreualta\/wp-content\/uploads\/usu503\/2021\/01\/unido-300x300.png 300w\" sizes=\"auto, (max-width: 113px) 100vw, 113px\" \/> <\/a>Comunitat educativa<\/span><\/strong><\/h2>\n<table style=\"height: 123px; width: 78.1011%;\">\n<tbody>\n<tr style=\"height: 30px; background-color: #a3e4d7;\">\n<td style=\"width: 77.3723%; height: 30px;\" colspan=\"2\"><strong>EQUIP DIRECTIU<\/strong><\/td>\n<\/tr>\n<tr style=\"height: 31px;\">\n<td style=\"width: 38.6978%; height: 31px; background-color: #e8f8f5;\"><strong>Directora<\/strong><\/td>\n<td style=\"width: 38.6745%; height: 31px;\">Antonia S.<\/td>\n<\/tr>\n<tr style=\"height: 31px;\">\n<td style=\"width: 38.6978%; height: 31px; background-color: #e8f8f5;\"><strong>Cap d&#8217;estudis<\/strong><\/td>\n<td style=\"width: 38.6745%; height: 31px;\">Isabel M.<\/td>\n<\/tr>\n<tr style=\"height: 31px;\">\n<td style=\"width: 38.6978%; height: 31px; background-color: #e8f8f5;\"><strong>Secretari<\/strong><\/td>\n<td style=\"width: 38.6745%; height: 31px;\">Juan Manuel M.<\/td>\n<\/tr>\n<\/tbody>\n<\/table>\n<table style=\"height: 106px; width: 78.0917%;\" width=\"78.0917%\" cellspacing=\"0\" cellpadding=\"7\"><colgroup> <col width=\"273\" \/> <col width=\"273\" \/> <\/colgroup>\n<tbody>\n<tr style=\"height: 16px; background-color: #a3e4d7;\">\n<td style=\"height: 16px; width: 574px;\" colspan=\"2\"><strong>COMUNITAT DE PETITS\/ES<\/strong><\/td>\n<\/tr>\n<tr style=\"height: 57px;\">\n<td style=\"width: 287px; height: 57px; background-color: #e8f8f5;\"><strong>TUTORS\/ES<\/strong><\/td>\n<td style=\"width: 287px; height: 57px; background-color: #e8f8f5;\"><strong>ESPECIALISTES I SUPORTS<\/strong><\/td>\n<\/tr>\n<tr style=\"height: 55px;\" valign=\"top\">\n<td style=\"height: 13px; width: 287px; background-color: #e8f8f5;\"><strong>I-3<\/strong>\u00a0 Montse Ll.<\/td>\n<td style=\"height: 33px; width: 287px;\" rowspan=\"4\">Rosa G. (TEEI)\n<p>Isabel M. (suports)<\/p>\n<p>Ant\u00f2nia S. (Angl\u00e8s)<\/p>\n<p>Judit B. (Psicomotricitat)<\/p>\n<p>Adriana I. (EE &#8211; SIEI)<\/p>\n<p>Rosa J. (EE)<\/p>\n<p>Soraya V. (M\u00fasica)<\/p>\n<p>Nico R. (EEE)<\/p>\n<\/td>\n<\/tr>\n<tr style=\"height: 55px;\" valign=\"top\">\n<td style=\"height: 10px; width: 287px; background-color: #e8f8f5;\"><strong>I-4<\/strong>\u00a0 S\u00edlvia Ll.<\/td>\n<\/tr>\n<tr style=\"height: 55px;\" valign=\"top\">\n<td style=\"height: 10px; width: 287px; background-color: #e8f8f5;\" rowspan=\"2\"><strong>I-5<\/strong>\u00a0 Cristina F.<\/td>\n<\/tr>\n<\/tbody>\n<\/table>\n<table style=\"width: 78.1261%; height: 373px;\" width=\"576\" cellspacing=\"0\" cellpadding=\"7\"><colgroup> <col width=\"273\" \/> <col width=\"273\" \/> <\/colgroup>\n<tbody>\n<tr style=\"background-color: #a3e4d7;\">\n<td style=\"height: 33px; width: 99.7084%;\" colspan=\"2\"><strong>COMUNITAT DE MITJANS\/ES<\/strong><\/td>\n<\/tr>\n<tr style=\"height: 57px;\">\n<td style=\"width: 49.8542%; height: 57px; background-color: #e8f8f5;\"><strong>TUTORS\/ES<\/strong><\/td>\n<td style=\"width: 49.8542%; height: 57px; background-color: #e8f8f5;\"><strong>ESPECIALISTES I SUPORTS<\/strong><\/td>\n<\/tr>\n<tr style=\"height: 68px;\" valign=\"top\">\n<td style=\"height: 68px; width: 49.8542%; vertical-align: middle; background-color: #e8f8f5;\" width=\"273\"><strong>1r<\/strong> Gemma J.<\/td>\n<td style=\"height: 283px; width: 49.8542%; vertical-align: middle;\" rowspan=\"4\" width=\"273\">Rosa J. (Ed. Especial)\n<p>Judit B. (Ed. F\u00edsica)<\/p>\n<p>Alba F. (Angl\u00e8s)<\/p>\n<p>Soraya V. (M\u00fasica)<\/p>\n<\/td>\n<\/tr>\n<tr style=\"height: 68px;\">\n<td style=\"height: 68px; width: 49.8542%; background-color: #e8f8f5;\"><strong>2n A<\/strong> Laura V.<\/td>\n<\/tr>\n<tr style=\"height: 68px;\">\n<td style=\"height: 68px; width: 49.8542%; background-color: #e8f8f5;\"><strong>2n B<\/strong> Clara P.<\/td>\n<\/tr>\n<tr style=\"height: 79px;\">\n<td style=\"width: 49.8542%; height: 79px; background-color: #e8f8f5; vertical-align: middle;\"><strong>3r<\/strong> Dolors A.<\/td>\n<\/tr>\n<\/tbody>\n<\/table>\n<table style=\"height: 267px; width: 78.0917%;\" width=\"576\" cellspacing=\"0\" cellpadding=\"7\"><colgroup> <col width=\"273\" \/> <col width=\"273\" \/> <\/colgroup>\n<tbody>\n<tr style=\"background-color: #a3e4d7;\">\n<td style=\"width: 99.7084%; height: 33px;\" colspan=\"2\"><strong>COMUNITAT DE GRANS<\/strong><\/td>\n<\/tr>\n<tr style=\"height: 57px;\">\n<td style=\"width: 49.8542%; height: 57px; background-color: #e8f8f5;\"><strong>TUTORS\/ES<\/strong><\/td>\n<td style=\"width: 49.8542%; height: 57px; background-color: #e8f8f5;\"><strong>ESPECIALISTES I SUPORTS<\/strong><\/td>\n<\/tr>\n<tr style=\"height: 55px;\" valign=\"top\">\n<td style=\"height: 55px; width: 49.8542%; vertical-align: middle; background-color: #e8f8f5;\"><strong>4t<\/strong> Clara G.<\/td>\n<td style=\"height: 177px; width: 49.8542%; vertical-align: middle;\" rowspan=\"3\">Juan Manuel M. (Angl\u00e8s)\n<p>Rosa J. (Ed. Especial)<\/p>\n<p>Judit B. (Ed. F\u00edsica)<\/p>\n<p>Alba F. (Angl\u00e8s)<\/p>\n<p>Soraya V. (M\u00fasica)<\/p>\n<\/td>\n<\/tr>\n<tr style=\"height: 55px;\" valign=\"top\">\n<td style=\"height: 55px; width: 49.8542%; vertical-align: middle; background-color: #e8f8f5;\"><strong>5\u00e8<\/strong> Manel C.<\/td>\n<\/tr>\n<tr style=\"height: 67px;\">\n<td style=\"width: 49.8542%; height: 67px; vertical-align: middle; background-color: #e8f8f5;\"><strong>6\u00e8<\/strong> Tony V.<\/td>\n<\/tr>\n<\/tbody>\n<\/table>\n<table style=\"width: 78.3107%; height: 92px;\">\n<tbody>\n<tr style=\"height: 30px; background-color: #a3e4d7;\">\n<td style=\"width: 77.5808%; height: 30px;\" colspan=\"2\"><strong>ATENCI\u00d3 A LA DIVERSITAT<\/strong><\/td>\n<\/tr>\n<tr style=\"height: 31px;\">\n<td style=\"width: 38.6202%; height: 31px; background-color: #e8f8f5;\"><strong>Educaci\u00f3 Especial<\/strong><\/td>\n<td style=\"width: 38.9606%; height: 31px;\">Rosa J.<\/td>\n<\/tr>\n<tr style=\"height: 31px;\">\n<td style=\"width: 38.6202%; height: 31px; background-color: #e8f8f5;\"><strong>SIEI<\/strong><\/td>\n<td style=\"width: 38.9606%; height: 31px; vertical-align: middle;\">\n<p>Adriana I.\u00a0<\/p>\n<p>Nico R. (EEE)<\/p>\n<\/td>\n<\/tr>\n<tr>\n<td style=\"width: 38.6202%; background-color: #e8f8f5;\"><strong>Vetlladora<\/strong><\/td>\n<td style=\"width: 38.9606%; vertical-align: middle;\">S\u00edlvia P.<\/td>\n<\/tr>\n<\/tbody>\n<\/table>\n<table style=\"width: 78.3107%;\">\n<tbody>\n<tr style=\"height: 30px; background-color: #a3e4d7;\">\n<td style=\"width: 77.5808%; height: 30px;\" colspan=\"2\"><strong>PERSONAL NO DOCENT<\/strong><\/td>\n<\/tr>\n<tr style=\"height: 31px;\">\n<td style=\"width: 38.6202%; height: 31px; background-color: #e8f8f5;\"><strong>Administrativa<\/strong><\/td>\n<td style=\"width: 38.9606%; height: 31px;\">Maria B.<\/td>\n<\/tr>\n<tr style=\"height: 31px;\">\n<td style=\"width: 38.6202%; height: 31px; background-color: #e8f8f5;\"><strong>Conserge<\/strong><\/td>\n<td style=\"width: 38.9606%; height: 31px;\">Casi L.<\/td>\n<\/tr>\n<\/tbody>\n<\/table>\n\n\n<p><\/p>\n","protected":false},"excerpt":{"rendered":"<p>Comunitat educativa EQUIP DIRECTIU Directora Antonia S. Cap d&#8217;estudis Isabel M. Secretari Juan Manuel M. COMUNITAT DE PETITS\/ES TUTORS\/ES ESPECIALISTES I SUPORTS I-3\u00a0 Montse Ll. Rosa G. (TEEI) Isabel M. (suports) Ant\u00f2nia S. (Angl\u00e8s) Judit B. (Psicomotricitat) Adriana I. (EE &#8211; SIEI) Rosa J. (EE) Soraya V. (M\u00fasica) Nico R. (EEE) I-4\u00a0 S\u00edlvia Ll. I-5\u00a0 [&hellip;]<\/p>\n","protected":false},"author":1,"featured_media":0,"parent":9090,"menu_order":0,"comment_status":"closed","ping_status":"closed","template":"","meta":{"_bbp_topic_count":0,"_bbp_reply_count":0,"_bbp_total_topic_count":0,"_bbp_total_reply_count":0,"_bbp_voice_count":0,"_bbp_anonymous_reply_count":0,"_bbp_topic_count_hidden":0,"_bbp_reply_count_hidden":0,"_bbp_forum_subforum_count":0,"site-sidebar-layout":"default","site-content-layout":"","ast-site-content-layout":"default","site-content-style":"default","site-sidebar-style":"default","ast-global-header-display":"","ast-banner-title-visibility":"","ast-main-header-display":"","ast-hfb-above-header-display":"","ast-hfb-below-header-display":"","ast-hfb-mobile-header-display":"","site-post-title":"","ast-breadcrumbs-content":"","ast-featured-img":"","footer-sml-layout":"","theme-transparent-header-meta":"","adv-header-id-meta":"","stick-header-meta":"","header-above-stick-meta":"","header-main-stick-meta":"","header-below-stick-meta":"","astra-migrate-meta-layouts":"set","ast-page-background-enabled":"default","ast-page-background-meta":{"desktop":{"background-color":"var(--ast-global-color-4)","background-image":"","background-repeat":"repeat","background-position":"center center","background-size":"auto","background-attachment":"scroll","background-type":"","background-media":"","overlay-type":"","overlay-color":"","overlay-opacity":"","overlay-gradient":""},"tablet":{"background-color":"","background-image":"","background-repeat":"repeat","background-position":"center center","background-size":"auto","background-attachment":"scroll","background-type":"","background-media":"","overlay-type":"","overlay-color":"","overlay-opacity":"","overlay-gradient":""},"mobile":{"background-color":"","background-image":"","background-repeat":"repeat","background-position":"center center","background-size":"auto","background-attachment":"scroll","background-type":"","background-media":"","overlay-type":"","overlay-color":"","overlay-opacity":"","overlay-gradient":""}},"ast-content-background-meta":{"desktop":{"background-color":"var(--ast-global-color-5)","background-image":"","background-repeat":"repeat","background-position":"center center","background-size":"auto","background-attachment":"scroll","background-type":"","background-media":"","overlay-type":"","overlay-color":"","overlay-opacity":"","overlay-gradient":""},"tablet":{"background-color":"var(--ast-global-color-5)","background-image":"","background-repeat":"repeat","background-position":"center center","background-size":"auto","background-attachment":"scroll","background-type":"","background-media":"","overlay-type":"","overlay-color":"","overlay-opacity":"","overlay-gradient":""},"mobile":{"background-color":"var(--ast-global-color-5)","background-image":"","background-repeat":"repeat","background-position":"center center","background-size":"auto","background-attachment":"scroll","background-type":"","background-media":"","overlay-type":"","overlay-color":"","overlay-opacity":"","overlay-gradient":""}},"footnotes":""},"class_list":["post-9097","page","type-page","status-publish","hentry"],"post_mailing_queue_ids":[],"_links":{"self":[{"href":"https:\/\/agora.xtec.cat\/ceipcreualta\/wp-json\/wp\/v2\/pages\/9097","targetHints":{"allow":["GET"]}}],"collection":[{"href":"https:\/\/agora.xtec.cat\/ceipcreualta\/wp-json\/wp\/v2\/pages"}],"about":[{"href":"https:\/\/agora.xtec.cat\/ceipcreualta\/wp-json\/wp\/v2\/types\/page"}],"author":[{"embeddable":true,"href":"https:\/\/agora.xtec.cat\/ceipcreualta\/wp-json\/wp\/v2\/users\/1"}],"replies":[{"embeddable":true,"href":"https:\/\/agora.xtec.cat\/ceipcreualta\/wp-json\/wp\/v2\/comments?post=9097"}],"version-history":[{"count":6,"href":"https:\/\/agora.xtec.cat\/ceipcreualta\/wp-json\/wp\/v2\/pages\/9097\/revisions"}],"predecessor-version":[{"id":23381,"href":"https:\/\/agora.xtec.cat\/ceipcreualta\/wp-json\/wp\/v2\/pages\/9097\/revisions\/23381"}],"up":[{"embeddable":true,"href":"https:\/\/agora.xtec.cat\/ceipcreualta\/wp-json\/wp\/v2\/pages\/9090"}],"wp:attachment":[{"href":"https:\/\/agora.xtec.cat\/ceipcreualta\/wp-json\/wp\/v2\/media?parent=9097"}],"curies":[{"name":"wp","href":"https:\/\/api.w.org\/{rel}","templated":true}]}}