{"id":84,"date":"2014-09-18T14:11:31","date_gmt":"2014-09-18T14:11:31","guid":{"rendered":"http:\/\/agora.xtec.cat\/ceipcreualta\/?page_id=84"},"modified":"2025-09-10T13:33:05","modified_gmt":"2025-09-10T11:33:05","slug":"activitats-extraescolars","status":"publish","type":"page","link":"https:\/\/agora.xtec.cat\/ceipcreualta\/serveis\/activitats-extraescolars\/","title":{"rendered":"Activitats extraescolars"},"content":{"rendered":"<p style=\"color: #48c9b0;\"><strong>Les activitats extraescolars estan organitzades per l&#8217;<a href=\"https:\/\/www.ampacreualta.cat\/extraescolars\/extraescolars-horari\" target=\"_blank\" rel=\"noopener\">AMPA<\/a> de l&#8217;escola.\u00a0<\/strong><\/p>\n<p style=\"color: #48c9b0;\"><strong><a href=\"https:\/\/agora.xtec.cat\/ceipcreualta\/wp-content\/uploads\/usu503\/2021\/01\/chico-3.png\"><img loading=\"lazy\" decoding=\"async\" class=\"alignnone wp-image-19213\" src=\"https:\/\/agora.xtec.cat\/ceipcreualta\/wp-content\/uploads\/usu503\/2021\/01\/chico-3.png\" alt=\"\" width=\"100\" height=\"100\" srcset=\"https:\/\/agora.xtec.cat\/ceipcreualta\/wp-content\/uploads\/usu503\/2021\/01\/chico-3.png 512w, https:\/\/agora.xtec.cat\/ceipcreualta\/wp-content\/uploads\/usu503\/2021\/01\/chico-3-150x150.png 150w, https:\/\/agora.xtec.cat\/ceipcreualta\/wp-content\/uploads\/usu503\/2021\/01\/chico-3-300x300.png 300w\" sizes=\"auto, (max-width: 100px) 100vw, 100px\" \/> \u00a0<\/a>QUI POT PARTICIPAR?<\/strong><\/p>\n<p>A les extraescolars de l\u2019Escola Creu Alta podran participar tots\/es els\/les alumnes socis de l\u2019AMPA.<\/p>\n<p><strong>\u00a0<\/strong><strong>\u00a0<\/strong><\/p>\n<p style=\"color: #48c9b0;\"><strong><a href=\"https:\/\/agora.xtec.cat\/ceipcreualta\/wp-content\/uploads\/usu503\/2021\/01\/calendario-2.png\"><img loading=\"lazy\" decoding=\"async\" class=\"alignnone wp-image-19214\" src=\"https:\/\/agora.xtec.cat\/ceipcreualta\/wp-content\/uploads\/usu503\/2021\/01\/calendario-2.png\" alt=\"\" width=\"83\" height=\"83\" srcset=\"https:\/\/agora.xtec.cat\/ceipcreualta\/wp-content\/uploads\/usu503\/2021\/01\/calendario-2.png 512w, https:\/\/agora.xtec.cat\/ceipcreualta\/wp-content\/uploads\/usu503\/2021\/01\/calendario-2-150x150.png 150w, https:\/\/agora.xtec.cat\/ceipcreualta\/wp-content\/uploads\/usu503\/2021\/01\/calendario-2-300x300.png 300w\" sizes=\"auto, (max-width: 83px) 100vw, 83px\" \/><\/a>\u00a0 \u00a0CALENDARI DE LES ACTIVITATS<\/strong><\/p>\n<p>El m\u00ednim d\u2019alumnes per grup per poder comen\u00e7ar a realitzar una activitat ser\u00e0 de 6 alumnes.<\/p>\n<p style=\"color: #48c9b0;\"><strong><a href=\"https:\/\/agora.xtec.cat\/ceipcreualta\/wp-content\/uploads\/usu503\/2021\/01\/patinaje-sobre-hielo.png\"><img loading=\"lazy\" decoding=\"async\" class=\"alignnone wp-image-19216\" src=\"https:\/\/agora.xtec.cat\/ceipcreualta\/wp-content\/uploads\/usu503\/2021\/01\/patinaje-sobre-hielo.png\" alt=\"\" width=\"109\" height=\"109\" srcset=\"https:\/\/agora.xtec.cat\/ceipcreualta\/wp-content\/uploads\/usu503\/2021\/01\/patinaje-sobre-hielo.png 512w, https:\/\/agora.xtec.cat\/ceipcreualta\/wp-content\/uploads\/usu503\/2021\/01\/patinaje-sobre-hielo-150x150.png 150w, https:\/\/agora.xtec.cat\/ceipcreualta\/wp-content\/uploads\/usu503\/2021\/01\/patinaje-sobre-hielo-300x300.png 300w\" sizes=\"auto, (max-width: 109px) 100vw, 109px\" \/> \u00a0<\/a>OFERTA D\u2019ACTIVITATS:<\/strong><\/p>\n<p><a href=\"https:\/\/agora.xtec.cat\/ceipcreualta\/wp-content\/uploads\/usu503\/2025\/09\/Captura-de-pantalla-2025-09-10-131529.png\"><img loading=\"lazy\" decoding=\"async\" class=\"alignnone  wp-image-22733\" src=\"https:\/\/agora.xtec.cat\/ceipcreualta\/wp-content\/uploads\/usu503\/2025\/09\/Captura-de-pantalla-2025-09-10-131529.png\" alt=\"\" width=\"360\" height=\"45\" srcset=\"https:\/\/agora.xtec.cat\/ceipcreualta\/wp-content\/uploads\/usu503\/2025\/09\/Captura-de-pantalla-2025-09-10-131529.png 759w, https:\/\/agora.xtec.cat\/ceipcreualta\/wp-content\/uploads\/usu503\/2025\/09\/Captura-de-pantalla-2025-09-10-131529-300x38.png 300w\" sizes=\"auto, (max-width: 360px) 100vw, 360px\" \/><\/a><\/p>\n<p style=\"color: #48c9b0;\"><strong><a href=\"https:\/\/agora.xtec.cat\/ceipcreualta\/wp-content\/uploads\/usu503\/2021\/01\/transferencia-de-dinero.png\"><img loading=\"lazy\" decoding=\"async\" class=\"alignnone wp-image-19217\" src=\"https:\/\/agora.xtec.cat\/ceipcreualta\/wp-content\/uploads\/usu503\/2021\/01\/transferencia-de-dinero.png\" alt=\"\" width=\"105\" height=\"105\" srcset=\"https:\/\/agora.xtec.cat\/ceipcreualta\/wp-content\/uploads\/usu503\/2021\/01\/transferencia-de-dinero.png 512w, https:\/\/agora.xtec.cat\/ceipcreualta\/wp-content\/uploads\/usu503\/2021\/01\/transferencia-de-dinero-150x150.png 150w, https:\/\/agora.xtec.cat\/ceipcreualta\/wp-content\/uploads\/usu503\/2021\/01\/transferencia-de-dinero-300x300.png 300w\" sizes=\"auto, (max-width: 105px) 100vw, 105px\" \/><\/a>\u00a0 PREU DE LES ACTIVITATS<\/strong><\/p>\n<p><a href=\"https:\/\/agora.xtec.cat\/ceipcreualta\/wp-content\/uploads\/usu503\/2025\/09\/Captura-de-pantalla-2025-09-10-131529.png\"><img loading=\"lazy\" decoding=\"async\" class=\"alignnone  wp-image-22733\" src=\"https:\/\/agora.xtec.cat\/ceipcreualta\/wp-content\/uploads\/usu503\/2025\/09\/Captura-de-pantalla-2025-09-10-131529.png\" alt=\"\" width=\"360\" height=\"45\" srcset=\"https:\/\/agora.xtec.cat\/ceipcreualta\/wp-content\/uploads\/usu503\/2025\/09\/Captura-de-pantalla-2025-09-10-131529.png 759w, https:\/\/agora.xtec.cat\/ceipcreualta\/wp-content\/uploads\/usu503\/2025\/09\/Captura-de-pantalla-2025-09-10-131529-300x38.png 300w\" sizes=\"auto, (max-width: 360px) 100vw, 360px\" \/><\/a><\/p>\n<p>El cobrament es far\u00e0 mensualment entre el 1-5 del mes en curs i SEMPRE per domiciliaci\u00f3 banc\u00e0ria i els far\u00e0 directament l\u00b4empresa organitzadora de l\u00b4activitat.<\/p>\n<p>En el cas que s&#8217;hagu\u00e9s d\u2019aturar completament l&#8217;activitat durant un per\u00edode notable de temps per la pand\u00e8mia, les empreses procedirien a fer un retorn de la part proporcional en cas de no haver-se realitzat l\u00b4activitat.<\/p>\n<p>Per donar-se de baixa s\u2019ha d\u2019omplir el full de baixa (que podeu demanar a l\u2019AMPA o al coordinador), abans del dia 20 de l\u2019\u00faltim mes del trimestre i comunicar la baixa al coordinador d\u2019extraescolars (en persona per tel\u00e8fon).<\/p>\n<p>El retorn d\u2019un rebut comportar\u00e0 un increment de 4 \u20ac i haur\u00e0 de ser abonat en efectiu. El retorn de la quota pot ser causa de baixa de l\u2019activitat.<\/p>\n<p>Les inscripcions es formalitzaran del 1 al 14 de setembre (ambd\u00f3s inclosos). Un cop feta la reserva via formulari en aquest enlla\u00e7: https:\/\/www.ampacreualta.cat\/actes-i-formularis\/formulari-ampa, facilitarem les vostres dades a les empreses organitzadores per formalitzar inscripci\u00f3. Elles es posaran en contacte amb vosaltres via tel\u00e8fon o email per enviar-vos full d\u00b4inscripci\u00f3 de la\/les activitats seleccionades que haureu de complimentar. Ser\u00e0 necessari enviar una c\u00f2pia de la targeta sanit\u00e0ria del vostre fill@.<\/p>\n<p style=\"color: #48c9b0;\"><strong><a href=\"https:\/\/agora.xtec.cat\/ceipcreualta\/wp-content\/uploads\/usu503\/2021\/01\/lista-de-verificacion.png\"><img loading=\"lazy\" decoding=\"async\" class=\"alignnone wp-image-19218\" src=\"https:\/\/agora.xtec.cat\/ceipcreualta\/wp-content\/uploads\/usu503\/2021\/01\/lista-de-verificacion.png\" alt=\"\" width=\"91\" height=\"91\" srcset=\"https:\/\/agora.xtec.cat\/ceipcreualta\/wp-content\/uploads\/usu503\/2021\/01\/lista-de-verificacion.png 512w, https:\/\/agora.xtec.cat\/ceipcreualta\/wp-content\/uploads\/usu503\/2021\/01\/lista-de-verificacion-150x150.png 150w, https:\/\/agora.xtec.cat\/ceipcreualta\/wp-content\/uploads\/usu503\/2021\/01\/lista-de-verificacion-300x300.png 300w\" sizes=\"auto, (max-width: 91px) 100vw, 91px\" \/> <\/a>ACTIVITATS I FUNCIONAMENT<\/strong><\/p>\n<p>Totes les activitats (amb la informaci\u00f3 que disposem a dia d\u00b4avui), s\u00b4hauran de fer amb mascareta (nen@s i monit@rs). El ritme de les activitats s\u2019adaptar\u00e0 perqu\u00e8 sigui viable fer-les amb mascareta posada.<\/p>\n<p>Els nen@s i monit@rs es rentaran les mans a l\u00b4entrada i sortida de l\u00b4activitat, i desinfectaran materials que puguin ser d\u00b4\u00fas compartit una vegada acabada l\u00b4activitat. El monit@r tindr\u00e0 tamb\u00e9 la funci\u00f3 de la figura del responsable de seguretat i higiene i vetllar\u00e0 pel compliment de les mesures sanit\u00e0ries pertinents.<br \/>\nLa recollida dels nens es far\u00e0 per la porta del carrer Sant Isidre a les 17.30 h. \u00c9s molt important que sigueu puntuals.<\/p>\n<p>Si teniu qualsevol dubte podeu escriure a <strong><u>creualtaampa@gmail.com<\/u><\/strong><\/p>\n<p><strong>\u00a0<\/strong>Un cop comen\u00e7at el curs tamb\u00e9 us podeu adre\u00e7ar al coordinador\/es per demanar informaci\u00f3 de les activitats o resoldre qualsevol dubte.<\/p>\n","protected":false},"excerpt":{"rendered":"<p>Les activitats extraescolars estan organitzades per l&#8217;AMPA de l&#8217;escola.\u00a0 \u00a0QUI POT PARTICIPAR? A les extraescolars de l\u2019Escola Creu Alta podran participar tots\/es els\/les alumnes socis de l\u2019AMPA. \u00a0\u00a0 \u00a0 \u00a0CALENDARI DE LES ACTIVITATS El m\u00ednim d\u2019alumnes per grup per poder comen\u00e7ar a realitzar una activitat ser\u00e0 de 6 alumnes. \u00a0OFERTA D\u2019ACTIVITATS: \u00a0 PREU DE LES [&hellip;]<\/p>\n","protected":false},"author":2,"featured_media":0,"parent":66,"menu_order":60,"comment_status":"closed","ping_status":"closed","template":"","meta":{"_bbp_topic_count":0,"_bbp_reply_count":0,"_bbp_total_topic_count":0,"_bbp_total_reply_count":0,"_bbp_voice_count":0,"_bbp_anonymous_reply_count":0,"_bbp_topic_count_hidden":0,"_bbp_reply_count_hidden":0,"_bbp_forum_subforum_count":0,"site-sidebar-layout":"default","site-content-layout":"","ast-site-content-layout":"default","site-content-style":"default","site-sidebar-style":"default","ast-global-header-display":"","ast-banner-title-visibility":"","ast-main-header-display":"","ast-hfb-above-header-display":"","ast-hfb-below-header-display":"","ast-hfb-mobile-header-display":"","site-post-title":"","ast-breadcrumbs-content":"","ast-featured-img":"","footer-sml-layout":"","theme-transparent-header-meta":"","adv-header-id-meta":"","stick-header-meta":"","header-above-stick-meta":"","header-main-stick-meta":"","header-below-stick-meta":"","astra-migrate-meta-layouts":"set","ast-page-background-enabled":"default","ast-page-background-meta":{"desktop":{"background-color":"var(--ast-global-color-4)","background-image":"","background-repeat":"repeat","background-position":"center center","background-size":"auto","background-attachment":"scroll","background-type":"","background-media":"","overlay-type":"","overlay-color":"","overlay-opacity":"","overlay-gradient":""},"tablet":{"background-color":"","background-image":"","background-repeat":"repeat","background-position":"center center","background-size":"auto","background-attachment":"scroll","background-type":"","background-media":"","overlay-type":"","overlay-color":"","overlay-opacity":"","overlay-gradient":""},"mobile":{"background-color":"","background-image":"","background-repeat":"repeat","background-position":"center center","background-size":"auto","background-attachment":"scroll","background-type":"","background-media":"","overlay-type":"","overlay-color":"","overlay-opacity":"","overlay-gradient":""}},"ast-content-background-meta":{"desktop":{"background-color":"var(--ast-global-color-5)","background-image":"","background-repeat":"repeat","background-position":"center center","background-size":"auto","background-attachment":"scroll","background-type":"","background-media":"","overlay-type":"","overlay-color":"","overlay-opacity":"","overlay-gradient":""},"tablet":{"background-color":"var(--ast-global-color-5)","background-image":"","background-repeat":"repeat","background-position":"center center","background-size":"auto","background-attachment":"scroll","background-type":"","background-media":"","overlay-type":"","overlay-color":"","overlay-opacity":"","overlay-gradient":""},"mobile":{"background-color":"var(--ast-global-color-5)","background-image":"","background-repeat":"repeat","background-position":"center center","background-size":"auto","background-attachment":"scroll","background-type":"","background-media":"","overlay-type":"","overlay-color":"","overlay-opacity":"","overlay-gradient":""}},"footnotes":""},"class_list":["post-84","page","type-page","status-publish","hentry"],"post_mailing_queue_ids":[],"_links":{"self":[{"href":"https:\/\/agora.xtec.cat\/ceipcreualta\/wp-json\/wp\/v2\/pages\/84","targetHints":{"allow":["GET"]}}],"collection":[{"href":"https:\/\/agora.xtec.cat\/ceipcreualta\/wp-json\/wp\/v2\/pages"}],"about":[{"href":"https:\/\/agora.xtec.cat\/ceipcreualta\/wp-json\/wp\/v2\/types\/page"}],"author":[{"embeddable":true,"href":"https:\/\/agora.xtec.cat\/ceipcreualta\/wp-json\/wp\/v2\/users\/2"}],"replies":[{"embeddable":true,"href":"https:\/\/agora.xtec.cat\/ceipcreualta\/wp-json\/wp\/v2\/comments?post=84"}],"version-history":[{"count":5,"href":"https:\/\/agora.xtec.cat\/ceipcreualta\/wp-json\/wp\/v2\/pages\/84\/revisions"}],"predecessor-version":[{"id":22740,"href":"https:\/\/agora.xtec.cat\/ceipcreualta\/wp-json\/wp\/v2\/pages\/84\/revisions\/22740"}],"up":[{"embeddable":true,"href":"https:\/\/agora.xtec.cat\/ceipcreualta\/wp-json\/wp\/v2\/pages\/66"}],"wp:attachment":[{"href":"https:\/\/agora.xtec.cat\/ceipcreualta\/wp-json\/wp\/v2\/media?parent=84"}],"curies":[{"name":"wp","href":"https:\/\/api.w.org\/{rel}","templated":true}]}}