{"id":77,"date":"2014-09-18T14:05:08","date_gmt":"2014-09-18T14:05:08","guid":{"rendered":"http:\/\/agora.xtec.cat\/ceipcreualta\/?page_id=77"},"modified":"2025-09-10T13:29:53","modified_gmt":"2025-09-10T11:29:53","slug":"acollida","status":"publish","type":"page","link":"https:\/\/agora.xtec.cat\/ceipcreualta\/serveis\/acollida\/","title":{"rendered":"Acollida"},"content":{"rendered":"<p><strong><a href=\"https:\/\/agora.xtec.cat\/ceipcreualta\/wp-content\/uploads\/usu503\/2021\/01\/reloj2.png\"><img loading=\"lazy\" decoding=\"async\" class=\"alignnone wp-image-19224\" src=\"https:\/\/agora.xtec.cat\/ceipcreualta\/wp-content\/uploads\/usu503\/2021\/01\/reloj2.png\" alt=\"\" width=\"63\" height=\"63\" srcset=\"https:\/\/agora.xtec.cat\/ceipcreualta\/wp-content\/uploads\/usu503\/2021\/01\/reloj2.png 512w, https:\/\/agora.xtec.cat\/ceipcreualta\/wp-content\/uploads\/usu503\/2021\/01\/reloj2-150x150.png 150w, https:\/\/agora.xtec.cat\/ceipcreualta\/wp-content\/uploads\/usu503\/2021\/01\/reloj2-300x300.png 300w\" sizes=\"auto, (max-width: 63px) 100vw, 63px\" \/> \u00a0 <\/a><\/strong>L&#8217;AMPA ofereix el servei d&#8217;acollida matinal a partir de les<strong> 7.30h.<\/strong><\/p>\n<ul>\n<li><strong>ACOLLIDA MAT\u00cd (35\u202f\u20ac\/mes; 4\u202f\u20ac\/dia espor\u00e0dic)<\/strong><\/li>\n<\/ul>\n<p>Horari: de 7:30h a 8:45h<\/p>\n<p>Activitats recreatives i jocs adequats per comen\u00e7ar el dia amb energia i entusiasme.<\/p>\n<p>Inici de l\u2019activitat:\u00a0<strong>Dimarts 09 de setembre 2025 fins a 19 de juny de 2026<\/strong><\/p>\n<ul>\n<li><strong>ACOLLIDA DE TARDA (42\u202f\u20ac\/mes; 45\u20ac\/dia espor\u00e0dic)<\/strong><\/li>\n<\/ul>\n<p>Horari: de 16:15h a 17:30h<\/p>\n<p>Tallers i activitats l\u00fadiques i creatives per a un aprenentatge significatiu i divertit<\/p>\n<p>Inici de l\u2019activitat: <strong>Dimarts 09 de setembre 2025 fins a 19 de juny de 2026<\/strong><strong>\u00a0<\/strong><\/p>\n<p>Si encara no heu inscrit els vostres fills\/es a l\u2019acollida de mat\u00ed i\/o tarda, us preguem que ompliu (entre avui i dem\u00e0) el formulari d\u2019inscripci\u00f3 seg\u00fcent: <a href=\"https:\/\/www.ampacreualta.cat\/actes-i-formularis\/formulari-ampa\" target=\"_blank\" rel=\"noreferrer noopener\">https:\/\/ampacreualta\/actes-i-formularis<\/a> i ens envieu un whatsapp al n\u00fam:\u00a0 +34 650 65 46 44\u00a0 un cop omplert el formulari. En cas que ja l\u2019h\u00e0giu omplert durant el mes de juliol\/agost, no caldr\u00e0 tornar a omplir-lo ni enviar whatsapp.<\/p>\n<p>Recordeu que \u00e9s necessari omplir el formulari encara que feu servir puntualment l\u2019acollida o per si algun dia teniu n\u2019heu de fer \u00fas per un imprevist.<\/p>\n<p>Per qualsevol dubte o q\u00fcesti\u00f3 us recordem el correu d&#8217;atenci\u00f3: <a href=\"mailto:creualtaampa@gmail.com\">creualtaampa@gmail.com\u00a0<\/a><\/p>\n","protected":false},"excerpt":{"rendered":"<p>\u00a0 L&#8217;AMPA ofereix el servei d&#8217;acollida matinal a partir de les 7.30h. ACOLLIDA MAT\u00cd (35\u202f\u20ac\/mes; 4\u202f\u20ac\/dia espor\u00e0dic) Horari: de 7:30h a 8:45h Activitats recreatives i jocs adequats per comen\u00e7ar el dia amb energia i entusiasme. Inici de l\u2019activitat:\u00a0Dimarts 09 de setembre 2025 fins a 19 de juny de 2026 ACOLLIDA DE TARDA (42\u202f\u20ac\/mes; 45\u20ac\/dia espor\u00e0dic) [&hellip;]<\/p>\n","protected":false},"author":2,"featured_media":0,"parent":66,"menu_order":20,"comment_status":"closed","ping_status":"closed","template":"","meta":{"_bbp_topic_count":0,"_bbp_reply_count":0,"_bbp_total_topic_count":0,"_bbp_total_reply_count":0,"_bbp_voice_count":0,"_bbp_anonymous_reply_count":0,"_bbp_topic_count_hidden":0,"_bbp_reply_count_hidden":0,"_bbp_forum_subforum_count":0,"site-sidebar-layout":"default","site-content-layout":"","ast-site-content-layout":"default","site-content-style":"default","site-sidebar-style":"default","ast-global-header-display":"","ast-banner-title-visibility":"","ast-main-header-display":"","ast-hfb-above-header-display":"","ast-hfb-below-header-display":"","ast-hfb-mobile-header-display":"","site-post-title":"","ast-breadcrumbs-content":"","ast-featured-img":"","footer-sml-layout":"","theme-transparent-header-meta":"","adv-header-id-meta":"","stick-header-meta":"","header-above-stick-meta":"","header-main-stick-meta":"","header-below-stick-meta":"","astra-migrate-meta-layouts":"set","ast-page-background-enabled":"default","ast-page-background-meta":{"desktop":{"background-color":"var(--ast-global-color-4)","background-image":"","background-repeat":"repeat","background-position":"center center","background-size":"auto","background-attachment":"scroll","background-type":"","background-media":"","overlay-type":"","overlay-color":"","overlay-opacity":"","overlay-gradient":""},"tablet":{"background-color":"","background-image":"","background-repeat":"repeat","background-position":"center center","background-size":"auto","background-attachment":"scroll","background-type":"","background-media":"","overlay-type":"","overlay-color":"","overlay-opacity":"","overlay-gradient":""},"mobile":{"background-color":"","background-image":"","background-repeat":"repeat","background-position":"center center","background-size":"auto","background-attachment":"scroll","background-type":"","background-media":"","overlay-type":"","overlay-color":"","overlay-opacity":"","overlay-gradient":""}},"ast-content-background-meta":{"desktop":{"background-color":"var(--ast-global-color-5)","background-image":"","background-repeat":"repeat","background-position":"center center","background-size":"auto","background-attachment":"scroll","background-type":"","background-media":"","overlay-type":"","overlay-color":"","overlay-opacity":"","overlay-gradient":""},"tablet":{"background-color":"var(--ast-global-color-5)","background-image":"","background-repeat":"repeat","background-position":"center center","background-size":"auto","background-attachment":"scroll","background-type":"","background-media":"","overlay-type":"","overlay-color":"","overlay-opacity":"","overlay-gradient":""},"mobile":{"background-color":"var(--ast-global-color-5)","background-image":"","background-repeat":"repeat","background-position":"center center","background-size":"auto","background-attachment":"scroll","background-type":"","background-media":"","overlay-type":"","overlay-color":"","overlay-opacity":"","overlay-gradient":""}},"footnotes":""},"class_list":["post-77","page","type-page","status-publish","hentry"],"post_mailing_queue_ids":[],"_links":{"self":[{"href":"https:\/\/agora.xtec.cat\/ceipcreualta\/wp-json\/wp\/v2\/pages\/77","targetHints":{"allow":["GET"]}}],"collection":[{"href":"https:\/\/agora.xtec.cat\/ceipcreualta\/wp-json\/wp\/v2\/pages"}],"about":[{"href":"https:\/\/agora.xtec.cat\/ceipcreualta\/wp-json\/wp\/v2\/types\/page"}],"author":[{"embeddable":true,"href":"https:\/\/agora.xtec.cat\/ceipcreualta\/wp-json\/wp\/v2\/users\/2"}],"replies":[{"embeddable":true,"href":"https:\/\/agora.xtec.cat\/ceipcreualta\/wp-json\/wp\/v2\/comments?post=77"}],"version-history":[{"count":4,"href":"https:\/\/agora.xtec.cat\/ceipcreualta\/wp-json\/wp\/v2\/pages\/77\/revisions"}],"predecessor-version":[{"id":22739,"href":"https:\/\/agora.xtec.cat\/ceipcreualta\/wp-json\/wp\/v2\/pages\/77\/revisions\/22739"}],"up":[{"embeddable":true,"href":"https:\/\/agora.xtec.cat\/ceipcreualta\/wp-json\/wp\/v2\/pages\/66"}],"wp:attachment":[{"href":"https:\/\/agora.xtec.cat\/ceipcreualta\/wp-json\/wp\/v2\/media?parent=77"}],"curies":[{"name":"wp","href":"https:\/\/api.w.org\/{rel}","templated":true}]}}