{"id":73,"date":"2014-09-18T14:01:51","date_gmt":"2014-09-18T14:01:51","guid":{"rendered":"http:\/\/agora.xtec.cat\/ceipcreualta\/?page_id=73"},"modified":"2026-03-26T09:01:15","modified_gmt":"2026-03-26T08:01:15","slug":"menjador-escolar","status":"publish","type":"page","link":"https:\/\/agora.xtec.cat\/ceipcreualta\/serveis\/menjador-escolar\/","title":{"rendered":"Menjador escolar"},"content":{"rendered":"<p>Com que sabem que el rendiment escolar est\u00e0 directament relacionat amb els h\u00e0bits alimentaris dels infants, al servei de menjador ens prenem seriosament la labor de planificar uns men\u00fas variats i adaptats a les necessitats dels infants.<\/p>\n<p>Tenim al vostre servei un equip de monitors i monitores especialitzats en donar suport, tant a l\u2019hora de dinar com a les estones d\u2019esbarjo i joc.<\/p>\n<p>Entrant als seg\u00fcents enlla\u00e7os podreu trobar les instruccions de funcionament del servei de menjador, aix\u00ed com els preus actualitzats.<\/p>\n<p><a href=\"https:\/\/agora.xtec.cat\/ceipcreualta\/wp-content\/uploads\/usu503\/2023\/10\/23_24-Benvinguda-Menjador-I3.pdf\" target=\"_blank\" rel=\"noopener\"><img loading=\"lazy\" decoding=\"async\" class=\"alignnone wp-image-19231\" src=\"https:\/\/agora.xtec.cat\/ceipcreualta\/wp-content\/uploads\/usu503\/2021\/01\/ajuste.png\" alt=\"\" width=\"103\" height=\"103\" srcset=\"https:\/\/agora.xtec.cat\/ceipcreualta\/wp-content\/uploads\/usu503\/2021\/01\/ajuste.png 512w, https:\/\/agora.xtec.cat\/ceipcreualta\/wp-content\/uploads\/usu503\/2021\/01\/ajuste-150x150.png 150w, https:\/\/agora.xtec.cat\/ceipcreualta\/wp-content\/uploads\/usu503\/2021\/01\/ajuste-300x300.png 300w\" sizes=\"auto, (max-width: 103px) 100vw, 103px\" \/><\/a><\/p>\n<p>Registre: <a href=\"https:\/\/iara.serhsfoodeduca.com\/\" target=\"_blank\" rel=\"noopener\">https:\/\/iara.serhsfoodeduca.com\/<\/a><\/p>\n<p>Apps: <a href=\"https:\/\/play.google.com\/store\/apps\/details?id=load.iaraserhsfood&amp;hl=es&amp;pli=1\" target=\"_blank\" rel=\"noopener\">Android\u00a0<\/a>\u00a0 \u00a0<a href=\"https:\/\/apps.apple.com\/es\/app\/serhs-food-educa\/id1367900103\" target=\"_blank\" rel=\"noopener\">Apple\u00a0<\/a><\/p>\n<p><a href=\"https:\/\/agora.xtec.cat\/ceipcreualta\/wp-content\/uploads\/usu503\/2024\/09\/ALTA-NOU-USUARI-GERMA-RENOVACIO-creu-alta.pdf\" target=\"_blank\" rel=\"noopener\">Instruccions per a realitzar l&#8217;alta i\/o renovaci\u00f3 d&#8217;usuaris.<\/a><\/p>\n<p><a href=\"https:\/\/agora.xtec.cat\/ceipcreualta\/wp-content\/uploads\/usu503\/2024\/09\/MANUAL-APP-SERHS-FOOD-EDUCA.pdf\" target=\"_blank\" rel=\"noopener\">Manual d&#8217;\u00fas de l&#8217;aplicaci\u00f3.<\/a><\/p>\n<p>A l&#8217;<a href=\"https:\/\/serhsfoodeduca.com\/aplicacio-seguiment-menjador-escolar\/\" target=\"_blank\" rel=\"noopener\">aplicaci\u00f3 de l&#8217;empresa de menjador SERHS<\/a> podreu visualitzar el men\u00fa del mes.<\/p>\n<p><a href=\"https:\/\/agora.xtec.cat\/ceipcreualta\/wp-content\/uploads\/usu503\/2020\/12\/contrato.png\"><img loading=\"lazy\" decoding=\"async\" class=\"wp-image-19163 alignleft\" src=\"https:\/\/agora.xtec.cat\/ceipcreualta\/wp-content\/uploads\/usu503\/2020\/12\/contrato-300x300.png\" alt=\"\" width=\"143\" height=\"143\" srcset=\"https:\/\/agora.xtec.cat\/ceipcreualta\/wp-content\/uploads\/usu503\/2020\/12\/contrato-300x300.png 300w, https:\/\/agora.xtec.cat\/ceipcreualta\/wp-content\/uploads\/usu503\/2020\/12\/contrato-150x150.png 150w, https:\/\/agora.xtec.cat\/ceipcreualta\/wp-content\/uploads\/usu503\/2020\/12\/contrato.png 512w\" sizes=\"auto, (max-width: 143px) 100vw, 143px\" \/><\/a><\/p>\n<h4 style=\"color: #48c9b0;\"><a href=\"https:\/\/agora.xtec.cat\/ceipcreualta\/wp-content\/uploads\/usu503\/2025\/09\/2-NOUS-PREUS-2-h-30-ISETEMBRE-2025.pdf\">PREUS MENJADOR, CURS 25-26<\/a><\/h4>\n<h4 style=\"color: #48c9b0;\"><a href=\"https:\/\/agora.xtec.cat\/ceipcreualta\/wp-content\/uploads\/usu503\/2025\/11\/INFORMACIO-MENJADOR-CURS-25-26.pdf\">INFORMACI\u00d3 MENJADOR CURS 25-26<\/a><\/h4>\n<h4><\/h4>\n<h4><a href=\"https:\/\/agora.xtec.cat\/ceipcreualta\/wp-content\/uploads\/usu503\/2026\/03\/MENUS-ABRIL-2026-LF_compressed.pdf\">MEN\u00da ABRIL<\/a><\/h4>\n<h4><a href=\"https:\/\/agora.xtec.cat\/ceipcreualta\/wp-content\/uploads\/usu503\/2026\/03\/Ovolacteovegetaria-Creu-Alta_compressed.pdf\">MEN\u00da OVOLACTEOVEGETARI\u00c0<\/a><\/h4>\n<p><strong><a href=\"https:\/\/agora.xtec.cat\/ceipcreualta\/wp-content\/uploads\/usu503\/2025\/09\/FUNCIONAMENT-ED.-INFANTIL-MENJADOR.docx.pdf\">Infantil<\/a><\/strong><\/p>\n<p><strong><a href=\"https:\/\/agora.xtec.cat\/ceipcreualta\/wp-content\/uploads\/usu503\/2025\/09\/FUNCIONAMENT-ED.-PRIMARIA-MENJADOR-1.docx.pdf\">Prim\u00e0ria<\/a><\/strong><\/p>\n<p><a href=\"https:\/\/agora.xtec.cat\/ceipcreualta\/wp-content\/uploads\/usu503\/2023\/10\/PROJECTE-PEDAGOGIC-23-24.pdf\" target=\"_blank\" rel=\"noopener\"><img loading=\"lazy\" decoding=\"async\" class=\" wp-image-19450 alignleft\" src=\"https:\/\/agora.xtec.cat\/ceipcreualta\/wp-content\/uploads\/usu503\/2021\/03\/charla-300x300.png\" alt=\"\" width=\"119\" height=\"119\" srcset=\"https:\/\/agora.xtec.cat\/ceipcreualta\/wp-content\/uploads\/usu503\/2021\/03\/charla-300x300.png 300w, https:\/\/agora.xtec.cat\/ceipcreualta\/wp-content\/uploads\/usu503\/2021\/03\/charla-150x150.png 150w, https:\/\/agora.xtec.cat\/ceipcreualta\/wp-content\/uploads\/usu503\/2021\/03\/charla.png 512w\" sizes=\"auto, (max-width: 119px) 100vw, 119px\" \/><\/a><\/p>\n<h4 style=\"color: #48c9b0;\"><strong>Projecte educatiu de lleure<\/strong><\/h4>\n<p><strong>En els seg\u00fcents enlla\u00e7os podreu descarregar-vos alguns documents d&#8217;inter\u00e8s general:<\/strong><\/p>\n<h1><strong><span style=\"font-size: large;\"><a href=\"https:\/\/agora.xtec.cat\/ceipcreualta\/wp-content\/uploads\/usu503\/2025\/09\/1.2-JORNADA-INTENSIVA-2025-2026-C-AL.pdf\">Autoritzaci\u00f3 per a les jornades intensives<\/a><\/span><\/strong><\/h1>\n<h1><strong><span style=\"font-size: large;\"><a href=\"https:\/\/agora.xtec.cat\/ceipcreualta\/wp-content\/uploads\/usu503\/2024\/09\/0ADMIN_1.pdf\" target=\"_blank\" rel=\"noopener\">Autoritzaci\u00f3 per a l\u2019administraci\u00f3 de medicaments<\/a><\/span><\/strong><\/h1>\n<h4><\/h4>\n","protected":false},"excerpt":{"rendered":"<p>Com que sabem que el rendiment escolar est\u00e0 directament relacionat amb els h\u00e0bits alimentaris dels infants, al servei de menjador ens prenem seriosament la labor de planificar uns men\u00fas variats i adaptats a les necessitats dels infants. Tenim al vostre servei un equip de monitors i monitores especialitzats en donar suport, tant a l\u2019hora de [&hellip;]<\/p>\n","protected":false},"author":2,"featured_media":0,"parent":66,"menu_order":30,"comment_status":"closed","ping_status":"closed","template":"","meta":{"_bbp_topic_count":0,"_bbp_reply_count":0,"_bbp_total_topic_count":0,"_bbp_total_reply_count":0,"_bbp_voice_count":0,"_bbp_anonymous_reply_count":0,"_bbp_topic_count_hidden":0,"_bbp_reply_count_hidden":0,"_bbp_forum_subforum_count":0,"site-sidebar-layout":"default","site-content-layout":"","ast-site-content-layout":"default","site-content-style":"default","site-sidebar-style":"default","ast-global-header-display":"","ast-banner-title-visibility":"","ast-main-header-display":"","ast-hfb-above-header-display":"","ast-hfb-below-header-display":"","ast-hfb-mobile-header-display":"","site-post-title":"","ast-breadcrumbs-content":"","ast-featured-img":"","footer-sml-layout":"","theme-transparent-header-meta":"","adv-header-id-meta":"","stick-header-meta":"","header-above-stick-meta":"","header-main-stick-meta":"","header-below-stick-meta":"","astra-migrate-meta-layouts":"set","ast-page-background-enabled":"default","ast-page-background-meta":{"desktop":{"background-color":"var(--ast-global-color-4)","background-image":"","background-repeat":"repeat","background-position":"center center","background-size":"auto","background-attachment":"scroll","background-type":"","background-media":"","overlay-type":"","overlay-color":"","overlay-opacity":"","overlay-gradient":""},"tablet":{"background-color":"","background-image":"","background-repeat":"repeat","background-position":"center center","background-size":"auto","background-attachment":"scroll","background-type":"","background-media":"","overlay-type":"","overlay-color":"","overlay-opacity":"","overlay-gradient":""},"mobile":{"background-color":"","background-image":"","background-repeat":"repeat","background-position":"center center","background-size":"auto","background-attachment":"scroll","background-type":"","background-media":"","overlay-type":"","overlay-color":"","overlay-opacity":"","overlay-gradient":""}},"ast-content-background-meta":{"desktop":{"background-color":"var(--ast-global-color-5)","background-image":"","background-repeat":"repeat","background-position":"center center","background-size":"auto","background-attachment":"scroll","background-type":"","background-media":"","overlay-type":"","overlay-color":"","overlay-opacity":"","overlay-gradient":""},"tablet":{"background-color":"var(--ast-global-color-5)","background-image":"","background-repeat":"repeat","background-position":"center center","background-size":"auto","background-attachment":"scroll","background-type":"","background-media":"","overlay-type":"","overlay-color":"","overlay-opacity":"","overlay-gradient":""},"mobile":{"background-color":"var(--ast-global-color-5)","background-image":"","background-repeat":"repeat","background-position":"center center","background-size":"auto","background-attachment":"scroll","background-type":"","background-media":"","overlay-type":"","overlay-color":"","overlay-opacity":"","overlay-gradient":""}},"footnotes":""},"class_list":["post-73","page","type-page","status-publish","hentry"],"post_mailing_queue_ids":[],"_links":{"self":[{"href":"https:\/\/agora.xtec.cat\/ceipcreualta\/wp-json\/wp\/v2\/pages\/73","targetHints":{"allow":["GET"]}}],"collection":[{"href":"https:\/\/agora.xtec.cat\/ceipcreualta\/wp-json\/wp\/v2\/pages"}],"about":[{"href":"https:\/\/agora.xtec.cat\/ceipcreualta\/wp-json\/wp\/v2\/types\/page"}],"author":[{"embeddable":true,"href":"https:\/\/agora.xtec.cat\/ceipcreualta\/wp-json\/wp\/v2\/users\/2"}],"replies":[{"embeddable":true,"href":"https:\/\/agora.xtec.cat\/ceipcreualta\/wp-json\/wp\/v2\/comments?post=73"}],"version-history":[{"count":6,"href":"https:\/\/agora.xtec.cat\/ceipcreualta\/wp-json\/wp\/v2\/pages\/73\/revisions"}],"predecessor-version":[{"id":23687,"href":"https:\/\/agora.xtec.cat\/ceipcreualta\/wp-json\/wp\/v2\/pages\/73\/revisions\/23687"}],"up":[{"embeddable":true,"href":"https:\/\/agora.xtec.cat\/ceipcreualta\/wp-json\/wp\/v2\/pages\/66"}],"wp:attachment":[{"href":"https:\/\/agora.xtec.cat\/ceipcreualta\/wp-json\/wp\/v2\/media?parent=73"}],"curies":[{"name":"wp","href":"https:\/\/api.w.org\/{rel}","templated":true}]}}