{"id":66,"date":"2014-09-18T12:40:47","date_gmt":"2014-09-18T12:40:47","guid":{"rendered":"http:\/\/agora.xtec.cat\/ceipcreualta\/?page_id=66"},"modified":"2025-11-14T10:50:17","modified_gmt":"2025-11-14T09:50:17","slug":"serveis","status":"publish","type":"page","link":"https:\/\/agora.xtec.cat\/ceipcreualta\/serveis\/","title":{"rendered":"Serveis"},"content":{"rendered":"\n<p><a href=\"https:\/\/www.ampacreualta.cat\/inici\" data-type=\"link\" data-id=\"https:\/\/www.ampacreualta.cat\/inici\"><strong>ACTIVITATS EXTRAESCOLARS<\/strong><\/a><\/p>\n\n\n\n<p>En aquest enlla\u00e7 se us redirigir\u00e0 a la p\u00e0gina de l&#8217;AMPA que es dedica a l&#8217;organitzaci\u00f3 i gesti\u00f3 de les extraescolars del centre. <\/p>\n\n\n\n<p><\/p>\n\n\n\n<p><strong><a href=\"https:\/\/agora.xtec.cat\/ceipcreualta\/serveis\/acollida\/\" data-type=\"link\" data-id=\"https:\/\/agora.xtec.cat\/ceipcreualta\/serveis\/acollida\/\">ACOLLIDA<\/a><\/strong><\/p>\n\n\n\n<p>En aquest apartat trobareu informaci\u00f3 sobre horaris, preus i organitzaci\u00f3 del servei d&#8217;acollida matinal i de tardes, que gestiona l&#8217;AMPA de l&#8217;escola.<\/p>\n\n\n\n<p><\/p>\n\n\n\n<p><a href=\"https:\/\/agora.xtec.cat\/ceipcreualta\/serveis\/menjador-escolar\/\" data-type=\"link\" data-id=\"https:\/\/agora.xtec.cat\/ceipcreualta\/serveis\/menjador-escolar\/\"><strong>MENJADOR ESCOLAR<\/strong><\/a><\/p>\n\n\n\n<p>Des d&#8217;aquest altre link podreu accedir a diverses informacions relacionades amb el menjador escolar, les activitats que s&#8217;hi realitzen, l&#8217;aplicaci\u00f3 de SEHRS, els men\u00fas&#8230;<\/p>\n","protected":false},"excerpt":{"rendered":"<p>ACTIVITATS EXTRAESCOLARS En aquest enlla\u00e7 se us redirigir\u00e0 a la p\u00e0gina de l&#8217;AMPA que es dedica a l&#8217;organitzaci\u00f3 i gesti\u00f3 de les extraescolars del centre. ACOLLIDA En aquest apartat trobareu informaci\u00f3 sobre horaris, preus i organitzaci\u00f3 del servei d&#8217;acollida matinal i de tardes, que gestiona l&#8217;AMPA de l&#8217;escola. MENJADOR ESCOLAR Des d&#8217;aquest altre link podreu [&hellip;]<\/p>\n","protected":false},"author":2,"featured_media":0,"parent":0,"menu_order":0,"comment_status":"closed","ping_status":"closed","template":"","meta":{"_bbp_topic_count":0,"_bbp_reply_count":0,"_bbp_total_topic_count":0,"_bbp_total_reply_count":0,"_bbp_voice_count":0,"_bbp_anonymous_reply_count":0,"_bbp_topic_count_hidden":0,"_bbp_reply_count_hidden":0,"_bbp_forum_subforum_count":0,"site-sidebar-layout":"default","site-content-layout":"","ast-site-content-layout":"default","site-content-style":"default","site-sidebar-style":"default","ast-global-header-display":"","ast-banner-title-visibility":"","ast-main-header-display":"","ast-hfb-above-header-display":"","ast-hfb-below-header-display":"","ast-hfb-mobile-header-display":"","site-post-title":"","ast-breadcrumbs-content":"","ast-featured-img":"","footer-sml-layout":"","theme-transparent-header-meta":"","adv-header-id-meta":"","stick-header-meta":"","header-above-stick-meta":"","header-main-stick-meta":"","header-below-stick-meta":"","astra-migrate-meta-layouts":"set","ast-page-background-enabled":"default","ast-page-background-meta":{"desktop":{"background-color":"var(--ast-global-color-4)","background-image":"","background-repeat":"repeat","background-position":"center center","background-size":"auto","background-attachment":"scroll","background-type":"","background-media":"","overlay-type":"","overlay-color":"","overlay-opacity":"","overlay-gradient":""},"tablet":{"background-color":"","background-image":"","background-repeat":"repeat","background-position":"center center","background-size":"auto","background-attachment":"scroll","background-type":"","background-media":"","overlay-type":"","overlay-color":"","overlay-opacity":"","overlay-gradient":""},"mobile":{"background-color":"","background-image":"","background-repeat":"repeat","background-position":"center center","background-size":"auto","background-attachment":"scroll","background-type":"","background-media":"","overlay-type":"","overlay-color":"","overlay-opacity":"","overlay-gradient":""}},"ast-content-background-meta":{"desktop":{"background-color":"var(--ast-global-color-5)","background-image":"","background-repeat":"repeat","background-position":"center center","background-size":"auto","background-attachment":"scroll","background-type":"","background-media":"","overlay-type":"","overlay-color":"","overlay-opacity":"","overlay-gradient":""},"tablet":{"background-color":"var(--ast-global-color-5)","background-image":"","background-repeat":"repeat","background-position":"center center","background-size":"auto","background-attachment":"scroll","background-type":"","background-media":"","overlay-type":"","overlay-color":"","overlay-opacity":"","overlay-gradient":""},"mobile":{"background-color":"var(--ast-global-color-5)","background-image":"","background-repeat":"repeat","background-position":"center center","background-size":"auto","background-attachment":"scroll","background-type":"","background-media":"","overlay-type":"","overlay-color":"","overlay-opacity":"","overlay-gradient":""}},"footnotes":""},"class_list":["post-66","page","type-page","status-publish","hentry"],"post_mailing_queue_ids":[],"_links":{"self":[{"href":"https:\/\/agora.xtec.cat\/ceipcreualta\/wp-json\/wp\/v2\/pages\/66","targetHints":{"allow":["GET"]}}],"collection":[{"href":"https:\/\/agora.xtec.cat\/ceipcreualta\/wp-json\/wp\/v2\/pages"}],"about":[{"href":"https:\/\/agora.xtec.cat\/ceipcreualta\/wp-json\/wp\/v2\/types\/page"}],"author":[{"embeddable":true,"href":"https:\/\/agora.xtec.cat\/ceipcreualta\/wp-json\/wp\/v2\/users\/2"}],"replies":[{"embeddable":true,"href":"https:\/\/agora.xtec.cat\/ceipcreualta\/wp-json\/wp\/v2\/comments?post=66"}],"version-history":[{"count":6,"href":"https:\/\/agora.xtec.cat\/ceipcreualta\/wp-json\/wp\/v2\/pages\/66\/revisions"}],"predecessor-version":[{"id":22960,"href":"https:\/\/agora.xtec.cat\/ceipcreualta\/wp-json\/wp\/v2\/pages\/66\/revisions\/22960"}],"wp:attachment":[{"href":"https:\/\/agora.xtec.cat\/ceipcreualta\/wp-json\/wp\/v2\/media?parent=66"}],"curies":[{"name":"wp","href":"https:\/\/api.w.org\/{rel}","templated":true}]}}