{"id":36,"date":"2014-09-18T12:33:11","date_gmt":"2014-09-18T12:33:11","guid":{"rendered":"http:\/\/agora.xtec.cat\/ceipcreualta\/?page_id=36"},"modified":"2025-11-10T12:15:44","modified_gmt":"2025-11-10T11:15:44","slug":"material-escolar","status":"publish","type":"page","link":"https:\/\/agora.xtec.cat\/ceipcreualta\/documents-escola\/material-escolar\/","title":{"rendered":"Documents per descarregar"},"content":{"rendered":"<h6><a href=\"http:\/\/agora.xtec.cat\/ceipcreualta\/wp-content\/uploads\/usu503\/2014\/09\/signar_1.png\"><img loading=\"lazy\" decoding=\"async\" class=\"wp-image-8887 alignleft\" src=\"http:\/\/agora.xtec.cat\/ceipcreualta\/wp-content\/uploads\/usu503\/2014\/09\/signar_1.png\" alt=\"\" width=\"183\" height=\"183\" srcset=\"https:\/\/agora.xtec.cat\/ceipcreualta\/wp-content\/uploads\/usu503\/2014\/09\/signar_1.png 500w, https:\/\/agora.xtec.cat\/ceipcreualta\/wp-content\/uploads\/usu503\/2014\/09\/signar_1-150x150.png 150w, https:\/\/agora.xtec.cat\/ceipcreualta\/wp-content\/uploads\/usu503\/2014\/09\/signar_1-300x300.png 300w\" sizes=\"auto, (max-width: 183px) 100vw, 183px\" \/><\/a><\/h6>\n<h6><\/h6>\n<h6><\/h6>\n<p><a href=\"https:\/\/agora.xtec.cat\/ceipcreualta\/wp-content\/uploads\/usu503\/2020\/09\/AUTORITZACI\u00d3-PER-MARXAR-A-CASA.pdf\" target=\"_blank\" rel=\"noopener noreferrer\">AUTORITZACI\u00d3 PER MARXAR A CASA<\/a><\/p>\n<p><a href=\"https:\/\/agora.xtec.cat\/ceipcreualta\/wp-content\/uploads\/usu503\/2020\/09\/Autoritzaci\u00f3-per-recollir-els-infants.pdf\" target=\"_blank\" rel=\"noopener noreferrer\">AUTORITZACI\u00d3 PER A RECOLLIR ELS INFANTS<\/a><\/p>\n<p><a href=\"https:\/\/agora.xtec.cat\/ceipcreualta\/wp-content\/uploads\/usu503\/2020\/09\/AUTORITZACI\u00d3-DE-RECOLLIDA-GERMANS.pdf\" target=\"_blank\" rel=\"noopener noreferrer\">AUTORITZACI\u00d3 DE RECOLLIDA GERMANS<\/a><\/p>\n<p><a href=\"https:\/\/agora.xtec.cat\/ceipcreualta\/wp-content\/uploads\/usu503\/2020\/11\/autoritzaci\u00f3-sortides-escolars.pdf\">AUTORITZACI\u00d3 SORTIDES I EXCURSIONS\u00a0<\/a><\/p>\n<p><a href=\"https:\/\/agora.xtec.cat\/ceipcreualta\/wp-content\/uploads\/usu503\/2020\/09\/SOL\u2022LICITO-CANVI-ACTUALITZACI\u00d3-DE-LES-DADES-SEG\u00dcENTS.pdf\" target=\"_blank\" rel=\"noopener noreferrer\">SOL\u2022LICITUD CANVI ACTUALITZACI\u00d3 DE DADES<\/a><\/p>\n<p><a href=\"https:\/\/agora.xtec.cat\/ceipcreualta\/wp-content\/uploads\/usu503\/2020\/09\/AUTORITZACI\u00d3-PER-A-L\u2019ADMINISTRACI\u00d3-DE-MEDICAMENTS.pdf\" target=\"_blank\" rel=\"noopener noreferrer\">AUTORITZACI\u00d3 PER A\u00a0 ADMINISTRACI\u00d3 DE MEDICAMENTS<\/a><\/p>\n<p><a href=\"https:\/\/agora.xtec.cat\/ceipcreualta\/wp-content\/uploads\/usu503\/2023\/04\/AUTORITZACIO-DIGITAL-MENORS-14-ANYS.pdf\" target=\"_blank\" rel=\"attachment noopener wp-att-21062\">AUTORITZACI\u00d3 DIGITAL MENORS 14 ANYS<\/a><\/p>\n<p><a href=\"https:\/\/agora.xtec.cat\/ceipcreualta\/wp-content\/uploads\/usu503\/2023\/04\/AUTORITZACIO-DINANTIA-I-TPV-ESCOLA.pdf\" target=\"_blank\" rel=\"attachment noopener wp-att-21064\">AUTORITZACI\u00d3 DINANTIA I TPV ESCOLA<\/a><\/p>\n<p><a href=\"https:\/\/agora.xtec.cat\/ceipcreualta\/wp-content\/uploads\/usu503\/2023\/04\/AUTORITZACIO-G_SUITE-CLASSROOM.pdf\" target=\"_blank\" rel=\"attachment noopener wp-att-21065\">AUTORITZACI\u00d3 G_SUITE CLASSROOM<\/a><\/p>\n<p><a href=\"https:\/\/agora.xtec.cat\/ceipcreualta\/wp-content\/uploads\/usu503\/2025\/10\/criteris_no_assistencia_alumnat_escola_llar_infants_durant_periode_temps_determina_causa_malalties_transmisibles_2023.pdf\">CRITERIS DE NO ASSIST\u00c8NCIA AL CENTRE PER MALALTIA<\/a><\/p>\n<p style=\"text-align: justify;\">\n","protected":false},"excerpt":{"rendered":"<p>AUTORITZACI\u00d3 PER MARXAR A CASA AUTORITZACI\u00d3 PER A RECOLLIR ELS INFANTS AUTORITZACI\u00d3 DE RECOLLIDA GERMANS AUTORITZACI\u00d3 SORTIDES I EXCURSIONS\u00a0 SOL\u2022LICITUD CANVI ACTUALITZACI\u00d3 DE DADES AUTORITZACI\u00d3 PER A\u00a0 ADMINISTRACI\u00d3 DE MEDICAMENTS AUTORITZACI\u00d3 DIGITAL MENORS 14 ANYS AUTORITZACI\u00d3 DINANTIA I TPV ESCOLA AUTORITZACI\u00d3 G_SUITE CLASSROOM CRITERIS DE NO ASSIST\u00c8NCIA AL CENTRE PER MALALTIA<\/p>\n","protected":false},"author":2,"featured_media":0,"parent":9128,"menu_order":70,"comment_status":"closed","ping_status":"closed","template":"","meta":{"_bbp_topic_count":0,"_bbp_reply_count":0,"_bbp_total_topic_count":0,"_bbp_total_reply_count":0,"_bbp_voice_count":0,"_bbp_anonymous_reply_count":0,"_bbp_topic_count_hidden":0,"_bbp_reply_count_hidden":0,"_bbp_forum_subforum_count":0,"site-sidebar-layout":"default","site-content-layout":"","ast-site-content-layout":"default","site-content-style":"default","site-sidebar-style":"default","ast-global-header-display":"","ast-banner-title-visibility":"","ast-main-header-display":"","ast-hfb-above-header-display":"","ast-hfb-below-header-display":"","ast-hfb-mobile-header-display":"","site-post-title":"","ast-breadcrumbs-content":"","ast-featured-img":"","footer-sml-layout":"","theme-transparent-header-meta":"","adv-header-id-meta":"","stick-header-meta":"","header-above-stick-meta":"","header-main-stick-meta":"","header-below-stick-meta":"","astra-migrate-meta-layouts":"set","ast-page-background-enabled":"default","ast-page-background-meta":{"desktop":{"background-color":"var(--ast-global-color-4)","background-image":"","background-repeat":"repeat","background-position":"center center","background-size":"auto","background-attachment":"scroll","background-type":"","background-media":"","overlay-type":"","overlay-color":"","overlay-opacity":"","overlay-gradient":""},"tablet":{"background-color":"","background-image":"","background-repeat":"repeat","background-position":"center center","background-size":"auto","background-attachment":"scroll","background-type":"","background-media":"","overlay-type":"","overlay-color":"","overlay-opacity":"","overlay-gradient":""},"mobile":{"background-color":"","background-image":"","background-repeat":"repeat","background-position":"center center","background-size":"auto","background-attachment":"scroll","background-type":"","background-media":"","overlay-type":"","overlay-color":"","overlay-opacity":"","overlay-gradient":""}},"ast-content-background-meta":{"desktop":{"background-color":"var(--ast-global-color-5)","background-image":"","background-repeat":"repeat","background-position":"center center","background-size":"auto","background-attachment":"scroll","background-type":"","background-media":"","overlay-type":"","overlay-color":"","overlay-opacity":"","overlay-gradient":""},"tablet":{"background-color":"var(--ast-global-color-5)","background-image":"","background-repeat":"repeat","background-position":"center center","background-size":"auto","background-attachment":"scroll","background-type":"","background-media":"","overlay-type":"","overlay-color":"","overlay-opacity":"","overlay-gradient":""},"mobile":{"background-color":"var(--ast-global-color-5)","background-image":"","background-repeat":"repeat","background-position":"center center","background-size":"auto","background-attachment":"scroll","background-type":"","background-media":"","overlay-type":"","overlay-color":"","overlay-opacity":"","overlay-gradient":""}},"footnotes":""},"class_list":["post-36","page","type-page","status-publish","hentry"],"post_mailing_queue_ids":[],"_links":{"self":[{"href":"https:\/\/agora.xtec.cat\/ceipcreualta\/wp-json\/wp\/v2\/pages\/36","targetHints":{"allow":["GET"]}}],"collection":[{"href":"https:\/\/agora.xtec.cat\/ceipcreualta\/wp-json\/wp\/v2\/pages"}],"about":[{"href":"https:\/\/agora.xtec.cat\/ceipcreualta\/wp-json\/wp\/v2\/types\/page"}],"author":[{"embeddable":true,"href":"https:\/\/agora.xtec.cat\/ceipcreualta\/wp-json\/wp\/v2\/users\/2"}],"replies":[{"embeddable":true,"href":"https:\/\/agora.xtec.cat\/ceipcreualta\/wp-json\/wp\/v2\/comments?post=36"}],"version-history":[{"count":6,"href":"https:\/\/agora.xtec.cat\/ceipcreualta\/wp-json\/wp\/v2\/pages\/36\/revisions"}],"predecessor-version":[{"id":22909,"href":"https:\/\/agora.xtec.cat\/ceipcreualta\/wp-json\/wp\/v2\/pages\/36\/revisions\/22909"}],"up":[{"embeddable":true,"href":"https:\/\/agora.xtec.cat\/ceipcreualta\/wp-json\/wp\/v2\/pages\/9128"}],"wp:attachment":[{"href":"https:\/\/agora.xtec.cat\/ceipcreualta\/wp-json\/wp\/v2\/media?parent=36"}],"curies":[{"name":"wp","href":"https:\/\/api.w.org\/{rel}","templated":true}]}}