{"id":32,"date":"2016-09-10T12:31:33","date_gmt":"2016-09-10T11:31:33","guid":{"rendered":"http:\/\/agora.xtec.cat\/ceipcreualta\/?page_id=32"},"modified":"2025-07-17T10:39:44","modified_gmt":"2025-07-17T08:39:44","slug":"calendari-del-curs","status":"publish","type":"page","link":"https:\/\/agora.xtec.cat\/ceipcreualta\/lescola-2\/calendari-del-curs\/","title":{"rendered":"Calendari  Curs"},"content":{"rendered":"<h2 style=\"text-align: center;\"><span style=\"color: #7fb3d5;\"><strong><span style=\"color: #a3e4d7;\">CALENDARI ESCOLAR CURS 25-26<\/span><\/strong><\/span><\/h2>\n<p><a href=\"https:\/\/agora.xtec.cat\/ceipcreualta\/wp-content\/uploads\/usu503\/2025\/06\/2025_2026-Calendari-escolar-1.pdf\" target=\"_blank\" rel=\"attachment noopener wp-att-22549\">2025_2026 Calendari escolar (1)<\/a><\/p>\n<p><a href=\"https:\/\/agora.xtec.cat\/ceipcreualta\/lescola\/calendari-del-curs\/attachment\/2025_2026-calendari-escolar-1-2\/\" rel=\"attachment wp-att-22550\"><img loading=\"lazy\" decoding=\"async\" class=\"alignnone size-large wp-image-22550\" src=\"https:\/\/agora.xtec.cat\/ceipcreualta\/wp-content\/uploads\/usu503\/2025\/06\/2025_2026-Calendari-escolar-1-1-724x1024.png\" alt=\"\" width=\"724\" height=\"1024\" srcset=\"https:\/\/agora.xtec.cat\/ceipcreualta\/wp-content\/uploads\/usu503\/2025\/06\/2025_2026-Calendari-escolar-1-1-724x1024.png 724w, https:\/\/agora.xtec.cat\/ceipcreualta\/wp-content\/uploads\/usu503\/2025\/06\/2025_2026-Calendari-escolar-1-1-212x300.png 212w, https:\/\/agora.xtec.cat\/ceipcreualta\/wp-content\/uploads\/usu503\/2025\/06\/2025_2026-Calendari-escolar-1-1-768x1086.png 768w, https:\/\/agora.xtec.cat\/ceipcreualta\/wp-content\/uploads\/usu503\/2025\/06\/2025_2026-Calendari-escolar-1-1-1086x1536.png 1086w, https:\/\/agora.xtec.cat\/ceipcreualta\/wp-content\/uploads\/usu503\/2025\/06\/2025_2026-Calendari-escolar-1-1.png 1414w\" sizes=\"auto, (max-width: 724px) 100vw, 724px\" \/><\/a><\/p>\n<p><a href=\"https:\/\/agora.xtec.cat\/ceipcreualta\/general\/2025_2026-calendari-escolar\/attachment\/2025_2026-calendari-escolar\/\" rel=\"attachment wp-att-22519\"><img loading=\"lazy\" decoding=\"async\" class=\"alignnone size-full wp-image-22519\" src=\"https:\/\/agora.xtec.cat\/ceipcreualta\/wp-content\/uploads\/usu503\/2025\/06\/2025_2026-Calendari-escolar.png\" alt=\"\" width=\"598\" height=\"842\" srcset=\"https:\/\/agora.xtec.cat\/ceipcreualta\/wp-content\/uploads\/usu503\/2025\/06\/2025_2026-Calendari-escolar.png 598w, https:\/\/agora.xtec.cat\/ceipcreualta\/wp-content\/uploads\/usu503\/2025\/06\/2025_2026-Calendari-escolar-213x300.png 213w\" sizes=\"auto, (max-width: 598px) 100vw, 598px\" \/><\/a><\/p>\n<p><a href=\"https:\/\/agora.xtec.cat\/ceipcreualta\/wp-content\/uploads\/usu503\/2020\/10\/calendario.png\"><img loading=\"lazy\" decoding=\"async\" class=\" wp-image-10227 alignright\" src=\"https:\/\/agora.xtec.cat\/ceipcreualta\/wp-content\/uploads\/usu503\/2020\/10\/calendario.png\" alt=\"\" width=\"177\" height=\"177\" srcset=\"https:\/\/agora.xtec.cat\/ceipcreualta\/wp-content\/uploads\/usu503\/2020\/10\/calendario.png 512w, https:\/\/agora.xtec.cat\/ceipcreualta\/wp-content\/uploads\/usu503\/2020\/10\/calendario-150x150.png 150w, https:\/\/agora.xtec.cat\/ceipcreualta\/wp-content\/uploads\/usu503\/2020\/10\/calendario-300x300.png 300w\" sizes=\"auto, (max-width: 177px) 100vw, 177px\" \/><\/a><\/p>\n<p>El curs comen\u00e7ar\u00e0 el 8 de setembre de 2025 i finalitzar\u00e0 el 19 de juny del 2026.<\/p>\n<p><strong>HORARI ESCOLAR:<\/strong><\/p>\n<p>Mat\u00ed 8.45h a 12.15h<br \/>\nTarda 14.45h a 16.15h<\/p>\n<p><strong>HORARI INTENSIVA:<\/strong><\/p>\n<p>Mat\u00ed 8.45h a 12.45h<br \/>\n19 de desembre. I del 8 al 19 de juny<\/p>\n","protected":false},"excerpt":{"rendered":"<p>CALENDARI ESCOLAR CURS 25-26 2025_2026 Calendari escolar (1) El curs comen\u00e7ar\u00e0 el 8 de setembre de 2025 i finalitzar\u00e0 el 19 de juny del 2026. HORARI ESCOLAR: Mat\u00ed 8.45h a 12.15h Tarda 14.45h a 16.15h HORARI INTENSIVA: Mat\u00ed 8.45h a 12.45h 19 de desembre. I del 8 al 19 de juny<\/p>\n","protected":false},"author":2,"featured_media":0,"parent":9090,"menu_order":50,"comment_status":"closed","ping_status":"closed","template":"","meta":{"_bbp_topic_count":0,"_bbp_reply_count":0,"_bbp_total_topic_count":0,"_bbp_total_reply_count":0,"_bbp_voice_count":0,"_bbp_anonymous_reply_count":0,"_bbp_topic_count_hidden":0,"_bbp_reply_count_hidden":0,"_bbp_forum_subforum_count":0,"site-sidebar-layout":"default","site-content-layout":"","ast-site-content-layout":"default","site-content-style":"default","site-sidebar-style":"default","ast-global-header-display":"","ast-banner-title-visibility":"","ast-main-header-display":"","ast-hfb-above-header-display":"","ast-hfb-below-header-display":"","ast-hfb-mobile-header-display":"","site-post-title":"","ast-breadcrumbs-content":"","ast-featured-img":"","footer-sml-layout":"","theme-transparent-header-meta":"","adv-header-id-meta":"","stick-header-meta":"","header-above-stick-meta":"","header-main-stick-meta":"","header-below-stick-meta":"","astra-migrate-meta-layouts":"set","ast-page-background-enabled":"default","ast-page-background-meta":{"desktop":{"background-color":"var(--ast-global-color-4)","background-image":"","background-repeat":"repeat","background-position":"center center","background-size":"auto","background-attachment":"scroll","background-type":"","background-media":"","overlay-type":"","overlay-color":"","overlay-opacity":"","overlay-gradient":""},"tablet":{"background-color":"","background-image":"","background-repeat":"repeat","background-position":"center center","background-size":"auto","background-attachment":"scroll","background-type":"","background-media":"","overlay-type":"","overlay-color":"","overlay-opacity":"","overlay-gradient":""},"mobile":{"background-color":"","background-image":"","background-repeat":"repeat","background-position":"center center","background-size":"auto","background-attachment":"scroll","background-type":"","background-media":"","overlay-type":"","overlay-color":"","overlay-opacity":"","overlay-gradient":""}},"ast-content-background-meta":{"desktop":{"background-color":"var(--ast-global-color-5)","background-image":"","background-repeat":"repeat","background-position":"center center","background-size":"auto","background-attachment":"scroll","background-type":"","background-media":"","overlay-type":"","overlay-color":"","overlay-opacity":"","overlay-gradient":""},"tablet":{"background-color":"var(--ast-global-color-5)","background-image":"","background-repeat":"repeat","background-position":"center center","background-size":"auto","background-attachment":"scroll","background-type":"","background-media":"","overlay-type":"","overlay-color":"","overlay-opacity":"","overlay-gradient":""},"mobile":{"background-color":"var(--ast-global-color-5)","background-image":"","background-repeat":"repeat","background-position":"center center","background-size":"auto","background-attachment":"scroll","background-type":"","background-media":"","overlay-type":"","overlay-color":"","overlay-opacity":"","overlay-gradient":""}},"footnotes":""},"class_list":["post-32","page","type-page","status-publish","hentry"],"post_mailing_queue_ids":[],"_links":{"self":[{"href":"https:\/\/agora.xtec.cat\/ceipcreualta\/wp-json\/wp\/v2\/pages\/32","targetHints":{"allow":["GET"]}}],"collection":[{"href":"https:\/\/agora.xtec.cat\/ceipcreualta\/wp-json\/wp\/v2\/pages"}],"about":[{"href":"https:\/\/agora.xtec.cat\/ceipcreualta\/wp-json\/wp\/v2\/types\/page"}],"author":[{"embeddable":true,"href":"https:\/\/agora.xtec.cat\/ceipcreualta\/wp-json\/wp\/v2\/users\/2"}],"replies":[{"embeddable":true,"href":"https:\/\/agora.xtec.cat\/ceipcreualta\/wp-json\/wp\/v2\/comments?post=32"}],"version-history":[{"count":6,"href":"https:\/\/agora.xtec.cat\/ceipcreualta\/wp-json\/wp\/v2\/pages\/32\/revisions"}],"predecessor-version":[{"id":22698,"href":"https:\/\/agora.xtec.cat\/ceipcreualta\/wp-json\/wp\/v2\/pages\/32\/revisions\/22698"}],"up":[{"embeddable":true,"href":"https:\/\/agora.xtec.cat\/ceipcreualta\/wp-json\/wp\/v2\/pages\/9090"}],"wp:attachment":[{"href":"https:\/\/agora.xtec.cat\/ceipcreualta\/wp-json\/wp\/v2\/media?parent=32"}],"curies":[{"name":"wp","href":"https:\/\/api.w.org\/{rel}","templated":true}]}}