{"id":26,"date":"2014-09-18T12:24:32","date_gmt":"2014-09-18T12:24:32","guid":{"rendered":"http:\/\/agora.xtec.cat\/ceipcreualta\/?page_id=26"},"modified":"2025-12-04T09:15:50","modified_gmt":"2025-12-04T08:15:50","slug":"historia","status":"publish","type":"page","link":"https:\/\/agora.xtec.cat\/ceipcreualta\/lescola-2\/historia\/","title":{"rendered":"Hist\u00f2ria"},"content":{"rendered":"\n<h1 class=\"wp-block-heading\">\u00a0<strong><span style=\"color: #a6e5d9;\">Breu hist\u00f2ria de la nostra escola\u00a0<\/span><\/strong><\/h1>\n\n\n\n<h2 class=\"wp-block-heading\"><strong><span style=\"color: #a3e4d7;\">L&#8217;escola de la Rep\u00fablica&nbsp;<\/span><\/strong><\/h2>\n\n\n\n<p>\u00a0L\u2019any 1931 Sabadell tenia un cens escolar de 8.550 alumnes, dels quals nom\u00e9s 5.550 estaven matriculats. Com a conseq\u00fc\u00e8ncia d\u2019aix\u00f2, 3.000 nens i nenes no podien assistir a l\u2019escola.<\/p>\n\n\n\n<p>Com a soluci\u00f3, l\u2019alcalde Mag\u00ed Marc\u00e9 va decidir construir tres noves escoles, una de les quals era la nostra: l&#8217;escola Creu Alta.<\/p>\n\n\n\n<p>La primera pedra es va posar el 5 d\u2019agost de 1935, aprofitant la Festa Major, i les obres es van iniciar al febrer de 1936, per\u00f2 es van aturar al 1937 degut a la Guerra Civil.<\/p>\n\n\n\n<figure class=\"wp-block-image alignwide\"><img loading=\"lazy\" decoding=\"async\" width=\"300\" height=\"116\" src=\"http:\/\/agora.xtec.cat\/ceipcreualta\/wp-content\/uploads\/usu503\/2014\/09\/image003-300x116.gif\" alt=\"image003\" class=\"wp-image-180\"\/><\/figure>\n\n\n\n<p><\/p>\n\n\n\n<h2 class=\"wp-block-heading\">&nbsp;<\/h2>\n\n\n\n<h2 class=\"wp-block-heading\"><strong><span style=\"color: #a3e4d7;\">L&#8217;escola de la Postguerra<\/span><\/strong><\/h2>\n\n\n\n<p>La subsecretaria d\u2019Aviaci\u00f3 va incautar l\u2019edifici de l\u2019escola l\u20191 de desembre de 1938. Va ser ocupada per soldats i utilitzada com a caserna.<\/p>\n\n\n\n<p>El 14 d\u2019agost de 1941 la regi\u00f3 A\u00e8ria va retornar l\u2019edifici de l\u2019escola a l\u2019Ajuntament.<\/p>\n\n\n\n<p>La falta d\u2019habitatges va fer que fessin \u00fas de l\u2019edifici de l\u2019escola els sense sostre, generalment nouvinguts i gent d\u2019\u00e8tnia gitana. No hi havia ni finestres ni portes i la gent les tapava amb cartrons, fustes i roba.<\/p>\n\n\n\n<p>Per falta de mitjans econ\u00f2mics, l\u2019Ajuntament va vendre a la \u201cCaixa d\u2019Estalvis de Sabadell\u201d l\u2019edifici de l\u2019escola i l\u2019any 1952 va edificar-hi habitatges i dos petits edificis que es van destinar a una nova escola.<\/p>\n\n\n\n<p>Al maig de 1954 va tenir lloc la inauguraci\u00f3 de les vivendes, locals baixos per a comer\u00e7os i l\u2019escola.<\/p>\n\n\n\n<h2 class=\"wp-block-heading\">&nbsp;<\/h2>\n\n\n\n<h2 class=\"wp-block-heading\"><strong><span style=\"color: #a3e4d7;\">L&#8217;escola&nbsp;&nbsp;<\/span><\/strong><\/h2>\n\n\n\n<p>Va comen\u00e7ar a funcionar com a escola unit\u00e0ria. Constava de dos pavellons, un de nens i l\u2019altre de nenes. Cada pavell\u00f3 tenia dues aules.<\/p>\n\n\n\n<p>Cap als anys 60 l\u2019Escola va passar a formar part de l\u2019 <strong>\u201d<em>Agrupaci\u00f3n Escolar Concordia<\/em><\/strong> <strong>\u201d<\/strong>, que estava compresa, a m\u00e9s a m\u00e9s, per unitats del sector de la Conc\u00f2rdia i del sector del carrer Major.<\/p>\n\n\n\n<p>Als anys 70 es va implantar l\u2019EGB amb car\u00e0cter obligatori i gratu\u00eft. A partir del curs 75-76 al <strong>\u201c<em>Colegio Nacional Concordia\u201d <\/em><\/strong>es va implantar la segona etapa d\u2019EGB. Per aix\u00f2, a l&#8217;escola del sector Ribot i Serra es van realitzar unes obres d\u2019ampliaci\u00f3, que van consistir en aixecar un pis amb 3 aules a cada pavell\u00f3. D\u2019aquesta manera, el sector Ribot i Serra va passar a tenir de 4 a 10 aules on s\u2019impartien nom\u00e9s classes de 6\u00e8, 7\u00e8 i 8\u00e8 amb una matr\u00edcula de 40 alumnes per classe.<\/p>\n\n\n\n<p>Els alumnes que venien d\u2019aquest sector eren els grans de tot el <strong>\u201c<em>Colegio Nacional Concordia\u201d<\/em> <\/strong>, i els alumnes de pre-escolar i primera etapa quedaven repartits entre C\/ Blanca, C\/ Major, C\/ Ramiro de Maeztu i les aules prefabricades a Can Borgony\u00f3.<\/p>\n\n\n\n<p>Va ser al curs 81-82, amb la construcci\u00f3 del CN Font Rosella i el tancament de les aules del C\/ Major, quan el <strong><em>CN Concordia<\/em><\/strong> va quedar dividit nom\u00e9s en dos sectors: C\/ Blanca i C\/ Ribot i Serra, amb una l\u00ednia des de pre-escolar fins a 8\u00e8 en cadascun dels sectors amb un \u00fanic director per tots dos.<\/p>\n\n\n\n<figure class=\"wp-block-image aligncenter\"><a href=\"http:\/\/agora.xtec.cat\/ceipcreualta\/wp-content\/uploads\/usu503\/2014\/09\/image004.gif\"><img loading=\"lazy\" decoding=\"async\" width=\"300\" height=\"241\" src=\"http:\/\/agora.xtec.cat\/ceipcreualta\/wp-content\/uploads\/usu503\/2014\/09\/image004-300x241.gif\" alt=\"image004\" class=\"wp-image-181\"\/><\/a><\/figure>\n\n\n\n<p><\/p>\n\n\n\n<h3 class=\"wp-block-heading\">&nbsp;<\/h3>\n\n\n\n<h2 class=\"wp-block-heading\"><strong><span style=\"color: #a3e4d7;\">Des de quan ens diem Creu Alta?<\/span><\/strong><\/h2>\n\n\n\n<p>El curs 85-86 l\u2019Administraci\u00f3 concedeix un altre director i les escoles es separen. Una continua amb el nom de Conc\u00f2rdia i l&#8217;altra com a Conc\u00f2rdia 2. El Conc\u00f2rdia 2 demana a l&#8217;administraci\u00f3 que s\u2019anomeni Creu Alta. \u00c9s a partir del 1987 que ens diem Escola Creu Alta.<\/p>\n\n\n\n<p>Amb el pas dels anys l\u2019escola es va quedar petita i va arribar un moment en qu\u00e8 els alumnes de P-3 i P-4 van haver d\u2019anar a un pis que hi havia al davant de l\u2019escola (Carrer Aparici).<\/p>\n\n\n\n<p><\/p>\n\n\n\n<h2 class=\"wp-block-heading\"><strong><span style=\"color: #a3e4d7;\">L&#8217;actual escola Creu Alta<\/span><\/strong><\/h2>\n\n\n\n<figure class=\"wp-block-image size-large\"><a href=\"https:\/\/agora.xtec.cat\/ceipcreualta\/wp-content\/uploads\/usu503\/2025\/11\/IMG_2025-07-10-11-35-09-806-1-scaled.jpg\"><img loading=\"lazy\" decoding=\"async\" width=\"1024\" height=\"768\" src=\"https:\/\/agora.xtec.cat\/ceipcreualta\/wp-content\/uploads\/usu503\/2025\/11\/IMG_2025-07-10-11-35-09-806-1-1024x768.jpg\" alt=\"\" class=\"wp-image-22889\" srcset=\"https:\/\/agora.xtec.cat\/ceipcreualta\/wp-content\/uploads\/usu503\/2025\/11\/IMG_2025-07-10-11-35-09-806-1-1024x768.jpg 1024w, https:\/\/agora.xtec.cat\/ceipcreualta\/wp-content\/uploads\/usu503\/2025\/11\/IMG_2025-07-10-11-35-09-806-1-300x225.jpg 300w, https:\/\/agora.xtec.cat\/ceipcreualta\/wp-content\/uploads\/usu503\/2025\/11\/IMG_2025-07-10-11-35-09-806-1-768x576.jpg 768w, https:\/\/agora.xtec.cat\/ceipcreualta\/wp-content\/uploads\/usu503\/2025\/11\/IMG_2025-07-10-11-35-09-806-1-1536x1152.jpg 1536w, https:\/\/agora.xtec.cat\/ceipcreualta\/wp-content\/uploads\/usu503\/2025\/11\/IMG_2025-07-10-11-35-09-806-1-2048x1536.jpg 2048w\" sizes=\"auto, (max-width: 1024px) 100vw, 1024px\" \/><\/a><\/figure>\n\n\n\n<figure class=\"wp-block-image size-full is-resized\"><a href=\"https:\/\/agora.xtec.cat\/ceipcreualta\/wp-content\/uploads\/usu503\/2025\/11\/image006-300x244-2.gif\"><img loading=\"lazy\" decoding=\"async\" width=\"300\" height=\"244\" src=\"https:\/\/agora.xtec.cat\/ceipcreualta\/wp-content\/uploads\/usu503\/2025\/11\/image006-300x244-2.gif\" alt=\"\" class=\"wp-image-22888\" style=\"width:266px;height:auto\"\/><\/a><\/figure>\n\n\n\n<p>    <a href=\"http:\/\/agora.xtec.cat\/ceipcreualta\/wp-content\/uploads\/usu503\/2014\/09\/image005.jpg\"><img loading=\"lazy\" decoding=\"async\" width=\"229\" height=\"229\" class=\"alignnone wp-image-182\" src=\"http:\/\/agora.xtec.cat\/ceipcreualta\/wp-content\/uploads\/usu503\/2014\/09\/image005-150x150.jpg\" alt=\"image005\"><\/a><\/p>\n\n\n\n<p>Al gener del 2001 l\u2019escola es va traslladar a l\u2019edifici nou del carrer Pi i Margall.<\/p>\n\n\n\n<p><\/p>\n","protected":false},"excerpt":{"rendered":"<p>\u00a0Breu hist\u00f2ria de la nostra escola\u00a0 L&#8217;escola de la Rep\u00fablica&nbsp; \u00a0L\u2019any 1931 Sabadell tenia un cens escolar de 8.550 alumnes, dels quals nom\u00e9s 5.550 estaven matriculats. Com a conseq\u00fc\u00e8ncia d\u2019aix\u00f2, 3.000 nens i nenes no podien assistir a l\u2019escola. Com a soluci\u00f3, l\u2019alcalde Mag\u00ed Marc\u00e9 va decidir construir tres noves escoles, una de les quals [&hellip;]<\/p>\n","protected":false},"author":2,"featured_media":0,"parent":9090,"menu_order":20,"comment_status":"closed","ping_status":"closed","template":"","meta":{"_bbp_topic_count":0,"_bbp_reply_count":0,"_bbp_total_topic_count":0,"_bbp_total_reply_count":0,"_bbp_voice_count":0,"_bbp_anonymous_reply_count":0,"_bbp_topic_count_hidden":0,"_bbp_reply_count_hidden":0,"_bbp_forum_subforum_count":0,"site-sidebar-layout":"default","site-content-layout":"","ast-site-content-layout":"default","site-content-style":"default","site-sidebar-style":"default","ast-global-header-display":"","ast-banner-title-visibility":"","ast-main-header-display":"","ast-hfb-above-header-display":"","ast-hfb-below-header-display":"","ast-hfb-mobile-header-display":"","site-post-title":"","ast-breadcrumbs-content":"","ast-featured-img":"","footer-sml-layout":"","theme-transparent-header-meta":"","adv-header-id-meta":"","stick-header-meta":"","header-above-stick-meta":"","header-main-stick-meta":"","header-below-stick-meta":"","astra-migrate-meta-layouts":"set","ast-page-background-enabled":"default","ast-page-background-meta":{"desktop":{"background-color":"var(--ast-global-color-4)","background-image":"","background-repeat":"repeat","background-position":"center center","background-size":"auto","background-attachment":"scroll","background-type":"","background-media":"","overlay-type":"","overlay-color":"","overlay-opacity":"","overlay-gradient":""},"tablet":{"background-color":"","background-image":"","background-repeat":"repeat","background-position":"center center","background-size":"auto","background-attachment":"scroll","background-type":"","background-media":"","overlay-type":"","overlay-color":"","overlay-opacity":"","overlay-gradient":""},"mobile":{"background-color":"","background-image":"","background-repeat":"repeat","background-position":"center center","background-size":"auto","background-attachment":"scroll","background-type":"","background-media":"","overlay-type":"","overlay-color":"","overlay-opacity":"","overlay-gradient":""}},"ast-content-background-meta":{"desktop":{"background-color":"var(--ast-global-color-5)","background-image":"","background-repeat":"repeat","background-position":"center center","background-size":"auto","background-attachment":"scroll","background-type":"","background-media":"","overlay-type":"","overlay-color":"","overlay-opacity":"","overlay-gradient":""},"tablet":{"background-color":"var(--ast-global-color-5)","background-image":"","background-repeat":"repeat","background-position":"center center","background-size":"auto","background-attachment":"scroll","background-type":"","background-media":"","overlay-type":"","overlay-color":"","overlay-opacity":"","overlay-gradient":""},"mobile":{"background-color":"var(--ast-global-color-5)","background-image":"","background-repeat":"repeat","background-position":"center center","background-size":"auto","background-attachment":"scroll","background-type":"","background-media":"","overlay-type":"","overlay-color":"","overlay-opacity":"","overlay-gradient":""}},"footnotes":""},"class_list":["post-26","page","type-page","status-publish","hentry"],"post_mailing_queue_ids":[],"_links":{"self":[{"href":"https:\/\/agora.xtec.cat\/ceipcreualta\/wp-json\/wp\/v2\/pages\/26","targetHints":{"allow":["GET"]}}],"collection":[{"href":"https:\/\/agora.xtec.cat\/ceipcreualta\/wp-json\/wp\/v2\/pages"}],"about":[{"href":"https:\/\/agora.xtec.cat\/ceipcreualta\/wp-json\/wp\/v2\/types\/page"}],"author":[{"embeddable":true,"href":"https:\/\/agora.xtec.cat\/ceipcreualta\/wp-json\/wp\/v2\/users\/2"}],"replies":[{"embeddable":true,"href":"https:\/\/agora.xtec.cat\/ceipcreualta\/wp-json\/wp\/v2\/comments?post=26"}],"version-history":[{"count":5,"href":"https:\/\/agora.xtec.cat\/ceipcreualta\/wp-json\/wp\/v2\/pages\/26\/revisions"}],"predecessor-version":[{"id":22890,"href":"https:\/\/agora.xtec.cat\/ceipcreualta\/wp-json\/wp\/v2\/pages\/26\/revisions\/22890"}],"up":[{"embeddable":true,"href":"https:\/\/agora.xtec.cat\/ceipcreualta\/wp-json\/wp\/v2\/pages\/9090"}],"wp:attachment":[{"href":"https:\/\/agora.xtec.cat\/ceipcreualta\/wp-json\/wp\/v2\/media?parent=26"}],"curies":[{"name":"wp","href":"https:\/\/api.w.org\/{rel}","templated":true}]}}