{"id":23489,"date":"2026-03-23T09:43:48","date_gmt":"2026-03-23T08:43:48","guid":{"rendered":"https:\/\/agora.xtec.cat\/ceipcreualta\/?page_id=23489"},"modified":"2026-03-25T12:43:40","modified_gmt":"2026-03-25T11:43:40","slug":"index-nofc","status":"publish","type":"page","link":"https:\/\/agora.xtec.cat\/ceipcreualta\/documents-escola\/nfoc\/index-nofc\/","title":{"rendered":"\u00cdNDEX NOFC"},"content":{"rendered":"\n<figure class=\"wp-block-image is-resized\"><img loading=\"lazy\" decoding=\"async\" width=\"512\" height=\"512\" src=\"https:\/\/agora.xtec.cat\/ceipcreualta\/wp-content\/uploads\/usu503\/2020\/02\/document-icon-36553.png\" alt=\"\" class=\"wp-image-9679\" style=\"width:75px;height:auto\" srcset=\"https:\/\/agora.xtec.cat\/ceipcreualta\/wp-content\/uploads\/usu503\/2020\/02\/document-icon-36553.png 512w, https:\/\/agora.xtec.cat\/ceipcreualta\/wp-content\/uploads\/usu503\/2020\/02\/document-icon-36553-150x150.png 150w, https:\/\/agora.xtec.cat\/ceipcreualta\/wp-content\/uploads\/usu503\/2020\/02\/document-icon-36553-300x300.png 300w\" sizes=\"auto, (max-width: 512px) 100vw, 512px\" \/><\/figure>\n\n\n\n<ul class=\"wp-block-list\">\n<li><a href=\"https:\/\/agora.xtec.cat\/ceipcreualta\/documents-escola\/nfoc\/index-nofc\/introduccio\/\" data-type=\"page\" data-id=\"23561\" target=\"_blank\" rel=\"noreferrer noopener\">INTRODUCCI\u00d3<\/a><\/li>\n\n\n\n<li>1 &#8211; <a href=\"https:\/\/agora.xtec.cat\/ceipcreualta\/documents-escola\/nfoc\/index-nofc\/1-aprovacio-revisio-i-actualitzacio-del-pec\/\" data-type=\"page\" data-id=\"23563\" target=\"_blank\" rel=\"noreferrer noopener\">APROVACI\u00d3, REVISI\u00d3 I ACTUALITZACI\u00d3 DEL PEC<\/a><\/li>\n\n\n\n<li>2 &#8211; <a href=\"https:\/\/agora.xtec.cat\/ceipcreualta\/documents-escola\/nfoc\/index-nofc\/2-estructura-organitzativa\/\" data-type=\"page\" data-id=\"23565\" target=\"_blank\" rel=\"noreferrer noopener\">ESTRUCTURA ORGANITZATIVA<\/a>\n<ul class=\"wp-block-list\">\n<li>\u00d2rgans unipersonals<\/li>\n\n\n\n<li>\u00d2rgans col\u00b7legiats de participaci\u00f3 en el govern i gesti\u00f3 del centre<\/li>\n\n\n\n<li>Les coordinacions<\/li>\n\n\n\n<li>L&#8217;equip docent<\/li>\n\n\n\n<li>Personal d&#8217;atenci\u00f3 educativa<\/li>\n\n\n\n<li>El personal del PAS<\/li>\n\n\n\n<li>Les comissions<\/li>\n<\/ul>\n<\/li>\n\n\n\n<li>3 &#8211; <a href=\"https:\/\/agora.xtec.cat\/ceipcreualta\/documents-escola\/nfoc\/index-nofc\/3-drets-i-deures-de-les-persones\/\" target=\"_blank\" rel=\"noreferrer noopener\">DRETS I DEURES DE LES PERSONES<\/a>\n<ul class=\"wp-block-list\">\n<li>Mestres<\/li>\n\n\n\n<li>Personal no docent<\/li>\n\n\n\n<li>Alumnes<\/li>\n\n\n\n<li>Fam\u00edlies<\/li>\n<\/ul>\n<\/li>\n\n\n\n<li>4 &#8211; <a href=\"https:\/\/agora.xtec.cat\/ceipcreualta\/documents-escola\/nfoc\/index-nofc\/4-convivencia\/\" data-type=\"link\" data-id=\"https:\/\/agora.xtec.cat\/ceipcreualta\/4-convivencia\/\" target=\"_blank\" rel=\"noreferrer noopener\">CONVIV\u00c8NCIA<\/a>\n<ul class=\"wp-block-list\">\n<li>Promoci\u00f3 de la conviv\u00e8ncia<\/li>\n\n\n\n<li>La mediaci\u00f3<\/li>\n\n\n\n<li>R\u00e8gim disciplinari<\/li>\n<\/ul>\n<\/li>\n\n\n\n<li>5 &#8211; <a href=\"https:\/\/agora.xtec.cat\/ceipcreualta\/documents-escola\/nfoc\/5-linia-pedagogica\/\" data-type=\"link\" data-id=\"https:\/\/agora.xtec.cat\/ceipcreualta\/documents-escola\/nfoc\/5-linia-pedagogica\/\" target=\"_blank\" rel=\"noreferrer noopener\">L\u00cdNIA PEDAG\u00d2GICA<\/a>\n<ul class=\"wp-block-list\">\n<li>Criteris d&#8217;organitzaci\u00f3 d&#8217;alumnes<\/li>\n\n\n\n<li>L&#8217;acci\u00f3 tutorial<\/li>\n\n\n\n<li>Atenci\u00f3 a la diversistat<\/li>\n\n\n\n<li>Avaluaci\u00f3 alumnes<\/li>\n\n\n\n<li>PEC i projectes de centre<\/li>\n<\/ul>\n<\/li>\n\n\n\n<li>6 &#8211; <a href=\"https:\/\/agora.xtec.cat\/ceipcreualta\/documents-escola\/nfoc\/index-nofc\/6-funcionament-de-centre\/\" data-type=\"page\" data-id=\"23569\" target=\"_blank\" rel=\"noreferrer noopener\">FUNCIONAMENT DE CENTRE<\/a>\n<ul class=\"wp-block-list\">\n<li>Per temps<\/li>\n\n\n\n<li>Per espais<\/li>\n\n\n\n<li>Per activitats<\/li>\n\n\n\n<li>H\u00e0bits<\/li>\n\n\n\n<li>Vestuari<\/li>\n\n\n\n<li>Seguretat<\/li>\n\n\n\n<li>Salut<\/li>\n\n\n\n<li>Comunicaci\u00f3<\/li>\n\n\n\n<li>Actuacions <\/li>\n<\/ul>\n<\/li>\n\n\n\n<li>7- <a href=\"https:\/\/agora.xtec.cat\/ceipcreualta\/documents-escola\/nfoc\/index-nofc\/7-gestio-academica\/\" data-type=\"page\" data-id=\"23523\" target=\"_blank\" rel=\"noreferrer noopener\">GESTI\u00d3 ACAD\u00c8MICA<\/a><\/li>\n\n\n\n<li>8 &#8211; <a href=\"https:\/\/agora.xtec.cat\/ceipcreualta\/documents-escola\/nfoc\/index-nofc\/8-gestio-academico-administrativa\/\" data-type=\"page\" data-id=\"23530\" target=\"_blank\" rel=\"noreferrer noopener\">GESTI\u00d3 ACAD\u00c8MICO-ADMINISTRATIVA<\/a><\/li>\n\n\n\n<li>9 &#8211; <a href=\"https:\/\/agora.xtec.cat\/ceipcreualta\/documents-escola\/nfoc\/index-nofc\/9-serveis-escolars\/\" data-type=\"page\" data-id=\"23535\" target=\"_blank\" rel=\"noreferrer noopener\">SERVEIS ESCOLARS<\/a>\n<ul class=\"wp-block-list\">\n<li>El menjador escolar<\/li>\n\n\n\n<li>Les activitats extraescolars<\/li>\n<\/ul>\n<\/li>\n\n\n\n<li>10 &#8211; <a href=\"https:\/\/agora.xtec.cat\/ceipcreualta\/documents-escola\/nfoc\/index-nofc\/10-lampa\/\" data-type=\"page\" data-id=\"23544\" target=\"_blank\" rel=\"noreferrer noopener\">L&#8217;AMPA<\/a><\/li>\n\n\n\n<li>11 &#8211; <a href=\"https:\/\/agora.xtec.cat\/ceipcreualta\/documents-escola\/nfoc\/index-nofc\/11-us-social-dels-centres\/\" data-type=\"page\" data-id=\"23549\" target=\"_blank\" rel=\"noreferrer noopener\">\u00daS SOCIAL DELS CENTRES<\/a>\n<ul class=\"wp-block-list\">\n<li>Requisits i procediments per a l&#8217;autoritzaci\u00f3 de l&#8217;\u00fas social dels centres p\u00fablics<\/li>\n<\/ul>\n<\/li>\n\n\n\n<li>12 &#8211; <a href=\"https:\/\/agora.xtec.cat\/ceipcreualta\/documents-escola\/nfoc\/index-nofc\/12-disposicions-finals\/\" data-type=\"page\" data-id=\"23571\" target=\"_blank\" rel=\"noreferrer noopener\">DISPOSICIONS FINALS<\/a><\/li>\n<\/ul>\n\n\n\n<p><\/p>\n","protected":false},"excerpt":{"rendered":"","protected":false},"author":19,"featured_media":0,"parent":9677,"menu_order":1,"comment_status":"closed","ping_status":"closed","template":"","meta":{"_bbp_topic_count":0,"_bbp_reply_count":0,"_bbp_total_topic_count":0,"_bbp_total_reply_count":0,"_bbp_voice_count":0,"_bbp_anonymous_reply_count":0,"_bbp_topic_count_hidden":0,"_bbp_reply_count_hidden":0,"_bbp_forum_subforum_count":0,"site-sidebar-layout":"default","site-content-layout":"","ast-site-content-layout":"default","site-content-style":"default","site-sidebar-style":"default","ast-global-header-display":"","ast-banner-title-visibility":"","ast-main-header-display":"","ast-hfb-above-header-display":"","ast-hfb-below-header-display":"","ast-hfb-mobile-header-display":"","site-post-title":"","ast-breadcrumbs-content":"","ast-featured-img":"","footer-sml-layout":"","theme-transparent-header-meta":"","adv-header-id-meta":"","stick-header-meta":"","header-above-stick-meta":"","header-main-stick-meta":"","header-below-stick-meta":"","astra-migrate-meta-layouts":"set","ast-page-background-enabled":"default","ast-page-background-meta":{"desktop":{"background-color":"var(--ast-global-color-4)","background-image":"","background-repeat":"repeat","background-position":"center center","background-size":"auto","background-attachment":"scroll","background-type":"","background-media":"","overlay-type":"","overlay-color":"","overlay-opacity":"","overlay-gradient":""},"tablet":{"background-color":"","background-image":"","background-repeat":"repeat","background-position":"center center","background-size":"auto","background-attachment":"scroll","background-type":"","background-media":"","overlay-type":"","overlay-color":"","overlay-opacity":"","overlay-gradient":""},"mobile":{"background-color":"","background-image":"","background-repeat":"repeat","background-position":"center center","background-size":"auto","background-attachment":"scroll","background-type":"","background-media":"","overlay-type":"","overlay-color":"","overlay-opacity":"","overlay-gradient":""}},"ast-content-background-meta":{"desktop":{"background-color":"var(--ast-global-color-5)","background-image":"","background-repeat":"repeat","background-position":"center center","background-size":"auto","background-attachment":"scroll","background-type":"","background-media":"","overlay-type":"","overlay-color":"","overlay-opacity":"","overlay-gradient":""},"tablet":{"background-color":"var(--ast-global-color-5)","background-image":"","background-repeat":"repeat","background-position":"center center","background-size":"auto","background-attachment":"scroll","background-type":"","background-media":"","overlay-type":"","overlay-color":"","overlay-opacity":"","overlay-gradient":""},"mobile":{"background-color":"var(--ast-global-color-5)","background-image":"","background-repeat":"repeat","background-position":"center center","background-size":"auto","background-attachment":"scroll","background-type":"","background-media":"","overlay-type":"","overlay-color":"","overlay-opacity":"","overlay-gradient":""}},"footnotes":""},"class_list":["post-23489","page","type-page","status-publish","hentry"],"post_mailing_queue_ids":[],"_links":{"self":[{"href":"https:\/\/agora.xtec.cat\/ceipcreualta\/wp-json\/wp\/v2\/pages\/23489","targetHints":{"allow":["GET"]}}],"collection":[{"href":"https:\/\/agora.xtec.cat\/ceipcreualta\/wp-json\/wp\/v2\/pages"}],"about":[{"href":"https:\/\/agora.xtec.cat\/ceipcreualta\/wp-json\/wp\/v2\/types\/page"}],"author":[{"embeddable":true,"href":"https:\/\/agora.xtec.cat\/ceipcreualta\/wp-json\/wp\/v2\/users\/19"}],"replies":[{"embeddable":true,"href":"https:\/\/agora.xtec.cat\/ceipcreualta\/wp-json\/wp\/v2\/comments?post=23489"}],"version-history":[{"count":6,"href":"https:\/\/agora.xtec.cat\/ceipcreualta\/wp-json\/wp\/v2\/pages\/23489\/revisions"}],"predecessor-version":[{"id":23683,"href":"https:\/\/agora.xtec.cat\/ceipcreualta\/wp-json\/wp\/v2\/pages\/23489\/revisions\/23683"}],"up":[{"embeddable":true,"href":"https:\/\/agora.xtec.cat\/ceipcreualta\/wp-json\/wp\/v2\/pages\/9677"}],"wp:attachment":[{"href":"https:\/\/agora.xtec.cat\/ceipcreualta\/wp-json\/wp\/v2\/media?parent=23489"}],"curies":[{"name":"wp","href":"https:\/\/api.w.org\/{rel}","templated":true}]}}