{"id":22961,"date":"2025-11-14T10:53:09","date_gmt":"2025-11-14T09:53:09","guid":{"rendered":"https:\/\/agora.xtec.cat\/ceipcreualta\/?page_id=22961"},"modified":"2026-04-13T12:14:29","modified_gmt":"2026-04-13T10:14:29","slug":"projecte-digital","status":"publish","type":"page","link":"https:\/\/agora.xtec.cat\/ceipcreualta\/projecte-pedagogic\/projecte-digital\/","title":{"rendered":"Projecte Digital"},"content":{"rendered":"\n<p>Com a centre educatiu comprom\u00e8s amb el futur, a l&#8217;Escola Creu Alta apostem per integrar les tecnologies digitals en el dia a dia de l\u2019aprenentatge del nostre alumnat. Creiem que l\u2019educaci\u00f3 ha d\u2019evolucionar al ritme de la societat, i per aix\u00f2 impulsem un projecte que combina metodologies actives amb l\u2019\u00fas responsable i creatiu de les eines digitals.<\/p>\n\n\n\n<figure class=\"wp-block-image alignleft size-large is-resized\"><a href=\"https:\/\/agora.xtec.cat\/ceipcreualta\/wp-content\/uploads\/usu503\/2026\/04\/FOTOS-PROJECTE-DIGITAL.jpg\"><img loading=\"lazy\" decoding=\"async\" width=\"2048\" height=\"1536\" src=\"https:\/\/agora.xtec.cat\/ceipcreualta\/wp-content\/uploads\/usu503\/2026\/04\/FOTOS-PROJECTE-DIGITAL-edited.jpg\" alt=\"\" class=\"wp-image-23726\" style=\"width:367px;height:auto\" srcset=\"https:\/\/agora.xtec.cat\/ceipcreualta\/wp-content\/uploads\/usu503\/2026\/04\/FOTOS-PROJECTE-DIGITAL-edited.jpg 2048w, https:\/\/agora.xtec.cat\/ceipcreualta\/wp-content\/uploads\/usu503\/2026\/04\/FOTOS-PROJECTE-DIGITAL-edited-300x225.jpg 300w, https:\/\/agora.xtec.cat\/ceipcreualta\/wp-content\/uploads\/usu503\/2026\/04\/FOTOS-PROJECTE-DIGITAL-edited-1024x768.jpg 1024w, https:\/\/agora.xtec.cat\/ceipcreualta\/wp-content\/uploads\/usu503\/2026\/04\/FOTOS-PROJECTE-DIGITAL-edited-768x576.jpg 768w, https:\/\/agora.xtec.cat\/ceipcreualta\/wp-content\/uploads\/usu503\/2026\/04\/FOTOS-PROJECTE-DIGITAL-edited-1536x1152.jpg 1536w\" sizes=\"auto, (max-width: 2048px) 100vw, 2048px\" \/><\/a><\/figure>\n\n\n\n<p>Aquest projecte t\u00e9 com a objectiu desenvolupar les compet\u00e8ncies digitals dels nens i nenes, fomentar el pensament cr\u00edtic i potenciar la seva creativitat. A les aules, utilitzem tauletes, ordinadors i plataformes educatives que ens permeten treballar de manera col\u00b7laborativa, investigar, crear continguts i comunicar idees de forma innovadora.<\/p>\n\n\n\n<p>A m\u00e9s, donem molta import\u00e0ncia a l\u2019educaci\u00f3 en un \u00fas segur i responsable d\u2019internet, ajudant l\u2019alumnat a comprendre els riscos i les oportunitats del m\u00f3n digital. Treballem perqu\u00e8 esdevinguin ciutadans digitals competents, respectuosos i cr\u00edtics.<\/p>\n\n\n\n<p>Amb aquest projecte, preparem els nostres alumnes no nom\u00e9s per als reptes acad\u00e8mics, sin\u00f3 tamb\u00e9 per a un futur en constant transformaci\u00f3, on la tecnologia ser\u00e0 una eina clau per aprendre, cr\u00e9ixer i participar activament en la societat.<\/p>\n\n\n\n<p><a href=\"https:\/\/agora.xtec.cat\/ceipcreualta\/documents-escola\/edc-estrategia-digital-de-centre\/\" data-type=\"link\" data-id=\"https:\/\/agora.xtec.cat\/ceipcreualta\/documents-escola\/edc-estrategia-digital-de-centre\/\" target=\"_blank\" rel=\"noreferrer noopener\">Estrat\u00e8gia Digital de Centre<\/a><\/p>\n\n\n\n<figure class=\"wp-block-gallery has-nested-images columns-default is-cropped wp-block-gallery-1 is-layout-flex wp-block-gallery-is-layout-flex\">\n<figure class=\"wp-block-image size-large\"><a href=\"https:\/\/agora.xtec.cat\/ceipcreualta\/wp-content\/uploads\/usu503\/2026\/04\/FOTOS-PROJECTE-DIGITAL-2-1.jpg\"><img loading=\"lazy\" decoding=\"async\" width=\"2048\" height=\"1536\" data-id=\"23732\" src=\"https:\/\/agora.xtec.cat\/ceipcreualta\/wp-content\/uploads\/usu503\/2026\/04\/FOTOS-PROJECTE-DIGITAL-2-1-edited.jpg\" alt=\"\" class=\"wp-image-23732\" srcset=\"https:\/\/agora.xtec.cat\/ceipcreualta\/wp-content\/uploads\/usu503\/2026\/04\/FOTOS-PROJECTE-DIGITAL-2-1-edited.jpg 2048w, https:\/\/agora.xtec.cat\/ceipcreualta\/wp-content\/uploads\/usu503\/2026\/04\/FOTOS-PROJECTE-DIGITAL-2-1-edited-300x225.jpg 300w, https:\/\/agora.xtec.cat\/ceipcreualta\/wp-content\/uploads\/usu503\/2026\/04\/FOTOS-PROJECTE-DIGITAL-2-1-edited-1024x768.jpg 1024w, https:\/\/agora.xtec.cat\/ceipcreualta\/wp-content\/uploads\/usu503\/2026\/04\/FOTOS-PROJECTE-DIGITAL-2-1-edited-768x576.jpg 768w, https:\/\/agora.xtec.cat\/ceipcreualta\/wp-content\/uploads\/usu503\/2026\/04\/FOTOS-PROJECTE-DIGITAL-2-1-edited-1536x1152.jpg 1536w\" sizes=\"auto, (max-width: 2048px) 100vw, 2048px\" \/><\/a><\/figure>\n\n\n\n<figure class=\"wp-block-image size-large\"><a href=\"https:\/\/agora.xtec.cat\/ceipcreualta\/wp-content\/uploads\/usu503\/2026\/04\/FOTOS-PROJECTE-DIGITAL-1.jpg\"><img loading=\"lazy\" decoding=\"async\" width=\"2048\" height=\"1536\" data-id=\"23731\" src=\"https:\/\/agora.xtec.cat\/ceipcreualta\/wp-content\/uploads\/usu503\/2026\/04\/FOTOS-PROJECTE-DIGITAL-1-edited.jpg\" alt=\"\" class=\"wp-image-23731\" srcset=\"https:\/\/agora.xtec.cat\/ceipcreualta\/wp-content\/uploads\/usu503\/2026\/04\/FOTOS-PROJECTE-DIGITAL-1-edited.jpg 2048w, https:\/\/agora.xtec.cat\/ceipcreualta\/wp-content\/uploads\/usu503\/2026\/04\/FOTOS-PROJECTE-DIGITAL-1-edited-300x225.jpg 300w, https:\/\/agora.xtec.cat\/ceipcreualta\/wp-content\/uploads\/usu503\/2026\/04\/FOTOS-PROJECTE-DIGITAL-1-edited-1024x768.jpg 1024w, https:\/\/agora.xtec.cat\/ceipcreualta\/wp-content\/uploads\/usu503\/2026\/04\/FOTOS-PROJECTE-DIGITAL-1-edited-768x576.jpg 768w, https:\/\/agora.xtec.cat\/ceipcreualta\/wp-content\/uploads\/usu503\/2026\/04\/FOTOS-PROJECTE-DIGITAL-1-edited-1536x1152.jpg 1536w\" sizes=\"auto, (max-width: 2048px) 100vw, 2048px\" \/><\/a><\/figure>\n<\/figure>\n","protected":false},"excerpt":{"rendered":"<p>Com a centre educatiu comprom\u00e8s amb el futur, a l&#8217;Escola Creu Alta apostem per integrar les tecnologies digitals en el dia a dia de l\u2019aprenentatge del nostre alumnat. Creiem que l\u2019educaci\u00f3 ha d\u2019evolucionar al ritme de la societat, i per aix\u00f2 impulsem un projecte que combina metodologies actives amb l\u2019\u00fas responsable i creatiu de les [&hellip;]<\/p>\n","protected":false},"author":66,"featured_media":0,"parent":9351,"menu_order":0,"comment_status":"closed","ping_status":"close","template":"","meta":{"_bbp_topic_count":0,"_bbp_reply_count":0,"_bbp_total_topic_count":0,"_bbp_total_reply_count":0,"_bbp_voice_count":0,"_bbp_anonymous_reply_count":0,"_bbp_topic_count_hidden":0,"_bbp_reply_count_hidden":0,"_bbp_forum_subforum_count":0,"site-sidebar-layout":"default","site-content-layout":"","ast-site-content-layout":"default","site-content-style":"default","site-sidebar-style":"default","ast-global-header-display":"","ast-banner-title-visibility":"","ast-main-header-display":"","ast-hfb-above-header-display":"","ast-hfb-below-header-display":"","ast-hfb-mobile-header-display":"","site-post-title":"","ast-breadcrumbs-content":"","ast-featured-img":"","footer-sml-layout":"","theme-transparent-header-meta":"","adv-header-id-meta":"","stick-header-meta":"","header-above-stick-meta":"","header-main-stick-meta":"","header-below-stick-meta":"","astra-migrate-meta-layouts":"set","ast-page-background-enabled":"default","ast-page-background-meta":{"desktop":{"background-color":"var(--ast-global-color-4)","background-image":"","background-repeat":"repeat","background-position":"center center","background-size":"auto","background-attachment":"scroll","background-type":"","background-media":"","overlay-type":"","overlay-color":"","overlay-opacity":"","overlay-gradient":""},"tablet":{"background-color":"","background-image":"","background-repeat":"repeat","background-position":"center center","background-size":"auto","background-attachment":"scroll","background-type":"","background-media":"","overlay-type":"","overlay-color":"","overlay-opacity":"","overlay-gradient":""},"mobile":{"background-color":"","background-image":"","background-repeat":"repeat","background-position":"center center","background-size":"auto","background-attachment":"scroll","background-type":"","background-media":"","overlay-type":"","overlay-color":"","overlay-opacity":"","overlay-gradient":""}},"ast-content-background-meta":{"desktop":{"background-color":"var(--ast-global-color-5)","background-image":"","background-repeat":"repeat","background-position":"center center","background-size":"auto","background-attachment":"scroll","background-type":"","background-media":"","overlay-type":"","overlay-color":"","overlay-opacity":"","overlay-gradient":""},"tablet":{"background-color":"var(--ast-global-color-5)","background-image":"","background-repeat":"repeat","background-position":"center center","background-size":"auto","background-attachment":"scroll","background-type":"","background-media":"","overlay-type":"","overlay-color":"","overlay-opacity":"","overlay-gradient":""},"mobile":{"background-color":"var(--ast-global-color-5)","background-image":"","background-repeat":"repeat","background-position":"center center","background-size":"auto","background-attachment":"scroll","background-type":"","background-media":"","overlay-type":"","overlay-color":"","overlay-opacity":"","overlay-gradient":""}},"footnotes":""},"class_list":["post-22961","page","type-page","status-publish","hentry"],"post_mailing_queue_ids":[],"_links":{"self":[{"href":"https:\/\/agora.xtec.cat\/ceipcreualta\/wp-json\/wp\/v2\/pages\/22961","targetHints":{"allow":["GET"]}}],"collection":[{"href":"https:\/\/agora.xtec.cat\/ceipcreualta\/wp-json\/wp\/v2\/pages"}],"about":[{"href":"https:\/\/agora.xtec.cat\/ceipcreualta\/wp-json\/wp\/v2\/types\/page"}],"author":[{"embeddable":true,"href":"https:\/\/agora.xtec.cat\/ceipcreualta\/wp-json\/wp\/v2\/users\/66"}],"replies":[{"embeddable":true,"href":"https:\/\/agora.xtec.cat\/ceipcreualta\/wp-json\/wp\/v2\/comments?post=22961"}],"version-history":[{"count":4,"href":"https:\/\/agora.xtec.cat\/ceipcreualta\/wp-json\/wp\/v2\/pages\/22961\/revisions"}],"predecessor-version":[{"id":23733,"href":"https:\/\/agora.xtec.cat\/ceipcreualta\/wp-json\/wp\/v2\/pages\/22961\/revisions\/23733"}],"up":[{"embeddable":true,"href":"https:\/\/agora.xtec.cat\/ceipcreualta\/wp-json\/wp\/v2\/pages\/9351"}],"wp:attachment":[{"href":"https:\/\/agora.xtec.cat\/ceipcreualta\/wp-json\/wp\/v2\/media?parent=22961"}],"curies":[{"name":"wp","href":"https:\/\/api.w.org\/{rel}","templated":true}]}}