{"id":22945,"date":"2025-11-14T10:40:39","date_gmt":"2025-11-14T09:40:39","guid":{"rendered":"https:\/\/agora.xtec.cat\/ceipcreualta\/?page_id=22945"},"modified":"2026-01-22T12:04:18","modified_gmt":"2026-01-22T11:04:18","slug":"pati-escolar","status":"publish","type":"page","link":"https:\/\/agora.xtec.cat\/ceipcreualta\/projecte-pedagogic\/pati-escolar\/","title":{"rendered":"Pati Escolar"},"content":{"rendered":"\n<figure class=\"wp-block-image alignleft size-large is-resized\"><a href=\"https:\/\/agora.xtec.cat\/ceipcreualta\/wp-content\/uploads\/usu503\/2026\/01\/IMATGES-WEB-5-1.png\"><img loading=\"lazy\" decoding=\"async\" width=\"1024\" height=\"1024\" src=\"https:\/\/agora.xtec.cat\/ceipcreualta\/wp-content\/uploads\/usu503\/2026\/01\/IMATGES-WEB-5-1-1024x1024.png\" alt=\"\" class=\"wp-image-23269\" style=\"width:260px;height:auto\" srcset=\"https:\/\/agora.xtec.cat\/ceipcreualta\/wp-content\/uploads\/usu503\/2026\/01\/IMATGES-WEB-5-1-1024x1024.png 1024w, https:\/\/agora.xtec.cat\/ceipcreualta\/wp-content\/uploads\/usu503\/2026\/01\/IMATGES-WEB-5-1-300x300.png 300w, https:\/\/agora.xtec.cat\/ceipcreualta\/wp-content\/uploads\/usu503\/2026\/01\/IMATGES-WEB-5-1-150x150.png 150w, https:\/\/agora.xtec.cat\/ceipcreualta\/wp-content\/uploads\/usu503\/2026\/01\/IMATGES-WEB-5-1-768x768.png 768w, https:\/\/agora.xtec.cat\/ceipcreualta\/wp-content\/uploads\/usu503\/2026\/01\/IMATGES-WEB-5-1-1536x1536.png 1536w, https:\/\/agora.xtec.cat\/ceipcreualta\/wp-content\/uploads\/usu503\/2026\/01\/IMATGES-WEB-5-1.png 2000w\" sizes=\"auto, (max-width: 1024px) 100vw, 1024px\" \/><\/a><\/figure>\n\n\n\n<p>El joc \u00e9s un element essencial per al desenvolupament dels infants. <\/p>\n\n\n\n<p>Representa un mitj\u00e0 de relaci\u00f3 i intercanvi amb el m\u00f3n que l\u2019envolta. Els nens i nenes desenvolupen determinades&nbsp;habilitats socials&nbsp;com ara l\u2019afectivitat i l\u2019empatia, necess\u00e0ries per a una correcta interacci\u00f3 amb els altres, aix\u00ed com la imaginaci\u00f3 i la creativitat.<\/p>\n\n\n\n<p>El pati \u00e9s un espai d\u2019interacci\u00f3 on s\u00f3n&nbsp;aut\u00f2noms i independents. Aprenen a relacionar-se, a dialogar, a compartir, a resoldre conflictes, a conviure, a treballar en equip, a saber guanyar i perdre, a respectar les normes del joc, a cuidar el material i a saber compartir i cooperar, entre altres valors indispensables per convertir-se en ciutadans i ciutadanes competents.<\/p>\n\n\n\n<figure class=\"wp-block-image alignright size-large is-resized\"><a href=\"https:\/\/agora.xtec.cat\/ceipcreualta\/wp-content\/uploads\/usu503\/2026\/01\/IMATGES-WEB-6-1.png\"><img loading=\"lazy\" decoding=\"async\" width=\"1024\" height=\"1024\" src=\"https:\/\/agora.xtec.cat\/ceipcreualta\/wp-content\/uploads\/usu503\/2026\/01\/IMATGES-WEB-6-1-1024x1024.png\" alt=\"\" class=\"wp-image-23270\" style=\"width:246px;height:auto\" srcset=\"https:\/\/agora.xtec.cat\/ceipcreualta\/wp-content\/uploads\/usu503\/2026\/01\/IMATGES-WEB-6-1-1024x1024.png 1024w, https:\/\/agora.xtec.cat\/ceipcreualta\/wp-content\/uploads\/usu503\/2026\/01\/IMATGES-WEB-6-1-300x300.png 300w, https:\/\/agora.xtec.cat\/ceipcreualta\/wp-content\/uploads\/usu503\/2026\/01\/IMATGES-WEB-6-1-150x150.png 150w, https:\/\/agora.xtec.cat\/ceipcreualta\/wp-content\/uploads\/usu503\/2026\/01\/IMATGES-WEB-6-1-768x768.png 768w, https:\/\/agora.xtec.cat\/ceipcreualta\/wp-content\/uploads\/usu503\/2026\/01\/IMATGES-WEB-6-1-1536x1536.png 1536w, https:\/\/agora.xtec.cat\/ceipcreualta\/wp-content\/uploads\/usu503\/2026\/01\/IMATGES-WEB-6-1.png 2000w\" sizes=\"auto, (max-width: 1024px) 100vw, 1024px\" \/><\/a><\/figure>\n\n\n\n<p>A la nostra escola creiem que el pati \u00e9s una gran oportunitat educativa, i un espai educatiu molt enriquidor. Per aix\u00f2 tenim diferents espais per tal de diversificar les activitats a realitzar durant l\u2019estona d&#8217;esbarjo:<\/p>\n\n\n\n<ul class=\"wp-block-list\">\n<li>Jocs gegants<\/li>\n\n\n\n<li>Jocs de taula<\/li>\n\n\n\n<li>Roc\u00f2drom<\/li>\n\n\n\n<li>Tenis-taula<\/li>\n\n\n\n<li>Cuineta<\/li>\n\n\n\n<li>Estructures<\/li>\n\n\n\n<li>Pista esportiva<\/li>\n\n\n\n<li>Sorral<\/li>\n<\/ul>\n\n\n\n<p>Els divendres realitzem uns patis de car\u00e0cter m\u00e9s art\u00edstic, amb propostes diferents de les habituals, amb m\u00fasica ambiental, <em>Just Dance<\/em>, pinta-cares, tallers de polseres&#8230;<\/p>\n","protected":false},"excerpt":{"rendered":"<p>El joc \u00e9s un element essencial per al desenvolupament dels infants. Representa un mitj\u00e0 de relaci\u00f3 i intercanvi amb el m\u00f3n que l\u2019envolta. Els nens i nenes desenvolupen determinades&nbsp;habilitats socials&nbsp;com ara l\u2019afectivitat i l\u2019empatia, necess\u00e0ries per a una correcta interacci\u00f3 amb els altres, aix\u00ed com la imaginaci\u00f3 i la creativitat. El pati \u00e9s un espai [&hellip;]<\/p>\n","protected":false},"author":66,"featured_media":0,"parent":9351,"menu_order":0,"comment_status":"closed","ping_status":"close","template":"","meta":{"_bbp_topic_count":0,"_bbp_reply_count":0,"_bbp_total_topic_count":0,"_bbp_total_reply_count":0,"_bbp_voice_count":0,"_bbp_anonymous_reply_count":0,"_bbp_topic_count_hidden":0,"_bbp_reply_count_hidden":0,"_bbp_forum_subforum_count":0,"site-sidebar-layout":"default","site-content-layout":"","ast-site-content-layout":"default","site-content-style":"default","site-sidebar-style":"default","ast-global-header-display":"","ast-banner-title-visibility":"","ast-main-header-display":"","ast-hfb-above-header-display":"","ast-hfb-below-header-display":"","ast-hfb-mobile-header-display":"","site-post-title":"","ast-breadcrumbs-content":"","ast-featured-img":"","footer-sml-layout":"","theme-transparent-header-meta":"","adv-header-id-meta":"","stick-header-meta":"","header-above-stick-meta":"","header-main-stick-meta":"","header-below-stick-meta":"","astra-migrate-meta-layouts":"set","ast-page-background-enabled":"default","ast-page-background-meta":{"desktop":{"background-color":"var(--ast-global-color-4)","background-image":"","background-repeat":"repeat","background-position":"center center","background-size":"auto","background-attachment":"scroll","background-type":"","background-media":"","overlay-type":"","overlay-color":"","overlay-opacity":"","overlay-gradient":""},"tablet":{"background-color":"","background-image":"","background-repeat":"repeat","background-position":"center center","background-size":"auto","background-attachment":"scroll","background-type":"","background-media":"","overlay-type":"","overlay-color":"","overlay-opacity":"","overlay-gradient":""},"mobile":{"background-color":"","background-image":"","background-repeat":"repeat","background-position":"center center","background-size":"auto","background-attachment":"scroll","background-type":"","background-media":"","overlay-type":"","overlay-color":"","overlay-opacity":"","overlay-gradient":""}},"ast-content-background-meta":{"desktop":{"background-color":"var(--ast-global-color-5)","background-image":"","background-repeat":"repeat","background-position":"center center","background-size":"auto","background-attachment":"scroll","background-type":"","background-media":"","overlay-type":"","overlay-color":"","overlay-opacity":"","overlay-gradient":""},"tablet":{"background-color":"var(--ast-global-color-5)","background-image":"","background-repeat":"repeat","background-position":"center center","background-size":"auto","background-attachment":"scroll","background-type":"","background-media":"","overlay-type":"","overlay-color":"","overlay-opacity":"","overlay-gradient":""},"mobile":{"background-color":"var(--ast-global-color-5)","background-image":"","background-repeat":"repeat","background-position":"center center","background-size":"auto","background-attachment":"scroll","background-type":"","background-media":"","overlay-type":"","overlay-color":"","overlay-opacity":"","overlay-gradient":""}},"footnotes":""},"class_list":["post-22945","page","type-page","status-publish","hentry"],"post_mailing_queue_ids":[],"_links":{"self":[{"href":"https:\/\/agora.xtec.cat\/ceipcreualta\/wp-json\/wp\/v2\/pages\/22945","targetHints":{"allow":["GET"]}}],"collection":[{"href":"https:\/\/agora.xtec.cat\/ceipcreualta\/wp-json\/wp\/v2\/pages"}],"about":[{"href":"https:\/\/agora.xtec.cat\/ceipcreualta\/wp-json\/wp\/v2\/types\/page"}],"author":[{"embeddable":true,"href":"https:\/\/agora.xtec.cat\/ceipcreualta\/wp-json\/wp\/v2\/users\/66"}],"replies":[{"embeddable":true,"href":"https:\/\/agora.xtec.cat\/ceipcreualta\/wp-json\/wp\/v2\/comments?post=22945"}],"version-history":[{"count":6,"href":"https:\/\/agora.xtec.cat\/ceipcreualta\/wp-json\/wp\/v2\/pages\/22945\/revisions"}],"predecessor-version":[{"id":23301,"href":"https:\/\/agora.xtec.cat\/ceipcreualta\/wp-json\/wp\/v2\/pages\/22945\/revisions\/23301"}],"up":[{"embeddable":true,"href":"https:\/\/agora.xtec.cat\/ceipcreualta\/wp-json\/wp\/v2\/pages\/9351"}],"wp:attachment":[{"href":"https:\/\/agora.xtec.cat\/ceipcreualta\/wp-json\/wp\/v2\/media?parent=22945"}],"curies":[{"name":"wp","href":"https:\/\/api.w.org\/{rel}","templated":true}]}}