{"id":22939,"date":"2025-11-14T10:36:33","date_gmt":"2025-11-14T09:36:33","guid":{"rendered":"https:\/\/agora.xtec.cat\/ceipcreualta\/?page_id=22939"},"modified":"2026-01-19T15:42:20","modified_gmt":"2026-01-19T14:42:20","slug":"primaria","status":"publish","type":"page","link":"https:\/\/agora.xtec.cat\/ceipcreualta\/projecte-pedagogic\/primaria\/","title":{"rendered":"Projecte de centre"},"content":{"rendered":"\n<h3 class=\"wp-block-heading\">Com som?<\/h3>\n\n\n\n<ul class=\"wp-block-list\">\n<li>Escola catalana, democr\u00e0tica, plural, coeducadora i inclusiva.<\/li>\n\n\n\n<li>La llengua vehicular \u00e9s el catal\u00e0.<\/li>\n\n\n\n<li>Escola verda i sostenible.<\/li>\n\n\n\n<li>Escola integradora, que creu en l\u2019equitat i la igualtat.<\/li>\n\n\n\n<li>Eduquem en els valors d\u2019autonomia, esfor\u00e7 i responsabilitat.<\/li>\n\n\n\n<li>Pretenem el desenvolupament integral del nostre alumnat, educant-los en el respecte i la conviv\u00e8ncia<\/li>\n\n\n\n<li>Realitzem un aprenentatge vivencial a trav\u00e9s d\u2019una metodologia diversificada (treball per ambients, tallers, projectes, racons, treball individual&#8230;) per aconseguir un aprenentatge real i \u00fatil.<\/li>\n\n\n\n<li>Pretenem desenvolupar un aprenentatge significatiu, fruit del raonament i la pr\u00e0ctica, que ens porti a aconseguir un bon nivell competencial, integrant les noves tecnologies en el proc\u00e9s d\u2019aprenentatge.<\/li>\n<\/ul>\n\n\n\n<p><\/p>\n\n\n\n<p>La nostra <strong>visi\u00f3 de l\u2019educaci\u00f3<\/strong> t\u00e9 la base en els seg\u00fcents 4 pilars (segons Delors):<\/p>\n\n\n\n<ol class=\"wp-block-list\">\n<li>Aprendre a con\u00e8ixer: fomentem que el nostre alumnat tingui la curiositat i l\u2018 inter\u00e8s per aprendre.<\/li>\n\n\n\n<li>Aprendre a fer: volem formar a futurs adults\/es amb unes bones compet\u00e8ncies que els capacitin per treballar en equip, i els preparem perqu\u00e8 siguin capa\u00e7os\/ces de fer front al gran nombre de situacions en que es trobaran.<\/li>\n\n\n\n<li>Aprendre a viure junts: desenvolupem les compet\u00e8ncies socials per saber realitzar projectes en com\u00fa, resoldre conflictes, i tenir actituds de comprensi\u00f3 i toler\u00e0ncia.<\/li>\n\n\n\n<li>Aprendre a ser: pretenem que millorin en els \u00e0mbits de la pr\u00f2pia personalitat, i s\u00e0piguen actuar amb autonomia, responsabilitat personal i criteri propi.<\/li>\n<\/ol>\n\n\n\n<p><\/p>\n\n\n\n<p><\/p>\n\n\n\n<h3 class=\"wp-block-heading\">Metodologia de treball<\/h3>\n\n\n\n<h4 class=\"wp-block-heading\"><strong><span style=\"text-decoration: underline;\">Projectes i capses d&#8217;aprenentatge<\/span><\/strong><\/h4>\n\n\n\n<p>Amb el treball per <strong>projectes<\/strong> els infants aprenen de manera global, integrant els aprenentatges de les diferents \u00e0rees i construint entre elles una xarxa de connexions que els permetran aprendre a aprendre. Es parteix dels interessos dels infants.<\/p>\n\n\n\n<p>Les <strong>capses d\u2019aprenentatge<\/strong> promouen la investigaci\u00f3, l\u2019experimentaci\u00f3, la construcci\u00f3 del coneixement i l\u2019adquisici\u00f3 de diferents compet\u00e8ncies. S\u00f3n una metodologia basada en propostes de treball m\u00e9s guiades i globalitzades.<\/p>\n\n\n\n<figure class=\"wp-block-gallery has-nested-images columns-default is-cropped wp-block-gallery-1 is-layout-flex wp-block-gallery-is-layout-flex\">\n<figure class=\"wp-block-image size-large\"><a href=\"https:\/\/agora.xtec.cat\/ceipcreualta\/wp-content\/uploads\/usu503\/2025\/12\/IMG_1918.jpg\"><img loading=\"lazy\" decoding=\"async\" width=\"768\" height=\"1024\" data-id=\"23110\" src=\"https:\/\/agora.xtec.cat\/ceipcreualta\/wp-content\/uploads\/usu503\/2025\/12\/IMG_1918-768x1024.jpg\" alt=\"\" class=\"wp-image-23110\" srcset=\"https:\/\/agora.xtec.cat\/ceipcreualta\/wp-content\/uploads\/usu503\/2025\/12\/IMG_1918-768x1024.jpg 768w, https:\/\/agora.xtec.cat\/ceipcreualta\/wp-content\/uploads\/usu503\/2025\/12\/IMG_1918-225x300.jpg 225w, https:\/\/agora.xtec.cat\/ceipcreualta\/wp-content\/uploads\/usu503\/2025\/12\/IMG_1918-1152x1536.jpg 1152w, https:\/\/agora.xtec.cat\/ceipcreualta\/wp-content\/uploads\/usu503\/2025\/12\/IMG_1918.jpg 1512w\" sizes=\"auto, (max-width: 768px) 100vw, 768px\" \/><\/a><\/figure>\n\n\n\n<figure class=\"wp-block-image size-large\"><a href=\"https:\/\/agora.xtec.cat\/ceipcreualta\/wp-content\/uploads\/usu503\/2025\/12\/IMG_1889-1-scaled.jpg\"><img loading=\"lazy\" decoding=\"async\" width=\"1024\" height=\"768\" data-id=\"23109\" src=\"https:\/\/agora.xtec.cat\/ceipcreualta\/wp-content\/uploads\/usu503\/2025\/12\/IMG_1889-1-1024x768.jpg\" alt=\"\" class=\"wp-image-23109\" srcset=\"https:\/\/agora.xtec.cat\/ceipcreualta\/wp-content\/uploads\/usu503\/2025\/12\/IMG_1889-1-1024x768.jpg 1024w, https:\/\/agora.xtec.cat\/ceipcreualta\/wp-content\/uploads\/usu503\/2025\/12\/IMG_1889-1-300x225.jpg 300w, https:\/\/agora.xtec.cat\/ceipcreualta\/wp-content\/uploads\/usu503\/2025\/12\/IMG_1889-1-768x576.jpg 768w, https:\/\/agora.xtec.cat\/ceipcreualta\/wp-content\/uploads\/usu503\/2025\/12\/IMG_1889-1-1536x1152.jpg 1536w, https:\/\/agora.xtec.cat\/ceipcreualta\/wp-content\/uploads\/usu503\/2025\/12\/IMG_1889-1-2048x1536.jpg 2048w\" sizes=\"auto, (max-width: 1024px) 100vw, 1024px\" \/><\/a><\/figure>\n\n\n\n<figure class=\"wp-block-image size-large\"><a href=\"https:\/\/agora.xtec.cat\/ceipcreualta\/wp-content\/uploads\/usu503\/2025\/12\/IMG_8346-1-1.jpg\"><img loading=\"lazy\" decoding=\"async\" width=\"1024\" height=\"768\" data-id=\"23111\" src=\"https:\/\/agora.xtec.cat\/ceipcreualta\/wp-content\/uploads\/usu503\/2025\/12\/IMG_8346-1-1-1024x768.jpg\" alt=\"\" class=\"wp-image-23111\" srcset=\"https:\/\/agora.xtec.cat\/ceipcreualta\/wp-content\/uploads\/usu503\/2025\/12\/IMG_8346-1-1-1024x768.jpg 1024w, https:\/\/agora.xtec.cat\/ceipcreualta\/wp-content\/uploads\/usu503\/2025\/12\/IMG_8346-1-1-300x225.jpg 300w, https:\/\/agora.xtec.cat\/ceipcreualta\/wp-content\/uploads\/usu503\/2025\/12\/IMG_8346-1-1-768x576.jpg 768w, https:\/\/agora.xtec.cat\/ceipcreualta\/wp-content\/uploads\/usu503\/2025\/12\/IMG_8346-1-1-1536x1152.jpg 1536w, https:\/\/agora.xtec.cat\/ceipcreualta\/wp-content\/uploads\/usu503\/2025\/12\/IMG_8346-1-1.jpg 2016w\" sizes=\"auto, (max-width: 1024px) 100vw, 1024px\" \/><\/a><\/figure>\n<\/figure>\n\n\n\n<p><\/p>\n\n\n\n<h4 class=\"wp-block-heading\">Racons de treball<\/h4>\n\n\n\n<p>A <span style=\"text-decoration: underline;\">Educaci\u00f3 Infantil<\/span> es realitzen sessions de <strong>racons de treball de llengua<\/strong> (expressi\u00f3 oral, consci\u00e8ncia fonol\u00f2gica, motricitat fina\u2026) i <strong>racons de treball matem\u00e0tic<\/strong> (raonament, geometria, numeraci\u00f3, tra\u00e7, pensament computacional a trav\u00e9s d\u2019activitats de rob\u00f2tica\u2026).<\/p>\n\n\n\n<p>A <span style=\"text-decoration: underline;\">Prim\u00e0ria<\/span> s\u2019utilitzen les sessions de <strong>racons<\/strong> per fer un treball sistem\u00e0tic de l\u2019aprenentatge de les lleng\u00fces (expressi\u00f3 oral, expressi\u00f3 escrita, comprensi\u00f3 lectora, ortografia, gram\u00e0tica\u2026).<\/p>\n\n\n\n<figure class=\"wp-block-gallery has-nested-images columns-default is-cropped wp-block-gallery-2 is-layout-flex wp-block-gallery-is-layout-flex\">\n<figure class=\"wp-block-image size-large\"><a href=\"https:\/\/agora.xtec.cat\/ceipcreualta\/wp-content\/uploads\/usu503\/2025\/12\/IMG_8265.jpg\"><img loading=\"lazy\" decoding=\"async\" width=\"1024\" height=\"768\" data-id=\"23114\" src=\"https:\/\/agora.xtec.cat\/ceipcreualta\/wp-content\/uploads\/usu503\/2025\/12\/IMG_8265-1024x768.jpg\" alt=\"\" class=\"wp-image-23114\" srcset=\"https:\/\/agora.xtec.cat\/ceipcreualta\/wp-content\/uploads\/usu503\/2025\/12\/IMG_8265-1024x768.jpg 1024w, https:\/\/agora.xtec.cat\/ceipcreualta\/wp-content\/uploads\/usu503\/2025\/12\/IMG_8265-300x225.jpg 300w, https:\/\/agora.xtec.cat\/ceipcreualta\/wp-content\/uploads\/usu503\/2025\/12\/IMG_8265-768x576.jpg 768w, https:\/\/agora.xtec.cat\/ceipcreualta\/wp-content\/uploads\/usu503\/2025\/12\/IMG_8265-1536x1152.jpg 1536w, https:\/\/agora.xtec.cat\/ceipcreualta\/wp-content\/uploads\/usu503\/2025\/12\/IMG_8265.jpg 2016w\" sizes=\"auto, (max-width: 1024px) 100vw, 1024px\" \/><\/a><\/figure>\n\n\n\n<figure class=\"wp-block-image size-large\"><a href=\"https:\/\/agora.xtec.cat\/ceipcreualta\/wp-content\/uploads\/usu503\/2025\/12\/IMG_1859-1-scaled.jpg\"><img loading=\"lazy\" decoding=\"async\" width=\"768\" height=\"1024\" data-id=\"23113\" src=\"https:\/\/agora.xtec.cat\/ceipcreualta\/wp-content\/uploads\/usu503\/2025\/12\/IMG_1859-1-768x1024.jpg\" alt=\"\" class=\"wp-image-23113\" srcset=\"https:\/\/agora.xtec.cat\/ceipcreualta\/wp-content\/uploads\/usu503\/2025\/12\/IMG_1859-1-768x1024.jpg 768w, https:\/\/agora.xtec.cat\/ceipcreualta\/wp-content\/uploads\/usu503\/2025\/12\/IMG_1859-1-225x300.jpg 225w, https:\/\/agora.xtec.cat\/ceipcreualta\/wp-content\/uploads\/usu503\/2025\/12\/IMG_1859-1-1152x1536.jpg 1152w, https:\/\/agora.xtec.cat\/ceipcreualta\/wp-content\/uploads\/usu503\/2025\/12\/IMG_1859-1-1536x2048.jpg 1536w, https:\/\/agora.xtec.cat\/ceipcreualta\/wp-content\/uploads\/usu503\/2025\/12\/IMG_1859-1-scaled.jpg 1920w\" sizes=\"auto, (max-width: 768px) 100vw, 768px\" \/><\/a><\/figure>\n\n\n\n<figure class=\"wp-block-image size-large\"><a href=\"https:\/\/agora.xtec.cat\/ceipcreualta\/wp-content\/uploads\/usu503\/2025\/12\/IMG_1439-1-1-scaled.jpg\"><img loading=\"lazy\" decoding=\"async\" width=\"1024\" height=\"768\" data-id=\"23115\" src=\"https:\/\/agora.xtec.cat\/ceipcreualta\/wp-content\/uploads\/usu503\/2025\/12\/IMG_1439-1-1-1024x768.jpg\" alt=\"\" class=\"wp-image-23115\" srcset=\"https:\/\/agora.xtec.cat\/ceipcreualta\/wp-content\/uploads\/usu503\/2025\/12\/IMG_1439-1-1-1024x768.jpg 1024w, https:\/\/agora.xtec.cat\/ceipcreualta\/wp-content\/uploads\/usu503\/2025\/12\/IMG_1439-1-1-300x225.jpg 300w, https:\/\/agora.xtec.cat\/ceipcreualta\/wp-content\/uploads\/usu503\/2025\/12\/IMG_1439-1-1-768x576.jpg 768w, https:\/\/agora.xtec.cat\/ceipcreualta\/wp-content\/uploads\/usu503\/2025\/12\/IMG_1439-1-1-1536x1152.jpg 1536w, https:\/\/agora.xtec.cat\/ceipcreualta\/wp-content\/uploads\/usu503\/2025\/12\/IMG_1439-1-1-2048x1536.jpg 2048w\" sizes=\"auto, (max-width: 1024px) 100vw, 1024px\" \/><\/a><\/figure>\n<\/figure>\n\n\n\n<p><\/p>\n\n\n\n<h4 class=\"wp-block-heading\">Ambients<\/h4>\n\n\n\n<p>S\u00f3n espais d\u2019autoaprenentatge a les aules o espais externs, de lliure elecci\u00f3. <\/p>\n\n\n\n<p>A cada ambient hi ha unes propostes per tal que els nens\/nenes, en grups heterogenis, puguin construir els seus propis aprenentatges a partir del joc, l\u2019observaci\u00f3, l\u2019experimentaci\u00f3, la invenci\u00f3, la cooperaci\u00f3 i la interacci\u00f3 amb els altres.<\/p>\n\n\n\n<p>Es realitzen sessions d\u2019ambients tant a infantil com a prim\u00e0ria, adaptant les propostes i materials als diferents grups d\u2019edat.<br>L\u2019infant \u00e9s el principal agent del seu aprenentatge, ja que fa els seus propis descobriments mitjan\u00e7ant la pr\u00e0ctica i interioritza aix\u00ed els nous coneixements.<br><br>En entrar a l\u2019ambient es fa una petita conversa en rotllana per parlar de les diverses propostes. En finalitzar es torna a fer una conversa on els\/les nens\/es expliquen les experi\u00e8ncies que han tingut en l\u2019ambient.<\/p>\n\n\n\n<p>S\u2019ofereixen 5 ambients cada cicle:<\/p>\n\n\n\n<p><strong>a) Ambient de llums i ombres <em>(Ed. Infantil)<\/em><\/strong><br>Des del joc amb les ombres fins a l&#8217;experimentaci\u00f3 amb els materials m\u00e9s sofisticats, els infants investiguen les propietats de la llum i del color, es fan hip\u00f2tesis i comproven els resultats.<\/p>\n\n\n\n<p><\/p>\n\n\n\n<p><strong>b) Ambient joc simb\u00f2lic <em>(Ed. Infantil)<\/em><\/strong><\/p>\n\n\n\n<p>Els infants juguen a representar diferents rols imitant accions de la vida quotidiana i establint relacions entre ells (la caseta, la botiga, el metge\u2026).<br>Juguen a representar la vida real, a explorar i a reproduir el m\u00f3n social dels adults que els envolta.<\/p>\n\n\n\n<p><\/p>\n\n\n\n<p><strong>c) Ambient construccions <em>(Ed. Infantil)<\/em><\/strong><br>En aquest ambient es manipula i experimenta amb objectes i materials per descobrir les seves qualitats i possibilitats. Fomenta i afavoreix la creativitat i la imaginaci\u00f3.<\/p>\n\n\n\n<p><\/p>\n\n\n\n<p><strong>d) Ambient cient\u00edfic <em>(Ed infantil i prim\u00e0ria)<\/em><\/strong><br>L\u2019objectiu d\u2019aquest ambient \u00e9s oferir els infants un espai on puguin descobrir i experimentar amb una diversitat d\u2019elements i situacions, pr\u00e8viament dissenyades pel mestre, per\u00f2 de manera aut\u00f2noma, de forma que ells mateixos n\u2019extreguin les  pr\u00f2pies conclusions despr\u00e9s de les interaccions. A l\u2019aula disposem de diverses caixes sensorials amb elements naturals.<\/p>\n\n\n\n<p>A l\u2019ambient cient\u00edfic de <span style=\"text-decoration: underline;\">prim\u00e0ria<\/span> l&#8217;alumnat tamb\u00e9 fa activitats a l\u2019hort escolar.<\/p>\n\n\n\n<p><\/p>\n\n\n\n<p><strong>e) Ambient art\u00edstic <em>(Educaci\u00f3 Infantil i Prim\u00e0ria)<\/em><\/strong><br>En aquest ambient posem a l\u2019abast dels infants diferents materials pl\u00e0stics perqu\u00e8 desenvolupin amb llibertat la seva creativitat. A cada sessi\u00f3 es fan v\u00e0ries propostes perqu\u00e8 els infants escullin quines volen realitzar. L&#8217;alumnat pot experimentar, crear, dissenyar i elaborar petites obres d\u2019art.<\/p>\n\n\n\n<p><\/p>\n\n\n\n<p><strong>f) Ambient cinema <em>(Prim\u00e0ria)<\/em><\/strong><br>A trav\u00e9s d\u2019aquest ambient desenvolupem la imaginaci\u00f3 i la creativitat dels infants. S\u2019afavoreix l\u2019expressi\u00f3 oral i el llenguatge simb\u00f2lic, verbal i corporal.<br>Els infants tenen l\u2019oportunitat de disfressar-se i representar diferents personatges, fent petites representacions, i gravar en v\u00eddeo les seves produccions. <\/p>\n\n\n\n<p>D&#8217;aquesta manera es treballen, a m\u00e9s, el llenguatge audiovisual, el tipus de plans cinematogr\u00e0fics i l&#8217;\u00fas d&#8217;editors de v\u00eddeo. <\/p>\n\n\n\n<p><\/p>\n\n\n\n<p><strong>g) Ambient de rob\u00f2tica <em>(Educaci\u00f3 Prim\u00e0ria)<\/em><\/strong><br>En aquest ambient es pret\u00e9n que els infants prenguin contacte amb el m\u00f3n de la programaci\u00f3 i del pensament computacional, fent servir robots educatius (Lego We Do, Lego Spyke, Cubetto, MTiny, plaques MicroBit&#8230;) i plataformes de programaci\u00f3.<\/p>\n\n\n\n<p><\/p>\n\n\n\n<p><strong>h) Ambient de r\u00e0dio <em>(Educaci\u00f3 Prim\u00e0ria)<\/em><\/strong><br>En aquest ambient els infants prendran un primer contacte amb el m\u00f3n radiof\u00f2nic, a trav\u00e9s de propostes engrescadores. En totes elles hauran de fer servir les seves estrat\u00e8gies ling\u00fc\u00edstiques, tant orals com escrites, per analitzar, dissenyar i gravar programes de r\u00e0dio de tipologia diversa (p\u00f2dcast, narraci\u00f3 de contes, not\u00edcies&#8230;).<\/p>\n\n\n\n<p><\/p>\n\n\n\n<p><strong>i) Ambient d&#8217;expressi\u00f3 corporal <em>(Educaci\u00f3 Prim\u00e0ria)<\/em><\/strong><br>En aquest ambient els infants tindran l&#8217;oportunitat de treballar les emocions i sentiments a trav\u00e9s de la m\u00fasica i del seu propi cos, per tal de crear una coreografia grupal.<\/p>\n\n\n\n<p><\/p>\n\n\n\n<p><strong>j) Ambient de jocs de taula <em>(Educaci\u00f3 Prim\u00e0ria)<\/em><\/strong><br>En aquest ambient els infants podran con\u00e8ixer diferents tipologies de jocs de taula i aprendre, a trav\u00e9s d&#8217;ells, habilitats cooperatives. Tanmateix, podran inventar el seu propi joc a partir de consignes comunes a altres jocs.<\/p>\n\n\n\n<figure class=\"wp-block-gallery has-nested-images columns-default is-cropped wp-block-gallery-3 is-layout-flex wp-block-gallery-is-layout-flex\">\n<figure class=\"wp-block-image size-large\"><a href=\"https:\/\/agora.xtec.cat\/ceipcreualta\/wp-content\/uploads\/usu503\/2025\/12\/IMG_0916-scaled.jpg\"><img loading=\"lazy\" decoding=\"async\" width=\"768\" height=\"1024\" data-id=\"23125\" src=\"https:\/\/agora.xtec.cat\/ceipcreualta\/wp-content\/uploads\/usu503\/2025\/12\/IMG_0916-768x1024.jpg\" alt=\"\" class=\"wp-image-23125\" srcset=\"https:\/\/agora.xtec.cat\/ceipcreualta\/wp-content\/uploads\/usu503\/2025\/12\/IMG_0916-768x1024.jpg 768w, https:\/\/agora.xtec.cat\/ceipcreualta\/wp-content\/uploads\/usu503\/2025\/12\/IMG_0916-225x300.jpg 225w, https:\/\/agora.xtec.cat\/ceipcreualta\/wp-content\/uploads\/usu503\/2025\/12\/IMG_0916-1152x1536.jpg 1152w, https:\/\/agora.xtec.cat\/ceipcreualta\/wp-content\/uploads\/usu503\/2025\/12\/IMG_0916-1536x2048.jpg 1536w, https:\/\/agora.xtec.cat\/ceipcreualta\/wp-content\/uploads\/usu503\/2025\/12\/IMG_0916-scaled.jpg 1920w\" sizes=\"auto, (max-width: 768px) 100vw, 768px\" \/><\/a><\/figure>\n\n\n\n<figure class=\"wp-block-image size-large\"><a href=\"https:\/\/agora.xtec.cat\/ceipcreualta\/wp-content\/uploads\/usu503\/2025\/12\/IMG_1505-scaled.jpg\"><img loading=\"lazy\" decoding=\"async\" width=\"768\" height=\"1024\" data-id=\"23124\" src=\"https:\/\/agora.xtec.cat\/ceipcreualta\/wp-content\/uploads\/usu503\/2025\/12\/IMG_1505-768x1024.jpg\" alt=\"\" class=\"wp-image-23124\" srcset=\"https:\/\/agora.xtec.cat\/ceipcreualta\/wp-content\/uploads\/usu503\/2025\/12\/IMG_1505-768x1024.jpg 768w, https:\/\/agora.xtec.cat\/ceipcreualta\/wp-content\/uploads\/usu503\/2025\/12\/IMG_1505-225x300.jpg 225w, https:\/\/agora.xtec.cat\/ceipcreualta\/wp-content\/uploads\/usu503\/2025\/12\/IMG_1505-1152x1536.jpg 1152w, https:\/\/agora.xtec.cat\/ceipcreualta\/wp-content\/uploads\/usu503\/2025\/12\/IMG_1505-1536x2048.jpg 1536w, https:\/\/agora.xtec.cat\/ceipcreualta\/wp-content\/uploads\/usu503\/2025\/12\/IMG_1505-scaled.jpg 1920w\" sizes=\"auto, (max-width: 768px) 100vw, 768px\" \/><\/a><\/figure>\n<\/figure>\n\n\n\n<h4 class=\"wp-block-heading\">PROJECTE DE MATEM\u00c0TIQUES<\/h4>\n\n\n\n<p>Impulsem l\u2019aprenentatge de les matem\u00e0tiques a trav\u00e9s del projecte Innovamat.<br>Volem aconseguir que el nostre alumnat tingui una bona compet\u00e8ncia matem\u00e0tica, partint de reptes vivencials que es resolen a partir de di\u00e0leg i la manipulaci\u00f3.<br>Iniciem aquest projecte a partir de I3 i fins a 6\u00e8.<br><\/p>\n\n\n\n<p>Les sessions d\u2019Innovamat a <strong>Infantil<\/strong> s\u2019agrupen en diferetns blocs:<\/p>\n\n\n\n<ul class=\"wp-block-list\">\n<li><strong>Tallers:<\/strong> s\u00f3n activitats gestionades per la mestra on tot el grup segueix la mateixa din\u00e0mica per construir el coneixement, que quedar\u00e0 plasmat a una l\u00e0mina. Es realitzen en desdoblament.<\/li>\n\n\n\n<li><strong>Els racons:<\/strong> s\u00f3n reptes de treball aut\u00f2nom i sistem\u00e0tic, amb un gran component manipulatiu, per consolidar els conceptes desenvolupats als tallers.<\/li>\n\n\n\n<li><strong>Les rutines d\u2019aula:<\/strong> s\u00f3n un complement per practicar i aplicar els aprenentatges, connectant-los amb la realitat quotidiana. Aquestes rutines se centren sobretot en el treball del calendari que es duu a terme cada mat\u00ed.<\/li>\n<\/ul>\n\n\n\n<p>A prim\u00e0ria ens basem en el treball manipulatiu, vivencial i en compartir els processos cognitius i les estrat\u00e8gies emprades.<\/p>\n\n\n\n<p>Les sessions estaran distribu\u00efdes de la seg\u00fcent forma:<\/p>\n\n\n\n<ul class=\"wp-block-list\">\n<li>Dues sessions de <strong>laboratori de nombres<\/strong>.<\/li>\n\n\n\n<li>Una sessi\u00f3 d\u2019<strong>aventures<\/strong>.<\/li>\n\n\n\n<li>Una sessi\u00f3 de <strong>tauletes<\/strong>.<\/li>\n\n\n\n<li>Una sessi\u00f3 de <strong>treball sistem\u00e0tic<\/strong> per consolidar conceptes, treballar algoritmes tradicionals\u2026<\/li>\n<\/ul>\n\n\n\n<p>A m\u00e9s del projecte Innovamat, aquest curs 25-26, el Departament d\u2019Educaci\u00f3 ha iniciat el Programa temporal de mentories <strong>PCMAT<\/strong> (Pensament Computacional i Matem\u00e0tiques).&nbsp;<br><br>Aquest programa est\u00e0 adre\u00e7at a l&#8217;alumnat de 5\u00e8 i 6\u00e8, amb l\u2019objectiu principal de millorar la compet\u00e8ncia matem\u00e0tica&nbsp;de l\u2019alumnat a trav\u00e9s del&nbsp;pensament computacional, la programaci\u00f3 i la rob\u00f2tica educativa, amb un acompanyament intensiu i personalitzat per al professorat.<\/p>\n\n\n\n<figure class=\"wp-block-gallery has-nested-images columns-default is-cropped wp-block-gallery-4 is-layout-flex wp-block-gallery-is-layout-flex\"><\/figure>\n","protected":false},"excerpt":{"rendered":"<p>Com som? La nostra visi\u00f3 de l\u2019educaci\u00f3 t\u00e9 la base en els seg\u00fcents 4 pilars (segons Delors): Metodologia de treball Projectes i capses d&#8217;aprenentatge Amb el treball per projectes els infants aprenen de manera global, integrant els aprenentatges de les diferents \u00e0rees i construint entre elles una xarxa de connexions que els permetran aprendre a [&hellip;]<\/p>\n","protected":false},"author":66,"featured_media":0,"parent":9351,"menu_order":0,"comment_status":"closed","ping_status":"close","template":"","meta":{"_bbp_topic_count":0,"_bbp_reply_count":0,"_bbp_total_topic_count":0,"_bbp_total_reply_count":0,"_bbp_voice_count":0,"_bbp_anonymous_reply_count":0,"_bbp_topic_count_hidden":0,"_bbp_reply_count_hidden":0,"_bbp_forum_subforum_count":0,"site-sidebar-layout":"default","site-content-layout":"","ast-site-content-layout":"default","site-content-style":"default","site-sidebar-style":"default","ast-global-header-display":"","ast-banner-title-visibility":"","ast-main-header-display":"","ast-hfb-above-header-display":"","ast-hfb-below-header-display":"","ast-hfb-mobile-header-display":"","site-post-title":"","ast-breadcrumbs-content":"","ast-featured-img":"","footer-sml-layout":"","theme-transparent-header-meta":"","adv-header-id-meta":"","stick-header-meta":"","header-above-stick-meta":"","header-main-stick-meta":"","header-below-stick-meta":"","astra-migrate-meta-layouts":"set","ast-page-background-enabled":"default","ast-page-background-meta":{"desktop":{"background-color":"var(--ast-global-color-4)","background-image":"","background-repeat":"repeat","background-position":"center center","background-size":"auto","background-attachment":"scroll","background-type":"","background-media":"","overlay-type":"","overlay-color":"","overlay-opacity":"","overlay-gradient":""},"tablet":{"background-color":"","background-image":"","background-repeat":"repeat","background-position":"center center","background-size":"auto","background-attachment":"scroll","background-type":"","background-media":"","overlay-type":"","overlay-color":"","overlay-opacity":"","overlay-gradient":""},"mobile":{"background-color":"","background-image":"","background-repeat":"repeat","background-position":"center center","background-size":"auto","background-attachment":"scroll","background-type":"","background-media":"","overlay-type":"","overlay-color":"","overlay-opacity":"","overlay-gradient":""}},"ast-content-background-meta":{"desktop":{"background-color":"var(--ast-global-color-5)","background-image":"","background-repeat":"repeat","background-position":"center center","background-size":"auto","background-attachment":"scroll","background-type":"","background-media":"","overlay-type":"","overlay-color":"","overlay-opacity":"","overlay-gradient":""},"tablet":{"background-color":"var(--ast-global-color-5)","background-image":"","background-repeat":"repeat","background-position":"center center","background-size":"auto","background-attachment":"scroll","background-type":"","background-media":"","overlay-type":"","overlay-color":"","overlay-opacity":"","overlay-gradient":""},"mobile":{"background-color":"var(--ast-global-color-5)","background-image":"","background-repeat":"repeat","background-position":"center center","background-size":"auto","background-attachment":"scroll","background-type":"","background-media":"","overlay-type":"","overlay-color":"","overlay-opacity":"","overlay-gradient":""}},"footnotes":""},"class_list":["post-22939","page","type-page","status-publish","hentry"],"post_mailing_queue_ids":[],"_links":{"self":[{"href":"https:\/\/agora.xtec.cat\/ceipcreualta\/wp-json\/wp\/v2\/pages\/22939","targetHints":{"allow":["GET"]}}],"collection":[{"href":"https:\/\/agora.xtec.cat\/ceipcreualta\/wp-json\/wp\/v2\/pages"}],"about":[{"href":"https:\/\/agora.xtec.cat\/ceipcreualta\/wp-json\/wp\/v2\/types\/page"}],"author":[{"embeddable":true,"href":"https:\/\/agora.xtec.cat\/ceipcreualta\/wp-json\/wp\/v2\/users\/66"}],"replies":[{"embeddable":true,"href":"https:\/\/agora.xtec.cat\/ceipcreualta\/wp-json\/wp\/v2\/comments?post=22939"}],"version-history":[{"count":6,"href":"https:\/\/agora.xtec.cat\/ceipcreualta\/wp-json\/wp\/v2\/pages\/22939\/revisions"}],"predecessor-version":[{"id":23291,"href":"https:\/\/agora.xtec.cat\/ceipcreualta\/wp-json\/wp\/v2\/pages\/22939\/revisions\/23291"}],"up":[{"embeddable":true,"href":"https:\/\/agora.xtec.cat\/ceipcreualta\/wp-json\/wp\/v2\/pages\/9351"}],"wp:attachment":[{"href":"https:\/\/agora.xtec.cat\/ceipcreualta\/wp-json\/wp\/v2\/media?parent=22939"}],"curies":[{"name":"wp","href":"https:\/\/api.w.org\/{rel}","templated":true}]}}