{"id":22930,"date":"2025-11-13T11:52:51","date_gmt":"2025-11-13T10:52:51","guid":{"rendered":"https:\/\/agora.xtec.cat\/ceipcreualta\/?page_id=22930"},"modified":"2025-12-04T10:51:16","modified_gmt":"2025-12-04T09:51:16","slug":"membres-2","status":"publish","type":"page","link":"https:\/\/agora.xtec.cat\/ceipcreualta\/lescola-2\/consell-escolar\/membres-2\/","title":{"rendered":"Membres"},"content":{"rendered":"\n<figure class=\"wp-block-table\"><table class=\"has-fixed-layout\"><tbody><tr><td><strong>Presid\u00e8ncia<\/strong><\/td><td>Ant\u00f2nia Sierra<\/td><td><strong>Sector PAS \/ PAE<\/strong><\/td><td>Maria Bertran \/ Rosa M. Garcia<\/td><\/tr><tr><td><strong>Cap d\u2019estudis<\/strong><\/td><td>Isabel Mass\u00f3<\/td><td><strong>Representant Ajuntament<\/strong><\/td><td>Pilar Mira<\/td><\/tr><tr><td><strong>Secretari<\/strong><\/td><td>Juan M. Murcia<\/td><td><strong>Representant AMPA<\/strong><\/td><td><\/td><\/tr><tr><td><strong>Sector Mestres<\/strong><\/td><td>Rosa Junyent<br>Gemma Jarque<br>S\u00edlvia Llongueras<br>Montse Lleonart<br>Laura Vallejo<br>Cristina Fern\u00e1ndez<\/td><td><strong>Sector Fam\u00edlies<\/strong><\/td><td>Eva Pascual<br>Marc Extremo<br>Samira Ghassemifalavarjani<br>Gerard Granado<br>Eva Rodr\u00edguez<\/td><\/tr><\/tbody><\/table><\/figure>\n\n\n\n<p><\/p>\n","protected":false},"excerpt":{"rendered":"<p>Presid\u00e8ncia Ant\u00f2nia Sierra Sector PAS \/ PAE Maria Bertran \/ Rosa M. Garcia Cap d\u2019estudis Isabel Mass\u00f3 Representant Ajuntament Pilar Mira Secretari Juan M. Murcia Representant AMPA Sector Mestres Rosa JunyentGemma JarqueS\u00edlvia LlonguerasMontse LleonartLaura VallejoCristina Fern\u00e1ndez Sector Fam\u00edlies Eva PascualMarc ExtremoSamira GhassemifalavarjaniGerard GranadoEva Rodr\u00edguez<\/p>\n","protected":false},"author":66,"featured_media":0,"parent":28,"menu_order":0,"comment_status":"closed","ping_status":"close","template":"","meta":{"_bbp_topic_count":0,"_bbp_reply_count":0,"_bbp_total_topic_count":0,"_bbp_total_reply_count":0,"_bbp_voice_count":0,"_bbp_anonymous_reply_count":0,"_bbp_topic_count_hidden":0,"_bbp_reply_count_hidden":0,"_bbp_forum_subforum_count":0,"site-sidebar-layout":"default","site-content-layout":"","ast-site-content-layout":"default","site-content-style":"default","site-sidebar-style":"default","ast-global-header-display":"","ast-banner-title-visibility":"","ast-main-header-display":"","ast-hfb-above-header-display":"","ast-hfb-below-header-display":"","ast-hfb-mobile-header-display":"","site-post-title":"","ast-breadcrumbs-content":"","ast-featured-img":"","footer-sml-layout":"","theme-transparent-header-meta":"","adv-header-id-meta":"","stick-header-meta":"","header-above-stick-meta":"","header-main-stick-meta":"","header-below-stick-meta":"","astra-migrate-meta-layouts":"set","ast-page-background-enabled":"default","ast-page-background-meta":{"desktop":{"background-color":"var(--ast-global-color-4)","background-image":"","background-repeat":"repeat","background-position":"center center","background-size":"auto","background-attachment":"scroll","background-type":"","background-media":"","overlay-type":"","overlay-color":"","overlay-opacity":"","overlay-gradient":""},"tablet":{"background-color":"","background-image":"","background-repeat":"repeat","background-position":"center center","background-size":"auto","background-attachment":"scroll","background-type":"","background-media":"","overlay-type":"","overlay-color":"","overlay-opacity":"","overlay-gradient":""},"mobile":{"background-color":"","background-image":"","background-repeat":"repeat","background-position":"center center","background-size":"auto","background-attachment":"scroll","background-type":"","background-media":"","overlay-type":"","overlay-color":"","overlay-opacity":"","overlay-gradient":""}},"ast-content-background-meta":{"desktop":{"background-color":"var(--ast-global-color-5)","background-image":"","background-repeat":"repeat","background-position":"center center","background-size":"auto","background-attachment":"scroll","background-type":"","background-media":"","overlay-type":"","overlay-color":"","overlay-opacity":"","overlay-gradient":""},"tablet":{"background-color":"var(--ast-global-color-5)","background-image":"","background-repeat":"repeat","background-position":"center center","background-size":"auto","background-attachment":"scroll","background-type":"","background-media":"","overlay-type":"","overlay-color":"","overlay-opacity":"","overlay-gradient":""},"mobile":{"background-color":"var(--ast-global-color-5)","background-image":"","background-repeat":"repeat","background-position":"center center","background-size":"auto","background-attachment":"scroll","background-type":"","background-media":"","overlay-type":"","overlay-color":"","overlay-opacity":"","overlay-gradient":""}},"footnotes":""},"class_list":["post-22930","page","type-page","status-publish","hentry"],"post_mailing_queue_ids":[],"_links":{"self":[{"href":"https:\/\/agora.xtec.cat\/ceipcreualta\/wp-json\/wp\/v2\/pages\/22930","targetHints":{"allow":["GET"]}}],"collection":[{"href":"https:\/\/agora.xtec.cat\/ceipcreualta\/wp-json\/wp\/v2\/pages"}],"about":[{"href":"https:\/\/agora.xtec.cat\/ceipcreualta\/wp-json\/wp\/v2\/types\/page"}],"author":[{"embeddable":true,"href":"https:\/\/agora.xtec.cat\/ceipcreualta\/wp-json\/wp\/v2\/users\/66"}],"replies":[{"embeddable":true,"href":"https:\/\/agora.xtec.cat\/ceipcreualta\/wp-json\/wp\/v2\/comments?post=22930"}],"version-history":[{"count":3,"href":"https:\/\/agora.xtec.cat\/ceipcreualta\/wp-json\/wp\/v2\/pages\/22930\/revisions"}],"predecessor-version":[{"id":23080,"href":"https:\/\/agora.xtec.cat\/ceipcreualta\/wp-json\/wp\/v2\/pages\/22930\/revisions\/23080"}],"up":[{"embeddable":true,"href":"https:\/\/agora.xtec.cat\/ceipcreualta\/wp-json\/wp\/v2\/pages\/28"}],"wp:attachment":[{"href":"https:\/\/agora.xtec.cat\/ceipcreualta\/wp-json\/wp\/v2\/media?parent=22930"}],"curies":[{"name":"wp","href":"https:\/\/api.w.org\/{rel}","templated":true}]}}