{"id":22928,"date":"2025-11-13T11:50:48","date_gmt":"2025-11-13T10:50:48","guid":{"rendered":"https:\/\/agora.xtec.cat\/ceipcreualta\/?page_id=22928"},"modified":"2025-11-13T11:55:22","modified_gmt":"2025-11-13T10:55:22","slug":"funcions","status":"publish","type":"page","link":"https:\/\/agora.xtec.cat\/ceipcreualta\/lescola-2\/consell-escolar\/funcions\/","title":{"rendered":"Funcions"},"content":{"rendered":"\n<p>El&nbsp;<strong><a href=\"https:\/\/educacio.gencat.cat\/ca\/arees-actuacio\/centres-serveis-educatius\/centres\/consells-escolars-centres\/\" target=\"_blank\" rel=\"noreferrer noopener\">consell escolar<\/a><\/strong>&nbsp;\u00e9s l\u2019\u00f2rgan de participaci\u00f3 de la comunitat escolar en el govern del centre.<\/p>\n\n\n\n<p>Corresponen al consell escolar les funcions seg\u00fcents:<\/p>\n\n\n\n<p>a) Aprovar el projecte educatiu i les modificacions corresponents per una majoria de tres cinquenes parts dels membres.<\/p>\n\n\n\n<p>b) Aprovar la programaci\u00f3 general anual del centre i avaluar-ne el desenvolupament i els resultats.<\/p>\n\n\n\n<p>c) Aprovar les propostes d\u2019acords de corresponsabilitat, convenis i altres acords de col\u00b7laboraci\u00f3 del centre amb entitats o institucions.<\/p>\n\n\n\n<p>d) Aprovar les normes d\u2019organitzaci\u00f3 i funcionament i les modificacions corresponents.<\/p>\n\n\n\n<p>e) Aprovar la carta de comprom\u00eds educatiu.<\/p>\n\n\n\n<p>f) Aprovar el pressupost del centre i el rendiment de comptes.<\/p>\n\n\n\n<p>g) Intervenir en el procediment d\u2019admissi\u00f3 d\u2019alumnes.<\/p>\n\n\n\n<p>h) Participar en el procediment de selecci\u00f3 i en la proposta de cessament del director o directora.<\/p>\n\n\n\n<p>i) Intervenir en la resoluci\u00f3 dels conflictes i, si escau, revisar les sancions als alumnes.<\/p>\n\n\n\n<p>j) Aprovar les directrius per a la programaci\u00f3 d\u2019activitats escolars complement\u00e0ries i d\u2019activitats extraescolars, i avaluar-ne el desenvolupament.<\/p>\n\n\n\n<p>k) Participar en les an\u00e0lisis i les avaluacions del funcionament general del centre i con\u00e8ixer l\u2019evoluci\u00f3 del rendiment escolar.<\/p>\n\n\n\n<p>l) Aprovar els criteris de col\u00b7laboraci\u00f3 amb altres centres i amb l\u2019entorn.<\/p>\n\n\n\n<p>m) Qualsevol altra que li sigui atribu\u00efda per les normes legals o reglament\u00e0ries.<\/p>\n","protected":false},"excerpt":{"rendered":"<p>El&nbsp;consell escolar&nbsp;\u00e9s l\u2019\u00f2rgan de participaci\u00f3 de la comunitat escolar en el govern del centre. Corresponen al consell escolar les funcions seg\u00fcents: a) Aprovar el projecte educatiu i les modificacions corresponents per una majoria de tres cinquenes parts dels membres. b) Aprovar la programaci\u00f3 general anual del centre i avaluar-ne el desenvolupament i els resultats. c) [&hellip;]<\/p>\n","protected":false},"author":66,"featured_media":0,"parent":28,"menu_order":0,"comment_status":"closed","ping_status":"close","template":"","meta":{"_bbp_topic_count":0,"_bbp_reply_count":0,"_bbp_total_topic_count":0,"_bbp_total_reply_count":0,"_bbp_voice_count":0,"_bbp_anonymous_reply_count":0,"_bbp_topic_count_hidden":0,"_bbp_reply_count_hidden":0,"_bbp_forum_subforum_count":0,"site-sidebar-layout":"default","site-content-layout":"","ast-site-content-layout":"default","site-content-style":"default","site-sidebar-style":"default","ast-global-header-display":"","ast-banner-title-visibility":"","ast-main-header-display":"","ast-hfb-above-header-display":"","ast-hfb-below-header-display":"","ast-hfb-mobile-header-display":"","site-post-title":"","ast-breadcrumbs-content":"","ast-featured-img":"","footer-sml-layout":"","theme-transparent-header-meta":"","adv-header-id-meta":"","stick-header-meta":"","header-above-stick-meta":"","header-main-stick-meta":"","header-below-stick-meta":"","astra-migrate-meta-layouts":"set","ast-page-background-enabled":"default","ast-page-background-meta":{"desktop":{"background-color":"var(--ast-global-color-4)","background-image":"","background-repeat":"repeat","background-position":"center center","background-size":"auto","background-attachment":"scroll","background-type":"","background-media":"","overlay-type":"","overlay-color":"","overlay-opacity":"","overlay-gradient":""},"tablet":{"background-color":"","background-image":"","background-repeat":"repeat","background-position":"center center","background-size":"auto","background-attachment":"scroll","background-type":"","background-media":"","overlay-type":"","overlay-color":"","overlay-opacity":"","overlay-gradient":""},"mobile":{"background-color":"","background-image":"","background-repeat":"repeat","background-position":"center center","background-size":"auto","background-attachment":"scroll","background-type":"","background-media":"","overlay-type":"","overlay-color":"","overlay-opacity":"","overlay-gradient":""}},"ast-content-background-meta":{"desktop":{"background-color":"var(--ast-global-color-5)","background-image":"","background-repeat":"repeat","background-position":"center center","background-size":"auto","background-attachment":"scroll","background-type":"","background-media":"","overlay-type":"","overlay-color":"","overlay-opacity":"","overlay-gradient":""},"tablet":{"background-color":"var(--ast-global-color-5)","background-image":"","background-repeat":"repeat","background-position":"center center","background-size":"auto","background-attachment":"scroll","background-type":"","background-media":"","overlay-type":"","overlay-color":"","overlay-opacity":"","overlay-gradient":""},"mobile":{"background-color":"var(--ast-global-color-5)","background-image":"","background-repeat":"repeat","background-position":"center center","background-size":"auto","background-attachment":"scroll","background-type":"","background-media":"","overlay-type":"","overlay-color":"","overlay-opacity":"","overlay-gradient":""}},"footnotes":""},"class_list":["post-22928","page","type-page","status-publish","hentry"],"post_mailing_queue_ids":[],"_links":{"self":[{"href":"https:\/\/agora.xtec.cat\/ceipcreualta\/wp-json\/wp\/v2\/pages\/22928","targetHints":{"allow":["GET"]}}],"collection":[{"href":"https:\/\/agora.xtec.cat\/ceipcreualta\/wp-json\/wp\/v2\/pages"}],"about":[{"href":"https:\/\/agora.xtec.cat\/ceipcreualta\/wp-json\/wp\/v2\/types\/page"}],"author":[{"embeddable":true,"href":"https:\/\/agora.xtec.cat\/ceipcreualta\/wp-json\/wp\/v2\/users\/66"}],"replies":[{"embeddable":true,"href":"https:\/\/agora.xtec.cat\/ceipcreualta\/wp-json\/wp\/v2\/comments?post=22928"}],"version-history":[{"count":2,"href":"https:\/\/agora.xtec.cat\/ceipcreualta\/wp-json\/wp\/v2\/pages\/22928\/revisions"}],"predecessor-version":[{"id":22933,"href":"https:\/\/agora.xtec.cat\/ceipcreualta\/wp-json\/wp\/v2\/pages\/22928\/revisions\/22933"}],"up":[{"embeddable":true,"href":"https:\/\/agora.xtec.cat\/ceipcreualta\/wp-json\/wp\/v2\/pages\/28"}],"wp:attachment":[{"href":"https:\/\/agora.xtec.cat\/ceipcreualta\/wp-json\/wp\/v2\/media?parent=22928"}],"curies":[{"name":"wp","href":"https:\/\/api.w.org\/{rel}","templated":true}]}}