{"id":22,"date":"2014-09-18T12:19:57","date_gmt":"2014-09-18T12:19:57","guid":{"rendered":"http:\/\/agora.xtec.cat\/ceipcreualta\/?page_id=22"},"modified":"2018-04-06T11:03:49","modified_gmt":"2018-04-06T09:03:49","slug":"lescola","status":"publish","type":"page","link":"https:\/\/agora.xtec.cat\/ceipcreualta\/lescola\/","title":{"rendered":"L&#8217;escola"},"content":{"rendered":"<h1><span style=\"color: #0000ff;\">\u00a0L\u2019ESCOLA<\/span><\/h1>\n<div class=\"entry-content\">\n<p><span class=\"ff2 fs18\" style=\"color: #0000ff;\">Som una Escola catalana, laica, diversa, inclusiva i coeducativa.<\/span><\/p>\n<p><span style=\"color: #0000ff;\">Divulguem i potenciem els valors democr\u00e0tics, solidaris, aix\u00ed com el concepte de pertinen\u00e7a a l\u2019entorn m\u00e9s immediat, el pa\u00eds.<\/span><\/p>\n<p><span style=\"color: #0000ff;\">Els objectius pedag\u00f2gics del centre s\u00f3n els seg\u00fcents:<\/span><\/p>\n<p><span style=\"color: #0000ff;\">\u2013<wbr \/>\u00a0Preparar persones amb un bon nivell d\u2019aprenentatges i compet\u00e8ncies, capaces de seguir b\u00e9 els estudis obligatoris i postobligatoris.<\/span><\/p>\n<p><span style=\"color: #0000ff;\">\u2013<wbr \/>\u00a0Educar i formar persones motivades per la cultura, emprenedores, aut\u00f2nomes i creatives.<\/span><\/p>\n<p><span style=\"color: #0000ff;\">\u2013<wbr \/>\u00a0Donar a con\u00e8ixer les habilitats socials per tenir una vida emocionalment equilibrada.<\/span><\/p>\n<p><span style=\"color: #0000ff;\">\u2013<wbr \/>\u00a0Fomentar el treball en equip i el respecte per les idees dels altres.<\/span><\/p>\n<p><span style=\"color: #0000ff;\">\u2013<wbr \/>\u00a0Orientar els alumnes a trav\u00e9s d\u2019una acci\u00f3 tutorial individualitzada.<\/span><\/p>\n<p><span style=\"color: #0000ff;\">\u2013<wbr \/>\u00a0Acollir i facilitar la integraci\u00f3 dels i les alumnes i les fam\u00edlies en la societat.<\/span><\/p>\n<p><span style=\"color: #0000ff;\">\u2013<wbr \/>\u00a0Valorar la diversitat cultural com una riquesa social.<\/span><\/p>\n<p><span style=\"color: #0000ff;\">\u2013<wbr \/>\u00a0Potenciar molt la comunicaci\u00f3 escola-<wbr \/>fam\u00edlia.<\/span><\/p>\n<p><span style=\"color: #0000ff;\">\u2013<wbr \/>\u00a0Proporcionar una bona educaci\u00f3 ambiental amb h\u00e0bits de vida saludables, sostenibles i solidaris.<\/span><\/p>\n<\/div>\n","protected":false},"excerpt":{"rendered":"<p>\u00a0L\u2019ESCOLA Som una Escola catalana, laica, diversa, inclusiva i coeducativa. Divulguem i potenciem els valors democr\u00e0tics, solidaris, aix\u00ed com el concepte de pertinen\u00e7a a l\u2019entorn m\u00e9s immediat, el pa\u00eds. Els objectius pedag\u00f2gics del centre s\u00f3n els seg\u00fcents: \u2013\u00a0Preparar persones amb un bon nivell d\u2019aprenentatges i compet\u00e8ncies, capaces de seguir b\u00e9 els estudis obligatoris i postobligatoris. [&hellip;]<\/p>\n","protected":false},"author":2,"featured_media":0,"parent":0,"menu_order":0,"comment_status":"closed","ping_status":"closed","template":"page-templates\/side-menu.php","meta":{"_bbp_topic_count":0,"_bbp_reply_count":0,"_bbp_total_topic_count":0,"_bbp_total_reply_count":0,"_bbp_voice_count":0,"_bbp_anonymous_reply_count":0,"_bbp_topic_count_hidden":0,"_bbp_reply_count_hidden":0,"_bbp_forum_subforum_count":0,"site-sidebar-layout":"default","site-content-layout":"","ast-site-content-layout":"","site-content-style":"default","site-sidebar-style":"default","ast-global-header-display":"","ast-banner-title-visibility":"","ast-main-header-display":"","ast-hfb-above-header-display":"","ast-hfb-below-header-display":"","ast-hfb-mobile-header-display":"","site-post-title":"","ast-breadcrumbs-content":"","ast-featured-img":"","footer-sml-layout":"","theme-transparent-header-meta":"","adv-header-id-meta":"","stick-header-meta":"","header-above-stick-meta":"","header-main-stick-meta":"","header-below-stick-meta":"","astra-migrate-meta-layouts":"default","ast-page-background-enabled":"default","ast-page-background-meta":{"desktop":{"background-color":"var(--ast-global-color-4)","background-image":"","background-repeat":"repeat","background-position":"center center","background-size":"auto","background-attachment":"scroll","background-type":"","background-media":"","overlay-type":"","overlay-color":"","overlay-opacity":"","overlay-gradient":""},"tablet":{"background-color":"","background-image":"","background-repeat":"repeat","background-position":"center center","background-size":"auto","background-attachment":"scroll","background-type":"","background-media":"","overlay-type":"","overlay-color":"","overlay-opacity":"","overlay-gradient":""},"mobile":{"background-color":"","background-image":"","background-repeat":"repeat","background-position":"center center","background-size":"auto","background-attachment":"scroll","background-type":"","background-media":"","overlay-type":"","overlay-color":"","overlay-opacity":"","overlay-gradient":""}},"ast-content-background-meta":{"desktop":{"background-color":"var(--ast-global-color-5)","background-image":"","background-repeat":"repeat","background-position":"center center","background-size":"auto","background-attachment":"scroll","background-type":"","background-media":"","overlay-type":"","overlay-color":"","overlay-opacity":"","overlay-gradient":""},"tablet":{"background-color":"var(--ast-global-color-5)","background-image":"","background-repeat":"repeat","background-position":"center center","background-size":"auto","background-attachment":"scroll","background-type":"","background-media":"","overlay-type":"","overlay-color":"","overlay-opacity":"","overlay-gradient":""},"mobile":{"background-color":"var(--ast-global-color-5)","background-image":"","background-repeat":"repeat","background-position":"center center","background-size":"auto","background-attachment":"scroll","background-type":"","background-media":"","overlay-type":"","overlay-color":"","overlay-opacity":"","overlay-gradient":""}},"footnotes":""},"class_list":["post-22","page","type-page","status-publish","hentry"],"post_mailing_queue_ids":[],"_links":{"self":[{"href":"https:\/\/agora.xtec.cat\/ceipcreualta\/wp-json\/wp\/v2\/pages\/22","targetHints":{"allow":["GET"]}}],"collection":[{"href":"https:\/\/agora.xtec.cat\/ceipcreualta\/wp-json\/wp\/v2\/pages"}],"about":[{"href":"https:\/\/agora.xtec.cat\/ceipcreualta\/wp-json\/wp\/v2\/types\/page"}],"author":[{"embeddable":true,"href":"https:\/\/agora.xtec.cat\/ceipcreualta\/wp-json\/wp\/v2\/users\/2"}],"replies":[{"embeddable":true,"href":"https:\/\/agora.xtec.cat\/ceipcreualta\/wp-json\/wp\/v2\/comments?post=22"}],"version-history":[{"count":3,"href":"https:\/\/agora.xtec.cat\/ceipcreualta\/wp-json\/wp\/v2\/pages\/22\/revisions"}],"predecessor-version":[{"id":9120,"href":"https:\/\/agora.xtec.cat\/ceipcreualta\/wp-json\/wp\/v2\/pages\/22\/revisions\/9120"}],"wp:attachment":[{"href":"https:\/\/agora.xtec.cat\/ceipcreualta\/wp-json\/wp\/v2\/media?parent=22"}],"curies":[{"name":"wp","href":"https:\/\/api.w.org\/{rel}","templated":true}]}}