{"id":19878,"date":"2021-10-29T11:33:29","date_gmt":"2021-10-29T09:33:29","guid":{"rendered":"https:\/\/agora.xtec.cat\/ceipcreualta\/?page_id=19878"},"modified":"2025-07-14T11:56:37","modified_gmt":"2025-07-14T09:56:37","slug":"projecte-convivencia","status":"publish","type":"page","link":"https:\/\/agora.xtec.cat\/ceipcreualta\/documents-escola\/projecte-convivencia\/","title":{"rendered":"Projecte conviv\u00e8ncia"},"content":{"rendered":"<h2><strong><span style=\"color: #a3e4d7;\"><a href=\"https:\/\/agora.xtec.cat\/ceipcreualta\/wp-content\/uploads\/usu503\/2021\/01\/unido.png\"><img loading=\"lazy\" decoding=\"async\" class=\"alignnone wp-image-19220\" src=\"https:\/\/agora.xtec.cat\/ceipcreualta\/wp-content\/uploads\/usu503\/2021\/01\/unido.png\" alt=\"\" width=\"113\" height=\"113\" srcset=\"https:\/\/agora.xtec.cat\/ceipcreualta\/wp-content\/uploads\/usu503\/2021\/01\/unido.png 512w, https:\/\/agora.xtec.cat\/ceipcreualta\/wp-content\/uploads\/usu503\/2021\/01\/unido-150x150.png 150w, https:\/\/agora.xtec.cat\/ceipcreualta\/wp-content\/uploads\/usu503\/2021\/01\/unido-300x300.png 300w\" sizes=\"auto, (max-width: 113px) 100vw, 113px\" \/> \u00a0<\/a>Projecte de conviv\u00e8ncia del centre<\/span><\/strong><\/h2>\n<p style=\"text-align: left;\">Conviure significa viure plegats i en bona relaci\u00f3. La conviv\u00e8ncia demana la formaci\u00f3 integral de la persona i es fonamenta en els valors de la pluralitat, la participaci\u00f3 democr\u00e0tica, la inclusi\u00f3 social, la igualtat d\u2019oportunitats, el respecte a la difer\u00e8ncia, la gesti\u00f3 positiva de conflictes i la cultura de pau. La conviv\u00e8ncia comporta una consci\u00e8ncia de la pr\u00f2pia identitat que implica l\u2019acceptaci\u00f3 de l\u2019altre i un sentit de pertinen\u00e7a i contribuci\u00f3 personal a la societat.<\/p>\n<p>S\u00f3n base del Projecte de conviv\u00e8ncia el respecte, la llibertat, la democr\u00e0cia, el di\u00e0leg, la comunicaci\u00f3, el treball conjunt entre fam\u00edlia i escola, el coneixement d\u2019un mateix i dels altres, l\u2019expressi\u00f3 de forma variada, l\u2019esfor\u00e7, l\u2019acollida, entre d\u2019altres.<\/p>\n<p>Si voleu veure el projecte de conviv\u00e8ncia de la nostra escola cliqueu a l&#8217;enlla\u00e7:<\/p>\n<p><a href=\"https:\/\/agora.xtec.cat\/ceipcreualta\/wp-content\/uploads\/usu503\/2021\/10\/projecte-convivencia-.pdf\" target=\"_blank\" rel=\"noopener\"><img loading=\"lazy\" decoding=\"async\" class=\"wp-image-19879 aligncenter\" src=\"https:\/\/agora.xtec.cat\/ceipcreualta\/wp-content\/uploads\/usu503\/2021\/10\/PROJECTE-CONVIVENCIA-1024x512.png\" alt=\"\" width=\"437\" height=\"219\" srcset=\"https:\/\/agora.xtec.cat\/ceipcreualta\/wp-content\/uploads\/usu503\/2021\/10\/PROJECTE-CONVIVENCIA-1024x512.png 1024w, https:\/\/agora.xtec.cat\/ceipcreualta\/wp-content\/uploads\/usu503\/2021\/10\/PROJECTE-CONVIVENCIA-300x150.png 300w, https:\/\/agora.xtec.cat\/ceipcreualta\/wp-content\/uploads\/usu503\/2021\/10\/PROJECTE-CONVIVENCIA-768x384.png 768w, https:\/\/agora.xtec.cat\/ceipcreualta\/wp-content\/uploads\/usu503\/2021\/10\/PROJECTE-CONVIVENCIA-1536x768.png 1536w, https:\/\/agora.xtec.cat\/ceipcreualta\/wp-content\/uploads\/usu503\/2021\/10\/PROJECTE-CONVIVENCIA-2048x1024.png 2048w\" sizes=\"auto, (max-width: 437px) 100vw, 437px\" \/><\/a><\/p>\n","protected":false},"excerpt":{"rendered":"<p>\u00a0Projecte de conviv\u00e8ncia del centre Conviure significa viure plegats i en bona relaci\u00f3. La conviv\u00e8ncia demana la formaci\u00f3 integral de la persona i es fonamenta en els valors de la pluralitat, la participaci\u00f3 democr\u00e0tica, la inclusi\u00f3 social, la igualtat d\u2019oportunitats, el respecte a la difer\u00e8ncia, la gesti\u00f3 positiva de conflictes i la cultura de pau. [&hellip;]<\/p>\n","protected":false},"author":31,"featured_media":0,"parent":9128,"menu_order":0,"comment_status":"closed","ping_status":"closed","template":"","meta":{"_bbp_topic_count":0,"_bbp_reply_count":0,"_bbp_total_topic_count":0,"_bbp_total_reply_count":0,"_bbp_voice_count":0,"_bbp_anonymous_reply_count":0,"_bbp_topic_count_hidden":0,"_bbp_reply_count_hidden":0,"_bbp_forum_subforum_count":0,"site-sidebar-layout":"default","site-content-layout":"","ast-site-content-layout":"default","site-content-style":"default","site-sidebar-style":"default","ast-global-header-display":"","ast-banner-title-visibility":"","ast-main-header-display":"","ast-hfb-above-header-display":"","ast-hfb-below-header-display":"","ast-hfb-mobile-header-display":"","site-post-title":"","ast-breadcrumbs-content":"","ast-featured-img":"","footer-sml-layout":"","theme-transparent-header-meta":"","adv-header-id-meta":"","stick-header-meta":"","header-above-stick-meta":"","header-main-stick-meta":"","header-below-stick-meta":"","astra-migrate-meta-layouts":"set","ast-page-background-enabled":"default","ast-page-background-meta":{"desktop":{"background-color":"var(--ast-global-color-4)","background-image":"","background-repeat":"repeat","background-position":"center center","background-size":"auto","background-attachment":"scroll","background-type":"","background-media":"","overlay-type":"","overlay-color":"","overlay-opacity":"","overlay-gradient":""},"tablet":{"background-color":"","background-image":"","background-repeat":"repeat","background-position":"center center","background-size":"auto","background-attachment":"scroll","background-type":"","background-media":"","overlay-type":"","overlay-color":"","overlay-opacity":"","overlay-gradient":""},"mobile":{"background-color":"","background-image":"","background-repeat":"repeat","background-position":"center center","background-size":"auto","background-attachment":"scroll","background-type":"","background-media":"","overlay-type":"","overlay-color":"","overlay-opacity":"","overlay-gradient":""}},"ast-content-background-meta":{"desktop":{"background-color":"var(--ast-global-color-5)","background-image":"","background-repeat":"repeat","background-position":"center center","background-size":"auto","background-attachment":"scroll","background-type":"","background-media":"","overlay-type":"","overlay-color":"","overlay-opacity":"","overlay-gradient":""},"tablet":{"background-color":"var(--ast-global-color-5)","background-image":"","background-repeat":"repeat","background-position":"center center","background-size":"auto","background-attachment":"scroll","background-type":"","background-media":"","overlay-type":"","overlay-color":"","overlay-opacity":"","overlay-gradient":""},"mobile":{"background-color":"var(--ast-global-color-5)","background-image":"","background-repeat":"repeat","background-position":"center center","background-size":"auto","background-attachment":"scroll","background-type":"","background-media":"","overlay-type":"","overlay-color":"","overlay-opacity":"","overlay-gradient":""}},"footnotes":""},"class_list":["post-19878","page","type-page","status-publish","hentry"],"post_mailing_queue_ids":[],"_links":{"self":[{"href":"https:\/\/agora.xtec.cat\/ceipcreualta\/wp-json\/wp\/v2\/pages\/19878","targetHints":{"allow":["GET"]}}],"collection":[{"href":"https:\/\/agora.xtec.cat\/ceipcreualta\/wp-json\/wp\/v2\/pages"}],"about":[{"href":"https:\/\/agora.xtec.cat\/ceipcreualta\/wp-json\/wp\/v2\/types\/page"}],"author":[{"embeddable":true,"href":"https:\/\/agora.xtec.cat\/ceipcreualta\/wp-json\/wp\/v2\/users\/31"}],"replies":[{"embeddable":true,"href":"https:\/\/agora.xtec.cat\/ceipcreualta\/wp-json\/wp\/v2\/comments?post=19878"}],"version-history":[{"count":4,"href":"https:\/\/agora.xtec.cat\/ceipcreualta\/wp-json\/wp\/v2\/pages\/19878\/revisions"}],"predecessor-version":[{"id":22636,"href":"https:\/\/agora.xtec.cat\/ceipcreualta\/wp-json\/wp\/v2\/pages\/19878\/revisions\/22636"}],"up":[{"embeddable":true,"href":"https:\/\/agora.xtec.cat\/ceipcreualta\/wp-json\/wp\/v2\/pages\/9128"}],"wp:attachment":[{"href":"https:\/\/agora.xtec.cat\/ceipcreualta\/wp-json\/wp\/v2\/media?parent=19878"}],"curies":[{"name":"wp","href":"https:\/\/api.w.org\/{rel}","templated":true}]}}