{"id":19449,"date":"2021-03-01T16:28:43","date_gmt":"2021-03-01T15:28:43","guid":{"rendered":"http:\/\/agora.xtec.cat\/ceipcreualta\/?page_id=19449"},"modified":"2026-01-26T15:09:54","modified_gmt":"2026-01-26T14:09:54","slug":"pec","status":"publish","type":"page","link":"https:\/\/agora.xtec.cat\/ceipcreualta\/documents-escola\/pec\/","title":{"rendered":"PEC"},"content":{"rendered":"<h2><strong>\u00a0PROJECTE EDUCATIU DE CENTRE<\/strong><\/h2>\n<h4>La nostra escola \u00e9s&#8230;<\/h4>\n<p><a href=\"https:\/\/agora.xtec.cat\/ceipcreualta\/wp-content\/uploads\/usu503\/2021\/01\/unido.png\"><img loading=\"lazy\" decoding=\"async\" class=\"alignnone wp-image-19220\" src=\"https:\/\/agora.xtec.cat\/ceipcreualta\/wp-content\/uploads\/usu503\/2021\/01\/unido.png\" alt=\"\" width=\"100\" height=\"100\" srcset=\"https:\/\/agora.xtec.cat\/ceipcreualta\/wp-content\/uploads\/usu503\/2021\/01\/unido.png 512w, https:\/\/agora.xtec.cat\/ceipcreualta\/wp-content\/uploads\/usu503\/2021\/01\/unido-150x150.png 150w, https:\/\/agora.xtec.cat\/ceipcreualta\/wp-content\/uploads\/usu503\/2021\/01\/unido-300x300.png 300w\" sizes=\"auto, (max-width: 100px) 100vw, 100px\" \/>\u00a0\u00a0<\/a>Una escola catalana, democr\u00e0tica, plural, coeducadora i inclusiva.<\/p>\n<p><a href=\"https:\/\/agora.xtec.cat\/ceipcreualta\/wp-content\/uploads\/usu503\/2021\/03\/charla.png\"><img loading=\"lazy\" decoding=\"async\" class=\"wp-image-19450 alignnone\" src=\"https:\/\/agora.xtec.cat\/ceipcreualta\/wp-content\/uploads\/usu503\/2021\/03\/charla.png\" alt=\"\" width=\"95\" height=\"95\" srcset=\"https:\/\/agora.xtec.cat\/ceipcreualta\/wp-content\/uploads\/usu503\/2021\/03\/charla.png 512w, https:\/\/agora.xtec.cat\/ceipcreualta\/wp-content\/uploads\/usu503\/2021\/03\/charla-150x150.png 150w, https:\/\/agora.xtec.cat\/ceipcreualta\/wp-content\/uploads\/usu503\/2021\/03\/charla-300x300.png 300w\" sizes=\"auto, (max-width: 95px) 100vw, 95px\" \/>\u00a0 \u00a0<\/a>La llengua vehicular \u00e9s el catal\u00e0.<\/p>\n<p><a href=\"https:\/\/agora.xtec.cat\/ceipcreualta\/wp-content\/uploads\/usu503\/2021\/02\/energia-ecologica.png\"><img loading=\"lazy\" decoding=\"async\" class=\"alignnone wp-image-19359\" src=\"https:\/\/agora.xtec.cat\/ceipcreualta\/wp-content\/uploads\/usu503\/2021\/02\/energia-ecologica.png\" alt=\"\" width=\"99\" height=\"99\" srcset=\"https:\/\/agora.xtec.cat\/ceipcreualta\/wp-content\/uploads\/usu503\/2021\/02\/energia-ecologica.png 512w, https:\/\/agora.xtec.cat\/ceipcreualta\/wp-content\/uploads\/usu503\/2021\/02\/energia-ecologica-150x150.png 150w, https:\/\/agora.xtec.cat\/ceipcreualta\/wp-content\/uploads\/usu503\/2021\/02\/energia-ecologica-300x300.png 300w\" sizes=\"auto, (max-width: 99px) 100vw, 99px\" \/> \u00a0<\/a>Una escola verda i sostenible.<\/p>\n<p><a href=\"https:\/\/agora.xtec.cat\/ceipcreualta\/wp-content\/uploads\/usu503\/2021\/03\/equilibrar-1.png\"><img loading=\"lazy\" decoding=\"async\" class=\"alignnone wp-image-19452\" src=\"https:\/\/agora.xtec.cat\/ceipcreualta\/wp-content\/uploads\/usu503\/2021\/03\/equilibrar-1.png\" alt=\"\" width=\"93\" height=\"93\" srcset=\"https:\/\/agora.xtec.cat\/ceipcreualta\/wp-content\/uploads\/usu503\/2021\/03\/equilibrar-1.png 512w, https:\/\/agora.xtec.cat\/ceipcreualta\/wp-content\/uploads\/usu503\/2021\/03\/equilibrar-1-150x150.png 150w, https:\/\/agora.xtec.cat\/ceipcreualta\/wp-content\/uploads\/usu503\/2021\/03\/equilibrar-1-300x300.png 300w\" sizes=\"auto, (max-width: 93px) 100vw, 93px\" \/><\/a><a href=\"https:\/\/agora.xtec.cat\/ceipcreualta\/wp-content\/uploads\/usu503\/2021\/03\/equilibrar.png\">\u00a0 \u00a0<\/a>Una escola integradora, que creu en l\u2019equitat i la igualtat.<\/p>\n<h4>A l&#8217;Escola Creu Alta:<\/h4>\n<p><a href=\"https:\/\/agora.xtec.cat\/ceipcreualta\/wp-content\/uploads\/usu503\/2021\/03\/motivacion.png\"><img loading=\"lazy\" decoding=\"async\" class=\"alignnone wp-image-19453\" src=\"https:\/\/agora.xtec.cat\/ceipcreualta\/wp-content\/uploads\/usu503\/2021\/03\/motivacion.png\" alt=\"\" width=\"106\" height=\"106\" srcset=\"https:\/\/agora.xtec.cat\/ceipcreualta\/wp-content\/uploads\/usu503\/2021\/03\/motivacion.png 512w, https:\/\/agora.xtec.cat\/ceipcreualta\/wp-content\/uploads\/usu503\/2021\/03\/motivacion-150x150.png 150w, https:\/\/agora.xtec.cat\/ceipcreualta\/wp-content\/uploads\/usu503\/2021\/03\/motivacion-300x300.png 300w\" sizes=\"auto, (max-width: 106px) 100vw, 106px\" \/><\/a>Eduquem en els valors d\u2019autonomia, esfor\u00e7 i responsabilitat.<\/p>\n<p><a href=\"https:\/\/agora.xtec.cat\/ceipcreualta\/wp-content\/uploads\/usu503\/2021\/03\/honestidad.png\"><img loading=\"lazy\" decoding=\"async\" class=\"alignnone wp-image-19454\" src=\"https:\/\/agora.xtec.cat\/ceipcreualta\/wp-content\/uploads\/usu503\/2021\/03\/honestidad.png\" alt=\"\" width=\"97\" height=\"97\" srcset=\"https:\/\/agora.xtec.cat\/ceipcreualta\/wp-content\/uploads\/usu503\/2021\/03\/honestidad.png 512w, https:\/\/agora.xtec.cat\/ceipcreualta\/wp-content\/uploads\/usu503\/2021\/03\/honestidad-150x150.png 150w, https:\/\/agora.xtec.cat\/ceipcreualta\/wp-content\/uploads\/usu503\/2021\/03\/honestidad-300x300.png 300w\" sizes=\"auto, (max-width: 97px) 100vw, 97px\" \/><\/a>Pretenem el desenvolupament integral dels nostres alumnes, educant-los en el respecte i la conviv\u00e8ncia<\/p>\n<p><a href=\"https:\/\/agora.xtec.cat\/ceipcreualta\/wp-content\/uploads\/usu503\/2021\/03\/lupa.png\"><img loading=\"lazy\" decoding=\"async\" class=\"alignnone wp-image-19456\" src=\"https:\/\/agora.xtec.cat\/ceipcreualta\/wp-content\/uploads\/usu503\/2021\/03\/lupa.png\" alt=\"\" width=\"72\" height=\"72\" srcset=\"https:\/\/agora.xtec.cat\/ceipcreualta\/wp-content\/uploads\/usu503\/2021\/03\/lupa.png 512w, https:\/\/agora.xtec.cat\/ceipcreualta\/wp-content\/uploads\/usu503\/2021\/03\/lupa-150x150.png 150w, https:\/\/agora.xtec.cat\/ceipcreualta\/wp-content\/uploads\/usu503\/2021\/03\/lupa-300x300.png 300w\" sizes=\"auto, (max-width: 72px) 100vw, 72px\" \/> \u00a0 \u00a0<\/a>Realitzem un aprenentatge vivencial a trav\u00e9s d\u2019una metodologia diversificada ( ambients, tallers, projectes, racons, treball individual) per aconseguir un aprenentatge real i \u00fatil.<\/p>\n<p><a href=\"https:\/\/agora.xtec.cat\/ceipcreualta\/wp-content\/uploads\/usu503\/2021\/03\/pensando.png\"><img loading=\"lazy\" decoding=\"async\" class=\"alignnone wp-image-19457\" src=\"https:\/\/agora.xtec.cat\/ceipcreualta\/wp-content\/uploads\/usu503\/2021\/03\/pensando.png\" alt=\"\" width=\"84\" height=\"84\" srcset=\"https:\/\/agora.xtec.cat\/ceipcreualta\/wp-content\/uploads\/usu503\/2021\/03\/pensando.png 512w, https:\/\/agora.xtec.cat\/ceipcreualta\/wp-content\/uploads\/usu503\/2021\/03\/pensando-150x150.png 150w, https:\/\/agora.xtec.cat\/ceipcreualta\/wp-content\/uploads\/usu503\/2021\/03\/pensando-300x300.png 300w\" sizes=\"auto, (max-width: 84px) 100vw, 84px\" \/> \u00a0<\/a>Pretenem desenvolupar un aprenentatge significatiu, fruit del raonament i la pr\u00e0ctica que ens porti a aconseguir un bon nivell competencial, integrant les noves tecnologies en el proc\u00e9s d\u2019aprenentatge.<\/p>\n<p><a href=\"https:\/\/agora.xtec.cat\/ceipcreualta\/wp-content\/uploads\/usu503\/2021\/03\/leyendo.png\"><img loading=\"lazy\" decoding=\"async\" class=\"alignnone wp-image-19458\" src=\"https:\/\/agora.xtec.cat\/ceipcreualta\/wp-content\/uploads\/usu503\/2021\/03\/leyendo.png\" alt=\"\" width=\"92\" height=\"92\" srcset=\"https:\/\/agora.xtec.cat\/ceipcreualta\/wp-content\/uploads\/usu503\/2021\/03\/leyendo.png 512w, https:\/\/agora.xtec.cat\/ceipcreualta\/wp-content\/uploads\/usu503\/2021\/03\/leyendo-150x150.png 150w, https:\/\/agora.xtec.cat\/ceipcreualta\/wp-content\/uploads\/usu503\/2021\/03\/leyendo-300x300.png 300w\" sizes=\"auto, (max-width: 92px) 100vw, 92px\" \/> \u00a0<\/a>La nostra visi\u00f3 de l\u2019educaci\u00f3 t\u00e9 la base en els seg\u00fcents 4 pilars\u00a0<span style=\"font-family: inherit; font-size: 1em;\">( segons Delors):<\/span><\/p>\n<ol>\n<li style=\"list-style-type: none;\">\n<ol>\n<li style=\"list-style-type: none;\">\n<ol>\n<li style=\"list-style-type: none;\">\n<ol>\n<li>Aprendre a con\u00e8ixer: Fomentem que els nostres alumnes tinguin la curiositat i l\u2019 inter\u00e8s per aprendre.<\/li>\n<li>Aprendre a fer: Volem formar a futurs adults amb unes bones compet\u00e8ncies que els capacitin per treballar en equip i els preparem perqu\u00e8 siguin capa\u00e7os de fer front al gran nombre de situacions en qu\u00e8 es trobaran.<\/li>\n<li>Aprendre a viure junts: Desenvolupem les compet\u00e8ncies socials, per saber realitzar projectes en com\u00fa, resoldre conflictes, tenir actituds de comprensi\u00f3 i toler\u00e0ncia.<\/li>\n<li>Aprendre a ser: Pretenem que millorin en els \u00e0mbits de la pr\u00f2pia personalitat, s\u00e0piguen actuar amb autonomia, responsabilitat personal i criteri propi.<\/li>\n<\/ol>\n<\/li>\n<\/ol>\n<\/li>\n<\/ol>\n<\/li>\n<\/ol>\n<h3><\/h3>\n<p>\ud83d\udcd7<a href=\"https:\/\/agora.xtec.cat\/ceipcreualta\/wp-content\/uploads\/usu503\/2022\/03\/PEC-Escola-Creu-Alta.pdf\" target=\"_blank\" rel=\"attachment noopener wp-att-20293\">PEC Escola Creu Alta<\/a><\/p>\n","protected":false},"excerpt":{"rendered":"<p>\u00a0PROJECTE EDUCATIU DE CENTRE La nostra escola \u00e9s&#8230; \u00a0\u00a0Una escola catalana, democr\u00e0tica, plural, coeducadora i inclusiva. \u00a0 \u00a0La llengua vehicular \u00e9s el catal\u00e0. \u00a0Una escola verda i sostenible. \u00a0 \u00a0Una escola integradora, que creu en l\u2019equitat i la igualtat. A l&#8217;Escola Creu Alta: Eduquem en els valors d\u2019autonomia, esfor\u00e7 i responsabilitat. Pretenem el desenvolupament integral [&hellip;]<\/p>\n","protected":false},"author":31,"featured_media":0,"parent":9128,"menu_order":0,"comment_status":"closed","ping_status":"closed","template":"","meta":{"_bbp_topic_count":0,"_bbp_reply_count":0,"_bbp_total_topic_count":0,"_bbp_total_reply_count":0,"_bbp_voice_count":0,"_bbp_anonymous_reply_count":0,"_bbp_topic_count_hidden":0,"_bbp_reply_count_hidden":0,"_bbp_forum_subforum_count":0,"site-sidebar-layout":"default","site-content-layout":"","ast-site-content-layout":"default","site-content-style":"default","site-sidebar-style":"default","ast-global-header-display":"","ast-banner-title-visibility":"","ast-main-header-display":"","ast-hfb-above-header-display":"","ast-hfb-below-header-display":"","ast-hfb-mobile-header-display":"","site-post-title":"","ast-breadcrumbs-content":"","ast-featured-img":"","footer-sml-layout":"","theme-transparent-header-meta":"","adv-header-id-meta":"","stick-header-meta":"","header-above-stick-meta":"","header-main-stick-meta":"","header-below-stick-meta":"","astra-migrate-meta-layouts":"set","ast-page-background-enabled":"default","ast-page-background-meta":{"desktop":{"background-color":"var(--ast-global-color-4)","background-image":"","background-repeat":"repeat","background-position":"center center","background-size":"auto","background-attachment":"scroll","background-type":"","background-media":"","overlay-type":"","overlay-color":"","overlay-opacity":"","overlay-gradient":""},"tablet":{"background-color":"","background-image":"","background-repeat":"repeat","background-position":"center center","background-size":"auto","background-attachment":"scroll","background-type":"","background-media":"","overlay-type":"","overlay-color":"","overlay-opacity":"","overlay-gradient":""},"mobile":{"background-color":"","background-image":"","background-repeat":"repeat","background-position":"center center","background-size":"auto","background-attachment":"scroll","background-type":"","background-media":"","overlay-type":"","overlay-color":"","overlay-opacity":"","overlay-gradient":""}},"ast-content-background-meta":{"desktop":{"background-color":"var(--ast-global-color-5)","background-image":"","background-repeat":"repeat","background-position":"center center","background-size":"auto","background-attachment":"scroll","background-type":"","background-media":"","overlay-type":"","overlay-color":"","overlay-opacity":"","overlay-gradient":""},"tablet":{"background-color":"var(--ast-global-color-5)","background-image":"","background-repeat":"repeat","background-position":"center center","background-size":"auto","background-attachment":"scroll","background-type":"","background-media":"","overlay-type":"","overlay-color":"","overlay-opacity":"","overlay-gradient":""},"mobile":{"background-color":"var(--ast-global-color-5)","background-image":"","background-repeat":"repeat","background-position":"center center","background-size":"auto","background-attachment":"scroll","background-type":"","background-media":"","overlay-type":"","overlay-color":"","overlay-opacity":"","overlay-gradient":""}},"footnotes":""},"class_list":["post-19449","page","type-page","status-publish","hentry"],"post_mailing_queue_ids":[],"_links":{"self":[{"href":"https:\/\/agora.xtec.cat\/ceipcreualta\/wp-json\/wp\/v2\/pages\/19449","targetHints":{"allow":["GET"]}}],"collection":[{"href":"https:\/\/agora.xtec.cat\/ceipcreualta\/wp-json\/wp\/v2\/pages"}],"about":[{"href":"https:\/\/agora.xtec.cat\/ceipcreualta\/wp-json\/wp\/v2\/types\/page"}],"author":[{"embeddable":true,"href":"https:\/\/agora.xtec.cat\/ceipcreualta\/wp-json\/wp\/v2\/users\/31"}],"replies":[{"embeddable":true,"href":"https:\/\/agora.xtec.cat\/ceipcreualta\/wp-json\/wp\/v2\/comments?post=19449"}],"version-history":[{"count":5,"href":"https:\/\/agora.xtec.cat\/ceipcreualta\/wp-json\/wp\/v2\/pages\/19449\/revisions"}],"predecessor-version":[{"id":23316,"href":"https:\/\/agora.xtec.cat\/ceipcreualta\/wp-json\/wp\/v2\/pages\/19449\/revisions\/23316"}],"up":[{"embeddable":true,"href":"https:\/\/agora.xtec.cat\/ceipcreualta\/wp-json\/wp\/v2\/pages\/9128"}],"wp:attachment":[{"href":"https:\/\/agora.xtec.cat\/ceipcreualta\/wp-json\/wp\/v2\/media?parent=19449"}],"curies":[{"name":"wp","href":"https:\/\/api.w.org\/{rel}","templated":true}]}}