{"id":19354,"date":"2021-02-07T11:38:39","date_gmt":"2021-02-07T10:38:39","guid":{"rendered":"http:\/\/agora.xtec.cat\/ceipcreualta\/?page_id=19354"},"modified":"2026-01-19T15:56:10","modified_gmt":"2026-01-19T14:56:10","slug":"agenda-verda","status":"publish","type":"page","link":"https:\/\/agora.xtec.cat\/ceipcreualta\/projecte-pedagogic\/agenda-verda\/","title":{"rendered":"Escola Verda"},"content":{"rendered":"<h4><strong><span style=\"color: #1abc9c;\">1. CONSUM ENERG\u00c8TIC<a href=\"https:\/\/agora.xtec.cat\/ceipcreualta\/wp-content\/uploads\/usu503\/2021\/02\/energia-ecologica.png\"><img loading=\"lazy\" decoding=\"async\" class=\"wp-image-19359 alignleft\" src=\"https:\/\/agora.xtec.cat\/ceipcreualta\/wp-content\/uploads\/usu503\/2021\/02\/energia-ecologica.png\" alt=\"\" width=\"171\" height=\"171\" srcset=\"https:\/\/agora.xtec.cat\/ceipcreualta\/wp-content\/uploads\/usu503\/2021\/02\/energia-ecologica.png 512w, https:\/\/agora.xtec.cat\/ceipcreualta\/wp-content\/uploads\/usu503\/2021\/02\/energia-ecologica-150x150.png 150w, https:\/\/agora.xtec.cat\/ceipcreualta\/wp-content\/uploads\/usu503\/2021\/02\/energia-ecologica-300x300.png 300w\" sizes=\"auto, (max-width: 171px) 100vw, 171px\" \/><\/a><\/span><\/strong><\/h4>\n<p>Aprofitar al m\u00e0xim la llum natural del dia per a aquells espais prou lluminosos.<\/p>\n<p>No encendre els llums quan no cal.<\/p>\n<p>Tenir aixecades les persianes de totes les aules, obrir la llum nom\u00e9s en cas que sigui necessari.<\/p>\n<p>Apagar els llums sempre que sortim d\u2019una aula.<\/p>\n<p>Utilitzar bombetes de baix consum i llarga durada per il\u00b7luminar els espais.<\/p>\n<p>Usar temporitzadors en els llums de lavabos, magatzems o passadissos d\u2019\u00fas esc\u00e0s. Cada curs t\u00e9 un responsable.<\/p>\n<h4><strong><span style=\"color: #1abc9c;\">\u00a0<\/span><\/strong><strong><span style=\"color: #1abc9c;\"><a href=\"https:\/\/agora.xtec.cat\/ceipcreualta\/wp-content\/uploads\/usu503\/2021\/02\/control-de-temperatura2.png\"><img loading=\"lazy\" decoding=\"async\" class=\" wp-image-19362 alignleft\" src=\"https:\/\/agora.xtec.cat\/ceipcreualta\/wp-content\/uploads\/usu503\/2021\/02\/control-de-temperatura2.png\" alt=\"\" width=\"155\" height=\"155\" srcset=\"https:\/\/agora.xtec.cat\/ceipcreualta\/wp-content\/uploads\/usu503\/2021\/02\/control-de-temperatura2.png 512w, https:\/\/agora.xtec.cat\/ceipcreualta\/wp-content\/uploads\/usu503\/2021\/02\/control-de-temperatura2-150x150.png 150w, https:\/\/agora.xtec.cat\/ceipcreualta\/wp-content\/uploads\/usu503\/2021\/02\/control-de-temperatura2-300x300.png 300w\" sizes=\"auto, (max-width: 155px) 100vw, 155px\" \/><\/a><\/span><\/strong><\/h4>\n<h4><\/h4>\n<h4><strong><span style=\"color: #1abc9c;\">2. CALEFACCI\u00d3 <\/span><\/strong><\/h4>\n<p>Fer servir uns temporitzadors en la calefacci\u00f3 del centre el qual funcioni com a control autom\u00e0tic de la temperatura, per a evitar un exc\u00e9s de calor o un exc\u00e9s de fred en diferents sectors del centre. La temperatura ideal est\u00e0 entre els 19 i 21 graus cent\u00edgrads.<\/p>\n<h4><strong><span style=\"color: #1abc9c;\"><a href=\"https:\/\/agora.xtec.cat\/ceipcreualta\/wp-content\/uploads\/usu503\/2021\/02\/gota-de-agua.png\"><img loading=\"lazy\" decoding=\"async\" class=\" wp-image-19361 alignleft\" src=\"https:\/\/agora.xtec.cat\/ceipcreualta\/wp-content\/uploads\/usu503\/2021\/02\/gota-de-agua.png\" alt=\"\" width=\"172\" height=\"172\" srcset=\"https:\/\/agora.xtec.cat\/ceipcreualta\/wp-content\/uploads\/usu503\/2021\/02\/gota-de-agua.png 512w, https:\/\/agora.xtec.cat\/ceipcreualta\/wp-content\/uploads\/usu503\/2021\/02\/gota-de-agua-150x150.png 150w, https:\/\/agora.xtec.cat\/ceipcreualta\/wp-content\/uploads\/usu503\/2021\/02\/gota-de-agua-300x300.png 300w\" sizes=\"auto, (max-width: 172px) 100vw, 172px\" \/><\/a><\/span><\/strong><\/h4>\n<h4><strong><span style=\"color: #1abc9c;\">3. AIGUA<\/span><\/strong><\/h4>\n<p>Usar aixetes que minven l\u2019\u00fas de l\u2019aigua o que eviten les p\u00e8rdues. \u00das de temporitzadors.<\/p>\n<p>Fer servir l&#8217;opci\u00f3 de mitja desc\u00e0rrega d\u2019aigua en les cisternes dels v\u00e0ters.<\/p>\n<p>Recull de l\u2019aigua de la pluja que cau del teulat en un bid\u00f3 per a regar.<\/p>\n<h4><strong><span style=\"color: #1abc9c;\"><a href=\"https:\/\/agora.xtec.cat\/ceipcreualta\/wp-content\/uploads\/usu503\/2021\/02\/simbolo-de-reciclaje.png\"><img loading=\"lazy\" decoding=\"async\" class=\" wp-image-19363 alignleft\" src=\"https:\/\/agora.xtec.cat\/ceipcreualta\/wp-content\/uploads\/usu503\/2021\/02\/simbolo-de-reciclaje.png\" alt=\"\" width=\"173\" height=\"173\" srcset=\"https:\/\/agora.xtec.cat\/ceipcreualta\/wp-content\/uploads\/usu503\/2021\/02\/simbolo-de-reciclaje.png 512w, https:\/\/agora.xtec.cat\/ceipcreualta\/wp-content\/uploads\/usu503\/2021\/02\/simbolo-de-reciclaje-150x150.png 150w, https:\/\/agora.xtec.cat\/ceipcreualta\/wp-content\/uploads\/usu503\/2021\/02\/simbolo-de-reciclaje-300x300.png 300w\" sizes=\"auto, (max-width: 173px) 100vw, 173px\" \/><\/a>4. RESIDUS<\/span><\/strong><\/h4>\n<p>Reciclem, Reutilitzem i Redu\u00efm:<\/p>\n<p>Per preservar els recursos naturals.<\/p>\n<p>Per contaminar menys el medi ambient.<\/p>\n<p>Per millorar la nostra qualitat de vida.<\/p>\n<p>Per estalviar la mat\u00e8ria primera (arbres, aigua\u2026).<\/p>\n<p>Reduir el nombre de residus que generem.<\/p>\n<p>Per cuidar el nostre planeta Terra.<\/p>\n<p>Distribuci\u00f3 de contenidors selectius i de rebuig en els diversos espais del centre: paper i cart\u00f3, envasos i embolcalls, vidre, mat\u00e8ria org\u00e0nica&#8230;<\/p>\n<h6><strong><span style=\"color: #f1d69c;\">PAPER<\/span><\/strong><\/h6>\n<ul>\n<li>El paper que no es pot reciclar es llen\u00e7a a la paperera blava.<\/li>\n<li>Tenir a cada classe una capsa o safata amb papers per reutilitzar (esborranys&#8230;)<\/li>\n<li>Sempre que sigui possible, procurar fer fotoc\u00f2pies per les dues cares.<\/li>\n<li>S\u2019ha d\u2019utilitzar els fulls per dues cares.<\/li>\n<li>Potenciem la reutilitzaci\u00f3 de llibres de text.<\/li>\n<\/ul>\n<p><strong>\u00a0<\/strong><strong><span style=\"color: #f1d69c;\">ALUMINI\/PAPER FILM<\/span><\/strong><\/p>\n<ul>\n<li>No es pot utilitzar paper d\u2019alumini\/film com embolcall.<\/li>\n<li>L\u2019\u00fas de carmanyoles per portar els entrepans\/fruita<\/li>\n<\/ul>\n<p><strong>\u00a0<\/strong><strong><span style=\"color: #f1d69c;\">ENVASOS<\/span><\/strong><\/p>\n<ul>\n<li>Es llencen a la paperera groga situada al passad\u00eds.<\/li>\n<\/ul>\n<p><strong>\u00a0<\/strong><strong><span style=\"color: #f1d69c;\">ALTRES<\/span><\/strong><\/p>\n<ul>\n<li>Fer \u00fas de piles recarregables.<\/li>\n<li>Dur aquells residus idonis a la planta de compostatge.<\/li>\n<\/ul>\n<h4><strong><span style=\"color: #1abc9c;\"><a href=\"https:\/\/agora.xtec.cat\/ceipcreualta\/wp-content\/uploads\/usu503\/2021\/02\/semaforos.png\"><img loading=\"lazy\" decoding=\"async\" class=\" wp-image-19364 alignleft\" src=\"https:\/\/agora.xtec.cat\/ceipcreualta\/wp-content\/uploads\/usu503\/2021\/02\/semaforos.png\" alt=\"\" width=\"164\" height=\"164\" srcset=\"https:\/\/agora.xtec.cat\/ceipcreualta\/wp-content\/uploads\/usu503\/2021\/02\/semaforos.png 512w, https:\/\/agora.xtec.cat\/ceipcreualta\/wp-content\/uploads\/usu503\/2021\/02\/semaforos-150x150.png 150w, https:\/\/agora.xtec.cat\/ceipcreualta\/wp-content\/uploads\/usu503\/2021\/02\/semaforos-300x300.png 300w\" sizes=\"auto, (max-width: 164px) 100vw, 164px\" \/><\/a><\/span><\/strong><\/h4>\n<h4><strong><span style=\"color: #1abc9c;\">5. PLA AC\u00daSTIC<\/span><\/strong><\/h4>\n<p>A cada aula hi ha un sem\u00e0for que regula el nivell del so. Els alumnes han d\u2019aprendre a autoregular-se.<\/p>\n<p>Totes les cadires tenen uns taps per evitar sorolls.<\/p>\n<h4><strong><span style=\"color: #1abc9c;\"><a href=\"https:\/\/agora.xtec.cat\/ceipcreualta\/wp-content\/uploads\/usu503\/2021\/02\/verduras.png\"><img loading=\"lazy\" decoding=\"async\" class=\" wp-image-19365 alignleft\" src=\"https:\/\/agora.xtec.cat\/ceipcreualta\/wp-content\/uploads\/usu503\/2021\/02\/verduras.png\" alt=\"\" width=\"162\" height=\"162\" srcset=\"https:\/\/agora.xtec.cat\/ceipcreualta\/wp-content\/uploads\/usu503\/2021\/02\/verduras.png 512w, https:\/\/agora.xtec.cat\/ceipcreualta\/wp-content\/uploads\/usu503\/2021\/02\/verduras-150x150.png 150w, https:\/\/agora.xtec.cat\/ceipcreualta\/wp-content\/uploads\/usu503\/2021\/02\/verduras-300x300.png 300w\" sizes=\"auto, (max-width: 162px) 100vw, 162px\" \/><\/a><\/span><\/strong><\/h4>\n<h4><strong><span style=\"color: #1abc9c;\">6. HORT ESCOLAR I PLANTES AROM\u00c0TIQUES I D\u2019ORNAMENTACI\u00d3<\/span><\/strong><\/h4>\n<p>A prim\u00e0ria es treballa l\u2019hort.<\/p>\n<p>Plantem esp\u00e8cies arom\u00e0tiques a l\u2019hort en el control de plagues.<\/p>\n<p>Es fa compostatge i recull d\u2019aigua.<\/p>\n\r\n\t<div class=\"slideshow_container slideshow_container_style-light\" style=\"height: 300px; \" data-slideshow-id=\"19372\" data-style-name=\"style-light\" data-style-version=\"2.3.1\" >\r\n\r\n\t\t\t\t\t<div class=\"slideshow_loading_icon\"><\/div>\r\n\t\t\r\n\t\t<div class=\"slideshow_content\" style=\"display: none;\">\r\n\r\n\t\t\t<div class=\"slideshow_view\">\r\n\t\t\t\t<div class=\"slideshow_slide slideshow_slide_image\">\r\n\t\t\t\t\t\t\t\t\t\t\t<img src=\"https:\/\/agora.xtec.cat\/ceipcreualta\/wp-content\/uploads\/usu503\/2021\/02\/agenda-verda-5.png\" alt=\"agenda verda 5\" width=\"215\" height=\"287\" \/>\r\n\t\t\t\t\t\t\t\t\t\t<div class=\"slideshow_description_box slideshow_transparent\">\r\n\t\t\t\t\t\t<div class=\"slideshow_title\">agenda verda 5<\/div>\t\t\t\t\t\t\t\t\t\t\t<\/div>\r\n\t\t\t\t<\/div>\r\n\r\n\t\t\t\t\t\t<div style=\"clear: both;\"><\/div><\/div><div class=\"slideshow_view\">\r\n\t\t\t\t<div class=\"slideshow_slide slideshow_slide_image\">\r\n\t\t\t\t\t\t\t\t\t\t\t<img src=\"https:\/\/agora.xtec.cat\/ceipcreualta\/wp-content\/uploads\/usu503\/2021\/02\/agenda-verda-4.png\" alt=\"agenda verda 4\" width=\"295\" height=\"222\" \/>\r\n\t\t\t\t\t\t\t\t\t\t<div class=\"slideshow_description_box slideshow_transparent\">\r\n\t\t\t\t\t\t<div class=\"slideshow_title\">agenda verda 4<\/div>\t\t\t\t\t\t\t\t\t\t\t<\/div>\r\n\t\t\t\t<\/div>\r\n\r\n\t\t\t\t\t\t<div style=\"clear: both;\"><\/div><\/div><div class=\"slideshow_view\">\r\n\t\t\t\t<div class=\"slideshow_slide slideshow_slide_image\">\r\n\t\t\t\t\t\t\t\t\t\t\t<img src=\"https:\/\/agora.xtec.cat\/ceipcreualta\/wp-content\/uploads\/usu503\/2021\/02\/agenda-verda-3.png\" alt=\"agenda verda 3\" width=\"210\" height=\"282\" \/>\r\n\t\t\t\t\t\t\t\t\t\t<div class=\"slideshow_description_box slideshow_transparent\">\r\n\t\t\t\t\t\t<div class=\"slideshow_title\">agenda verda 3<\/div>\t\t\t\t\t\t\t\t\t\t\t<\/div>\r\n\t\t\t\t<\/div>\r\n\r\n\t\t\t\t\t\t<div style=\"clear: both;\"><\/div><\/div><div class=\"slideshow_view\">\r\n\t\t\t\t<div class=\"slideshow_slide slideshow_slide_image\">\r\n\t\t\t\t\t\t\t\t\t\t\t<img src=\"https:\/\/agora.xtec.cat\/ceipcreualta\/wp-content\/uploads\/usu503\/2021\/02\/agenda-verda-2.png\" alt=\"agenda verda 2\" width=\"266\" height=\"355\" \/>\r\n\t\t\t\t\t\t\t\t\t\t<div class=\"slideshow_description_box slideshow_transparent\">\r\n\t\t\t\t\t\t<div class=\"slideshow_title\">agenda verda 2<\/div>\t\t\t\t\t\t\t\t\t\t\t<\/div>\r\n\t\t\t\t<\/div>\r\n\r\n\t\t\t\t\t\t<div style=\"clear: both;\"><\/div><\/div><div class=\"slideshow_view\">\r\n\t\t\t\t<div class=\"slideshow_slide slideshow_slide_image\">\r\n\t\t\t\t\t\t\t\t\t\t\t<img src=\"https:\/\/agora.xtec.cat\/ceipcreualta\/wp-content\/uploads\/usu503\/2021\/02\/agenda-verda-1.png\" alt=\"agenda verda 1\" width=\"160\" height=\"214\" \/>\r\n\t\t\t\t\t\t\t\t\t\t<div class=\"slideshow_description_box slideshow_transparent\">\r\n\t\t\t\t\t\t<div class=\"slideshow_title\">agenda verda 1<\/div>\t\t\t\t\t\t\t\t\t\t\t<\/div>\r\n\t\t\t\t<\/div>\r\n\r\n\t\t\t\t\t\t<div style=\"clear: both;\"><\/div><\/div>\r\n\t\t<\/div>\r\n\r\n\t\t<div class=\"slideshow_controlPanel slideshow_transparent\" style=\"display: none;\"><ul><li class=\"slideshow_togglePlay\" data-play-text=\"Visualitza\" data-pause-text=\"Pausa\"><\/li><\/ul><\/div>\r\n\r\n\t\t<div class=\"slideshow_button slideshow_previous slideshow_transparent\" role=\"button\" data-previous-text=\"Anterior\" style=\"display: none;\"><\/div>\r\n\t\t<div class=\"slideshow_button slideshow_next slideshow_transparent\" role=\"button\" data-next-text=\"Seg\u00fcent\" style=\"display: none;\"><\/div>\r\n\r\n\t\t<div class=\"slideshow_pagination\" style=\"display: none;\" data-go-to-text=\"V\u00e9s a la diapositiva\"><div class=\"slideshow_pagination_center\"><\/div><\/div>\r\n\r\n\t\t<!-- WordPress Slideshow Version 2.3.1 -->\r\n\r\n\t\t\t<\/div>\r\n\r\n\n<h4><strong><span style=\"color: #1abc9c;\"><a href=\"https:\/\/agora.xtec.cat\/ceipcreualta\/wp-content\/uploads\/usu503\/2021\/02\/arbol-de-manzana.png\"><img loading=\"lazy\" decoding=\"async\" class=\" wp-image-19366 alignleft\" src=\"https:\/\/agora.xtec.cat\/ceipcreualta\/wp-content\/uploads\/usu503\/2021\/02\/arbol-de-manzana.png\" alt=\"\" width=\"168\" height=\"168\" srcset=\"https:\/\/agora.xtec.cat\/ceipcreualta\/wp-content\/uploads\/usu503\/2021\/02\/arbol-de-manzana.png 512w, https:\/\/agora.xtec.cat\/ceipcreualta\/wp-content\/uploads\/usu503\/2021\/02\/arbol-de-manzana-150x150.png 150w, https:\/\/agora.xtec.cat\/ceipcreualta\/wp-content\/uploads\/usu503\/2021\/02\/arbol-de-manzana-300x300.png 300w\" sizes=\"auto, (max-width: 168px) 100vw, 168px\" \/><\/a>7- ENFILADISSES I ARBRES DE L\u2019ESCOLA<\/span><\/strong><\/h4>\n<p><strong>ARBRES FRUITERS<\/strong><\/p>\n<p>Cada classe tenim un arbre del qual som responsables. Al llarg de totes les estacions treballem el nostre arbre fruiter.<\/p>\n<p><strong>ENFILADISSES I FLORS<\/strong><\/p>\n<p>Al voltant del pati plantem enfiladisses i flors. Tots som responsables d&#8217;enjardinar i cuidar aquestes zones.<\/p>\n<h4><strong><span style=\"color: #1abc9c;\"><a href=\"https:\/\/agora.xtec.cat\/ceipcreualta\/wp-content\/uploads\/usu503\/2021\/02\/frutas.png\"><img loading=\"lazy\" decoding=\"async\" class=\" wp-image-19367 alignleft\" src=\"https:\/\/agora.xtec.cat\/ceipcreualta\/wp-content\/uploads\/usu503\/2021\/02\/frutas.png\" alt=\"\" width=\"166\" height=\"166\" srcset=\"https:\/\/agora.xtec.cat\/ceipcreualta\/wp-content\/uploads\/usu503\/2021\/02\/frutas.png 512w, https:\/\/agora.xtec.cat\/ceipcreualta\/wp-content\/uploads\/usu503\/2021\/02\/frutas-150x150.png 150w, https:\/\/agora.xtec.cat\/ceipcreualta\/wp-content\/uploads\/usu503\/2021\/02\/frutas-300x300.png 300w\" sizes=\"auto, (max-width: 166px) 100vw, 166px\" \/><\/a>8. L\u2019ESMORZAR<\/span><\/strong><\/h4>\n<p><strong>\u00a0<\/strong><strong>Objectius:<\/strong><\/p>\n<p>Fomentar l\u2019esmorzar com un \u00e0pat decisiu en l\u2019equilibri alimentari.<\/p>\n<p>Potenciar el consum de cereals i fruita fresca.<\/p>\n<p>Utilitzar materials per embolicar o dur l\u2019esmorzar a l\u2019escola que no contaminin el medi ambient o es puguin reutilitzar: Recipients de pl\u00e0stic (carmanyola), Boc en roll\u2026<\/p>\n<ul>\n<li>Els dimecres els alumnes porten fruita per esmorzar.<\/li>\n<li>Es porten les restes (peles de fruita, etc.) per fer compostatge.<\/li>\n<\/ul>\n","protected":false},"excerpt":{"rendered":"<p>1. CONSUM ENERG\u00c8TIC Aprofitar al m\u00e0xim la llum natural del dia per a aquells espais prou lluminosos. No encendre els llums quan no cal. Tenir aixecades les persianes de totes les aules, obrir la llum nom\u00e9s en cas que sigui necessari. Apagar els llums sempre que sortim d\u2019una aula. Utilitzar bombetes de baix consum i [&hellip;]<\/p>\n","protected":false},"author":31,"featured_media":0,"parent":9351,"menu_order":0,"comment_status":"closed","ping_status":"closed","template":"","meta":{"_bbp_topic_count":0,"_bbp_reply_count":0,"_bbp_total_topic_count":0,"_bbp_total_reply_count":0,"_bbp_voice_count":0,"_bbp_anonymous_reply_count":0,"_bbp_topic_count_hidden":0,"_bbp_reply_count_hidden":0,"_bbp_forum_subforum_count":0,"site-sidebar-layout":"default","site-content-layout":"","ast-site-content-layout":"default","site-content-style":"default","site-sidebar-style":"default","ast-global-header-display":"","ast-banner-title-visibility":"","ast-main-header-display":"","ast-hfb-above-header-display":"","ast-hfb-below-header-display":"","ast-hfb-mobile-header-display":"","site-post-title":"","ast-breadcrumbs-content":"","ast-featured-img":"","footer-sml-layout":"","theme-transparent-header-meta":"","adv-header-id-meta":"","stick-header-meta":"","header-above-stick-meta":"","header-main-stick-meta":"","header-below-stick-meta":"","astra-migrate-meta-layouts":"set","ast-page-background-enabled":"default","ast-page-background-meta":{"desktop":{"background-color":"var(--ast-global-color-4)","background-image":"","background-repeat":"repeat","background-position":"center center","background-size":"auto","background-attachment":"scroll","background-type":"","background-media":"","overlay-type":"","overlay-color":"","overlay-opacity":"","overlay-gradient":""},"tablet":{"background-color":"","background-image":"","background-repeat":"repeat","background-position":"center center","background-size":"auto","background-attachment":"scroll","background-type":"","background-media":"","overlay-type":"","overlay-color":"","overlay-opacity":"","overlay-gradient":""},"mobile":{"background-color":"","background-image":"","background-repeat":"repeat","background-position":"center center","background-size":"auto","background-attachment":"scroll","background-type":"","background-media":"","overlay-type":"","overlay-color":"","overlay-opacity":"","overlay-gradient":""}},"ast-content-background-meta":{"desktop":{"background-color":"var(--ast-global-color-5)","background-image":"","background-repeat":"repeat","background-position":"center center","background-size":"auto","background-attachment":"scroll","background-type":"","background-media":"","overlay-type":"","overlay-color":"","overlay-opacity":"","overlay-gradient":""},"tablet":{"background-color":"var(--ast-global-color-5)","background-image":"","background-repeat":"repeat","background-position":"center center","background-size":"auto","background-attachment":"scroll","background-type":"","background-media":"","overlay-type":"","overlay-color":"","overlay-opacity":"","overlay-gradient":""},"mobile":{"background-color":"var(--ast-global-color-5)","background-image":"","background-repeat":"repeat","background-position":"center center","background-size":"auto","background-attachment":"scroll","background-type":"","background-media":"","overlay-type":"","overlay-color":"","overlay-opacity":"","overlay-gradient":""}},"footnotes":""},"class_list":["post-19354","page","type-page","status-publish","hentry"],"post_mailing_queue_ids":[],"_links":{"self":[{"href":"https:\/\/agora.xtec.cat\/ceipcreualta\/wp-json\/wp\/v2\/pages\/19354","targetHints":{"allow":["GET"]}}],"collection":[{"href":"https:\/\/agora.xtec.cat\/ceipcreualta\/wp-json\/wp\/v2\/pages"}],"about":[{"href":"https:\/\/agora.xtec.cat\/ceipcreualta\/wp-json\/wp\/v2\/types\/page"}],"author":[{"embeddable":true,"href":"https:\/\/agora.xtec.cat\/ceipcreualta\/wp-json\/wp\/v2\/users\/31"}],"replies":[{"embeddable":true,"href":"https:\/\/agora.xtec.cat\/ceipcreualta\/wp-json\/wp\/v2\/comments?post=19354"}],"version-history":[{"count":5,"href":"https:\/\/agora.xtec.cat\/ceipcreualta\/wp-json\/wp\/v2\/pages\/19354\/revisions"}],"predecessor-version":[{"id":23296,"href":"https:\/\/agora.xtec.cat\/ceipcreualta\/wp-json\/wp\/v2\/pages\/19354\/revisions\/23296"}],"up":[{"embeddable":true,"href":"https:\/\/agora.xtec.cat\/ceipcreualta\/wp-json\/wp\/v2\/pages\/9351"}],"wp:attachment":[{"href":"https:\/\/agora.xtec.cat\/ceipcreualta\/wp-json\/wp\/v2\/media?parent=19354"}],"curies":[{"name":"wp","href":"https:\/\/api.w.org\/{rel}","templated":true}]}}