{"id":19235,"date":"2021-01-23T07:59:12","date_gmt":"2021-01-23T06:59:12","guid":{"rendered":"http:\/\/agora.xtec.cat\/ceipcreualta\/?page_id=19235"},"modified":"2026-04-15T12:14:42","modified_gmt":"2026-04-15T10:14:42","slug":"preinscripcio-2","status":"publish","type":"page","link":"https:\/\/agora.xtec.cat\/ceipcreualta\/preinscripcio-2\/","title":{"rendered":"Preinscripci\u00f3"},"content":{"rendered":"<h3 style=\"text-align: left;\">Curs 2026-2027<\/h3>\n<h4><a href=\"https:\/\/agora.xtec.cat\/ceipcreualta\/wp-content\/uploads\/usu503\/2021\/01\/calendario-2.png\"><img loading=\"lazy\" decoding=\"async\" class=\"alignnone wp-image-19214\" src=\"https:\/\/agora.xtec.cat\/ceipcreualta\/wp-content\/uploads\/usu503\/2021\/01\/calendario-2.png\" alt=\"\" width=\"48\" height=\"48\" srcset=\"https:\/\/agora.xtec.cat\/ceipcreualta\/wp-content\/uploads\/usu503\/2021\/01\/calendario-2.png 512w, https:\/\/agora.xtec.cat\/ceipcreualta\/wp-content\/uploads\/usu503\/2021\/01\/calendario-2-150x150.png 150w, https:\/\/agora.xtec.cat\/ceipcreualta\/wp-content\/uploads\/usu503\/2021\/01\/calendario-2-300x300.png 300w\" sizes=\"auto, (max-width: 48px) 100vw, 48px\" \/> <\/a>Dates de presentaci\u00f3 de sol\u00b7licituds:<\/h4>\n<ul>\n<li>Educaci\u00f3 Infantil (3-6 anys): del 4 al 18 de mar\u00e7.<\/li>\n<li>Educaci\u00f3 Prim\u00e0ria: del 4 al 18 de mar\u00e7.<\/li>\n<li>Educaci\u00f3 Secund\u00e0ria Obligat\u00f2ria (ESO): del 6 al 18 de mar\u00e7.\n<ul>\n<li>Els Instituts adscrits al nostre centre: <a href=\"https:\/\/agora.xtec.cat\/inscanoriac\/\" target=\"_blank\" rel=\"noopener\">Institut Ca n&#8217;Oriac<\/a> i <a href=\"https:\/\/agora.xtec.cat\/iesvalles\/\" target=\"_blank\" rel=\"noopener\">Institut Vall\u00e8s.<\/a><\/li>\n<\/ul>\n<\/li>\n<\/ul>\n<h4><a href=\"https:\/\/agora.xtec.cat\/ceipcreualta\/wp-content\/uploads\/usu503\/2021\/01\/calendario-2.png\"><img loading=\"lazy\" decoding=\"async\" class=\"alignnone wp-image-19214\" src=\"https:\/\/agora.xtec.cat\/ceipcreualta\/wp-content\/uploads\/usu503\/2021\/01\/calendario-2.png\" alt=\"\" width=\"48\" height=\"48\" srcset=\"https:\/\/agora.xtec.cat\/ceipcreualta\/wp-content\/uploads\/usu503\/2021\/01\/calendario-2.png 512w, https:\/\/agora.xtec.cat\/ceipcreualta\/wp-content\/uploads\/usu503\/2021\/01\/calendario-2-150x150.png 150w, https:\/\/agora.xtec.cat\/ceipcreualta\/wp-content\/uploads\/usu503\/2021\/01\/calendario-2-300x300.png 300w\" sizes=\"auto, (max-width: 48px) 100vw, 48px\" \/><\/a> Calendari preinscripci\u00f3 curs 26-27<\/h4>\n<table style=\"width: 100%;\">\n<tbody>\n<tr>\n<td style=\"width: 73.5%;\"><span style=\"font-weight: 400;\">Publicaci\u00f3 de l&#8217;oferta inicial 3\u00a0 de mar\u00e7<\/span><\/td>\n<td style=\"width: 25.8333%;\"><span style=\"font-weight: 400;\">3 de Mar\u00e7<\/span><\/td>\n<\/tr>\n<tr>\n<td style=\"width: 73.5%;\"><b>Presentaci\u00f3 i\/o modificaci\u00f3 de sol\u00b7licituds 2n cicle d&#8217;educaci\u00f3 infantil i prim\u00e0ria<\/b><\/td>\n<td style=\"width: 25.8333%;\"><b>Del 4 al 18 de mar\u00e7<\/b><\/td>\n<\/tr>\n<tr>\n<td style=\"width: 73.5%;\"><span style=\"font-weight: 400;\">Presentaci\u00f3 de documentaci\u00f3\u00a0<\/span><\/td>\n<td style=\"width: 25.8333%;\"><span style=\"font-weight: 400;\">Fins 19\u00a0 de mar\u00e7\u200b<\/span><\/td>\n<\/tr>\n<tr>\n<td style=\"width: 73.5%;\"><b>Publicaci\u00f3 de la llista de sol\u00b7licituds amb la puntuaci\u00f3 provisional<\/b><\/td>\n<td style=\"width: 25.8333%;\"><b>15 d&#8217;abril<\/b><\/td>\n<\/tr>\n<tr>\n<td style=\"width: 73.5%;\"><span style=\"font-weight: 400;\">Presentaci\u00f3 de reclamacions per\u00a0a la llista amb la puntuaci\u00f3 provisional<\/span><\/td>\n<td style=\"width: 25.8333%;\"><span style=\"font-weight: 400;\">Del 15 al 20\u00a0d&#8217;abril<\/span><\/td>\n<\/tr>\n<tr>\n<td style=\"width: 73.5%;\"><span style=\"font-weight: 400;\">Gesti\u00f3 de reclamacions<\/span><\/td>\n<td style=\"width: 25.8333%;\"><span style=\"font-weight: 400;\">Del 20 al 22\u00a0d&#8217;abril<\/span><\/td>\n<\/tr>\n<tr>\n<td style=\"width: 73.5%;\"><span style=\"font-weight: 400;\">Publicaci\u00f3 de la llista amb la puntuaci\u00f3, un cop\u00a0resoltes les reclamacions<\/span><\/td>\n<td style=\"width: 25.8333%;\"><span style=\"font-weight: 400;\">23 d\u2019abril\u00a0<\/span><\/td>\n<\/tr>\n<tr>\n<td style=\"width: 73.5%;\"><b>Sorteig<\/b><\/td>\n<td style=\"width: 25.8333%;\"><b>28 d\u2019abril a les 11:00<\/b><\/td>\n<\/tr>\n<tr>\n<td style=\"width: 73.5%;\"><span style=\"font-weight: 400;\">Publicaci\u00f3 de la llista ordenada<\/span><\/td>\n<td style=\"width: 25.8333%;\"><span style=\"font-weight: 400;\">29 d\u2019abril\u00a0<\/span><\/td>\n<\/tr>\n<tr>\n<td style=\"width: 73.5%;\"><span style=\"font-weight: 400;\">Ampliaci\u00f3 de peticions \u2013per a\u00a0aquells que necessiten assignaci\u00f3 d&#8217;ofici i no s&#8217;han assignat per petici\u00f3 original- (fam\u00edlies)<\/span><\/td>\n<td style=\"width: 25.8333%;\"><b>Del 1 al 3 de juny<\/b><\/td>\n<\/tr>\n<tr>\n<td style=\"width: 73.5%;\"><span style=\"font-weight: 400;\">Publicaci\u00f3 de l&#8217;oferta final<\/span><\/td>\n<td style=\"width: 25.8333%;\"><span style=\"font-weight: 400;\">10 de juny<\/span><\/td>\n<\/tr>\n<tr>\n<td style=\"width: 73.5%;\"><b>Publicaci\u00f3 de la llista d&#8217;admesos i la llista d&#8217;espera<\/b><\/td>\n<td style=\"width: 25.8333%;\"><b>10\u00a0de juny<\/b><\/td>\n<\/tr>\n<tr>\n<td style=\"width: 73.5%;\"><span style=\"font-weight: 400;\">\u200b\u200b<\/span><b>Per\u00edode de matriculaci\u00f3\u00a0<\/b><\/td>\n<td style=\"width: 25.8333%;\"><b>Del 22\u00a0al 30\u00a0de juny<\/b><\/td>\n<\/tr>\n<tr>\n<td style=\"width: 73.5%;\"><span style=\"font-weight: 400;\">Gesti\u00f3 de la llista d&#8217;espera\u00a0\u200b<\/span><\/td>\n<td style=\"width: 25.8333%;\"><span style=\"font-weight: 400;\">2 setembre<\/span><\/td>\n<\/tr>\n<\/tbody>\n<\/table>\n<p><a href=\"https:\/\/agora.xtec.cat\/ceipcreualta\/wp-content\/uploads\/usu503\/2026\/03\/INFORME_OFERTA_OME_INFORME_OFERTA.pdf\" target=\"_blank\" rel=\"noopener\">PUBLICACI\u00d3 DE L&#8217;OFERTA INICIAL DE PLACES<\/a><\/p>\n<p><a href=\"https:\/\/agora.xtec.cat\/ceipcreualta\/wp-content\/uploads\/usu503\/2026\/04\/INFORME_BAREM_PROVISIONAL_BAREM.pdf\" target=\"_blank\" rel=\"noopener\">PUBLICACI\u00d3 BAREM PROVISIONAL<\/a><\/p>\n<p>INFORME LLISTA ESPERA<\/p>\n<p>INFORME ASSIGNADES<\/p>\n<p>INFORME BAREM DEFINITIU<\/p>\n<p>N\u00daMERO DE SORTEIG:<\/p>\n<p>INFORME BAREM RESOLTES<\/p>\n<p>INFORME BAREM PROVISIONAL<\/p>\n<p>INFORME OFERTA OME<\/p>\n<h4><a href=\"https:\/\/agora.xtec.cat\/ceipcreualta\/wp-content\/uploads\/usu503\/2026\/01\/location_pin_on_map1-scaled.jpg\"><img loading=\"lazy\" decoding=\"async\" class=\"alignnone  wp-image-23258\" src=\"https:\/\/agora.xtec.cat\/ceipcreualta\/wp-content\/uploads\/usu503\/2026\/01\/location_pin_on_map1-1024x1024.jpg\" alt=\"\" width=\"53\" height=\"53\" srcset=\"https:\/\/agora.xtec.cat\/ceipcreualta\/wp-content\/uploads\/usu503\/2026\/01\/location_pin_on_map1-1024x1024.jpg 1024w, https:\/\/agora.xtec.cat\/ceipcreualta\/wp-content\/uploads\/usu503\/2026\/01\/location_pin_on_map1-300x300.jpg 300w, https:\/\/agora.xtec.cat\/ceipcreualta\/wp-content\/uploads\/usu503\/2026\/01\/location_pin_on_map1-150x150.jpg 150w, https:\/\/agora.xtec.cat\/ceipcreualta\/wp-content\/uploads\/usu503\/2026\/01\/location_pin_on_map1-768x768.jpg 768w, https:\/\/agora.xtec.cat\/ceipcreualta\/wp-content\/uploads\/usu503\/2026\/01\/location_pin_on_map1-1536x1536.jpg 1536w, https:\/\/agora.xtec.cat\/ceipcreualta\/wp-content\/uploads\/usu503\/2026\/01\/location_pin_on_map1-2048x2048.jpg 2048w\" sizes=\"auto, (max-width: 53px) 100vw, 53px\" \/><\/a>\u00a0 Centres<\/h4>\n<p>Entra a l<span style=\"text-decoration: underline;\">&#8216;<a href=\"https:\/\/web.sabadell.cat\/cercador-educacio-infantil-i-primaria\/index.php?option=com_content&amp;view=article&amp;layout=edit&amp;id=56276\" target=\"_blank\" rel=\"noopener\">enlla\u00e7<\/a> <\/span>per consultar els centres per proximitat al teu domicili.<\/p>\n<h1 style=\"text-align: left;\">Portes obertes 2026<\/h1>\n<h3><a href=\"https:\/\/agora.xtec.cat\/ceipcreualta\/wp-content\/uploads\/usu503\/2021\/01\/calendario-2.png\"><img loading=\"lazy\" decoding=\"async\" class=\"alignnone wp-image-19214\" src=\"https:\/\/agora.xtec.cat\/ceipcreualta\/wp-content\/uploads\/usu503\/2021\/01\/calendario-2.png\" alt=\"\" width=\"48\" height=\"48\" srcset=\"https:\/\/agora.xtec.cat\/ceipcreualta\/wp-content\/uploads\/usu503\/2021\/01\/calendario-2.png 512w, https:\/\/agora.xtec.cat\/ceipcreualta\/wp-content\/uploads\/usu503\/2021\/01\/calendario-2-150x150.png 150w, https:\/\/agora.xtec.cat\/ceipcreualta\/wp-content\/uploads\/usu503\/2021\/01\/calendario-2-300x300.png 300w\" sizes=\"auto, (max-width: 48px) 100vw, 48px\" \/><\/a>\u00a0 Quan?<\/h3>\n<p><b>Presentaci\u00f3 telem\u00e0tica<\/b>: dimarts 10 de febrer a les 15.00\u202fh. i 24 de febrer a les 16:30h<\/p>\n<p><b>Visita presencial: <\/b>dimarts 17 de febrer a les 16.30\u202fh i dijous 5 de mar\u00e7 a les 16:30h.<\/p>\n<h3><a href=\"https:\/\/agora.xtec.cat\/ceipcreualta\/wp-content\/uploads\/usu503\/2020\/12\/colegio.png\"><img loading=\"lazy\" decoding=\"async\" class=\"alignnone wp-image-19162\" src=\"https:\/\/agora.xtec.cat\/ceipcreualta\/wp-content\/uploads\/usu503\/2020\/12\/colegio.png\" alt=\"\" width=\"52\" height=\"52\" srcset=\"https:\/\/agora.xtec.cat\/ceipcreualta\/wp-content\/uploads\/usu503\/2020\/12\/colegio.png 512w, https:\/\/agora.xtec.cat\/ceipcreualta\/wp-content\/uploads\/usu503\/2020\/12\/colegio-150x150.png 150w, https:\/\/agora.xtec.cat\/ceipcreualta\/wp-content\/uploads\/usu503\/2020\/12\/colegio-300x300.png 300w\" sizes=\"auto, (max-width: 52px) 100vw, 52px\" \/><\/a> On?<\/h3>\n<p>De forma presencial, a l&#8217;Escola Creu Alta i\/o de forma telem\u00e0tica.<\/p>\n<h3><\/h3>\n<h3><a href=\"https:\/\/agora.xtec.cat\/ceipcreualta\/wp-content\/uploads\/usu503\/2021\/01\/lista-de-verificacion.png\"><img loading=\"lazy\" decoding=\"async\" class=\"alignnone wp-image-19218\" src=\"https:\/\/agora.xtec.cat\/ceipcreualta\/wp-content\/uploads\/usu503\/2021\/01\/lista-de-verificacion.png\" alt=\"\" width=\"56\" height=\"56\" srcset=\"https:\/\/agora.xtec.cat\/ceipcreualta\/wp-content\/uploads\/usu503\/2021\/01\/lista-de-verificacion.png 512w, https:\/\/agora.xtec.cat\/ceipcreualta\/wp-content\/uploads\/usu503\/2021\/01\/lista-de-verificacion-150x150.png 150w, https:\/\/agora.xtec.cat\/ceipcreualta\/wp-content\/uploads\/usu503\/2021\/01\/lista-de-verificacion-300x300.png 300w\" sizes=\"auto, (max-width: 56px) 100vw, 56px\" \/><\/a>Qu\u00e8?<\/h3>\n<p>Podeu visualitzar el gui\u00f3 d&#8217;all\u00f2 que es tractar\u00e0 a la reuni\u00f3 si cliqueu a aquest<span style=\"text-decoration: underline;\"> enlla\u00e7 (properament estar\u00e0 penjat)<\/span><\/p>\n<h3><a href=\"https:\/\/agora.xtec.cat\/ceipcreualta\/wp-content\/uploads\/usu503\/2020\/12\/contrato.png\"><img loading=\"lazy\" decoding=\"async\" class=\"alignnone wp-image-19163\" src=\"https:\/\/agora.xtec.cat\/ceipcreualta\/wp-content\/uploads\/usu503\/2020\/12\/contrato.png\" alt=\"\" width=\"61\" height=\"61\" srcset=\"https:\/\/agora.xtec.cat\/ceipcreualta\/wp-content\/uploads\/usu503\/2020\/12\/contrato.png 512w, https:\/\/agora.xtec.cat\/ceipcreualta\/wp-content\/uploads\/usu503\/2020\/12\/contrato-150x150.png 150w, https:\/\/agora.xtec.cat\/ceipcreualta\/wp-content\/uploads\/usu503\/2020\/12\/contrato-300x300.png 300w\" sizes=\"auto, (max-width: 61px) 100vw, 61px\" \/><\/a>Com?<\/h3>\n<p>Entreu a l&#8217;enlla\u00e7 per fer les inscripcions a les Portes Obertes. &#8211; <span style=\"background-color: #ffcc00;\">Aforament complert.<\/span><\/p>\n<p><sub>(Data m\u00e0xima d&#8217;inscripci\u00f3 fins al dia abans a les 12\u202fh o completar l&#8217;aforament)<\/sub><\/p>\n<h3><a href=\"https:\/\/agora.xtec.cat\/ceipcreualta\/wp-content\/uploads\/usu503\/2021\/01\/lista-de-verificacion.png\"><img loading=\"lazy\" decoding=\"async\" class=\"alignnone wp-image-19218\" src=\"https:\/\/agora.xtec.cat\/ceipcreualta\/wp-content\/uploads\/usu503\/2021\/01\/lista-de-verificacion.png\" alt=\"\" width=\"56\" height=\"56\" srcset=\"https:\/\/agora.xtec.cat\/ceipcreualta\/wp-content\/uploads\/usu503\/2021\/01\/lista-de-verificacion.png 512w, https:\/\/agora.xtec.cat\/ceipcreualta\/wp-content\/uploads\/usu503\/2021\/01\/lista-de-verificacion-150x150.png 150w, https:\/\/agora.xtec.cat\/ceipcreualta\/wp-content\/uploads\/usu503\/2021\/01\/lista-de-verificacion-300x300.png 300w\" sizes=\"auto, (max-width: 56px) 100vw, 56px\" \/><\/a>M\u00e9s informaci\u00f3:<\/h3>\n<p>Informaci\u00f3, guia, calendari i puntuaci\u00f3: enlla\u00e7 portal Gencat (properament estar\u00e0 disponible)<\/p>\n<p>Codi del centre Escola Creu Alta:\u00a0<strong>08041672<\/strong><\/p>\n<p>Informaci\u00f3: ceipcreualta<span class=\"\">@xtec.cat\u00a0 <\/span><\/p>\n<p><span style=\"font-family: inherit; font-size: 1em;\">Horari d&#8217;atenci\u00f3:<\/span><\/p>\n<p>Dilluns a dijous de 8.30 a 13.00 i de 15.00 a 16.00.<\/p>\n<p>Agra\u00efm que demaneu cita pr\u00e8via, per una millor atenci\u00f3.<\/p>\n<h3><a href=\"https:\/\/agora.xtec.cat\/ceipcreualta\/wp-content\/uploads\/usu503\/2021\/03\/leyendo.png\"><img loading=\"lazy\" decoding=\"async\" class=\"alignnone wp-image-19458\" src=\"https:\/\/agora.xtec.cat\/ceipcreualta\/wp-content\/uploads\/usu503\/2021\/03\/leyendo.png\" alt=\"\" width=\"66\" height=\"66\" srcset=\"https:\/\/agora.xtec.cat\/ceipcreualta\/wp-content\/uploads\/usu503\/2021\/03\/leyendo.png 512w, https:\/\/agora.xtec.cat\/ceipcreualta\/wp-content\/uploads\/usu503\/2021\/03\/leyendo-150x150.png 150w, https:\/\/agora.xtec.cat\/ceipcreualta\/wp-content\/uploads\/usu503\/2021\/03\/leyendo-300x300.png 300w\" sizes=\"auto, (max-width: 66px) 100vw, 66px\" \/><\/a> Voleu con\u00e8ixer-nos millor?<\/h3>\n<p>Cliqueu al seg\u00fcent v\u00eddeo per veure com \u00e9s un dia a la nostra escola.<\/p>\n<p><iframe loading=\"lazy\" src=\"\/\/www.youtube.com\/embed\/SjEzhCMMlMs\" width=\"560\" height=\"314\" allowfullscreen=\"allowfullscreen\" data-mce-fragment=\"1\"><\/iframe><\/p>\n","protected":false},"excerpt":{"rendered":"<p>Curs 2026-2027 Dates de presentaci\u00f3 de sol\u00b7licituds: Educaci\u00f3 Infantil (3-6 anys): del 4 al 18 de mar\u00e7. Educaci\u00f3 Prim\u00e0ria: del 4 al 18 de mar\u00e7. Educaci\u00f3 Secund\u00e0ria Obligat\u00f2ria (ESO): del 6 al 18 de mar\u00e7. Els Instituts adscrits al nostre centre: Institut Ca n&#8217;Oriac i Institut Vall\u00e8s. Calendari preinscripci\u00f3 curs 26-27 Publicaci\u00f3 de l&#8217;oferta inicial [&hellip;]<\/p>\n","protected":false},"author":1,"featured_media":0,"parent":0,"menu_order":0,"comment_status":"closed","ping_status":"closed","template":"","meta":{"_bbp_topic_count":0,"_bbp_reply_count":0,"_bbp_total_topic_count":0,"_bbp_total_reply_count":0,"_bbp_voice_count":0,"_bbp_anonymous_reply_count":0,"_bbp_topic_count_hidden":0,"_bbp_reply_count_hidden":0,"_bbp_forum_subforum_count":0,"site-sidebar-layout":"default","site-content-layout":"","ast-site-content-layout":"default","site-content-style":"default","site-sidebar-style":"default","ast-global-header-display":"","ast-banner-title-visibility":"","ast-main-header-display":"","ast-hfb-above-header-display":"","ast-hfb-below-header-display":"","ast-hfb-mobile-header-display":"","site-post-title":"","ast-breadcrumbs-content":"","ast-featured-img":"","footer-sml-layout":"","theme-transparent-header-meta":"","adv-header-id-meta":"","stick-header-meta":"","header-above-stick-meta":"","header-main-stick-meta":"","header-below-stick-meta":"","astra-migrate-meta-layouts":"set","ast-page-background-enabled":"default","ast-page-background-meta":{"desktop":{"background-color":"var(--ast-global-color-4)","background-image":"","background-repeat":"repeat","background-position":"center center","background-size":"auto","background-attachment":"scroll","background-type":"","background-media":"","overlay-type":"","overlay-color":"","overlay-opacity":"","overlay-gradient":""},"tablet":{"background-color":"","background-image":"","background-repeat":"repeat","background-position":"center center","background-size":"auto","background-attachment":"scroll","background-type":"","background-media":"","overlay-type":"","overlay-color":"","overlay-opacity":"","overlay-gradient":""},"mobile":{"background-color":"","background-image":"","background-repeat":"repeat","background-position":"center center","background-size":"auto","background-attachment":"scroll","background-type":"","background-media":"","overlay-type":"","overlay-color":"","overlay-opacity":"","overlay-gradient":""}},"ast-content-background-meta":{"desktop":{"background-color":"var(--ast-global-color-5)","background-image":"","background-repeat":"repeat","background-position":"center center","background-size":"auto","background-attachment":"scroll","background-type":"","background-media":"","overlay-type":"","overlay-color":"","overlay-opacity":"","overlay-gradient":""},"tablet":{"background-color":"var(--ast-global-color-5)","background-image":"","background-repeat":"repeat","background-position":"center center","background-size":"auto","background-attachment":"scroll","background-type":"","background-media":"","overlay-type":"","overlay-color":"","overlay-opacity":"","overlay-gradient":""},"mobile":{"background-color":"var(--ast-global-color-5)","background-image":"","background-repeat":"repeat","background-position":"center center","background-size":"auto","background-attachment":"scroll","background-type":"","background-media":"","overlay-type":"","overlay-color":"","overlay-opacity":"","overlay-gradient":""}},"footnotes":""},"class_list":["post-19235","page","type-page","status-publish","hentry"],"post_mailing_queue_ids":[],"_links":{"self":[{"href":"https:\/\/agora.xtec.cat\/ceipcreualta\/wp-json\/wp\/v2\/pages\/19235","targetHints":{"allow":["GET"]}}],"collection":[{"href":"https:\/\/agora.xtec.cat\/ceipcreualta\/wp-json\/wp\/v2\/pages"}],"about":[{"href":"https:\/\/agora.xtec.cat\/ceipcreualta\/wp-json\/wp\/v2\/types\/page"}],"author":[{"embeddable":true,"href":"https:\/\/agora.xtec.cat\/ceipcreualta\/wp-json\/wp\/v2\/users\/1"}],"replies":[{"embeddable":true,"href":"https:\/\/agora.xtec.cat\/ceipcreualta\/wp-json\/wp\/v2\/comments?post=19235"}],"version-history":[{"count":6,"href":"https:\/\/agora.xtec.cat\/ceipcreualta\/wp-json\/wp\/v2\/pages\/19235\/revisions"}],"predecessor-version":[{"id":23753,"href":"https:\/\/agora.xtec.cat\/ceipcreualta\/wp-json\/wp\/v2\/pages\/19235\/revisions\/23753"}],"wp:attachment":[{"href":"https:\/\/agora.xtec.cat\/ceipcreualta\/wp-json\/wp\/v2\/media?parent=19235"}],"curies":[{"name":"wp","href":"https:\/\/api.w.org\/{rel}","templated":true}]}}