{"id":34,"date":"2014-09-18T12:32:18","date_gmt":"2014-09-18T11:32:18","guid":{"rendered":"http:\/\/agora.xtec.cat\/ceipcreixa\/?page_id=34"},"modified":"2026-01-29T12:38:26","modified_gmt":"2026-01-29T11:38:26","slug":"oferta-educativa","status":"publish","type":"page","link":"https:\/\/agora.xtec.cat\/ceipcreixa\/lescola\/oferta-educativa\/","title":{"rendered":"Documents del Centre"},"content":{"rendered":"<table class=\" aligncenter\" style=\"height: 1108px; width: 80.9271%; border-color: #000000; border-style: double; background-color: #ffffff;\">\n<tbody>\n<tr style=\"height: 159px;\">\n<td style=\"width: 26.638%; height: 138px;\"><a href=\"https:\/\/agora.xtec.cat\/ceipcreixa\/wp-content\/uploads\/usu1518\/2024\/09\/CARTA-DE-COMPROMIS-EDUCATIU-24_25.docx.pdf\"><img loading=\"lazy\" decoding=\"async\" class=\"alignnone size-full wp-image-3501\" src=\"https:\/\/agora.xtec.cat\/ceipcreixa\/wp-content\/uploads\/usu1518\/2022\/02\/6.-carta-compromis.png\" alt=\"\" width=\"619\" height=\"295\" srcset=\"https:\/\/agora.xtec.cat\/ceipcreixa\/wp-content\/uploads\/usu1518\/2022\/02\/6.-carta-compromis.png 619w, https:\/\/agora.xtec.cat\/ceipcreixa\/wp-content\/uploads\/usu1518\/2022\/02\/6.-carta-compromis-300x143.png 300w\" sizes=\"auto, (max-width: 619px) 100vw, 619px\" \/><\/a><\/td>\n<td style=\"width: 24.8098%; height: 138px;\">\n<h2><span style=\"color: #33cccc;\"><a style=\"color: #33cccc;\" href=\"https:\/\/agora.xtec.cat\/ceipcreixa\/wp-content\/uploads\/usu1518\/2026\/01\/CARTA-DE-COMPROMIS-EDUCATIU-25_26.docx.pdf\">Carta de comprom\u00eds<\/a><\/span><\/h2>\n<\/td>\n<td style=\"width: 26.1586%; height: 138px;\"><a href=\"https:\/\/agora.xtec.cat\/ceipcreixa\/wp-content\/uploads\/usu1518\/2024\/10\/PLC.pdf\"><img loading=\"lazy\" decoding=\"async\" class=\"aligncenter wp-image-2060\" src=\"https:\/\/agora.xtec.cat\/ceipcreixa\/wp-content\/uploads\/usu1518\/2019\/02\/chats-forum-300x258-300x258-300x258.jpg\" alt=\"\" width=\"181\" height=\"156\" \/><\/a><\/td>\n<td style=\"width: 82.9289%; text-align: center; height: 138px;\">\n<h2><a href=\"https:\/\/agora.xtec.cat\/ceipcreixa\/wp-content\/uploads\/usu1518\/2024\/10\/PLC.pdf\"><span style=\"color: #33cccc;\">Projecte ling\u00fc\u00edstic de centre<\/span><\/a><\/h2>\n<\/td>\n<\/tr>\n<tr style=\"height: 321px;\">\n<td style=\"width: 26.638%; height: 236px;\"><a href=\"https:\/\/www.canva.com\/design\/DAFopLnb7Xw\/jnSD-rmIxYJanOeeQv6x8g\/view?utm_content=DAFopLnb7Xw&amp;utm_campaign=designshare&amp;utm_medium=link&amp;utm_source=publishsharelink\"><img loading=\"lazy\" decoding=\"async\" class=\"wp-image-3144 aligncenter\" src=\"https:\/\/agora.xtec.cat\/ceipcreixa\/wp-content\/uploads\/usu1518\/2021\/09\/Portada2-1024x714.jpg\" alt=\"\" width=\"231\" height=\"161\" srcset=\"https:\/\/agora.xtec.cat\/ceipcreixa\/wp-content\/uploads\/usu1518\/2021\/09\/Portada2-1024x714.jpg 1024w, https:\/\/agora.xtec.cat\/ceipcreixa\/wp-content\/uploads\/usu1518\/2021\/09\/Portada2-300x209.jpg 300w, https:\/\/agora.xtec.cat\/ceipcreixa\/wp-content\/uploads\/usu1518\/2021\/09\/Portada2-768x536.jpg 768w, https:\/\/agora.xtec.cat\/ceipcreixa\/wp-content\/uploads\/usu1518\/2021\/09\/Portada2.jpg 1088w\" sizes=\"auto, (max-width: 231px) 100vw, 231px\" \/><\/a><\/td>\n<td style=\"width: 24.8098%; height: 236px;\">\n<h2><span style=\"color: #33cccc;\"><a style=\"color: #33cccc;\" href=\"https:\/\/www.canva.com\/design\/DAFopLnb7Xw\/jnSD-rmIxYJanOeeQv6x8g\/view?utm_content=DAFopLnb7Xw&amp;utm_campaign=designshare&amp;utm_medium=link&amp;utm_source=publishsharelink\">Dossier Informatiu Fam\u00edlies <\/a><\/span><\/h2>\n<h2><span style=\"color: #33cccc;\"><a style=\"color: #33cccc;\" href=\"https:\/\/www.canva.com\/design\/DAFopLnb7Xw\/jnSD-rmIxYJanOeeQv6x8g\/view?utm_content=DAFopLnb7Xw&amp;utm_campaign=designshare&amp;utm_medium=link&amp;utm_source=publishsharelink\">2025-2026<\/a><\/span><\/h2>\n<h4><\/h4>\n<\/td>\n<td style=\"width: 26.1586%; height: 236px;\"><img loading=\"lazy\" decoding=\"async\" class=\"aligncenter\" style=\"background-color: #f9f9f9;\" src=\"https:\/\/agora.xtec.cat\/ceipcreixa\/wp-content\/uploads\/usu1518\/2021\/07\/PROJECTE-DE-CONVIV%C3%88NCIA-1024x863.jpg\" width=\"246\" height=\"207\" \/><\/td>\n<td style=\"width: 82.9289%; height: 236px;\">\n<h2><a href=\"https:\/\/agora.xtec.cat\/ceipcreixa\/wp-content\/uploads\/usu1518\/2021\/07\/Projecte-de-Conviv\u00e8ncia.pdf\"><span style=\"color: #33cccc;\">Projecte de conviv\u00e8ncia<\/span><\/a><\/h2>\n<\/td>\n<\/tr>\n<tr style=\"height: 276px;\">\n<td style=\"width: 26.638%; height: 376px;\" rowspan=\"2\"><img loading=\"lazy\" decoding=\"async\" class=\"aligncenter\" src=\"https:\/\/agora.xtec.cat\/ceipcreixa\/wp-content\/uploads\/usu1518\/2019\/05\/Portada-PEC.jpg\" width=\"175\" height=\"257\" \/><\/td>\n<td style=\"height: 376px; width: 24.8098%;\" rowspan=\"2\">\n<h2><a href=\"https:\/\/agora.xtec.cat\/ceipcreixa\/wp-content\/uploads\/usu1518\/2025\/05\/PEC-2024-25-3.pdf\"><span style=\"color: #33cccc;\">Projecte educatiu de centre<\/span><\/a><\/h2>\n<\/td>\n<td style=\"width: 26.1586%; height: 55px;\">\n<h6><span style=\"color: #33cccc;\"><a href=\"https:\/\/agora.xtec.cat\/ceipcreixa\/wp-content\/uploads\/usu1518\/2024\/05\/2024-05-28-12_20_00-Mediateca-\u2039-Escola-Creixa-\u2014-WordPress.jpg\"><img loading=\"lazy\" decoding=\"async\" class=\"wp-image-4505 aligncenter\" src=\"https:\/\/agora.xtec.cat\/ceipcreixa\/wp-content\/uploads\/usu1518\/2024\/05\/2024-05-28-12_20_00-Mediateca-\u2039-Escola-Creixa-\u2014-WordPress-213x300.jpg\" alt=\"\" width=\"158\" height=\"222\" srcset=\"https:\/\/agora.xtec.cat\/ceipcreixa\/wp-content\/uploads\/usu1518\/2024\/05\/2024-05-28-12_20_00-Mediateca-\u2039-Escola-Creixa-\u2014-WordPress-213x300.jpg 213w, https:\/\/agora.xtec.cat\/ceipcreixa\/wp-content\/uploads\/usu1518\/2024\/05\/2024-05-28-12_20_00-Mediateca-\u2039-Escola-Creixa-\u2014-WordPress.jpg 538w\" sizes=\"auto, (max-width: 158px) 100vw, 158px\" \/><\/a><\/span><\/h6>\n<\/td>\n<td style=\"width: 82.9289%; height: 55px;\">\n<h2><a href=\"https:\/\/agora.xtec.cat\/ceipcreixa\/wp-content\/uploads\/usu1518\/2024\/05\/PLEC-PLA-LECTOR-DE-CENTRE.pdf\"><span style=\"color: #33cccc;\">Pla lector de centre<\/span><\/a><\/h2>\n<h2><span style=\"color: #33cccc;\">\u00a0<\/span><\/h2>\n<\/td>\n<\/tr>\n<tr style=\"height: 321px;\">\n<td style=\"width: 26.1586%; height: 321px;\">\n<h6><span style=\"color: #33cccc;\"><a href=\"https:\/\/agora.xtec.cat\/ceipcreixa\/wp-content\/uploads\/usu1518\/2024\/10\/NOFC.pdf\"><img loading=\"lazy\" decoding=\"async\" class=\"aligncenter\" style=\"color: #222222; font-weight: 400; background-color: #ffffff;\" src=\"http:\/\/agora.xtec.cat\/ceipcreixa\/wp-content\/uploads\/usu1518\/2014\/09\/NOFC-bueno.png\" alt=\"\" width=\"114\" height=\"177\" \/><\/a><\/span><\/h6>\n<\/td>\n<td style=\"width: 82.9289%; height: 321px;\">\n<h2 style=\"background-color: #ffffff;\"><span style=\"color: #33cccc;\"><a style=\"color: #33cccc;\" href=\"https:\/\/agora.xtec.cat\/ceipcreixa\/wp-content\/uploads\/usu1518\/2026\/01\/NOFC-2025-26.docx.pdf\">Normes d&#8217;organitzaci\u00f3 i funcionament del centre.<\/a><\/span><\/h2>\n<\/td>\n<\/tr>\n<\/tbody>\n<\/table>\n<h2><\/h2>\n<h2 style=\"text-align: center;\"><\/h2>\n","protected":false},"excerpt":{"rendered":"<p>Carta de comprom\u00eds Projecte ling\u00fc\u00edstic de centre Dossier Informatiu Fam\u00edlies 2025-2026 Projecte de conviv\u00e8ncia Projecte educatiu de centre Pla lector de centre \u00a0 Normes d&#8217;organitzaci\u00f3 i funcionament del centre.<\/p>\n","protected":false},"author":1,"featured_media":0,"parent":22,"menu_order":60,"comment_status":"closed","ping_status":"closed","template":"","meta":{"_bbp_topic_count":0,"_bbp_reply_count":0,"_bbp_total_topic_count":0,"_bbp_total_reply_count":0,"_bbp_voice_count":0,"_bbp_anonymous_reply_count":0,"_bbp_topic_count_hidden":0,"_bbp_reply_count_hidden":0,"_bbp_forum_subforum_count":0,"site-sidebar-layout":"default","site-content-layout":"","ast-site-content-layout":"default","site-content-style":"default","site-sidebar-style":"default","ast-global-header-display":"","ast-banner-title-visibility":"","ast-main-header-display":"","ast-hfb-above-header-display":"","ast-hfb-below-header-display":"","ast-hfb-mobile-header-display":"","site-post-title":"","ast-breadcrumbs-content":"","ast-featured-img":"","footer-sml-layout":"","theme-transparent-header-meta":"","adv-header-id-meta":"","stick-header-meta":"","header-above-stick-meta":"","header-main-stick-meta":"","header-below-stick-meta":"","astra-migrate-meta-layouts":"set","ast-page-background-enabled":"default","ast-page-background-meta":{"desktop":{"background-color":"var(--ast-global-color-4)","background-image":"","background-repeat":"repeat","background-position":"center center","background-size":"auto","background-attachment":"scroll","background-type":"","background-media":"","overlay-type":"","overlay-color":"","overlay-opacity":"","overlay-gradient":""},"tablet":{"background-color":"","background-image":"","background-repeat":"repeat","background-position":"center center","background-size":"auto","background-attachment":"scroll","background-type":"","background-media":"","overlay-type":"","overlay-color":"","overlay-opacity":"","overlay-gradient":""},"mobile":{"background-color":"","background-image":"","background-repeat":"repeat","background-position":"center center","background-size":"auto","background-attachment":"scroll","background-type":"","background-media":"","overlay-type":"","overlay-color":"","overlay-opacity":"","overlay-gradient":""}},"ast-content-background-meta":{"desktop":{"background-color":"var(--ast-global-color-5)","background-image":"","background-repeat":"repeat","background-position":"center center","background-size":"auto","background-attachment":"scroll","background-type":"","background-media":"","overlay-type":"","overlay-color":"","overlay-opacity":"","overlay-gradient":""},"tablet":{"background-color":"var(--ast-global-color-5)","background-image":"","background-repeat":"repeat","background-position":"center center","background-size":"auto","background-attachment":"scroll","background-type":"","background-media":"","overlay-type":"","overlay-color":"","overlay-opacity":"","overlay-gradient":""},"mobile":{"background-color":"var(--ast-global-color-5)","background-image":"","background-repeat":"repeat","background-position":"center center","background-size":"auto","background-attachment":"scroll","background-type":"","background-media":"","overlay-type":"","overlay-color":"","overlay-opacity":"","overlay-gradient":""}},"footnotes":""},"class_list":["post-34","page","type-page","status-publish","hentry"],"post_mailing_queue_ids":[],"_links":{"self":[{"href":"https:\/\/agora.xtec.cat\/ceipcreixa\/wp-json\/wp\/v2\/pages\/34","targetHints":{"allow":["GET"]}}],"collection":[{"href":"https:\/\/agora.xtec.cat\/ceipcreixa\/wp-json\/wp\/v2\/pages"}],"about":[{"href":"https:\/\/agora.xtec.cat\/ceipcreixa\/wp-json\/wp\/v2\/types\/page"}],"author":[{"embeddable":true,"href":"https:\/\/agora.xtec.cat\/ceipcreixa\/wp-json\/wp\/v2\/users\/1"}],"replies":[{"embeddable":true,"href":"https:\/\/agora.xtec.cat\/ceipcreixa\/wp-json\/wp\/v2\/comments?post=34"}],"version-history":[{"count":6,"href":"https:\/\/agora.xtec.cat\/ceipcreixa\/wp-json\/wp\/v2\/pages\/34\/revisions"}],"predecessor-version":[{"id":5091,"href":"https:\/\/agora.xtec.cat\/ceipcreixa\/wp-json\/wp\/v2\/pages\/34\/revisions\/5091"}],"up":[{"embeddable":true,"href":"https:\/\/agora.xtec.cat\/ceipcreixa\/wp-json\/wp\/v2\/pages\/22"}],"wp:attachment":[{"href":"https:\/\/agora.xtec.cat\/ceipcreixa\/wp-json\/wp\/v2\/media?parent=34"}],"curies":[{"name":"wp","href":"https:\/\/api.w.org\/{rel}","templated":true}]}}