{"id":30,"date":"2014-09-18T12:30:23","date_gmt":"2014-09-18T11:30:23","guid":{"rendered":"http:\/\/agora.xtec.cat\/ceipcreixa\/?page_id=30"},"modified":"2023-06-06T09:42:21","modified_gmt":"2023-06-06T07:42:21","slug":"instal%c2%b7lacions","status":"publish","type":"page","link":"https:\/\/agora.xtec.cat\/ceipcreixa\/lescola\/instal%c2%b7lacions\/","title":{"rendered":"Instal\u00b7lacions"},"content":{"rendered":"<h6><\/h6>\n<h6><\/h6>\n<p><a href=\"http:\/\/agora.xtec.cat\/ceipcreixa\/wp-content\/uploads\/usu1518\/2014\/09\/PISTA-DE-B\u00c0SQUET.jpg\"><img loading=\"lazy\" decoding=\"async\" class=\"size-full wp-image-478 alignleft\" src=\"http:\/\/agora.xtec.cat\/ceipcreixa\/wp-content\/uploads\/usu1518\/2014\/09\/PISTA-DE-B\u00c0SQUET.jpg\" alt=\"pistabasquet\" width=\"400\" height=\"225\" srcset=\"https:\/\/agora.xtec.cat\/ceipcreixa\/wp-content\/uploads\/usu1518\/2014\/09\/PISTA-DE-B\u00c0SQUET.jpg 400w, https:\/\/agora.xtec.cat\/ceipcreixa\/wp-content\/uploads\/usu1518\/2014\/09\/PISTA-DE-B\u00c0SQUET-300x169.jpg 300w\" sizes=\"auto, (max-width: 400px) 100vw, 400px\" \/><\/a><\/p>\n<h6><\/h6>\n<h6><\/h6>\n<p>&nbsp;<\/p>\n<p>&nbsp;<\/p>\n<p>&nbsp;<\/p>\n<p><a href=\"http:\/\/agora.xtec.cat\/ceipcreixa\/wp-content\/uploads\/usu1518\/2014\/09\/PATI-INFANTIL.jpg\"><img loading=\"lazy\" decoding=\"async\" class=\" wp-image-477 alignright\" src=\"http:\/\/agora.xtec.cat\/ceipcreixa\/wp-content\/uploads\/usu1518\/2014\/09\/PATI-INFANTIL.jpg\" alt=\"patiinfantil\" width=\"415\" height=\"249\" srcset=\"https:\/\/agora.xtec.cat\/ceipcreixa\/wp-content\/uploads\/usu1518\/2014\/09\/PATI-INFANTIL.jpg 400w, https:\/\/agora.xtec.cat\/ceipcreixa\/wp-content\/uploads\/usu1518\/2014\/09\/PATI-INFANTIL-300x180.jpg 300w\" sizes=\"auto, (max-width: 415px) 100vw, 415px\" \/><\/a><\/p>\n<p>&nbsp;<\/p>\n<p>&nbsp;<\/p>\n<p>&nbsp;<\/p>\n<p>&nbsp;<\/p>\n<p>&nbsp;<\/p>\n<p>&nbsp;<\/p>\n<p><a href=\"http:\/\/agora.xtec.cat\/ceipcreixa\/wp-content\/uploads\/usu1518\/2014\/09\/GIMN\u00c0S.jpg\"><img loading=\"lazy\" decoding=\"async\" class=\"alignnone wp-image-476\" src=\"http:\/\/agora.xtec.cat\/ceipcreixa\/wp-content\/uploads\/usu1518\/2014\/09\/GIMN\u00c0S-1024x577.jpg\" alt=\"gimnas\" width=\"387\" height=\"218\" srcset=\"https:\/\/agora.xtec.cat\/ceipcreixa\/wp-content\/uploads\/usu1518\/2014\/09\/GIMN\u00c0S-1024x577.jpg 1024w, https:\/\/agora.xtec.cat\/ceipcreixa\/wp-content\/uploads\/usu1518\/2014\/09\/GIMN\u00c0S-300x169.jpg 300w, https:\/\/agora.xtec.cat\/ceipcreixa\/wp-content\/uploads\/usu1518\/2014\/09\/GIMN\u00c0S-768x433.jpg 768w\" sizes=\"auto, (max-width: 387px) 100vw, 387px\" \/><\/a><\/p>\n<h1>Espais<\/h1>\n<p><span style=\"font-size: medium;\">La nostra escola \u00e9s un centre d&#8217;una sola planta sense barreres arquitect\u00f2niques on hi estudien un centenar d&#8217;alumnes d&#8217;Educaci\u00f3 Infantil i Prim\u00e0ria.<\/span><\/p>\n<p><span style=\"font-size: medium;\">L&#8217;escola s&#8217;estructura en quatre zones ben diferenciades:<\/span><\/p>\n<p><strong>Zona 1:<\/strong>\u00a0Trobem les aules d&#8217;Educaci\u00f3 Infantil (P3-P4-P5) i una sala polivalent, amb una petita tutoria pels mestres.<\/p>\n<p><a href=\"https:\/\/agora.xtec.cat\/ceipcreixa\/wp-content\/uploads\/usu1518\/2023\/06\/20230605_123706-1-scaled.jpg\"><img loading=\"lazy\" decoding=\"async\" class=\"wp-image-4250 aligncenter\" src=\"https:\/\/agora.xtec.cat\/ceipcreixa\/wp-content\/uploads\/usu1518\/2023\/06\/20230605_123706-1-1024x768.jpg\" alt=\"\" width=\"369\" height=\"277\" srcset=\"https:\/\/agora.xtec.cat\/ceipcreixa\/wp-content\/uploads\/usu1518\/2023\/06\/20230605_123706-1-1024x768.jpg 1024w, https:\/\/agora.xtec.cat\/ceipcreixa\/wp-content\/uploads\/usu1518\/2023\/06\/20230605_123706-1-300x225.jpg 300w, https:\/\/agora.xtec.cat\/ceipcreixa\/wp-content\/uploads\/usu1518\/2023\/06\/20230605_123706-1-768x576.jpg 768w, https:\/\/agora.xtec.cat\/ceipcreixa\/wp-content\/uploads\/usu1518\/2023\/06\/20230605_123706-1-1536x1152.jpg 1536w, https:\/\/agora.xtec.cat\/ceipcreixa\/wp-content\/uploads\/usu1518\/2023\/06\/20230605_123706-1-2048x1536.jpg 2048w, https:\/\/agora.xtec.cat\/ceipcreixa\/wp-content\/uploads\/usu1518\/2023\/06\/20230605_123706-1-200x150.jpg 200w\" sizes=\"auto, (max-width: 369px) 100vw, 369px\" \/><\/a><\/p>\n<p><strong>Zona 2:<\/strong>\u00a0Correspon al vest\u00edbul principal d&#8217;entrada a l&#8217;escola on es troben les depend\u00e8ncies de consergeria, reprografia, magatzem d&#8217; Educaci\u00f3 Infantil, lavabo de minusv\u00e0lids i el despatx de direcci\u00f3 i de l&#8217;equip Directiu.<\/p>\n<p><a href=\"https:\/\/agora.xtec.cat\/ceipcreixa\/wp-content\/uploads\/usu1518\/2023\/06\/20230605_123632-1-scaled.jpg\"><img loading=\"lazy\" decoding=\"async\" class=\"wp-image-4251 aligncenter\" src=\"https:\/\/agora.xtec.cat\/ceipcreixa\/wp-content\/uploads\/usu1518\/2023\/06\/20230605_123632-1-1024x768.jpg\" alt=\"\" width=\"402\" height=\"302\" srcset=\"https:\/\/agora.xtec.cat\/ceipcreixa\/wp-content\/uploads\/usu1518\/2023\/06\/20230605_123632-1-1024x768.jpg 1024w, https:\/\/agora.xtec.cat\/ceipcreixa\/wp-content\/uploads\/usu1518\/2023\/06\/20230605_123632-1-300x225.jpg 300w, https:\/\/agora.xtec.cat\/ceipcreixa\/wp-content\/uploads\/usu1518\/2023\/06\/20230605_123632-1-768x576.jpg 768w, https:\/\/agora.xtec.cat\/ceipcreixa\/wp-content\/uploads\/usu1518\/2023\/06\/20230605_123632-1-1536x1152.jpg 1536w, https:\/\/agora.xtec.cat\/ceipcreixa\/wp-content\/uploads\/usu1518\/2023\/06\/20230605_123632-1-2048x1536.jpg 2048w, https:\/\/agora.xtec.cat\/ceipcreixa\/wp-content\/uploads\/usu1518\/2023\/06\/20230605_123632-1-200x150.jpg 200w\" sizes=\"auto, (max-width: 402px) 100vw, 402px\" \/><\/a><\/p>\n<p><strong>Zona 3:\u00a0<\/strong>\u00c9s el passad\u00eds d&#8217;espais comuns com l&#8217;aula de mestres, aula d&#8217;angl\u00e8s, despatx per l&#8217;EAP, magatzem de material fungible, magatzem de material did\u00e0ctic, aula d&#8217;inform\u00e0tica, aula de musica, aula de suport,sala de reunions i lavabos.<\/p>\n<p><a href=\"https:\/\/agora.xtec.cat\/ceipcreixa\/wp-content\/uploads\/usu1518\/2023\/06\/20230605_123516-scaled.jpg\"><img loading=\"lazy\" decoding=\"async\" class=\"wp-image-4254 aligncenter\" src=\"https:\/\/agora.xtec.cat\/ceipcreixa\/wp-content\/uploads\/usu1518\/2023\/06\/20230605_123516-1024x768.jpg\" alt=\"\" width=\"422\" height=\"317\" srcset=\"https:\/\/agora.xtec.cat\/ceipcreixa\/wp-content\/uploads\/usu1518\/2023\/06\/20230605_123516-1024x768.jpg 1024w, https:\/\/agora.xtec.cat\/ceipcreixa\/wp-content\/uploads\/usu1518\/2023\/06\/20230605_123516-300x225.jpg 300w, https:\/\/agora.xtec.cat\/ceipcreixa\/wp-content\/uploads\/usu1518\/2023\/06\/20230605_123516-768x576.jpg 768w, https:\/\/agora.xtec.cat\/ceipcreixa\/wp-content\/uploads\/usu1518\/2023\/06\/20230605_123516-1536x1152.jpg 1536w, https:\/\/agora.xtec.cat\/ceipcreixa\/wp-content\/uploads\/usu1518\/2023\/06\/20230605_123516-2048x1536.jpg 2048w, https:\/\/agora.xtec.cat\/ceipcreixa\/wp-content\/uploads\/usu1518\/2023\/06\/20230605_123516-200x150.jpg 200w\" sizes=\"auto, (max-width: 422px) 100vw, 422px\" \/><\/a><\/p>\n<p><strong>Zona 4:<\/strong>\u00a0Passad\u00eds corresponent a Educaci\u00f3 Prim\u00e0ria, trobem el menjador escolar i cuina, despatx per l&#8217;AMPA, aula d&#8217;experimentals, aules de 1r a 6\u00e8 i lavabos.<\/p>\n<p>Al final del passad\u00eds hi ha l&#8217;acc\u00e9s cap al gimn\u00e0s i vestuaris.<\/p>\n<p><a href=\"https:\/\/agora.xtec.cat\/ceipcreixa\/wp-content\/uploads\/usu1518\/2023\/06\/20230605_120152-scaled.jpg\"><img loading=\"lazy\" decoding=\"async\" class=\"wp-image-4252 aligncenter\" src=\"https:\/\/agora.xtec.cat\/ceipcreixa\/wp-content\/uploads\/usu1518\/2023\/06\/20230605_120152-1024x768.jpg\" alt=\"\" width=\"408\" height=\"306\" srcset=\"https:\/\/agora.xtec.cat\/ceipcreixa\/wp-content\/uploads\/usu1518\/2023\/06\/20230605_120152-1024x768.jpg 1024w, https:\/\/agora.xtec.cat\/ceipcreixa\/wp-content\/uploads\/usu1518\/2023\/06\/20230605_120152-300x225.jpg 300w, https:\/\/agora.xtec.cat\/ceipcreixa\/wp-content\/uploads\/usu1518\/2023\/06\/20230605_120152-768x576.jpg 768w, https:\/\/agora.xtec.cat\/ceipcreixa\/wp-content\/uploads\/usu1518\/2023\/06\/20230605_120152-1536x1152.jpg 1536w, https:\/\/agora.xtec.cat\/ceipcreixa\/wp-content\/uploads\/usu1518\/2023\/06\/20230605_120152-2048x1536.jpg 2048w, https:\/\/agora.xtec.cat\/ceipcreixa\/wp-content\/uploads\/usu1518\/2023\/06\/20230605_120152-200x150.jpg 200w\" sizes=\"auto, (max-width: 408px) 100vw, 408px\" \/><\/a><\/p>\n<p><strong>Patis:<\/strong>\u00a0Comptem amb dos patis de grava (Educaci\u00f3 Infantil), una pista petita i una pista esportiva reglament\u00e0ria.<\/p>\n<p><a href=\"http:\/\/agora.xtec.cat\/ceipcreixa\/wp-content\/uploads\/usu1518\/2014\/09\/JOC-PATI-PRIM\u00c0RIA2.jpg\"><img loading=\"lazy\" decoding=\"async\" class=\"wp-image-482 aligncenter\" src=\"http:\/\/agora.xtec.cat\/ceipcreixa\/wp-content\/uploads\/usu1518\/2014\/09\/JOC-PATI-PRIM\u00c0RIA2.jpg\" alt=\"jocpatiprimaria2\" width=\"277\" height=\"492\" srcset=\"https:\/\/agora.xtec.cat\/ceipcreixa\/wp-content\/uploads\/usu1518\/2014\/09\/JOC-PATI-PRIM\u00c0RIA2.jpg 480w, https:\/\/agora.xtec.cat\/ceipcreixa\/wp-content\/uploads\/usu1518\/2014\/09\/JOC-PATI-PRIM\u00c0RIA2-169x300.jpg 169w\" sizes=\"auto, (max-width: 277px) 100vw, 277px\" \/><\/a><\/p>\n<p><b>Hort:<\/b> Cada curs t\u00e9 una parcel\u00b7la a l&#8217;hort on sembra, rega i t\u00e9 cura dall\u00f2 que ha plantat.<\/p>\n<p><strong>Altres espais:<\/strong><\/p>\n<p><a href=\"https:\/\/agora.xtec.cat\/ceipcreixa\/wp-content\/uploads\/usu1518\/2023\/06\/20230605_120222-scaled.jpg\"><img loading=\"lazy\" decoding=\"async\" class=\" wp-image-4255 aligncenter\" src=\"https:\/\/agora.xtec.cat\/ceipcreixa\/wp-content\/uploads\/usu1518\/2023\/06\/20230605_120222-1024x768.jpg\" alt=\"\" width=\"409\" height=\"307\" srcset=\"https:\/\/agora.xtec.cat\/ceipcreixa\/wp-content\/uploads\/usu1518\/2023\/06\/20230605_120222-1024x768.jpg 1024w, https:\/\/agora.xtec.cat\/ceipcreixa\/wp-content\/uploads\/usu1518\/2023\/06\/20230605_120222-300x225.jpg 300w, https:\/\/agora.xtec.cat\/ceipcreixa\/wp-content\/uploads\/usu1518\/2023\/06\/20230605_120222-768x576.jpg 768w, https:\/\/agora.xtec.cat\/ceipcreixa\/wp-content\/uploads\/usu1518\/2023\/06\/20230605_120222-1536x1152.jpg 1536w, https:\/\/agora.xtec.cat\/ceipcreixa\/wp-content\/uploads\/usu1518\/2023\/06\/20230605_120222-2048x1536.jpg 2048w, https:\/\/agora.xtec.cat\/ceipcreixa\/wp-content\/uploads\/usu1518\/2023\/06\/20230605_120222-200x150.jpg 200w\" sizes=\"auto, (max-width: 409px) 100vw, 409px\" \/><\/a><\/p>\n<p><a href=\"http:\/\/agora.xtec.cat\/ceipcreixa\/wp-content\/uploads\/usu1518\/2014\/09\/espaisescola022.jpg\"><img loading=\"lazy\" decoding=\"async\" class=\"wp-image-485 aligncenter\" src=\"http:\/\/agora.xtec.cat\/ceipcreixa\/wp-content\/uploads\/usu1518\/2014\/09\/espaisescola022.jpg\" alt=\"espaisescola022\" width=\"395\" height=\"297\" srcset=\"https:\/\/agora.xtec.cat\/ceipcreixa\/wp-content\/uploads\/usu1518\/2014\/09\/espaisescola022.jpg 640w, https:\/\/agora.xtec.cat\/ceipcreixa\/wp-content\/uploads\/usu1518\/2014\/09\/espaisescola022-300x225.jpg 300w, https:\/\/agora.xtec.cat\/ceipcreixa\/wp-content\/uploads\/usu1518\/2014\/09\/espaisescola022-200x150.jpg 200w\" sizes=\"auto, (max-width: 395px) 100vw, 395px\" \/><\/a><\/p>\n","protected":false},"excerpt":{"rendered":"<p>&nbsp; &nbsp; &nbsp; &nbsp; &nbsp; &nbsp; &nbsp; &nbsp; &nbsp; Espais La nostra escola \u00e9s un centre d&#8217;una sola planta sense barreres arquitect\u00f2niques on hi estudien un centenar d&#8217;alumnes d&#8217;Educaci\u00f3 Infantil i Prim\u00e0ria. L&#8217;escola s&#8217;estructura en quatre zones ben diferenciades: Zona 1:\u00a0Trobem les aules d&#8217;Educaci\u00f3 Infantil (P3-P4-P5) i una sala polivalent, amb una petita tutoria pels [&hellip;]<\/p>\n","protected":false},"author":1,"featured_media":0,"parent":22,"menu_order":40,"comment_status":"closed","ping_status":"closed","template":"page-templates\/side-menu.php","meta":{"_bbp_topic_count":0,"_bbp_reply_count":0,"_bbp_total_topic_count":0,"_bbp_total_reply_count":0,"_bbp_voice_count":0,"_bbp_anonymous_reply_count":0,"_bbp_topic_count_hidden":0,"_bbp_reply_count_hidden":0,"_bbp_forum_subforum_count":0,"site-sidebar-layout":"default","site-content-layout":"","ast-site-content-layout":"","site-content-style":"default","site-sidebar-style":"default","ast-global-header-display":"","ast-banner-title-visibility":"","ast-main-header-display":"","ast-hfb-above-header-display":"","ast-hfb-below-header-display":"","ast-hfb-mobile-header-display":"","site-post-title":"","ast-breadcrumbs-content":"","ast-featured-img":"","footer-sml-layout":"","theme-transparent-header-meta":"","adv-header-id-meta":"","stick-header-meta":"","header-above-stick-meta":"","header-main-stick-meta":"","header-below-stick-meta":"","astra-migrate-meta-layouts":"default","ast-page-background-enabled":"default","ast-page-background-meta":{"desktop":{"background-color":"var(--ast-global-color-4)","background-image":"","background-repeat":"repeat","background-position":"center center","background-size":"auto","background-attachment":"scroll","background-type":"","background-media":"","overlay-type":"","overlay-color":"","overlay-opacity":"","overlay-gradient":""},"tablet":{"background-color":"","background-image":"","background-repeat":"repeat","background-position":"center center","background-size":"auto","background-attachment":"scroll","background-type":"","background-media":"","overlay-type":"","overlay-color":"","overlay-opacity":"","overlay-gradient":""},"mobile":{"background-color":"","background-image":"","background-repeat":"repeat","background-position":"center center","background-size":"auto","background-attachment":"scroll","background-type":"","background-media":"","overlay-type":"","overlay-color":"","overlay-opacity":"","overlay-gradient":""}},"ast-content-background-meta":{"desktop":{"background-color":"var(--ast-global-color-5)","background-image":"","background-repeat":"repeat","background-position":"center center","background-size":"auto","background-attachment":"scroll","background-type":"","background-media":"","overlay-type":"","overlay-color":"","overlay-opacity":"","overlay-gradient":""},"tablet":{"background-color":"var(--ast-global-color-5)","background-image":"","background-repeat":"repeat","background-position":"center center","background-size":"auto","background-attachment":"scroll","background-type":"","background-media":"","overlay-type":"","overlay-color":"","overlay-opacity":"","overlay-gradient":""},"mobile":{"background-color":"var(--ast-global-color-5)","background-image":"","background-repeat":"repeat","background-position":"center center","background-size":"auto","background-attachment":"scroll","background-type":"","background-media":"","overlay-type":"","overlay-color":"","overlay-opacity":"","overlay-gradient":""}},"footnotes":""},"class_list":["post-30","page","type-page","status-publish","hentry"],"post_mailing_queue_ids":[],"_links":{"self":[{"href":"https:\/\/agora.xtec.cat\/ceipcreixa\/wp-json\/wp\/v2\/pages\/30","targetHints":{"allow":["GET"]}}],"collection":[{"href":"https:\/\/agora.xtec.cat\/ceipcreixa\/wp-json\/wp\/v2\/pages"}],"about":[{"href":"https:\/\/agora.xtec.cat\/ceipcreixa\/wp-json\/wp\/v2\/types\/page"}],"author":[{"embeddable":true,"href":"https:\/\/agora.xtec.cat\/ceipcreixa\/wp-json\/wp\/v2\/users\/1"}],"replies":[{"embeddable":true,"href":"https:\/\/agora.xtec.cat\/ceipcreixa\/wp-json\/wp\/v2\/comments?post=30"}],"version-history":[{"count":3,"href":"https:\/\/agora.xtec.cat\/ceipcreixa\/wp-json\/wp\/v2\/pages\/30\/revisions"}],"predecessor-version":[{"id":4257,"href":"https:\/\/agora.xtec.cat\/ceipcreixa\/wp-json\/wp\/v2\/pages\/30\/revisions\/4257"}],"up":[{"embeddable":true,"href":"https:\/\/agora.xtec.cat\/ceipcreixa\/wp-json\/wp\/v2\/pages\/22"}],"wp:attachment":[{"href":"https:\/\/agora.xtec.cat\/ceipcreixa\/wp-json\/wp\/v2\/media?parent=30"}],"curies":[{"name":"wp","href":"https:\/\/api.w.org\/{rel}","templated":true}]}}